{"id":2032,"date":"2023-04-24T17:44:00","date_gmt":"2023-04-24T15:44:00","guid":{"rendered":"https:\/\/cottage-realestate.com\/?page_id=2032"},"modified":"2023-07-16T12:11:29","modified_gmt":"2023-07-16T10:11:29","slug":"imprint","status":"publish","type":"page","link":"https:\/\/cottage-realestate.com\/en\/imprint\/","title":{"rendered":"Imprint"},"content":{"rendered":"<section class=\"l-section wpb_row height_medium\"><div class=\"l-section-h i-cf\"><div class=\"g-cols vc_row via_flex valign_top type_default stacking_default\"><div class=\"vc_col-sm-12 wpb_column vc_column_container\"><div class=\"vc_column-inner\"><div class=\"wpb_wrapper\"><div class=\"g-cols wpb_row via_flex valign_top type_default stacking_default\"><div class=\"vc_col-sm-12 wpb_column vc_column_container\"><div class=\"vc_column-inner\"><div class=\"wpb_wrapper\">[vc_custom_heading source=&#8221;post_title&#8221; font_container=&#8221;tag:h1|text_align:left&#8221; use_theme_fonts=&#8221;yes&#8221;]<div class=\"w-separator size_medium with_line width_default thick_2 style_solid color_primary align_center\"><div class=\"w-separator-h\"><\/div><\/div><\/div><\/div><\/div><\/div><div class=\"g-cols wpb_row via_flex valign_top type_default stacking_default\"><div class=\"vc_col-sm-12 wpb_column vc_column_container\"><div class=\"vc_column-inner\"><div class=\"wpb_wrapper\"><div class=\"wpb_text_column\"><div class=\"wpb_wrapper\"><h4>cottage-realestate.com ist a service of:<\/h4>\n<\/div><\/div><div class=\"w-separator size_medium with_line width_default thick_2 style_solid color_primary align_center\"><div class=\"w-separator-h\"><\/div><\/div><\/div><\/div><\/div><\/div><div class=\"g-cols wpb_row via_flex valign_top type_default stacking_default\"><div class=\"vc_col-sm-6 wpb_column vc_column_container\"><div class=\"vc_column-inner\"><div class=\"wpb_wrapper\"><div class=\"wpb_text_column\"><div class=\"wpb_wrapper\"><p><strong>Cottage Real Estate (Office Germany)<br \/>\nMrs Anne Seidler<br \/>\n<\/strong>Geschwister-Scholl-Str. 28<br \/>\n59368 Werne<br \/>\nGermany<br \/>\nE-Mail: <a href=\"mailto:info@cottage-realestate.com\">info@cottage-realestate.com<\/a><\/p>\n<\/div><\/div><\/div><\/div><\/div><div class=\"vc_col-sm-6 wpb_column vc_column_container\"><div class=\"vc_column-inner\"><div class=\"wpb_wrapper\"><div class=\"wpb_text_column\"><div class=\"wpb_wrapper\"><p><strong>Cottage Real Estate (Office Netherland)<br \/>\nFrau Nanda Spaargaren<br \/>\n<\/strong>Prins Willem-Alexanderlaan 28<br \/>\n1611 EV Bovenkarspel<br \/>\nNetherland<br \/>\nE-Mail: <a href=\"mailto:info@cottage-realestate.com\">info@cottage-realestate.com<\/a><\/p>\n<\/div><\/div><\/div><\/div><\/div><\/div><div class=\"g-cols wpb_row via_flex valign_top type_default stacking_default\"><div class=\"vc_col-sm-12 wpb_column vc_column_container\"><div class=\"vc_column-inner\"><div class=\"wpb_wrapper\"><div class=\"w-separator size_medium with_line width_default thick_2 style_solid color_primary align_center\"><div class=\"w-separator-h\"><\/div><\/div><div class=\"wpb_text_column\"><div class=\"wpb_wrapper\"><p><strong>Sales tax ID<\/strong><br \/>\nSales tax identification number according to \u00a7 27 a Sales Tax Act<\/p>\n<p><strong>Supervisory authority<\/strong><br \/>\nOffice for Public Order and Trade Supervision Unna, Licensing according to \u00a7 34c GewO (Trade Regulation Act)<br \/>\nFriedrich-Ebert-Strasse 17, 59425 Unna, Germany<\/p>\n<p><strong>Professional title and professional regulations<\/strong><\/p>\n<p>Professional title: Certified real estate agent and valuer for residential property<br \/>\nAwarded by: German Real Estate Academy (DFI) &#8211; Hamburg (D)<\/p>\n<p>The following professional regulations apply: Amt f\u00fcr \u00f6ffentliche Ordnung und Gewerbe\u00fcberwachung Unna (Office for Public Order and Trade Surveillance Unna), licence according to \u00a7 34c GewO (Trade Regulation Act)<\/p>\n<\/div><\/div><\/div><\/div><\/div><\/div><div class=\"w-separator size_medium with_line width_default thick_2 style_solid color_primary align_center\"><div class=\"w-separator-h\"><\/div><\/div><\/div><\/div><\/div><\/div><\/div><\/section><section class=\"l-section wpb_row height_medium\"><div class=\"l-section-h i-cf\"><div class=\"g-cols vc_row via_flex valign_top type_default stacking_default\"><div class=\"vc_col-sm-12 wpb_column vc_column_container\"><div class=\"vc_column-inner\"><div class=\"wpb_wrapper\"><div class=\"wpb_text_column\"><div class=\"wpb_wrapper\"><h3>Disclaimer<\/h3>\n<h3>Liability for contents<\/h3>\n<p>The contents of our pages were created with the greatest care. However, we cannot assume any liability for the correctness, completeness and up-to-dateness of the contents. As a service provider, we are responsible for our own content on these pages in accordance with general legislation pursuant to Section 7 (1) of the German Telemedia Act (TMG). However, according to \u00a7 8 to 10 TMG, we are not obliged as a service provider to monitor transmitted or stored third-party information or to investigate circumstances that indicate illegal activity. Obligations to remove or block the use of information in accordance with general laws remain unaffected by this. However, liability in this regard is only possible from the point in time at which a concrete infringement of the law becomes known. If we become aware of any such infringements, we will remove the relevant content immediately.<\/p>\n<h3>Liability for links<\/h3>\n<p>Our website contains links to external websites of third parties over whose content we have no influence. Therefore, we cannot assume any liability for these external contents. The respective provider or operator of the pages is always responsible for the content of the linked pages. The linked pages were checked for possible legal violations at the time of linking. Illegal contents were not recognisable at the time of linking. However, permanent monitoring of the content of the linked pages is not reasonable without concrete indications of a legal violation. If we become aware of any infringements of the law, we will remove such links immediately.<\/p>\n<h3>Copyright<\/h3>\n<p>The contents and works on these pages created by the site operators are subject to German copyright law. Duplication, processing, distribution and any kind of exploitation outside the limits of copyright require the written consent of the respective author or creator. Downloads and copies of this site are only permitted for private, non-commercial use. Insofar as the content on this site was not created by the operator, the copyrights of third parties are respected. In particular, third-party content is marked as such. Should you nevertheless become aware of a copyright infringement, please inform us accordingly. If we become aware of any infringements, we will remove such content immediately.<\/p>\n<h3>Sources for the images and graphics used<\/h3>\n<p>Own, Adobe Stock (bought out fotolia) and de.fotolia.com<\/p>\n<h3>Dispute resolution<\/h3>\n<p>The European Commission provides a platform for online dispute resolution (OS): http:\/\/ec.europa.eu\/consumers\/odr.<br \/>\nWe are not willing or obliged to participate in dispute resolution proceedings before a consumer arbitration board.<br \/>\nSource: www.e-recht24.de<\/p>\n<\/div><\/div><div class=\"w-separator size_medium with_line width_default thick_2 style_solid color_primary align_center\"><div class=\"w-separator-h\"><\/div><\/div><\/div><\/div><\/div><\/div><\/div><\/section>\n","protected":false},"excerpt":{"rendered":"[vc_custom_heading source=\"post_title\" font_container=\"tag:h1|text_align:left\" use_theme_fonts=\"yes\"]cottage-realestate.com ist a service of: Cottage Real Estate (Office Germany) Mrs Anne Seidler Geschwister-Scholl-Str. 28 59368 Werne Germany E-Mail: info@cottage-realestate.com Cottage Real Estate (Office Netherland) Frau Nanda Spaargaren Prins Willem-Alexanderlaan 28 1611 EV Bovenkarspel Netherland E-Mail: info@cottage-realestate.com Sales tax ID Sales tax identification number according to \u00a7 27 a Sales Tax Act...","protected":false},"author":2,"featured_media":0,"parent":0,"menu_order":0,"comment_status":"closed","ping_status":"closed","template":"","meta":{"footnotes":""},"class_list":["post-2032","page","type-page","status-publish","hentry"],"acf":[],"yoast_head":"<!-- This site is optimized with the Yoast SEO plugin v20.11 - https:\/\/yoast.com\/wordpress\/plugins\/seo\/ -->\n<title>Imprint - Cottage Real Estate<\/title>\n<meta name=\"robots\" content=\"index, follow, max-snippet:-1, max-image-preview:large, max-video-preview:-1\" \/>\n<link rel=\"canonical\" href=\"https:\/\/cottage-realestate.com\/en\/imprint\/\" \/>\n<meta property=\"og:locale\" content=\"en_US\" \/>\n<meta property=\"og:type\" content=\"article\" \/>\n<meta property=\"og:title\" content=\"Imprint - Cottage Real Estate\" \/>\n<meta property=\"og:url\" content=\"https:\/\/cottage-realestate.com\/en\/imprint\/\" \/>\n<meta property=\"og:site_name\" content=\"Cottage Real Estate\" \/>\n<meta property=\"article:publisher\" content=\"https:\/\/www.facebook.com\/people\/Cottage-Real-Estate\/100091918536968\/\" \/>\n<meta property=\"article:modified_time\" content=\"2023-07-16T10:11:29+00:00\" \/>\n<meta property=\"og:image\" content=\"https:\/\/cottage-realestate.com\/wp-content\/uploads\/2023\/07\/Screen-1024x732.png\" \/>\n\t<meta property=\"og:image:width\" content=\"1024\" \/>\n\t<meta property=\"og:image:height\" content=\"732\" \/>\n\t<meta property=\"og:image:type\" content=\"image\/png\" \/>\n<meta name=\"twitter:card\" content=\"summary_large_image\" \/>\n<meta name=\"twitter:label1\" content=\"Est. reading time\" \/>\n\t<meta name=\"twitter:data1\" content=\"4 minutes\" \/>\n<script type=\"application\/ld+json\" class=\"yoast-schema-graph\">{\"@context\":\"https:\/\/schema.org\",\"@graph\":[{\"@type\":\"WebPage\",\"@id\":\"https:\/\/cottage-realestate.com\/en\/imprint\/\",\"url\":\"https:\/\/cottage-realestate.com\/en\/imprint\/\",\"name\":\"Imprint - Cottage Real Estate\",\"isPartOf\":{\"@id\":\"https:\/\/cottage-realestate.com\/en\/#website\"},\"datePublished\":\"2023-04-24T15:44:00+00:00\",\"dateModified\":\"2023-07-16T10:11:29+00:00\",\"breadcrumb\":{\"@id\":\"https:\/\/cottage-realestate.com\/en\/imprint\/#breadcrumb\"},\"inLanguage\":\"en-US\",\"potentialAction\":[{\"@type\":\"ReadAction\",\"target\":[\"https:\/\/cottage-realestate.com\/en\/imprint\/\"]}]},{\"@type\":\"BreadcrumbList\",\"@id\":\"https:\/\/cottage-realestate.com\/en\/imprint\/#breadcrumb\",\"itemListElement\":[{\"@type\":\"ListItem\",\"position\":1,\"name\":\"Startseite\",\"item\":\"https:\/\/cottage-realestate.com\/en\/\"},{\"@type\":\"ListItem\",\"position\":2,\"name\":\"Imprint\"}]},{\"@type\":\"WebSite\",\"@id\":\"https:\/\/cottage-realestate.com\/en\/#website\",\"url\":\"https:\/\/cottage-realestate.com\/en\/\",\"name\":\"Cottage Real Estate\",\"description\":\"Ferienh\u00e4user in Frankreich und Niederlande kaufen\",\"publisher\":{\"@id\":\"https:\/\/cottage-realestate.com\/en\/#organization\"},\"potentialAction\":[{\"@type\":\"SearchAction\",\"target\":{\"@type\":\"EntryPoint\",\"urlTemplate\":\"https:\/\/cottage-realestate.com\/en\/?s={search_term_string}\"},\"query-input\":\"required name=search_term_string\"}],\"inLanguage\":\"en-US\"},{\"@type\":\"Organization\",\"@id\":\"https:\/\/cottage-realestate.com\/en\/#organization\",\"name\":\"Cottage Real Estate\",\"url\":\"https:\/\/cottage-realestate.com\/en\/\",\"logo\":{\"@type\":\"ImageObject\",\"inLanguage\":\"en-US\",\"@id\":\"https:\/\/cottage-realestate.com\/en\/#\/schema\/logo\/image\/\",\"url\":\"https:\/\/cottage-realestate.com\/wp-content\/uploads\/2020\/07\/logo.png\",\"contentUrl\":\"https:\/\/cottage-realestate.com\/wp-content\/uploads\/2020\/07\/logo.png\",\"width\":167,\"height\":140,\"caption\":\"Cottage Real Estate\"},\"image\":{\"@id\":\"https:\/\/cottage-realestate.com\/en\/#\/schema\/logo\/image\/\"},\"sameAs\":[\"https:\/\/www.facebook.com\/people\/Cottage-Real-Estate\/100091918536968\/\",\"https:\/\/www.instagram.com\/cottagerealestatecom\/\"]}]}<\/script>\n<!-- \/ Yoast SEO plugin. -->","yoast_head_json":{"title":"Imprint - Cottage Real Estate","robots":{"index":"index","follow":"follow","max-snippet":"max-snippet:-1","max-image-preview":"max-image-preview:large","max-video-preview":"max-video-preview:-1"},"canonical":"https:\/\/cottage-realestate.com\/en\/imprint\/","og_locale":"en_US","og_type":"article","og_title":"Imprint - Cottage Real Estate","og_url":"https:\/\/cottage-realestate.com\/en\/imprint\/","og_site_name":"Cottage Real Estate","article_publisher":"https:\/\/www.facebook.com\/people\/Cottage-Real-Estate\/100091918536968\/","article_modified_time":"2023-07-16T10:11:29+00:00","og_image":[{"width":1024,"height":732,"url":"https:\/\/cottage-realestate.com\/wp-content\/uploads\/2023\/07\/Screen-1024x732.png","type":"image\/png"}],"twitter_card":"summary_large_image","twitter_misc":{"Est. reading time":"4 minutes"},"schema":{"@context":"https:\/\/schema.org","@graph":[{"@type":"WebPage","@id":"https:\/\/cottage-realestate.com\/en\/imprint\/","url":"https:\/\/cottage-realestate.com\/en\/imprint\/","name":"Imprint - Cottage Real Estate","isPartOf":{"@id":"https:\/\/cottage-realestate.com\/en\/#website"},"datePublished":"2023-04-24T15:44:00+00:00","dateModified":"2023-07-16T10:11:29+00:00","breadcrumb":{"@id":"https:\/\/cottage-realestate.com\/en\/imprint\/#breadcrumb"},"inLanguage":"en-US","potentialAction":[{"@type":"ReadAction","target":["https:\/\/cottage-realestate.com\/en\/imprint\/"]}]},{"@type":"BreadcrumbList","@id":"https:\/\/cottage-realestate.com\/en\/imprint\/#breadcrumb","itemListElement":[{"@type":"ListItem","position":1,"name":"Startseite","item":"https:\/\/cottage-realestate.com\/en\/"},{"@type":"ListItem","position":2,"name":"Imprint"}]},{"@type":"WebSite","@id":"https:\/\/cottage-realestate.com\/en\/#website","url":"https:\/\/cottage-realestate.com\/en\/","name":"Cottage Real Estate","description":"Ferienh\u00e4user in Frankreich und Niederlande kaufen","publisher":{"@id":"https:\/\/cottage-realestate.com\/en\/#organization"},"potentialAction":[{"@type":"SearchAction","target":{"@type":"EntryPoint","urlTemplate":"https:\/\/cottage-realestate.com\/en\/?s={search_term_string}"},"query-input":"required name=search_term_string"}],"inLanguage":"en-US"},{"@type":"Organization","@id":"https:\/\/cottage-realestate.com\/en\/#organization","name":"Cottage Real Estate","url":"https:\/\/cottage-realestate.com\/en\/","logo":{"@type":"ImageObject","inLanguage":"en-US","@id":"https:\/\/cottage-realestate.com\/en\/#\/schema\/logo\/image\/","url":"https:\/\/cottage-realestate.com\/wp-content\/uploads\/2020\/07\/logo.png","contentUrl":"https:\/\/cottage-realestate.com\/wp-content\/uploads\/2020\/07\/logo.png","width":167,"height":140,"caption":"Cottage Real Estate"},"image":{"@id":"https:\/\/cottage-realestate.com\/en\/#\/schema\/logo\/image\/"},"sameAs":["https:\/\/www.facebook.com\/people\/Cottage-Real-Estate\/100091918536968\/","https:\/\/www.instagram.com\/cottagerealestatecom\/"]}]}},"_links":{"self":[{"href":"https:\/\/cottage-realestate.com\/en\/wp-json\/wp\/v2\/pages\/2032","targetHints":{"allow":["GET"]}}],"collection":[{"href":"https:\/\/cottage-realestate.com\/en\/wp-json\/wp\/v2\/pages"}],"about":[{"href":"https:\/\/cottage-realestate.com\/en\/wp-json\/wp\/v2\/types\/page"}],"author":[{"embeddable":true,"href":"https:\/\/cottage-realestate.com\/en\/wp-json\/wp\/v2\/users\/2"}],"replies":[{"embeddable":true,"href":"https:\/\/cottage-realestate.com\/en\/wp-json\/wp\/v2\/comments?post=2032"}],"version-history":[{"count":3,"href":"https:\/\/cottage-realestate.com\/en\/wp-json\/wp\/v2\/pages\/2032\/revisions"}],"predecessor-version":[{"id":2890,"href":"https:\/\/cottage-realestate.com\/en\/wp-json\/wp\/v2\/pages\/2032\/revisions\/2890"}],"wp:attachment":[{"href":"https:\/\/cottage-realestate.com\/en\/wp-json\/wp\/v2\/media?parent=2032"}],"curies":[{"name":"wp","href":"https:\/\/api.w.org\/{rel}","templated":true}]}}