{"id":2521,"date":"2023-04-18T15:01:30","date_gmt":"2023-04-18T13:01:30","guid":{"rendered":"https:\/\/cottage-realestate.com\/?page_id=2521"},"modified":"2023-07-14T17:46:08","modified_gmt":"2023-07-14T15:46:08","slug":"datenschutzerklaerung","status":"publish","type":"page","link":"https:\/\/cottage-realestate.com\/fr\/datenschutzerklaerung\/","title":{"rendered":"D\u00e9claration de confidentialit\u00e9"},"content":{"rendered":"<section class=\"l-section wpb_row height_medium\"><div class=\"l-section-h i-cf\"><div class=\"g-cols vc_row via_flex valign_top type_default stacking_default\"><div class=\"vc_col-sm-12 wpb_column vc_column_container\"><div class=\"vc_column-inner\"><div class=\"wpb_wrapper\"><div class=\"g-cols wpb_row via_flex valign_top type_default stacking_default\"><div class=\"vc_col-sm-12 wpb_column vc_column_container\"><div class=\"vc_column-inner\"><div class=\"wpb_wrapper\">[vc_custom_heading source=\u00a0\u00bbpost_title\u00a0\u00bb font_container=\u00a0\u00bbtag:h1|text_align:left\u00a0\u00bb use_theme_fonts=\u00a0\u00bbyes\u00a0\u00bb]<\/div><\/div><\/div><\/div><div class=\"g-cols wpb_row via_flex valign_top type_default stacking_default\"><div class=\"vc_col-sm-12 wpb_column vc_column_container\"><div class=\"vc_column-inner\"><div class=\"wpb_wrapper\"><div class=\"w-separator size_medium with_line width_default thick_2 style_solid color_primary align_center\"><div class=\"w-separator-h\"><\/div><\/div><div class=\"wpb_text_column\"><div class=\"wpb_wrapper\"><div class=\"flex flex-grow flex-col gap-3\">\n<div class=\"min-h-&#091;20px&#093; flex items-start overflow-x-auto whitespace-pre-wrap break-words flex-col gap-4\">\n<div class=\"markdown prose w-full break-words dark:prose-invert light\">\n<ol>\n<li>Protection des donn\u00e9es en un coup d&rsquo;\u0153il Informations g\u00e9n\u00e9rales<\/li>\n<\/ol>\n<p>Les informations suivantes vous donnent un aper\u00e7u simple de ce qui se passe avec vos donn\u00e9es personnelles lorsque vous visitez notre site Web. Les donn\u00e9es personnelles sont toutes les donn\u00e9es avec lesquelles vous pouvez \u00eatre identifi\u00e9 personnellement. Vous trouverez des informations d\u00e9taill\u00e9es sur la protection des donn\u00e9es dans notre politique de confidentialit\u00e9 r\u00e9pertori\u00e9e sous ce texte.<\/p>\n<p>Collecte de donn\u00e9es sur notre site Web<\/p>\n<p>Qui est responsable de la collecte des donn\u00e9es sur ce site Web ?<\/p>\n<p>Le traitement des donn\u00e9es sur ce site Web est effectu\u00e9 par l&rsquo;exploitant du site Web. Vous pouvez trouver les coordonn\u00e9es de l&rsquo;exploitant du site Web dans les mentions l\u00e9gales de ce site.<\/p>\n<p>Comment collectons-nous vos donn\u00e9es ?<\/p>\n<p>Vos donn\u00e9es sont collect\u00e9es lorsque vous nous les fournissez. Cela peut \u00eatre, par exemple, des donn\u00e9es que vous saisissez dans un formulaire de contact.<\/p>\n<p>D&rsquo;autres donn\u00e9es sont automatiquement collect\u00e9es par nos syst\u00e8mes informatiques lorsque vous visitez le site Web. Ce sont principalement des donn\u00e9es techniques (par exemple, le navigateur Internet, le syst\u00e8me d&rsquo;exploitation ou l&rsquo;heure de la consultation de la page). La collecte de ces donn\u00e9es se fait automatiquement d\u00e8s que vous entrez sur notre site Web.<\/p>\n<p>Dans quel but utilisons-nous vos donn\u00e9es ?<\/p>\n<p>Une partie des donn\u00e9es est collect\u00e9e pour garantir le bon fonctionnement du site Web. D&rsquo;autres donn\u00e9es peuvent \u00eatre utilis\u00e9es pour analyser votre comportement d&rsquo;utilisateur.<\/p>\n<p>Quels sont vos droits concernant vos donn\u00e9es ?<\/p>\n<p>Vous avez \u00e0 tout moment le droit d&rsquo;obtenir gratuitement des informations sur l&rsquo;origine, le destinataire et le but de vos donn\u00e9es personnelles stock\u00e9es. Vous avez \u00e9galement le droit de demander la rectification, le blocage ou la suppression de ces donn\u00e9es. Pour cela, ainsi que pour toute autre question concernant la protection des donn\u00e9es, vous pouvez nous contacter \u00e0 tout moment \u00e0 l&rsquo;adresse indiqu\u00e9e dans les mentions l\u00e9gales. Vous avez \u00e9galement le droit de d\u00e9poser une plainte aupr\u00e8s de l&rsquo;autorit\u00e9 de contr\u00f4le comp\u00e9tente.<\/p>\n<p>En outre, dans certaines circonstances, vous avez le droit de demander la limitation du traitement de vos donn\u00e9es personnelles. Vous trouverez des d\u00e9tails \u00e0 ce sujet dans la politique de confidentialit\u00e9 sous \u00ab\u00a0Droit \u00e0 la limitation du traitement\u00a0\u00bb.<\/p>\n<p>Outils d&rsquo;analyse et outils de tiers<\/p>\n<p>Lorsque vous visitez notre site Web, votre comportement de navigation peut \u00eatre \u00e9valu\u00e9 statistiquement. Cela se fait principalement \u00e0 l&rsquo;aide de cookies et de programmes d&rsquo;analyse. En r\u00e8gle g\u00e9n\u00e9rale, votre comportement de navigation est anonyme et ne peut pas \u00eatre retrac\u00e9 jusqu&rsquo;\u00e0 vous.<\/p>\n<p>Vous pouvez vous opposer \u00e0 cette analyse ou l&#8217;emp\u00eacher en n&rsquo;utilisant pas certains outils. Vous trouverez des informations d\u00e9taill\u00e9es sur ces outils et sur vos options d&rsquo;opposition dans la politique de confidentialit\u00e9 ci-dessous.<\/p>\n<ol start=\"2\">\n<li>Informations g\u00e9n\u00e9rales et informations obligatoires Protection des donn\u00e9es<\/li>\n<\/ol>\n<p>Les exploitants de ces pages prennent la protection de vos donn\u00e9es personnelles tr\u00e8s au s\u00e9rieux. Nous traitons vos donn\u00e9es personnelles de mani\u00e8re confidentielle et conform\u00e9ment aux dispositions l\u00e9gales en mati\u00e8re de protection des donn\u00e9es et \u00e0 la pr\u00e9sente politique de confidentialit\u00e9.<\/p>\n<p>Lorsque vous utilisez ce site Web, diverses donn\u00e9es personnelles sont collect\u00e9es. Les donn\u00e9es personnelles sont des donn\u00e9es qui permettent de vous identifier personnellement. La pr\u00e9sente politique de confidentialit\u00e9 explique quelles donn\u00e9es nous collectons et \u00e0 quelles fins nous les utilisons. Elle explique \u00e9galement comment et dans quel but cela est fait.<\/p>\n<p>Nous attirons votre attention sur le fait que la transmission de donn\u00e9es sur Internet (par exemple, lors de la communication par e-mail) peut pr\u00e9senter des failles de s\u00e9curit\u00e9. Une protection compl\u00e8te des donn\u00e9es contre l&rsquo;acc\u00e8s par des tiers n&rsquo;est pas possible.<\/p>\n<p>Responsable du traitement des donn\u00e9es<\/p>\n<p>La personne responsable du traitement des donn\u00e9es sur ce site Web est : Mme Anne Seidler &amp; Mme Nanda Spaargaren<\/p>\n<p>La partie responsable du traitement est la personne physique ou morale qui, seule ou conjointement avec d&rsquo;autres, d\u00e9cide des finalit\u00e9s et des moyens du traitement des donn\u00e9es personnelles (par exemple, noms, adresses e-mail, etc.).<\/p>\n<p>R\u00e9vocation de votre consentement au traitement des donn\u00e9es<\/p>\n<p>De nombreux traitements de donn\u00e9es ne sont possibles qu&rsquo;avec votre consentement explicite. Vous pouvez r\u00e9voquer \u00e0 tout moment un consentement d\u00e9j\u00e0 donn\u00e9. Une notification informelle par e-mail est suffisante pour cela. La l\u00e9galit\u00e9 du traitement des donn\u00e9es effectu\u00e9 jusqu&rsquo;\u00e0 la r\u00e9vocation n&rsquo;est pas affect\u00e9e par la r\u00e9vocation.<\/p>\n<p>Droit d&rsquo;opposition \u00e0 la collecte de donn\u00e9es dans des cas particuliers et \u00e0 la publicit\u00e9 directe (art. 21 du RGPD)<\/p>\n<p>Si le traitement des donn\u00e9es est bas\u00e9 sur l&rsquo;art. 6, paragraphe 1, lettre e ou f du RGPD, vous avez le droit de vous opposer, pour des raisons tenant \u00e0 votre situation particuli\u00e8re, au traitement de vos donn\u00e9es personnelles \u00e0 tout moment ; cela s&rsquo;applique \u00e9galement au profilage bas\u00e9 sur ces dispositions. La base juridique respective sur laquelle repose un traitement est indiqu\u00e9e dans la pr\u00e9sente politique de confidentialit\u00e9. Si vous vous opposez, nous ne traiterons plus vos donn\u00e9es personnelles, \u00e0 moins que nous ne puissions prouver qu&rsquo;il existe des motifs l\u00e9gitimes pour le traitement qui pr\u00e9valent sur vos int\u00e9r\u00eats, droits et libert\u00e9s, ou que le traitement sert \u00e0 faire valoir, exercer ou d\u00e9fendre des droits en justice (opposition en vertu de l&rsquo;art. 21, paragraphe 1 du RGPD).<\/p>\n<p>Si vos donn\u00e9es personnelles sont trait\u00e9es dans le but de faire de la publicit\u00e9 directe, vous avez le droit de vous opposer \u00e0 tout moment au traitement de vos donn\u00e9es personnelles \u00e0 des fins de publicit\u00e9 ; cela s&rsquo;applique \u00e9galement au profilage dans la mesure o\u00f9 il est li\u00e9 \u00e0 une telle publicit\u00e9 directe. Si vous vous opposez, vos donn\u00e9es personnelles ne seront plus utilis\u00e9es \u00e0 des fins de publicit\u00e9 directe (opposition en vertu de l&rsquo;art. 21, paragraphe 2 du RGPD).<\/p>\n<p>Droit de recours aupr\u00e8s de l&rsquo;autorit\u00e9 de contr\u00f4le comp\u00e9tente<\/p>\n<p>En cas de violation du RGPD, les personnes concern\u00e9es ont le droit de d\u00e9poser une plainte aupr\u00e8s d&rsquo;une autorit\u00e9 de contr\u00f4le, en particulier dans l&rsquo;\u00c9tat membre de leur r\u00e9sidence habituelle, de leur lieu de travail ou du lieu de l&rsquo;infraction pr\u00e9sum\u00e9e. Le droit de recours est sans pr\u00e9judice de tout autre recours administratif ou juridictionnel.<\/p>\n<p>Droit \u00e0 la portabilit\u00e9 des donn\u00e9es<\/p>\n<p>Vous avez le droit d&rsquo;obtenir que les donn\u00e9es que nous traitons automatiquement sur la base de votre consentement ou dans le cadre de l&rsquo;ex\u00e9cution d&rsquo;un contrat soient remises \u00e0 vous-m\u00eame ou<\/p>\n<\/div>\n<\/div>\n<\/div>\n<\/div><\/div><div class=\"w-separator size_medium with_line width_default thick_2 style_solid color_primary align_center\"><div class=\"w-separator-h\"><\/div><\/div><\/div><\/div><\/div><\/div><\/div><\/div><\/div><\/div><\/div><\/section>\n","protected":false},"excerpt":{"rendered":"[vc_custom_heading source=\"post_title\" font_container=\"tag:h1|text_align:left\" use_theme_fonts=\"yes\"] Protection des donn\u00e9es en un coup d&rsquo;\u0153il Informations g\u00e9n\u00e9rales Les informations suivantes vous donnent un aper\u00e7u simple de ce qui se passe avec vos donn\u00e9es personnelles lorsque vous visitez notre site Web. Les donn\u00e9es personnelles sont toutes les donn\u00e9es avec lesquelles vous pouvez \u00eatre identifi\u00e9 personnellement. Vous trouverez des informations d\u00e9taill\u00e9es...","protected":false},"author":2,"featured_media":0,"parent":0,"menu_order":0,"comment_status":"closed","ping_status":"open","template":"","meta":{"footnotes":""},"class_list":["post-2521","page","type-page","status-publish","hentry"],"acf":[],"yoast_head":"<!-- This site is optimized with the Yoast SEO plugin v20.11 - https:\/\/yoast.com\/wordpress\/plugins\/seo\/ -->\n<title>D\u00e9claration de confidentialit\u00e9 - Cottage Real Estate<\/title>\n<meta name=\"robots\" content=\"index, follow, max-snippet:-1, max-image-preview:large, max-video-preview:-1\" \/>\n<link rel=\"canonical\" href=\"https:\/\/cottage-realestate.com\/fr\/datenschutzerklaerung\/\" \/>\n<meta property=\"og:locale\" content=\"fr_FR\" \/>\n<meta property=\"og:type\" content=\"article\" \/>\n<meta property=\"og:title\" content=\"D\u00e9claration de confidentialit\u00e9 - Cottage Real Estate\" \/>\n<meta property=\"og:url\" content=\"https:\/\/cottage-realestate.com\/fr\/datenschutzerklaerung\/\" \/>\n<meta property=\"og:site_name\" content=\"Cottage Real Estate\" \/>\n<meta property=\"article:publisher\" content=\"https:\/\/www.facebook.com\/people\/Cottage-Real-Estate\/100091918536968\/\" \/>\n<meta property=\"article:modified_time\" content=\"2023-07-14T15:46:08+00:00\" \/>\n<meta property=\"og:image\" content=\"https:\/\/cottage-realestate.com\/wp-content\/uploads\/2023\/07\/Screen-1024x732.png\" \/>\n\t<meta property=\"og:image:width\" content=\"1024\" \/>\n\t<meta property=\"og:image:height\" content=\"732\" \/>\n\t<meta property=\"og:image:type\" content=\"image\/png\" \/>\n<meta name=\"twitter:card\" content=\"summary_large_image\" \/>\n<meta name=\"twitter:label1\" content=\"Dur\u00e9e de lecture estim\u00e9e\" \/>\n\t<meta name=\"twitter:data1\" content=\"6 minutes\" \/>\n<script type=\"application\/ld+json\" class=\"yoast-schema-graph\">{\"@context\":\"https:\/\/schema.org\",\"@graph\":[{\"@type\":\"WebPage\",\"@id\":\"https:\/\/cottage-realestate.com\/fr\/datenschutzerklaerung\/\",\"url\":\"https:\/\/cottage-realestate.com\/fr\/datenschutzerklaerung\/\",\"name\":\"D\u00e9claration de confidentialit\u00e9 - Cottage Real Estate\",\"isPartOf\":{\"@id\":\"https:\/\/cottage-realestate.com\/fr\/#website\"},\"datePublished\":\"2023-04-18T13:01:30+00:00\",\"dateModified\":\"2023-07-14T15:46:08+00:00\",\"breadcrumb\":{\"@id\":\"https:\/\/cottage-realestate.com\/fr\/datenschutzerklaerung\/#breadcrumb\"},\"inLanguage\":\"fr-FR\",\"potentialAction\":[{\"@type\":\"ReadAction\",\"target\":[\"https:\/\/cottage-realestate.com\/fr\/datenschutzerklaerung\/\"]}]},{\"@type\":\"BreadcrumbList\",\"@id\":\"https:\/\/cottage-realestate.com\/fr\/datenschutzerklaerung\/#breadcrumb\",\"itemListElement\":[{\"@type\":\"ListItem\",\"position\":1,\"name\":\"Startseite\",\"item\":\"https:\/\/cottage-realestate.com\/fr\/\"},{\"@type\":\"ListItem\",\"position\":2,\"name\":\"D\u00e9claration de confidentialit\u00e9\"}]},{\"@type\":\"WebSite\",\"@id\":\"https:\/\/cottage-realestate.com\/fr\/#website\",\"url\":\"https:\/\/cottage-realestate.com\/fr\/\",\"name\":\"Cottage Real Estate\",\"description\":\"Ferienh\u00e4user in Frankreich und Niederlande kaufen\",\"publisher\":{\"@id\":\"https:\/\/cottage-realestate.com\/fr\/#organization\"},\"potentialAction\":[{\"@type\":\"SearchAction\",\"target\":{\"@type\":\"EntryPoint\",\"urlTemplate\":\"https:\/\/cottage-realestate.com\/fr\/?s={search_term_string}\"},\"query-input\":\"required name=search_term_string\"}],\"inLanguage\":\"fr-FR\"},{\"@type\":\"Organization\",\"@id\":\"https:\/\/cottage-realestate.com\/fr\/#organization\",\"name\":\"Cottage Real Estate\",\"url\":\"https:\/\/cottage-realestate.com\/fr\/\",\"logo\":{\"@type\":\"ImageObject\",\"inLanguage\":\"fr-FR\",\"@id\":\"https:\/\/cottage-realestate.com\/fr\/#\/schema\/logo\/image\/\",\"url\":\"https:\/\/cottage-realestate.com\/wp-content\/uploads\/2020\/07\/logo.png\",\"contentUrl\":\"https:\/\/cottage-realestate.com\/wp-content\/uploads\/2020\/07\/logo.png\",\"width\":167,\"height\":140,\"caption\":\"Cottage Real Estate\"},\"image\":{\"@id\":\"https:\/\/cottage-realestate.com\/fr\/#\/schema\/logo\/image\/\"},\"sameAs\":[\"https:\/\/www.facebook.com\/people\/Cottage-Real-Estate\/100091918536968\/\",\"https:\/\/www.instagram.com\/cottagerealestatecom\/\"]}]}<\/script>\n<!-- \/ Yoast SEO plugin. -->","yoast_head_json":{"title":"D\u00e9claration de confidentialit\u00e9 - Cottage Real Estate","robots":{"index":"index","follow":"follow","max-snippet":"max-snippet:-1","max-image-preview":"max-image-preview:large","max-video-preview":"max-video-preview:-1"},"canonical":"https:\/\/cottage-realestate.com\/fr\/datenschutzerklaerung\/","og_locale":"fr_FR","og_type":"article","og_title":"D\u00e9claration de confidentialit\u00e9 - Cottage Real Estate","og_url":"https:\/\/cottage-realestate.com\/fr\/datenschutzerklaerung\/","og_site_name":"Cottage Real Estate","article_publisher":"https:\/\/www.facebook.com\/people\/Cottage-Real-Estate\/100091918536968\/","article_modified_time":"2023-07-14T15:46:08+00:00","og_image":[{"width":1024,"height":732,"url":"https:\/\/cottage-realestate.com\/wp-content\/uploads\/2023\/07\/Screen-1024x732.png","type":"image\/png"}],"twitter_card":"summary_large_image","twitter_misc":{"Dur\u00e9e de lecture estim\u00e9e":"6 minutes"},"schema":{"@context":"https:\/\/schema.org","@graph":[{"@type":"WebPage","@id":"https:\/\/cottage-realestate.com\/fr\/datenschutzerklaerung\/","url":"https:\/\/cottage-realestate.com\/fr\/datenschutzerklaerung\/","name":"D\u00e9claration de confidentialit\u00e9 - Cottage Real Estate","isPartOf":{"@id":"https:\/\/cottage-realestate.com\/fr\/#website"},"datePublished":"2023-04-18T13:01:30+00:00","dateModified":"2023-07-14T15:46:08+00:00","breadcrumb":{"@id":"https:\/\/cottage-realestate.com\/fr\/datenschutzerklaerung\/#breadcrumb"},"inLanguage":"fr-FR","potentialAction":[{"@type":"ReadAction","target":["https:\/\/cottage-realestate.com\/fr\/datenschutzerklaerung\/"]}]},{"@type":"BreadcrumbList","@id":"https:\/\/cottage-realestate.com\/fr\/datenschutzerklaerung\/#breadcrumb","itemListElement":[{"@type":"ListItem","position":1,"name":"Startseite","item":"https:\/\/cottage-realestate.com\/fr\/"},{"@type":"ListItem","position":2,"name":"D\u00e9claration de confidentialit\u00e9"}]},{"@type":"WebSite","@id":"https:\/\/cottage-realestate.com\/fr\/#website","url":"https:\/\/cottage-realestate.com\/fr\/","name":"Cottage Real Estate","description":"Ferienh\u00e4user in Frankreich und Niederlande kaufen","publisher":{"@id":"https:\/\/cottage-realestate.com\/fr\/#organization"},"potentialAction":[{"@type":"SearchAction","target":{"@type":"EntryPoint","urlTemplate":"https:\/\/cottage-realestate.com\/fr\/?s={search_term_string}"},"query-input":"required name=search_term_string"}],"inLanguage":"fr-FR"},{"@type":"Organization","@id":"https:\/\/cottage-realestate.com\/fr\/#organization","name":"Cottage Real Estate","url":"https:\/\/cottage-realestate.com\/fr\/","logo":{"@type":"ImageObject","inLanguage":"fr-FR","@id":"https:\/\/cottage-realestate.com\/fr\/#\/schema\/logo\/image\/","url":"https:\/\/cottage-realestate.com\/wp-content\/uploads\/2020\/07\/logo.png","contentUrl":"https:\/\/cottage-realestate.com\/wp-content\/uploads\/2020\/07\/logo.png","width":167,"height":140,"caption":"Cottage Real Estate"},"image":{"@id":"https:\/\/cottage-realestate.com\/fr\/#\/schema\/logo\/image\/"},"sameAs":["https:\/\/www.facebook.com\/people\/Cottage-Real-Estate\/100091918536968\/","https:\/\/www.instagram.com\/cottagerealestatecom\/"]}]}},"_links":{"self":[{"href":"https:\/\/cottage-realestate.com\/fr\/wp-json\/wp\/v2\/pages\/2521","targetHints":{"allow":["GET"]}}],"collection":[{"href":"https:\/\/cottage-realestate.com\/fr\/wp-json\/wp\/v2\/pages"}],"about":[{"href":"https:\/\/cottage-realestate.com\/fr\/wp-json\/wp\/v2\/types\/page"}],"author":[{"embeddable":true,"href":"https:\/\/cottage-realestate.com\/fr\/wp-json\/wp\/v2\/users\/2"}],"replies":[{"embeddable":true,"href":"https:\/\/cottage-realestate.com\/fr\/wp-json\/wp\/v2\/comments?post=2521"}],"version-history":[{"count":2,"href":"https:\/\/cottage-realestate.com\/fr\/wp-json\/wp\/v2\/pages\/2521\/revisions"}],"predecessor-version":[{"id":2523,"href":"https:\/\/cottage-realestate.com\/fr\/wp-json\/wp\/v2\/pages\/2521\/revisions\/2523"}],"wp:attachment":[{"href":"https:\/\/cottage-realestate.com\/fr\/wp-json\/wp\/v2\/media?parent=2521"}],"curies":[{"name":"wp","href":"https:\/\/api.w.org\/{rel}","templated":true}]}}