{"id":2530,"date":"2023-04-24T17:44:00","date_gmt":"2023-04-24T15:44:00","guid":{"rendered":"https:\/\/cottage-realestate.com\/?page_id=2530"},"modified":"2023-07-16T12:12:26","modified_gmt":"2023-07-16T10:12:26","slug":"impressum","status":"publish","type":"page","link":"https:\/\/cottage-realestate.com\/fr\/impressum\/","title":{"rendered":"Impressum"},"content":{"rendered":"<section class=\"l-section wpb_row height_medium\"><div class=\"l-section-h i-cf\"><div class=\"g-cols vc_row via_flex valign_top type_default stacking_default\"><div class=\"vc_col-sm-12 wpb_column vc_column_container\"><div class=\"vc_column-inner\"><div class=\"wpb_wrapper\"><div class=\"g-cols wpb_row via_flex valign_top type_default stacking_default\"><div class=\"vc_col-sm-12 wpb_column vc_column_container\"><div class=\"vc_column-inner\"><div class=\"wpb_wrapper\">[vc_custom_heading source=\u00a0\u00bbpost_title\u00a0\u00bb font_container=\u00a0\u00bbtag:h1|text_align:left\u00a0\u00bb use_theme_fonts=\u00a0\u00bbyes\u00a0\u00bb]<div class=\"w-separator size_medium with_line width_default thick_2 style_solid color_primary align_center\"><div class=\"w-separator-h\"><\/div><\/div><\/div><\/div><\/div><\/div><div class=\"g-cols wpb_row via_flex valign_top type_default stacking_default\"><div class=\"vc_col-sm-12 wpb_column vc_column_container\"><div class=\"vc_column-inner\"><div class=\"wpb_wrapper\"><div class=\"wpb_text_column\"><div class=\"wpb_wrapper\"><div class=\"flex flex-grow flex-col gap-3\">\n<div class=\"min-h-&#091;20px&#093; flex items-start overflow-x-auto whitespace-pre-wrap break-words flex-col gap-4\">\n<div class=\"markdown prose w-full break-words dark:prose-invert light\">\n<p>cottage-realestate.com est un service de :<\/p>\n<\/div>\n<\/div>\n<\/div>\n<\/div><\/div><div class=\"w-separator size_medium with_line width_default thick_2 style_solid color_primary align_center\"><div class=\"w-separator-h\"><\/div><\/div><\/div><\/div><\/div><\/div><div class=\"g-cols wpb_row via_flex valign_top type_default stacking_default\"><div class=\"vc_col-sm-6 wpb_column vc_column_container\"><div class=\"vc_column-inner\"><div class=\"wpb_wrapper\"><div class=\"wpb_text_column\"><div class=\"wpb_wrapper\"><p><strong>Cottage Real Estate (B\u00fcro Deutschland)<br \/>\nFrau Anne Seidler<br \/>\n<\/strong>Geschwister-Scholl-Str. 28<br \/>\n59368 Werne<br \/>\nDeutschland<br \/>\nE-Mail: <a href=\"mailto:info@cottage-realestate.com\">info@cottage-realestate.com<\/a><\/p>\n<\/div><\/div><\/div><\/div><\/div><div class=\"vc_col-sm-6 wpb_column vc_column_container\"><div class=\"vc_column-inner\"><div class=\"wpb_wrapper\"><div class=\"wpb_text_column\"><div class=\"wpb_wrapper\"><p><strong>Cottage Real Estate (B\u00fcro Niederlande)<br \/>\nFrau Nanda Spaargaren<br \/>\n<\/strong>Prins Willem-Alexanderlaan 28<br \/>\n1611 EV Bovenkarspel<br \/>\nNiederlande<br \/>\nE-Mail: <a href=\"mailto:info@cottage-realestate.com\">info@cottage-realestate.com<\/a><\/p>\n<\/div><\/div><\/div><\/div><\/div><\/div><div class=\"g-cols wpb_row via_flex valign_top type_default stacking_default\"><div class=\"vc_col-sm-12 wpb_column vc_column_container\"><div class=\"vc_column-inner\"><div class=\"wpb_wrapper\"><div class=\"w-separator size_medium with_line width_default thick_2 style_solid color_primary align_center\"><div class=\"w-separator-h\"><\/div><\/div><div class=\"wpb_text_column\"><div class=\"wpb_wrapper\"><div class=\"flex flex-grow flex-col gap-3\">\n<div class=\"min-h-&#091;20px&#093; flex items-start overflow-x-auto whitespace-pre-wrap break-words flex-col gap-4\">\n<div class=\"markdown prose w-full break-words dark:prose-invert light\">\n<p>Num\u00e9ro d&rsquo;identification de taxe sur la valeur ajout\u00e9e Num\u00e9ro d&rsquo;identification de taxe sur la valeur ajout\u00e9e conform\u00e9ment \u00e0 l&rsquo;article 27a de la loi sur la taxe sur la valeur ajout\u00e9e<\/p>\n<p>Autorit\u00e9 de surveillance Bureau de l&rsquo;ordre public et de la surveillance commerciale d&rsquo;Unna, agr\u00e9\u00e9 selon l&rsquo;article 34c de la loi sur le commerce et l&rsquo;industrie Friedrich-Ebert-Stra\u00dfe 17, 59425 Unna (D)<\/p>\n<p>Titre professionnel et r\u00e9glementation professionnelle<\/p>\n<p>Titre professionnel : Agent immobilier certifi\u00e9 et \u00e9valuateur de biens immobiliers r\u00e9sidentiels D\u00e9cern\u00e9 par : Acad\u00e9mie allemande de l&rsquo;immobilier (DFI) &#8211; Hambourg (D)<\/p>\n<p>Les r\u00e9glementations professionnelles suivantes s&rsquo;appliquent : Bureau de l&rsquo;ordre public et de la surveillance commerciale d&rsquo;Unna, agr\u00e9\u00e9 selon l&rsquo;article 34c de la loi sur le commerce et l&rsquo;industrie.<\/p>\n<\/div>\n<\/div>\n<\/div>\n<\/div><\/div><\/div><\/div><\/div><\/div><div class=\"w-separator size_medium with_line width_default thick_2 style_solid color_primary align_center\"><div class=\"w-separator-h\"><\/div><\/div><\/div><\/div><\/div><\/div><\/div><\/section><section class=\"l-section wpb_row height_medium\"><div class=\"l-section-h i-cf\"><div class=\"g-cols vc_row via_flex valign_top type_default stacking_default\"><div class=\"vc_col-sm-12 wpb_column vc_column_container\"><div class=\"vc_column-inner\"><div class=\"wpb_wrapper\"><div class=\"wpb_text_column\"><div class=\"wpb_wrapper\"><div class=\"flex flex-grow flex-col gap-3\">\n<div class=\"min-h-&#091;20px&#093; flex items-start overflow-x-auto whitespace-pre-wrap break-words flex-col gap-4\">\n<div class=\"markdown prose w-full break-words dark:prose-invert light\">\n<p>Clause de non-responsabilit\u00e9<\/p>\n<p>Responsabilit\u00e9 du contenu<\/p>\n<p>Le contenu de nos pages a \u00e9t\u00e9 cr\u00e9\u00e9 avec le plus grand soin. Cependant, nous ne pouvons garantir l&rsquo;exactitude, l&rsquo;exhaustivit\u00e9 et l&rsquo;actualit\u00e9 du contenu. En tant que prestataire de services, nous sommes responsables du contenu que nous avons cr\u00e9\u00e9 sur ces pages en vertu de l&rsquo;article 7, paragraphe 1 de la TMG (loi allemande sur les t\u00e9l\u00e9m\u00e9dias) et conform\u00e9ment aux lois g\u00e9n\u00e9rales. Conform\u00e9ment aux articles 8 \u00e0 10 de la TMG, nous ne sommes cependant pas tenus de surveiller les informations transmises ou stock\u00e9es par des tiers, ni de rechercher des circonstances indiquant une activit\u00e9 ill\u00e9gale. Cela n&rsquo;affecte pas les obligations de suppression ou de blocage de l&rsquo;utilisation des informations conform\u00e9ment aux lois g\u00e9n\u00e9rales. Cependant, une responsabilit\u00e9 \u00e0 cet \u00e9gard n&rsquo;est possible qu&rsquo;\u00e0 partir du moment o\u00f9 une violation concr\u00e8te de la loi est port\u00e9e \u00e0 notre connaissance. Lorsque nous avons connaissance de violations de la loi, nous supprimerons imm\u00e9diatement ces contenus.<\/p>\n<p>Responsabilit\u00e9 des liens<\/p>\n<p>Notre offre contient des liens vers des sites Web externes de tiers sur lesquels nous n&rsquo;avons aucune influence. Nous ne pouvons donc pas garantir le contenu de ces sites tiers. Le fournisseur ou l&rsquo;exploitant respectif des pages li\u00e9es est toujours responsable de leur contenu. Les pages li\u00e9es ont \u00e9t\u00e9 v\u00e9rifi\u00e9es pour d&rsquo;\u00e9ventuelles violations de la loi au moment de la cr\u00e9ation des liens. Aucun contenu ill\u00e9gal n&rsquo;\u00e9tait identifiable au moment de la cr\u00e9ation des liens. Cependant, un contr\u00f4le permanent du contenu des pages li\u00e9es n&rsquo;est pas raisonnable sans indication concr\u00e8te d&rsquo;une violation de la loi. Lorsque nous avons connaissance de violations de la loi, nous supprimerons imm\u00e9diatement ces liens.<\/p>\n<p>Droits d&rsquo;auteur<\/p>\n<p>Les contenus et \u0153uvres cr\u00e9\u00e9s par les exploitants du site sur ces pages sont soumis au droit d&rsquo;auteur allemand. La reproduction, la modification, la distribution et toute forme d&rsquo;exploitation en dehors des limites du droit d&rsquo;auteur n\u00e9cessitent l&rsquo;accord \u00e9crit de l&rsquo;auteur ou du cr\u00e9ateur respectif. Les t\u00e9l\u00e9chargements et copies de cette page sont autoris\u00e9s uniquement pour un usage priv\u00e9 et non commercial. Dans la mesure o\u00f9 les contenus de cette page n&rsquo;ont pas \u00e9t\u00e9 cr\u00e9\u00e9s par l&rsquo;exploitant, les droits d&rsquo;auteur de tiers sont respect\u00e9s. En particulier, les contenus de tiers sont marqu\u00e9s comme tels. Si vous constatez malgr\u00e9 cela une violation du droit d&rsquo;auteur, nous vous demandons de nous en informer. Lorsque nous avons connaissance de violations de la loi, nous supprimerons imm\u00e9diatement ces contenus.<\/p>\n<p>Sources des images et graphiques utilis\u00e9s<\/p>\n<p>Propres images, Adobe Stock (a acquis Fotolia) et de.fotolia.com.<\/p>\n<p>R\u00e8glement des litiges<\/p>\n<p>La Commission europ\u00e9enne met \u00e0 disposition une plateforme de r\u00e8glement en ligne des litiges (RLL) : <a href=\"http:\/\/ec.europa.eu\/consumers\/odr\" target=\"_new\" rel=\"noopener\">http:\/\/ec.europa.eu\/consumers\/odr<\/a> Nous ne sommes ni pr\u00eats ni oblig\u00e9s de participer \u00e0 une proc\u00e9dure de r\u00e8glement des litiges devant une commission d&rsquo;arbitrage pour les consommateurs. Source : <a href=\"http:\/\/www.e-recht24.de\" target=\"_new\" rel=\"noopener\">www.e-recht24.de<\/a><\/p>\n<\/div>\n<\/div>\n<\/div>\n<\/div><\/div><div class=\"w-separator size_medium with_line width_default thick_2 style_solid color_primary align_center\"><div class=\"w-separator-h\"><\/div><\/div><\/div><\/div><\/div><\/div><\/div><\/section>\n","protected":false},"excerpt":{"rendered":"[vc_custom_heading source=\"post_title\" font_container=\"tag:h1|text_align:left\" use_theme_fonts=\"yes\"] cottage-realestate.com est un service de : Cottage Real Estate (B\u00fcro Deutschland) Frau Anne Seidler Geschwister-Scholl-Str. 28 59368 Werne Deutschland E-Mail: info@cottage-realestate.com Cottage Real Estate (B\u00fcro Niederlande) Frau Nanda Spaargaren Prins Willem-Alexanderlaan 28 1611 EV Bovenkarspel Niederlande E-Mail: info@cottage-realestate.com Num\u00e9ro d&rsquo;identification de taxe sur la valeur ajout\u00e9e Num\u00e9ro d&rsquo;identification de taxe sur...","protected":false},"author":2,"featured_media":0,"parent":0,"menu_order":0,"comment_status":"closed","ping_status":"closed","template":"","meta":{"footnotes":""},"class_list":["post-2530","page","type-page","status-publish","hentry"],"acf":[],"yoast_head":"<!-- This site is optimized with the Yoast SEO plugin v20.11 - https:\/\/yoast.com\/wordpress\/plugins\/seo\/ -->\n<title>Impressum - Cottage Real Estate<\/title>\n<meta name=\"robots\" content=\"index, follow, max-snippet:-1, max-image-preview:large, max-video-preview:-1\" \/>\n<link rel=\"canonical\" href=\"https:\/\/cottage-realestate.com\/fr\/impressum\/\" \/>\n<meta property=\"og:locale\" content=\"fr_FR\" \/>\n<meta property=\"og:type\" content=\"article\" \/>\n<meta property=\"og:title\" content=\"Impressum - Cottage Real Estate\" \/>\n<meta property=\"og:url\" content=\"https:\/\/cottage-realestate.com\/fr\/impressum\/\" \/>\n<meta property=\"og:site_name\" content=\"Cottage Real Estate\" \/>\n<meta property=\"article:publisher\" content=\"https:\/\/www.facebook.com\/people\/Cottage-Real-Estate\/100091918536968\/\" \/>\n<meta property=\"article:modified_time\" content=\"2023-07-16T10:12:26+00:00\" \/>\n<meta property=\"og:image\" content=\"https:\/\/cottage-realestate.com\/wp-content\/uploads\/2023\/07\/Screen-1024x732.png\" \/>\n\t<meta property=\"og:image:width\" content=\"1024\" \/>\n\t<meta property=\"og:image:height\" content=\"732\" \/>\n\t<meta property=\"og:image:type\" content=\"image\/png\" \/>\n<meta name=\"twitter:card\" content=\"summary_large_image\" \/>\n<meta name=\"twitter:label1\" content=\"Dur\u00e9e de lecture estim\u00e9e\" \/>\n\t<meta name=\"twitter:data1\" content=\"4 minutes\" \/>\n<script type=\"application\/ld+json\" class=\"yoast-schema-graph\">{\"@context\":\"https:\/\/schema.org\",\"@graph\":[{\"@type\":\"WebPage\",\"@id\":\"https:\/\/cottage-realestate.com\/fr\/impressum\/\",\"url\":\"https:\/\/cottage-realestate.com\/fr\/impressum\/\",\"name\":\"Impressum - Cottage Real Estate\",\"isPartOf\":{\"@id\":\"https:\/\/cottage-realestate.com\/fr\/#website\"},\"datePublished\":\"2023-04-24T15:44:00+00:00\",\"dateModified\":\"2023-07-16T10:12:26+00:00\",\"breadcrumb\":{\"@id\":\"https:\/\/cottage-realestate.com\/fr\/impressum\/#breadcrumb\"},\"inLanguage\":\"fr-FR\",\"potentialAction\":[{\"@type\":\"ReadAction\",\"target\":[\"https:\/\/cottage-realestate.com\/fr\/impressum\/\"]}]},{\"@type\":\"BreadcrumbList\",\"@id\":\"https:\/\/cottage-realestate.com\/fr\/impressum\/#breadcrumb\",\"itemListElement\":[{\"@type\":\"ListItem\",\"position\":1,\"name\":\"Startseite\",\"item\":\"https:\/\/cottage-realestate.com\/fr\/\"},{\"@type\":\"ListItem\",\"position\":2,\"name\":\"Impressum\"}]},{\"@type\":\"WebSite\",\"@id\":\"https:\/\/cottage-realestate.com\/fr\/#website\",\"url\":\"https:\/\/cottage-realestate.com\/fr\/\",\"name\":\"Cottage Real Estate\",\"description\":\"Ferienh\u00e4user in Frankreich und Niederlande kaufen\",\"publisher\":{\"@id\":\"https:\/\/cottage-realestate.com\/fr\/#organization\"},\"potentialAction\":[{\"@type\":\"SearchAction\",\"target\":{\"@type\":\"EntryPoint\",\"urlTemplate\":\"https:\/\/cottage-realestate.com\/fr\/?s={search_term_string}\"},\"query-input\":\"required name=search_term_string\"}],\"inLanguage\":\"fr-FR\"},{\"@type\":\"Organization\",\"@id\":\"https:\/\/cottage-realestate.com\/fr\/#organization\",\"name\":\"Cottage Real Estate\",\"url\":\"https:\/\/cottage-realestate.com\/fr\/\",\"logo\":{\"@type\":\"ImageObject\",\"inLanguage\":\"fr-FR\",\"@id\":\"https:\/\/cottage-realestate.com\/fr\/#\/schema\/logo\/image\/\",\"url\":\"https:\/\/cottage-realestate.com\/wp-content\/uploads\/2020\/07\/logo.png\",\"contentUrl\":\"https:\/\/cottage-realestate.com\/wp-content\/uploads\/2020\/07\/logo.png\",\"width\":167,\"height\":140,\"caption\":\"Cottage Real Estate\"},\"image\":{\"@id\":\"https:\/\/cottage-realestate.com\/fr\/#\/schema\/logo\/image\/\"},\"sameAs\":[\"https:\/\/www.facebook.com\/people\/Cottage-Real-Estate\/100091918536968\/\",\"https:\/\/www.instagram.com\/cottagerealestatecom\/\"]}]}<\/script>\n<!-- \/ Yoast SEO plugin. -->","yoast_head_json":{"title":"Impressum - Cottage Real Estate","robots":{"index":"index","follow":"follow","max-snippet":"max-snippet:-1","max-image-preview":"max-image-preview:large","max-video-preview":"max-video-preview:-1"},"canonical":"https:\/\/cottage-realestate.com\/fr\/impressum\/","og_locale":"fr_FR","og_type":"article","og_title":"Impressum - Cottage Real Estate","og_url":"https:\/\/cottage-realestate.com\/fr\/impressum\/","og_site_name":"Cottage Real Estate","article_publisher":"https:\/\/www.facebook.com\/people\/Cottage-Real-Estate\/100091918536968\/","article_modified_time":"2023-07-16T10:12:26+00:00","og_image":[{"width":1024,"height":732,"url":"https:\/\/cottage-realestate.com\/wp-content\/uploads\/2023\/07\/Screen-1024x732.png","type":"image\/png"}],"twitter_card":"summary_large_image","twitter_misc":{"Dur\u00e9e de lecture estim\u00e9e":"4 minutes"},"schema":{"@context":"https:\/\/schema.org","@graph":[{"@type":"WebPage","@id":"https:\/\/cottage-realestate.com\/fr\/impressum\/","url":"https:\/\/cottage-realestate.com\/fr\/impressum\/","name":"Impressum - Cottage Real Estate","isPartOf":{"@id":"https:\/\/cottage-realestate.com\/fr\/#website"},"datePublished":"2023-04-24T15:44:00+00:00","dateModified":"2023-07-16T10:12:26+00:00","breadcrumb":{"@id":"https:\/\/cottage-realestate.com\/fr\/impressum\/#breadcrumb"},"inLanguage":"fr-FR","potentialAction":[{"@type":"ReadAction","target":["https:\/\/cottage-realestate.com\/fr\/impressum\/"]}]},{"@type":"BreadcrumbList","@id":"https:\/\/cottage-realestate.com\/fr\/impressum\/#breadcrumb","itemListElement":[{"@type":"ListItem","position":1,"name":"Startseite","item":"https:\/\/cottage-realestate.com\/fr\/"},{"@type":"ListItem","position":2,"name":"Impressum"}]},{"@type":"WebSite","@id":"https:\/\/cottage-realestate.com\/fr\/#website","url":"https:\/\/cottage-realestate.com\/fr\/","name":"Cottage Real Estate","description":"Ferienh\u00e4user in Frankreich und Niederlande kaufen","publisher":{"@id":"https:\/\/cottage-realestate.com\/fr\/#organization"},"potentialAction":[{"@type":"SearchAction","target":{"@type":"EntryPoint","urlTemplate":"https:\/\/cottage-realestate.com\/fr\/?s={search_term_string}"},"query-input":"required name=search_term_string"}],"inLanguage":"fr-FR"},{"@type":"Organization","@id":"https:\/\/cottage-realestate.com\/fr\/#organization","name":"Cottage Real Estate","url":"https:\/\/cottage-realestate.com\/fr\/","logo":{"@type":"ImageObject","inLanguage":"fr-FR","@id":"https:\/\/cottage-realestate.com\/fr\/#\/schema\/logo\/image\/","url":"https:\/\/cottage-realestate.com\/wp-content\/uploads\/2020\/07\/logo.png","contentUrl":"https:\/\/cottage-realestate.com\/wp-content\/uploads\/2020\/07\/logo.png","width":167,"height":140,"caption":"Cottage Real Estate"},"image":{"@id":"https:\/\/cottage-realestate.com\/fr\/#\/schema\/logo\/image\/"},"sameAs":["https:\/\/www.facebook.com\/people\/Cottage-Real-Estate\/100091918536968\/","https:\/\/www.instagram.com\/cottagerealestatecom\/"]}]}},"_links":{"self":[{"href":"https:\/\/cottage-realestate.com\/fr\/wp-json\/wp\/v2\/pages\/2530","targetHints":{"allow":["GET"]}}],"collection":[{"href":"https:\/\/cottage-realestate.com\/fr\/wp-json\/wp\/v2\/pages"}],"about":[{"href":"https:\/\/cottage-realestate.com\/fr\/wp-json\/wp\/v2\/types\/page"}],"author":[{"embeddable":true,"href":"https:\/\/cottage-realestate.com\/fr\/wp-json\/wp\/v2\/users\/2"}],"replies":[{"embeddable":true,"href":"https:\/\/cottage-realestate.com\/fr\/wp-json\/wp\/v2\/comments?post=2530"}],"version-history":[{"count":4,"href":"https:\/\/cottage-realestate.com\/fr\/wp-json\/wp\/v2\/pages\/2530\/revisions"}],"predecessor-version":[{"id":2891,"href":"https:\/\/cottage-realestate.com\/fr\/wp-json\/wp\/v2\/pages\/2530\/revisions\/2891"}],"wp:attachment":[{"href":"https:\/\/cottage-realestate.com\/fr\/wp-json\/wp\/v2\/media?parent=2530"}],"curies":[{"name":"wp","href":"https:\/\/api.w.org\/{rel}","templated":true}]}}