{"id":2534,"date":"2023-07-12T12:03:45","date_gmt":"2023-07-12T10:03:45","guid":{"rendered":"https:\/\/cottage-realestate.com\/?page_id=2534"},"modified":"2023-11-07T11:21:44","modified_gmt":"2023-11-07T10:21:44","slug":"lequipe","status":"publish","type":"page","link":"https:\/\/cottage-realestate.com\/fr\/lequipe\/","title":{"rendered":"L&rsquo;\u00e9quipe"},"content":{"rendered":"<section class=\"l-section wpb_row height_medium with_img\"><div class=\"l-section-img\" role=\"img\" style=\"background-image: url(https:\/\/cottage-realestate.com\/wp-content\/uploads\/2023\/04\/icons.png);\"><\/div><div class=\"l-section-overlay\" style=\"background:rgba(33,33,34,0.80)\"><\/div><div class=\"l-section-h i-cf\"><div class=\"g-cols vc_row via_flex valign_top type_default stacking_default\"><div class=\"vc_col-sm-12 wpb_column vc_column_container\"><div class=\"vc_column-inner\"><div class=\"wpb_wrapper\">[vc_custom_heading source=\u00a0\u00bbpost_title\u00a0\u00bb font_container=\u00a0\u00bbtag:h1|font_size:2.4rem|text_align:left|color:%23c0a555&Prime; use_theme_fonts=\u00a0\u00bbyes\u00a0\u00bb]<div class=\"w-separator size_medium\"><\/div><\/div><\/div><\/div><\/div><\/div><\/section><section class=\"l-section wpb_row height_medium\"><div class=\"l-section-h i-cf\"><div class=\"g-cols vc_row via_flex valign_top type_default stacking_default\"><div class=\"vc_col-sm-8 wpb_column vc_column_container\"><div class=\"vc_column-inner\"><div class=\"wpb_wrapper\">[vc_custom_heading text=\u00a0\u00bbAnne Seidler\u00a0\u00bb font_container=\u00a0\u00bbtag:h3|text_align:left\u00a0\u00bb use_theme_fonts=\u00a0\u00bbyes\u00a0\u00bb]<div class=\"wpb_text_column us_custom_432d3f53\"><div class=\"wpb_wrapper\"><div class=\"flex flex-grow flex-col gap-3\">\n<div class=\"min-h-&#091;20px&#093; flex items-start overflow-x-auto whitespace-pre-wrap break-words flex-col gap-4\">\n<div class=\"markdown prose w-full break-words dark:prose-invert light\">\n<p>Bienvenue chaleureusement ! Je m&rsquo;appelle Anne Seidler, et je suis votre agent immobilier avec c\u0153ur et intelligence, sp\u00e9cialis\u00e9e dans les propri\u00e9t\u00e9s de vacances internationales et l&rsquo;\u00e9valuation de biens immobiliers r\u00e9sidentiels. Gr\u00e2ce \u00e0 mes connaissances approfondies dans le domaine, ma passion pour l&rsquo;immobilier et son architecture, ainsi que mon service client engag\u00e9, j&rsquo;ai acquis une r\u00e9putation de premier ordre dans mon secteur.<\/p>\n<p>Mon expertise en tant qu&rsquo;agent immobilier s&rsquo;\u00e9tend aux propri\u00e9t\u00e9s de vacances de luxe et exclusives dans les destinations de vacances les plus pris\u00e9es. Je peux offrir \u00e0 mes clients l&rsquo;offre parfaite et je suis bien inform\u00e9e sur les aspects juridiques et les particularit\u00e9s de l&rsquo;achat immobilier \u00e0 l&rsquo;\u00e9tranger. J&rsquo;accompagne mes clients \u00e0 chaque \u00e9tape du processus et veille particuli\u00e8rement \u00e0 comprendre leurs besoins et leurs d\u00e9sirs sp\u00e9cifiques, afin de trouver des biens immobiliers qui correspondent parfaitement \u00e0 leur style de vie.<\/p>\n<p>En outre, je suis une experte en \u00e9valuation de biens immobiliers r\u00e9sidentiels avec une compr\u00e9hension approfondie du march\u00e9 immobilier r\u00e9gional. Je peux r\u00e9aliser des \u00e9valuations pr\u00e9cises et \u00e9quitables pour les maisons d&rsquo;habitation, que ce soit pour la vente, l&rsquo;achat ou le financement. Mes clients peuvent compter sur mon expertise, car je prends le temps d&rsquo;analyser les caract\u00e9ristiques sp\u00e9cifiques de chaque propri\u00e9t\u00e9, d&rsquo;\u00e9valuer les ventes comparables et de fournir des \u00e9valuations compl\u00e8tes qui leur donnent une vue claire de la valeur de leur bien immobilier.<\/p>\n<p>Ce qui me distingue des autres agents immobiliers, c&rsquo;est mon approche de mon m\u00e9tier. Je ne travaille pas uniquement pour la simple vente ou l&rsquo;achat de biens immobiliers, mais je m&rsquo;investis passionn\u00e9ment pour le bien-\u00eatre de mes clients. Il est important pour moi de prendre en compte leurs besoins, de les \u00e9couter et de consid\u00e9rer leurs pr\u00e9occupations. Je prends le temps de vraiment conna\u00eetre mes clients et de construire une relation de confiance. Je suis toujours pr\u00eate \u00e0 prendre des mesures suppl\u00e9mentaires pour m&rsquo;assurer que mes clients sont satisfaits et atteignent leurs objectifs immobiliers.<\/p>\n<\/div>\n<\/div>\n<\/div>\n<\/div><\/div><div class=\"w-separator size_large with_line width_default thick_2 style_solid color_primary align_center\"><div class=\"w-separator-h\"><\/div><\/div><\/div><\/div><\/div><div class=\"vc_col-sm-4 wpb_column vc_column_container\"><div class=\"vc_column-inner\"><div class=\"wpb_wrapper\"><div class=\"w-image align_center\"><div url class=\"w-image-h\"><img loading=\"lazy\" decoding=\"async\" width=\"609\" height=\"866\" src=\"https:\/\/cottage-realestate.com\/wp-content\/uploads\/2023\/04\/Anne-1.png\" class=\"attachment-full size-full\" alt=\"\" srcset=\"https:\/\/cottage-realestate.com\/wp-content\/uploads\/2023\/04\/Anne-1.png 609w, https:\/\/cottage-realestate.com\/wp-content\/uploads\/2023\/04\/Anne-1-211x300.png 211w, https:\/\/cottage-realestate.com\/wp-content\/uploads\/2023\/04\/Anne-1-600x853.png 600w\" sizes=\"auto, (max-width: 609px) 100vw, 609px\" \/><\/div><\/div><div class=\"w-separator size_medium with_line width_default thick_1 style_solid color_primary align_center\"><div class=\"w-separator-h\"><\/div><\/div><div class=\"wpb_text_column\"><div class=\"wpb_wrapper\"><p style=\"text-align: center;\">Agent immobilier et \u00e9valuateur de biens immobiliers r\u00e9sidentiels<\/p>\n<\/div><\/div><\/div><\/div><\/div><\/div><\/div><\/section><section class=\"l-section wpb_row height_medium\"><div class=\"l-section-h i-cf\"><div class=\"g-cols vc_row via_flex valign_top type_default stacking_default\"><div class=\"vc_col-sm-8 wpb_column vc_column_container\"><div class=\"vc_column-inner\"><div class=\"wpb_wrapper\">[vc_custom_heading text=\u00a0\u00bbNanda Spaargaren\u00a0\u00bb font_container=\u00a0\u00bbtag:h3|text_align:left\u00a0\u00bb use_theme_fonts=\u00a0\u00bbyes\u00a0\u00bb]<div class=\"wpb_text_column us_custom_432d3f53 with_collapsible_content\" data-content-height=\"866px\"><div class=\"wpb_wrapper\"><div class=\"flex flex-grow flex-col gap-3\">\n<div class=\"min-h-&#091;20px&#093; flex items-start overflow-x-auto whitespace-pre-wrap break-words flex-col gap-4\">\n<div class=\"markdown prose w-full break-words dark:prose-invert light\">\n<p>Votre interm\u00e9diaire immobilier avec c\u0153ur et bon sens pour les r\u00e9sidences de vacances internationales<\/p>\n<p>Bienvenue ! Je m&rsquo;appelle Nanda Spaargaren et je suis votre interm\u00e9diaire immobilier d\u00e9vou\u00e9e, passionn\u00e9e par les r\u00e9sidences de vacances \u00e0 travers le monde. Forte de nombreuses ann\u00e9es d&rsquo;exp\u00e9rience dans le secteur et d&rsquo;une solide expertise, je suis l\u00e0 pour vous aider \u00e0 concr\u00e9tiser votre r\u00eave de poss\u00e9der votre propre r\u00e9sidence de vacances.<\/p>\n<p>Je crois fermement qu&rsquo;une r\u00e9sidence de vacances est bien plus qu&rsquo;un simple lieu de s\u00e9jour. C&rsquo;est un refuge o\u00f9 des souvenirs sont cr\u00e9\u00e9s et o\u00f9 l&rsquo;on peut \u00e9chapper au quotidien. C&rsquo;est pourquoi il est important pour moi de prendre en compte non seulement vos besoins individuels, mais aussi les aspects \u00e9motionnels li\u00e9s \u00e0 la possession d&rsquo;une r\u00e9sidence de vacances. Mon objectif est de vous offrir non seulement un chez-vous loin de chez vous, mais aussi un investissement qui vous apportera une joie durable et une stabilit\u00e9 financi\u00e8re.<\/p>\n<p>En tant qu&rsquo;interm\u00e9diaire immobilier, j&rsquo;ai constitu\u00e9 un vaste r\u00e9seau de contacts internationaux. Je travaille en \u00e9troite collaboration avec des agents immobiliers exp\u00e9riment\u00e9s afin de vous donner acc\u00e8s aux meilleures r\u00e9sidences de vacances.<\/p>\n<p>Dans mon travail, je mets l&rsquo;accent sur la transparence et l&rsquo;int\u00e9grit\u00e9. Je vous fournirai toujours toutes les informations n\u00e9cessaires sur les biens immobiliers potentiels et je vous accompagnerai \u00e0 chaque \u00e9tape du processus d&rsquo;achat. De la recherche de la r\u00e9sidence de vacances parfaite aux n\u00e9gociations en passant par le soutien juridique, je suis l\u00e0 pour vous apporter mon expertise.<\/p>\n<p>Mon service ne se termine pas une fois l&rsquo;achat immobilier r\u00e9ussi. En tant que votre interlocutrice, je suis \u00e9galement \u00e0 votre disposition apr\u00e8s l&rsquo;achat, pr\u00eate \u00e0 vous aider \u00e0 louer votre r\u00e9sidence de vacances pour optimiser votre investissement. De plus, je vous fournirai des recommandations de prestataires locaux et de commodit\u00e9s afin que vous puissiez profiter pleinement de votre s\u00e9jour dans votre r\u00e9sidence de vacances.<\/p>\n<p>Si vous \u00eates pr\u00eat(e) \u00e0 franchir la premi\u00e8re \u00e9tape vers votre propre r\u00e9sidence de vacances ou si vous avez d&rsquo;autres questions, n&rsquo;h\u00e9sitez pas \u00e0 me contacter. J&rsquo;ai h\u00e2te de r\u00e9aliser vos r\u00eaves et de vous accompagner dans votre aventure immobili\u00e8re internationale pour les r\u00e9sidences de vacances.<\/p>\n<\/div>\n<\/div>\n<\/div>\n<\/div><div class=\"toggle-links align_none\"><button class=\"collapsible-content-more\">Voir plus<\/button><button class=\"collapsible-content-less\">Voir moins<\/button><\/div><\/div><\/div><\/div><\/div><div class=\"vc_col-sm-4 wpb_column vc_column_container\"><div class=\"vc_column-inner\"><div class=\"wpb_wrapper\"><div class=\"w-image align_center\"><div url class=\"w-image-h\"><img loading=\"lazy\" decoding=\"async\" width=\"609\" height=\"866\" src=\"https:\/\/cottage-realestate.com\/wp-content\/uploads\/2023\/04\/Nanda-1.png\" class=\"attachment-full size-full\" alt=\"\" srcset=\"https:\/\/cottage-realestate.com\/wp-content\/uploads\/2023\/04\/Nanda-1.png 609w, https:\/\/cottage-realestate.com\/wp-content\/uploads\/2023\/04\/Nanda-1-211x300.png 211w, https:\/\/cottage-realestate.com\/wp-content\/uploads\/2023\/04\/Nanda-1-600x853.png 600w\" sizes=\"auto, (max-width: 609px) 100vw, 609px\" \/><\/div><\/div><div class=\"w-separator size_medium with_line width_default thick_1 style_solid color_primary align_center\"><div class=\"w-separator-h\"><\/div><\/div><div class=\"wpb_text_column\"><div class=\"wpb_wrapper\"><div class=\"flex flex-grow flex-col gap-3\">\n<div class=\"min-h-&#091;20px&#093; flex items-start overflow-x-auto whitespace-pre-wrap break-words flex-col gap-4\">\n<div class=\"markdown prose w-full break-words dark:prose-invert light\">\n<p style=\"text-align: center;\">Agent immobilier<\/p>\n<\/div>\n<\/div>\n<\/div>\n<\/div><\/div><\/div><\/div><\/div><div class=\"vc_col-sm-12 wpb_column vc_column_container\"><div class=\"vc_column-inner\"><div class=\"wpb_wrapper\"><div class=\"w-separator size_medium with_line width_default thick_2 style_solid color_primary align_center\"><div class=\"w-separator-h\"><\/div><\/div><\/div><\/div><\/div><\/div><\/div><\/section><section class=\"l-section wpb_row height_medium\"><div class=\"l-section-h i-cf\"><div class=\"g-cols vc_row via_flex valign_top type_default stacking_default\"><div class=\"vc_col-sm-12 wpb_column vc_column_container\"><div class=\"vc_column-inner\"><div class=\"wpb_wrapper\"><\/div><\/div><\/div><\/div><\/div><\/section>\n","protected":false},"excerpt":{"rendered":"[vc_custom_heading source=\"post_title\" font_container=\"tag:h1|font_size:2.4rem|text_align:left|color:%23c0a555\" use_theme_fonts=\"yes\"][vc_custom_heading text=\"Anne Seidler\" font_container=\"tag:h3|text_align:left\" use_theme_fonts=\"yes\"] Bienvenue chaleureusement ! Je m&rsquo;appelle Anne Seidler, et je suis votre agent immobilier avec c\u0153ur et intelligence, sp\u00e9cialis\u00e9e dans les propri\u00e9t\u00e9s de vacances internationales et l&rsquo;\u00e9valuation de biens immobiliers r\u00e9sidentiels. Gr\u00e2ce \u00e0 mes connaissances approfondies dans le domaine, ma passion pour l&rsquo;immobilier et son architecture, ainsi que...","protected":false},"author":2,"featured_media":0,"parent":0,"menu_order":0,"comment_status":"closed","ping_status":"closed","template":"","meta":{"footnotes":""},"class_list":["post-2534","page","type-page","status-publish","hentry"],"acf":[],"yoast_head":"<!-- This site is optimized with the Yoast SEO plugin v20.11 - https:\/\/yoast.com\/wordpress\/plugins\/seo\/ -->\n<title>L&#039;\u00e9quipe - Cottage Real Estate<\/title>\n<meta name=\"robots\" content=\"index, follow, max-snippet:-1, max-image-preview:large, max-video-preview:-1\" \/>\n<link rel=\"canonical\" href=\"https:\/\/cottage-realestate.com\/fr\/lequipe\/\" \/>\n<meta property=\"og:locale\" content=\"fr_FR\" \/>\n<meta property=\"og:type\" content=\"article\" \/>\n<meta property=\"og:title\" content=\"L&#039;\u00e9quipe - Cottage Real Estate\" \/>\n<meta property=\"og:url\" content=\"https:\/\/cottage-realestate.com\/fr\/lequipe\/\" \/>\n<meta property=\"og:site_name\" content=\"Cottage Real Estate\" \/>\n<meta property=\"article:publisher\" content=\"https:\/\/www.facebook.com\/people\/Cottage-Real-Estate\/100091918536968\/\" \/>\n<meta property=\"article:modified_time\" content=\"2023-11-07T10:21:44+00:00\" \/>\n<meta property=\"og:image\" content=\"https:\/\/cottage-realestate.com\/wp-content\/uploads\/2023\/07\/Screen-1024x732.png\" \/>\n\t<meta property=\"og:image:width\" content=\"1024\" \/>\n\t<meta property=\"og:image:height\" content=\"732\" \/>\n\t<meta property=\"og:image:type\" content=\"image\/png\" \/>\n<meta name=\"twitter:card\" content=\"summary_large_image\" \/>\n<meta name=\"twitter:label1\" content=\"Dur\u00e9e de lecture estim\u00e9e\" \/>\n\t<meta name=\"twitter:data1\" content=\"5 minutes\" \/>\n<script type=\"application\/ld+json\" class=\"yoast-schema-graph\">{\"@context\":\"https:\/\/schema.org\",\"@graph\":[{\"@type\":\"WebPage\",\"@id\":\"https:\/\/cottage-realestate.com\/fr\/lequipe\/\",\"url\":\"https:\/\/cottage-realestate.com\/fr\/lequipe\/\",\"name\":\"L'\u00e9quipe - Cottage Real Estate\",\"isPartOf\":{\"@id\":\"https:\/\/cottage-realestate.com\/fr\/#website\"},\"datePublished\":\"2023-07-12T10:03:45+00:00\",\"dateModified\":\"2023-11-07T10:21:44+00:00\",\"breadcrumb\":{\"@id\":\"https:\/\/cottage-realestate.com\/fr\/lequipe\/#breadcrumb\"},\"inLanguage\":\"fr-FR\",\"potentialAction\":[{\"@type\":\"ReadAction\",\"target\":[\"https:\/\/cottage-realestate.com\/fr\/lequipe\/\"]}]},{\"@type\":\"BreadcrumbList\",\"@id\":\"https:\/\/cottage-realestate.com\/fr\/lequipe\/#breadcrumb\",\"itemListElement\":[{\"@type\":\"ListItem\",\"position\":1,\"name\":\"Startseite\",\"item\":\"https:\/\/cottage-realestate.com\/fr\/\"},{\"@type\":\"ListItem\",\"position\":2,\"name\":\"L&#8217;\u00e9quipe\"}]},{\"@type\":\"WebSite\",\"@id\":\"https:\/\/cottage-realestate.com\/fr\/#website\",\"url\":\"https:\/\/cottage-realestate.com\/fr\/\",\"name\":\"Cottage Real Estate\",\"description\":\"Ferienh\u00e4user in Frankreich und Niederlande kaufen\",\"publisher\":{\"@id\":\"https:\/\/cottage-realestate.com\/fr\/#organization\"},\"potentialAction\":[{\"@type\":\"SearchAction\",\"target\":{\"@type\":\"EntryPoint\",\"urlTemplate\":\"https:\/\/cottage-realestate.com\/fr\/?s={search_term_string}\"},\"query-input\":\"required name=search_term_string\"}],\"inLanguage\":\"fr-FR\"},{\"@type\":\"Organization\",\"@id\":\"https:\/\/cottage-realestate.com\/fr\/#organization\",\"name\":\"Cottage Real Estate\",\"url\":\"https:\/\/cottage-realestate.com\/fr\/\",\"logo\":{\"@type\":\"ImageObject\",\"inLanguage\":\"fr-FR\",\"@id\":\"https:\/\/cottage-realestate.com\/fr\/#\/schema\/logo\/image\/\",\"url\":\"https:\/\/cottage-realestate.com\/wp-content\/uploads\/2020\/07\/logo.png\",\"contentUrl\":\"https:\/\/cottage-realestate.com\/wp-content\/uploads\/2020\/07\/logo.png\",\"width\":167,\"height\":140,\"caption\":\"Cottage Real Estate\"},\"image\":{\"@id\":\"https:\/\/cottage-realestate.com\/fr\/#\/schema\/logo\/image\/\"},\"sameAs\":[\"https:\/\/www.facebook.com\/people\/Cottage-Real-Estate\/100091918536968\/\",\"https:\/\/www.instagram.com\/cottagerealestatecom\/\"]}]}<\/script>\n<!-- \/ Yoast SEO plugin. -->","yoast_head_json":{"title":"L'\u00e9quipe - Cottage Real Estate","robots":{"index":"index","follow":"follow","max-snippet":"max-snippet:-1","max-image-preview":"max-image-preview:large","max-video-preview":"max-video-preview:-1"},"canonical":"https:\/\/cottage-realestate.com\/fr\/lequipe\/","og_locale":"fr_FR","og_type":"article","og_title":"L'\u00e9quipe - Cottage Real Estate","og_url":"https:\/\/cottage-realestate.com\/fr\/lequipe\/","og_site_name":"Cottage Real Estate","article_publisher":"https:\/\/www.facebook.com\/people\/Cottage-Real-Estate\/100091918536968\/","article_modified_time":"2023-11-07T10:21:44+00:00","og_image":[{"width":1024,"height":732,"url":"https:\/\/cottage-realestate.com\/wp-content\/uploads\/2023\/07\/Screen-1024x732.png","type":"image\/png"}],"twitter_card":"summary_large_image","twitter_misc":{"Dur\u00e9e de lecture estim\u00e9e":"5 minutes"},"schema":{"@context":"https:\/\/schema.org","@graph":[{"@type":"WebPage","@id":"https:\/\/cottage-realestate.com\/fr\/lequipe\/","url":"https:\/\/cottage-realestate.com\/fr\/lequipe\/","name":"L'\u00e9quipe - Cottage Real Estate","isPartOf":{"@id":"https:\/\/cottage-realestate.com\/fr\/#website"},"datePublished":"2023-07-12T10:03:45+00:00","dateModified":"2023-11-07T10:21:44+00:00","breadcrumb":{"@id":"https:\/\/cottage-realestate.com\/fr\/lequipe\/#breadcrumb"},"inLanguage":"fr-FR","potentialAction":[{"@type":"ReadAction","target":["https:\/\/cottage-realestate.com\/fr\/lequipe\/"]}]},{"@type":"BreadcrumbList","@id":"https:\/\/cottage-realestate.com\/fr\/lequipe\/#breadcrumb","itemListElement":[{"@type":"ListItem","position":1,"name":"Startseite","item":"https:\/\/cottage-realestate.com\/fr\/"},{"@type":"ListItem","position":2,"name":"L&#8217;\u00e9quipe"}]},{"@type":"WebSite","@id":"https:\/\/cottage-realestate.com\/fr\/#website","url":"https:\/\/cottage-realestate.com\/fr\/","name":"Cottage Real Estate","description":"Ferienh\u00e4user in Frankreich und Niederlande kaufen","publisher":{"@id":"https:\/\/cottage-realestate.com\/fr\/#organization"},"potentialAction":[{"@type":"SearchAction","target":{"@type":"EntryPoint","urlTemplate":"https:\/\/cottage-realestate.com\/fr\/?s={search_term_string}"},"query-input":"required name=search_term_string"}],"inLanguage":"fr-FR"},{"@type":"Organization","@id":"https:\/\/cottage-realestate.com\/fr\/#organization","name":"Cottage Real Estate","url":"https:\/\/cottage-realestate.com\/fr\/","logo":{"@type":"ImageObject","inLanguage":"fr-FR","@id":"https:\/\/cottage-realestate.com\/fr\/#\/schema\/logo\/image\/","url":"https:\/\/cottage-realestate.com\/wp-content\/uploads\/2020\/07\/logo.png","contentUrl":"https:\/\/cottage-realestate.com\/wp-content\/uploads\/2020\/07\/logo.png","width":167,"height":140,"caption":"Cottage Real Estate"},"image":{"@id":"https:\/\/cottage-realestate.com\/fr\/#\/schema\/logo\/image\/"},"sameAs":["https:\/\/www.facebook.com\/people\/Cottage-Real-Estate\/100091918536968\/","https:\/\/www.instagram.com\/cottagerealestatecom\/"]}]}},"_links":{"self":[{"href":"https:\/\/cottage-realestate.com\/fr\/wp-json\/wp\/v2\/pages\/2534","targetHints":{"allow":["GET"]}}],"collection":[{"href":"https:\/\/cottage-realestate.com\/fr\/wp-json\/wp\/v2\/pages"}],"about":[{"href":"https:\/\/cottage-realestate.com\/fr\/wp-json\/wp\/v2\/types\/page"}],"author":[{"embeddable":true,"href":"https:\/\/cottage-realestate.com\/fr\/wp-json\/wp\/v2\/users\/2"}],"replies":[{"embeddable":true,"href":"https:\/\/cottage-realestate.com\/fr\/wp-json\/wp\/v2\/comments?post=2534"}],"version-history":[{"count":6,"href":"https:\/\/cottage-realestate.com\/fr\/wp-json\/wp\/v2\/pages\/2534\/revisions"}],"predecessor-version":[{"id":2933,"href":"https:\/\/cottage-realestate.com\/fr\/wp-json\/wp\/v2\/pages\/2534\/revisions\/2933"}],"wp:attachment":[{"href":"https:\/\/cottage-realestate.com\/fr\/wp-json\/wp\/v2\/media?parent=2534"}],"curies":[{"name":"wp","href":"https:\/\/api.w.org\/{rel}","templated":true}]}}