{"id":2540,"date":"2023-07-12T11:56:40","date_gmt":"2023-07-12T09:56:40","guid":{"rendered":"https:\/\/cottage-realestate.com\/?page_id=2540"},"modified":"2023-07-14T18:09:10","modified_gmt":"2023-07-14T16:09:10","slug":"investissement-en-capital","status":"publish","type":"page","link":"https:\/\/cottage-realestate.com\/fr\/investissement-en-capital\/","title":{"rendered":"Investissement en capital"},"content":{"rendered":"<section class=\"l-section wpb_row height_medium with_img\"><div class=\"l-section-img\" role=\"img\" style=\"background-image: url(https:\/\/cottage-realestate.com\/wp-content\/uploads\/2023\/04\/icons.png);\"><\/div><div class=\"l-section-overlay\" style=\"background:rgba(33,33,34,0.80)\"><\/div><div class=\"l-section-h i-cf\"><div class=\"g-cols vc_row via_flex valign_top type_default stacking_default\"><div class=\"vc_col-sm-12 wpb_column vc_column_container\"><div class=\"vc_column-inner\"><div class=\"wpb_wrapper\">[vc_custom_heading source=\u00a0\u00bbpost_title\u00a0\u00bb font_container=\u00a0\u00bbtag:h1|font_size:2.4rem|text_align:left|color:%23c0a555&Prime; use_theme_fonts=\u00a0\u00bbyes\u00a0\u00bb]<div class=\"w-separator size_medium\"><\/div><\/div><\/div><\/div><\/div><\/div><\/section><section class=\"l-section wpb_row height_medium\"><div class=\"l-section-h i-cf\"><div class=\"g-cols vc_row via_flex valign_top type_default stacking_default\"><div class=\"vc_col-sm-12 wpb_column vc_column_container\"><div class=\"vc_column-inner\"><div class=\"wpb_wrapper\"><div class=\"wpb_text_column\"><div class=\"wpb_wrapper\"><div class=\"flex flex-grow flex-col gap-3\">\n<div class=\"min-h-&#091;20px&#093; flex items-start overflow-x-auto whitespace-pre-wrap break-words flex-col gap-4\">\n<div class=\"markdown prose w-full break-words dark:prose-invert light\">\n<h3>Acqu\u00e9rir un investissement immobilier sous la forme d&rsquo;une maison de vacances offrant un bon rendement.<\/h3>\n<\/div>\n<\/div>\n<\/div>\n<\/div><\/div><div class=\"w-separator size_medium with_line width_default thick_2 style_solid color_primary align_center\"><div class=\"w-separator-h\"><\/div><\/div><\/div><\/div><\/div><\/div><\/div><\/section><section class=\"l-section wpb_row height_medium\"><div class=\"l-section-h i-cf\"><div class=\"g-cols vc_row via_flex valign_top type_default stacking_default\"><div class=\"vc_col-sm-6 wpb_column vc_column_container\"><div class=\"vc_column-inner\"><div class=\"wpb_wrapper\"><div class=\"wpb_text_column\"><div class=\"wpb_wrapper\"><div class=\"flex flex-grow flex-col gap-3\">\n<div class=\"min-h-&#091;20px&#093; flex items-start overflow-x-auto whitespace-pre-wrap break-words flex-col gap-4\">\n<div class=\"markdown prose w-full break-words dark:prose-invert light\">\n<p>Lorsqu&rsquo;il s&rsquo;agit d&rsquo;investissements \u00e0 long terme offrant de bons rendements, l&rsquo;achat d&rsquo;une propri\u00e9t\u00e9 de vacances est une option extr\u00eamement attrayante. Un tel investissement pr\u00e9sente de nombreux avantages, tant sur le plan financier que personnel.<\/p>\n<p>Tout d&rsquo;abord, l&rsquo;achat d&rsquo;une propri\u00e9t\u00e9 de vacances est un investissement solide. Bien que le march\u00e9 immobilier puisse fluctuer, la valeur des biens immobiliers a tendance \u00e0 augmenter avec le temps. En achetant une maison de vacances, vous poss\u00e9dez non seulement un actif d&rsquo;investissement, mais aussi un bien physique que vous pouvez utiliser lorsque vous en avez besoin.<\/p>\n<\/div>\n<\/div>\n<\/div>\n<\/div><\/div><\/div><\/div><\/div><div class=\"vc_col-sm-6 wpb_column vc_column_container\"><div class=\"vc_column-inner\"><div class=\"wpb_wrapper\"><div class=\"w-separator size_small with_line width_default thick_2 style_solid color_primary align_center\"><div class=\"w-separator-h\"><\/div><\/div><div class=\"w-image us_custom_47474b22 us_animate_this style_shadow-2 align_none\"><div url class=\"w-image-h\"><div class=\"w-image-shadow\" style=\"background-image:url(https:\/\/cottage-realestate.com\/wp-content\/uploads\/2023\/04\/g2-1024x576.jpg);\"><\/div><img loading=\"lazy\" decoding=\"async\" width=\"1024\" height=\"576\" src=\"https:\/\/cottage-realestate.com\/wp-content\/uploads\/2023\/04\/g2-1024x576.jpg\" class=\"attachment-large size-large\" alt=\"\" srcset=\"https:\/\/cottage-realestate.com\/wp-content\/uploads\/2023\/04\/g2-1024x576.jpg 1024w, https:\/\/cottage-realestate.com\/wp-content\/uploads\/2023\/04\/g2-300x169.jpg 300w, https:\/\/cottage-realestate.com\/wp-content\/uploads\/2023\/04\/g2-600x338.jpg 600w\" sizes=\"auto, (max-width: 1024px) 100vw, 1024px\" \/><\/div><\/div><div class=\"w-separator size_small with_line width_default thick_2 style_solid color_primary align_center\"><div class=\"w-separator-h\"><\/div><\/div><\/div><\/div><\/div><\/div><\/div><\/section><section class=\"l-section wpb_row height_medium\"><div class=\"l-section-h i-cf\"><div class=\"g-cols vc_row via_flex valign_top type_default stacking_default\"><div class=\"vc_col-sm-6 wpb_column vc_column_container\"><div class=\"vc_column-inner\"><div class=\"wpb_wrapper\"><div class=\"w-separator size_small with_line width_default thick_2 style_solid color_primary align_center\"><div class=\"w-separator-h\"><\/div><\/div><div class=\"w-image us_custom_7e20fa79 us_animate_this style_shadow-2 align_none\"><div url class=\"w-image-h\"><div class=\"w-image-shadow\" style=\"background-image:url(https:\/\/cottage-realestate.com\/wp-content\/uploads\/2023\/07\/1.jpg);\"><\/div><img loading=\"lazy\" decoding=\"async\" width=\"896\" height=\"585\" src=\"https:\/\/cottage-realestate.com\/wp-content\/uploads\/2023\/07\/1.jpg\" class=\"attachment-large size-large\" alt=\"\" srcset=\"https:\/\/cottage-realestate.com\/wp-content\/uploads\/2023\/07\/1.jpg 896w, https:\/\/cottage-realestate.com\/wp-content\/uploads\/2023\/07\/1-300x196.jpg 300w, https:\/\/cottage-realestate.com\/wp-content\/uploads\/2023\/07\/1-600x392.jpg 600w\" sizes=\"auto, (max-width: 896px) 100vw, 896px\" \/><\/div><\/div><div class=\"w-separator size_small with_line width_default thick_2 style_solid color_primary align_center\"><div class=\"w-separator-h\"><\/div><\/div><\/div><\/div><\/div><div class=\"vc_col-sm-6 wpb_column vc_column_container\"><div class=\"vc_column-inner\"><div class=\"wpb_wrapper\"><div class=\"wpb_text_column\"><div class=\"wpb_wrapper\"><div class=\"flex flex-grow flex-col gap-3\">\n<div class=\"min-h-&#091;20px&#093; flex items-start overflow-x-auto whitespace-pre-wrap break-words flex-col gap-4\">\n<div class=\"markdown prose w-full break-words dark:prose-invert light\">\n<p>De plus, les maisons de vacances offrent une vari\u00e9t\u00e9 de possibilit\u00e9s de revenus. Si vous choisissez de louer votre maison de vacances, vous pouvez g\u00e9n\u00e9rer une source de revenus suppl\u00e9mentaire. De nombreuses personnes pr\u00e9f\u00e8rent passer leurs vacances dans des maisons de vacances confortables plut\u00f4t que dans des h\u00f4tels impersonnels. En louant votre maison de vacances, vous pouvez obtenir des revenus locatifs r\u00e9guliers et rentabiliser votre investissement.<\/p>\n<p>Un autre avantage d&rsquo;une propri\u00e9t\u00e9 de maison de vacances est la possibilit\u00e9 de l&rsquo;utiliser vous-m\u00eame. Vous pouvez r\u00e9server votre maison de vacances \u00e0 certains moments de l&rsquo;ann\u00e9e et y passer vos propres vacances. Cela vous permet de profiter de votre investissement tout en \u00e9conomisant sur les frais d&rsquo;autres h\u00e9bergements.<\/p>\n<\/div>\n<\/div>\n<\/div>\n<\/div><\/div><\/div><\/div><\/div><\/div><\/div><\/section><section class=\"l-section wpb_row height_medium\"><div class=\"l-section-h i-cf\"><div class=\"g-cols vc_row via_flex valign_top type_default stacking_default\"><div class=\"vc_col-sm-4 wpb_column vc_column_container\"><div class=\"vc_column-inner\"><div class=\"wpb_wrapper\"><div class=\"wpb_text_column\"><div class=\"wpb_wrapper\"><p>Cependant, afin d&rsquo;obtenir un bon rendement de votre propri\u00e9t\u00e9 de vacances, une planification et une recherche approfondies sont n\u00e9cessaires. Choisissez un emplacement populaire parmi les vacanciers et qui b\u00e9n\u00e9ficie d&rsquo;une forte demande. Une bonne proximit\u00e9 avec des attractions, des plages ou des sites naturels peut augmenter l&rsquo;attrait de votre maison de vacances.<\/p>\n<\/div><\/div><\/div><\/div><\/div><div class=\"vc_col-sm-4 wpb_column vc_column_container\"><div class=\"vc_column-inner\"><div class=\"wpb_wrapper\"><div class=\"w-separator size_small with_line width_default thick_2 style_solid color_primary align_center\"><div class=\"w-separator-h\"><\/div><\/div><div class=\"w-image us_custom_8f2ba1f4 us_animate_this style_shadow-2 align_none\"><div url class=\"w-image-h\"><div class=\"w-image-shadow\" style=\"background-image:url(https:\/\/cottage-realestate.com\/wp-content\/uploads\/2023\/07\/real-estate-1024x576.jpg);\"><\/div><img loading=\"lazy\" decoding=\"async\" width=\"1024\" height=\"576\" src=\"https:\/\/cottage-realestate.com\/wp-content\/uploads\/2023\/07\/real-estate-1024x576.jpg\" class=\"attachment-large size-large\" alt=\"\" srcset=\"https:\/\/cottage-realestate.com\/wp-content\/uploads\/2023\/07\/real-estate-1024x576.jpg 1024w, https:\/\/cottage-realestate.com\/wp-content\/uploads\/2023\/07\/real-estate-300x169.jpg 300w, https:\/\/cottage-realestate.com\/wp-content\/uploads\/2023\/07\/real-estate-600x338.jpg 600w, https:\/\/cottage-realestate.com\/wp-content\/uploads\/2023\/07\/real-estate-scaled.jpg 960w\" sizes=\"auto, (max-width: 1024px) 100vw, 1024px\" \/><\/div><\/div><div class=\"w-separator size_small with_line width_default thick_2 style_solid color_primary align_center\"><div class=\"w-separator-h\"><\/div><\/div><\/div><\/div><\/div><div class=\"vc_col-sm-4 wpb_column vc_column_container\"><div class=\"vc_column-inner\"><div class=\"wpb_wrapper\"><div class=\"wpb_text_column\"><div class=\"wpb_wrapper\"><p>De plus, vous devriez prendre en compte les frais d&rsquo;entretien et la gestion de la propri\u00e9t\u00e9. Vous devez vous assurer que votre maison de vacances est toujours en bon \u00e9tat et dispose d&rsquo;une gestion professionnelle pour accueillir les clients et assurer une location sans probl\u00e8me. Ces co\u00fbts devraient \u00eatre inclus dans votre calcul afin d&rsquo;estimer de mani\u00e8re r\u00e9aliste le rendement total.<\/p>\n<\/div><\/div><\/div><\/div><\/div><\/div><\/div><\/section><section class=\"l-section wpb_row height_medium\"><div class=\"l-section-h i-cf\"><div class=\"g-cols vc_row via_flex valign_top type_default stacking_default\"><div class=\"vc_col-sm-12 wpb_column vc_column_container\"><div class=\"vc_column-inner\"><div class=\"wpb_wrapper\"><div class=\"w-separator size_medium with_line width_default thick_2 style_solid color_primary align_center\"><div class=\"w-separator-h\"><\/div><\/div><div class=\"wpb_text_column\"><div class=\"wpb_wrapper\"><div class=\"flex flex-grow flex-col gap-3\">\n<div class=\"min-h-&#091;20px&#093; flex items-start overflow-x-auto whitespace-pre-wrap break-words flex-col gap-4\">\n<div class=\"markdown prose w-full break-words dark:prose-invert light\">\n<p>N&rsquo;h\u00e9sitez pas \u00e0 tenir compte des aspects fiscaux. Dans certains pays, il existe des r\u00e9glementations fiscales sp\u00e9cifiques pour les propri\u00e9t\u00e9s de vacances qui peuvent avoir une incidence sur votre rendement. Consultez un conseiller fiscal ou un expert immobilier afin de vous assurer de comprendre toutes les obligations fiscales et de les optimiser.<\/p>\n<p>En r\u00e9sum\u00e9, l&rsquo;acquisition d&rsquo;une propri\u00e9t\u00e9 de vacances peut \u00eatre un investissement lucratif offrant \u00e0 la fois un rendement financier et des avantages personnels. Avec une planification minutieuse, un emplacement attrayant et une gestion attentive, vous pouvez faire de votre maison de vacances un investissement rentable tout en profitant des joies d&rsquo;un foyer dans un cadre agr\u00e9able.<\/p>\n<\/div>\n<\/div>\n<\/div>\n<\/div><\/div><div class=\"w-separator size_medium with_line width_default thick_2 style_solid color_primary align_center\"><div class=\"w-separator-h\"><\/div><\/div><\/div><\/div><\/div><\/div><\/div><\/section>\n","protected":false},"excerpt":{"rendered":"[vc_custom_heading source=\"post_title\" font_container=\"tag:h1|font_size:2.4rem|text_align:left|color:%23c0a555\" use_theme_fonts=\"yes\"] Acqu\u00e9rir un investissement immobilier sous la forme d&rsquo;une maison de vacances offrant un bon rendement. Lorsqu&rsquo;il s&rsquo;agit d&rsquo;investissements \u00e0 long terme offrant de bons rendements, l&rsquo;achat d&rsquo;une propri\u00e9t\u00e9 de vacances est une option extr\u00eamement attrayante. Un tel investissement pr\u00e9sente de nombreux avantages, tant sur le plan financier que personnel. Tout d&rsquo;abord,...","protected":false},"author":2,"featured_media":0,"parent":0,"menu_order":0,"comment_status":"closed","ping_status":"closed","template":"","meta":{"footnotes":""},"class_list":["post-2540","page","type-page","status-publish","hentry"],"acf":[],"yoast_head":"<!-- This site is optimized with the Yoast SEO plugin v20.11 - https:\/\/yoast.com\/wordpress\/plugins\/seo\/ -->\n<title>Investissement en capital - Cottage Real Estate<\/title>\n<meta name=\"robots\" content=\"index, follow, max-snippet:-1, max-image-preview:large, max-video-preview:-1\" \/>\n<link rel=\"canonical\" href=\"https:\/\/cottage-realestate.com\/fr\/investissement-en-capital\/\" \/>\n<meta property=\"og:locale\" content=\"fr_FR\" \/>\n<meta property=\"og:type\" content=\"article\" \/>\n<meta property=\"og:title\" content=\"Investissement en capital - Cottage Real Estate\" \/>\n<meta property=\"og:url\" content=\"https:\/\/cottage-realestate.com\/fr\/investissement-en-capital\/\" \/>\n<meta property=\"og:site_name\" content=\"Cottage Real Estate\" \/>\n<meta property=\"article:publisher\" content=\"https:\/\/www.facebook.com\/people\/Cottage-Real-Estate\/100091918536968\/\" \/>\n<meta property=\"article:modified_time\" content=\"2023-07-14T16:09:10+00:00\" \/>\n<meta property=\"og:image\" content=\"https:\/\/cottage-realestate.com\/wp-content\/uploads\/2023\/07\/Screen-1024x732.png\" \/>\n\t<meta property=\"og:image:width\" content=\"1024\" \/>\n\t<meta property=\"og:image:height\" content=\"732\" \/>\n\t<meta property=\"og:image:type\" content=\"image\/png\" \/>\n<meta name=\"twitter:card\" content=\"summary_large_image\" \/>\n<meta name=\"twitter:label1\" content=\"Dur\u00e9e de lecture estim\u00e9e\" \/>\n\t<meta name=\"twitter:data1\" content=\"3 minutes\" \/>\n<script type=\"application\/ld+json\" class=\"yoast-schema-graph\">{\"@context\":\"https:\/\/schema.org\",\"@graph\":[{\"@type\":\"WebPage\",\"@id\":\"https:\/\/cottage-realestate.com\/fr\/investissement-en-capital\/\",\"url\":\"https:\/\/cottage-realestate.com\/fr\/investissement-en-capital\/\",\"name\":\"Investissement en capital - Cottage Real Estate\",\"isPartOf\":{\"@id\":\"https:\/\/cottage-realestate.com\/fr\/#website\"},\"datePublished\":\"2023-07-12T09:56:40+00:00\",\"dateModified\":\"2023-07-14T16:09:10+00:00\",\"breadcrumb\":{\"@id\":\"https:\/\/cottage-realestate.com\/fr\/investissement-en-capital\/#breadcrumb\"},\"inLanguage\":\"fr-FR\",\"potentialAction\":[{\"@type\":\"ReadAction\",\"target\":[\"https:\/\/cottage-realestate.com\/fr\/investissement-en-capital\/\"]}]},{\"@type\":\"BreadcrumbList\",\"@id\":\"https:\/\/cottage-realestate.com\/fr\/investissement-en-capital\/#breadcrumb\",\"itemListElement\":[{\"@type\":\"ListItem\",\"position\":1,\"name\":\"Startseite\",\"item\":\"https:\/\/cottage-realestate.com\/fr\/\"},{\"@type\":\"ListItem\",\"position\":2,\"name\":\"Investissement en capital\"}]},{\"@type\":\"WebSite\",\"@id\":\"https:\/\/cottage-realestate.com\/fr\/#website\",\"url\":\"https:\/\/cottage-realestate.com\/fr\/\",\"name\":\"Cottage Real Estate\",\"description\":\"Ferienh\u00e4user in Frankreich und Niederlande kaufen\",\"publisher\":{\"@id\":\"https:\/\/cottage-realestate.com\/fr\/#organization\"},\"potentialAction\":[{\"@type\":\"SearchAction\",\"target\":{\"@type\":\"EntryPoint\",\"urlTemplate\":\"https:\/\/cottage-realestate.com\/fr\/?s={search_term_string}\"},\"query-input\":\"required name=search_term_string\"}],\"inLanguage\":\"fr-FR\"},{\"@type\":\"Organization\",\"@id\":\"https:\/\/cottage-realestate.com\/fr\/#organization\",\"name\":\"Cottage Real Estate\",\"url\":\"https:\/\/cottage-realestate.com\/fr\/\",\"logo\":{\"@type\":\"ImageObject\",\"inLanguage\":\"fr-FR\",\"@id\":\"https:\/\/cottage-realestate.com\/fr\/#\/schema\/logo\/image\/\",\"url\":\"https:\/\/cottage-realestate.com\/wp-content\/uploads\/2020\/07\/logo.png\",\"contentUrl\":\"https:\/\/cottage-realestate.com\/wp-content\/uploads\/2020\/07\/logo.png\",\"width\":167,\"height\":140,\"caption\":\"Cottage Real Estate\"},\"image\":{\"@id\":\"https:\/\/cottage-realestate.com\/fr\/#\/schema\/logo\/image\/\"},\"sameAs\":[\"https:\/\/www.facebook.com\/people\/Cottage-Real-Estate\/100091918536968\/\",\"https:\/\/www.instagram.com\/cottagerealestatecom\/\"]}]}<\/script>\n<!-- \/ Yoast SEO plugin. -->","yoast_head_json":{"title":"Investissement en capital - Cottage Real Estate","robots":{"index":"index","follow":"follow","max-snippet":"max-snippet:-1","max-image-preview":"max-image-preview:large","max-video-preview":"max-video-preview:-1"},"canonical":"https:\/\/cottage-realestate.com\/fr\/investissement-en-capital\/","og_locale":"fr_FR","og_type":"article","og_title":"Investissement en capital - Cottage Real Estate","og_url":"https:\/\/cottage-realestate.com\/fr\/investissement-en-capital\/","og_site_name":"Cottage Real Estate","article_publisher":"https:\/\/www.facebook.com\/people\/Cottage-Real-Estate\/100091918536968\/","article_modified_time":"2023-07-14T16:09:10+00:00","og_image":[{"width":1024,"height":732,"url":"https:\/\/cottage-realestate.com\/wp-content\/uploads\/2023\/07\/Screen-1024x732.png","type":"image\/png"}],"twitter_card":"summary_large_image","twitter_misc":{"Dur\u00e9e de lecture estim\u00e9e":"3 minutes"},"schema":{"@context":"https:\/\/schema.org","@graph":[{"@type":"WebPage","@id":"https:\/\/cottage-realestate.com\/fr\/investissement-en-capital\/","url":"https:\/\/cottage-realestate.com\/fr\/investissement-en-capital\/","name":"Investissement en capital - Cottage Real Estate","isPartOf":{"@id":"https:\/\/cottage-realestate.com\/fr\/#website"},"datePublished":"2023-07-12T09:56:40+00:00","dateModified":"2023-07-14T16:09:10+00:00","breadcrumb":{"@id":"https:\/\/cottage-realestate.com\/fr\/investissement-en-capital\/#breadcrumb"},"inLanguage":"fr-FR","potentialAction":[{"@type":"ReadAction","target":["https:\/\/cottage-realestate.com\/fr\/investissement-en-capital\/"]}]},{"@type":"BreadcrumbList","@id":"https:\/\/cottage-realestate.com\/fr\/investissement-en-capital\/#breadcrumb","itemListElement":[{"@type":"ListItem","position":1,"name":"Startseite","item":"https:\/\/cottage-realestate.com\/fr\/"},{"@type":"ListItem","position":2,"name":"Investissement en capital"}]},{"@type":"WebSite","@id":"https:\/\/cottage-realestate.com\/fr\/#website","url":"https:\/\/cottage-realestate.com\/fr\/","name":"Cottage Real Estate","description":"Ferienh\u00e4user in Frankreich und Niederlande kaufen","publisher":{"@id":"https:\/\/cottage-realestate.com\/fr\/#organization"},"potentialAction":[{"@type":"SearchAction","target":{"@type":"EntryPoint","urlTemplate":"https:\/\/cottage-realestate.com\/fr\/?s={search_term_string}"},"query-input":"required name=search_term_string"}],"inLanguage":"fr-FR"},{"@type":"Organization","@id":"https:\/\/cottage-realestate.com\/fr\/#organization","name":"Cottage Real Estate","url":"https:\/\/cottage-realestate.com\/fr\/","logo":{"@type":"ImageObject","inLanguage":"fr-FR","@id":"https:\/\/cottage-realestate.com\/fr\/#\/schema\/logo\/image\/","url":"https:\/\/cottage-realestate.com\/wp-content\/uploads\/2020\/07\/logo.png","contentUrl":"https:\/\/cottage-realestate.com\/wp-content\/uploads\/2020\/07\/logo.png","width":167,"height":140,"caption":"Cottage Real Estate"},"image":{"@id":"https:\/\/cottage-realestate.com\/fr\/#\/schema\/logo\/image\/"},"sameAs":["https:\/\/www.facebook.com\/people\/Cottage-Real-Estate\/100091918536968\/","https:\/\/www.instagram.com\/cottagerealestatecom\/"]}]}},"_links":{"self":[{"href":"https:\/\/cottage-realestate.com\/fr\/wp-json\/wp\/v2\/pages\/2540","targetHints":{"allow":["GET"]}}],"collection":[{"href":"https:\/\/cottage-realestate.com\/fr\/wp-json\/wp\/v2\/pages"}],"about":[{"href":"https:\/\/cottage-realestate.com\/fr\/wp-json\/wp\/v2\/types\/page"}],"author":[{"embeddable":true,"href":"https:\/\/cottage-realestate.com\/fr\/wp-json\/wp\/v2\/users\/2"}],"replies":[{"embeddable":true,"href":"https:\/\/cottage-realestate.com\/fr\/wp-json\/wp\/v2\/comments?post=2540"}],"version-history":[{"count":7,"href":"https:\/\/cottage-realestate.com\/fr\/wp-json\/wp\/v2\/pages\/2540\/revisions"}],"predecessor-version":[{"id":2555,"href":"https:\/\/cottage-realestate.com\/fr\/wp-json\/wp\/v2\/pages\/2540\/revisions\/2555"}],"wp:attachment":[{"href":"https:\/\/cottage-realestate.com\/fr\/wp-json\/wp\/v2\/media?parent=2540"}],"curies":[{"name":"wp","href":"https:\/\/api.w.org\/{rel}","templated":true}]}}