{"id":2556,"date":"2023-07-12T11:51:25","date_gmt":"2023-07-12T09:51:25","guid":{"rendered":"https:\/\/cottage-realestate.com\/?page_id=2556"},"modified":"2023-07-28T10:56:20","modified_gmt":"2023-07-28T08:56:20","slug":"a-propos-de-nous","status":"publish","type":"page","link":"https:\/\/cottage-realestate.com\/fr\/a-propos-de-nous\/","title":{"rendered":"\u00c0 propos de nous"},"content":{"rendered":"<section class=\"l-section wpb_row height_medium with_img\"><div class=\"l-section-img\" role=\"img\" style=\"background-image: url(https:\/\/cottage-realestate.com\/wp-content\/uploads\/2023\/04\/icons.png);\"><\/div><div class=\"l-section-overlay\" style=\"background:rgba(33,33,34,0.80)\"><\/div><div class=\"l-section-h i-cf\"><div class=\"g-cols vc_row via_flex valign_top type_default stacking_default\"><div class=\"vc_col-sm-12 wpb_column vc_column_container\"><div class=\"vc_column-inner\"><div class=\"wpb_wrapper\">[vc_custom_heading source=\u00a0\u00bbpost_title\u00a0\u00bb font_container=\u00a0\u00bbtag:h1|font_size:2.4rem|text_align:left|color:%23c0a555&Prime; use_theme_fonts=\u00a0\u00bbyes\u00a0\u00bb]<\/div><\/div><\/div><\/div><\/div><\/section><section class=\"l-section wpb_row height_medium\"><div class=\"l-section-h i-cf\"><div class=\"g-cols vc_row via_flex valign_top type_default stacking_default\"><div class=\"vc_col-sm-12 wpb_column vc_column_container\"><div class=\"vc_column-inner\"><div class=\"wpb_wrapper\"><div class=\"w-separator size_medium with_line width_default thick_2 style_solid color_primary align_center\"><div class=\"w-separator-h\"><\/div><\/div><div class=\"g-cols wpb_row via_flex valign_top type_default stacking_default\"><div class=\"vc_col-sm-6 wpb_column vc_column_container\"><div class=\"vc_column-inner\"><div class=\"wpb_wrapper\"><div class=\"wpb_text_column us_custom_432d3f53\"><div class=\"wpb_wrapper\"><div class=\"flex flex-grow flex-col gap-3\">\n<div class=\"min-h-&#091;20px&#093; flex items-start overflow-x-auto whitespace-pre-wrap break-words flex-col gap-4\">\n<div class=\"markdown prose w-full break-words dark:prose-invert light\">\n<p style=\"text-align: center;\"><strong>Bienvenue chez Cottage Real Estate, votre duo d&rsquo;agents immobiliers de confiance sp\u00e9cialis\u00e9s dans la vente de biens immobiliers de vacances.<\/strong><\/p>\n<p>Si vous r\u00eavez de poss\u00e9der une charmante maison de vacances dans un cadre pittoresque ou de vendre votre propre maison de vacances de mani\u00e8re rentable, vous \u00eates au bon endroit.<\/p>\n<p>Notre duo d&rsquo;agents immobiliers, compos\u00e9 de professionnels exp\u00e9riment\u00e9s dot\u00e9s d&rsquo;une vaste expertise dans le march\u00e9 immobilier, s&rsquo;est engag\u00e9 \u00e0 mettre en relation les acheteurs et les vendeurs de biens immobiliers de vacances. Nous comprenons les exigences et les souhaits uniques li\u00e9s \u00e0 l&rsquo;achat ou \u00e0 la vente d&rsquo;une maison de vacances et nous sommes sp\u00e9cialis\u00e9s dans la fourniture de solutions sur mesure.<\/p>\n<\/div>\n<\/div>\n<\/div>\n<\/div><\/div><\/div><\/div><\/div><div class=\"vc_col-sm-6 wpb_column vc_column_container\"><div class=\"vc_column-inner\"><div class=\"wpb_wrapper\"><div class=\"w-image us_custom_47474b22 us_animate_this style_shadow-2 align_none\"><div url class=\"w-image-h\"><div class=\"w-image-shadow\" style=\"background-image:url(https:\/\/cottage-realestate.com\/wp-content\/uploads\/2023\/07\/Logo_Beige_auf_Weiss-1024x860.png);\"><\/div><img loading=\"lazy\" decoding=\"async\" width=\"1024\" height=\"860\" src=\"https:\/\/cottage-realestate.com\/wp-content\/uploads\/2023\/07\/Logo_Beige_auf_Weiss-1024x860.png\" class=\"attachment-large size-large\" alt=\"\" srcset=\"https:\/\/cottage-realestate.com\/wp-content\/uploads\/2023\/07\/Logo_Beige_auf_Weiss-1024x860.png 1024w, https:\/\/cottage-realestate.com\/wp-content\/uploads\/2023\/07\/Logo_Beige_auf_Weiss-300x252.png 300w, https:\/\/cottage-realestate.com\/wp-content\/uploads\/2023\/07\/Logo_Beige_auf_Weiss-476x400.png 476w, https:\/\/cottage-realestate.com\/wp-content\/uploads\/2023\/07\/Logo_Beige_auf_Weiss-600x504.png 600w, https:\/\/cottage-realestate.com\/wp-content\/uploads\/2023\/07\/Logo_Beige_auf_Weiss.png 1689w\" sizes=\"auto, (max-width: 1024px) 100vw, 1024px\" \/><\/div><\/div><\/div><\/div><\/div><\/div><div class=\"w-separator size_medium with_line width_default thick_2 style_solid color_primary align_center\"><div class=\"w-separator-h\"><\/div><\/div><div class=\"g-cols wpb_row via_flex valign_top type_default stacking_default\"><div class=\"vc_col-sm-6 wpb_column vc_column_container\"><div class=\"vc_column-inner\"><div class=\"wpb_wrapper\"><div class=\"w-image us_custom_5099cfa3 us_animate_this style_shadow-2 align_none\"><div url class=\"w-image-h\"><div class=\"w-image-shadow\" style=\"background-image:url(https:\/\/cottage-realestate.com\/wp-content\/uploads\/2023\/07\/architectur-1024x732.jpg);\"><\/div><img loading=\"lazy\" decoding=\"async\" width=\"1024\" height=\"732\" src=\"https:\/\/cottage-realestate.com\/wp-content\/uploads\/2023\/07\/architectur-1024x732.jpg\" class=\"attachment-large size-large\" alt=\"\" srcset=\"https:\/\/cottage-realestate.com\/wp-content\/uploads\/2023\/07\/architectur-1024x732.jpg 1024w, https:\/\/cottage-realestate.com\/wp-content\/uploads\/2023\/07\/architectur-300x214.jpg 300w, https:\/\/cottage-realestate.com\/wp-content\/uploads\/2023\/07\/architectur-600x429.jpg 600w, https:\/\/cottage-realestate.com\/wp-content\/uploads\/2023\/07\/architectur.jpg 1920w\" sizes=\"auto, (max-width: 1024px) 100vw, 1024px\" \/><\/div><\/div><\/div><\/div><\/div><div class=\"vc_col-sm-6 wpb_column vc_column_container\"><div class=\"vc_column-inner\"><div class=\"wpb_wrapper\"><div class=\"wpb_text_column\"><div class=\"wpb_wrapper\"><div class=\"flex flex-grow flex-col gap-3\">\n<div class=\"min-h-&#091;20px&#093; flex items-start overflow-x-auto whitespace-pre-wrap break-words flex-col gap-4\">\n<div class=\"markdown prose w-full break-words dark:prose-invert light\">\n<p>Ce qui nous distingue des autres agences immobili\u00e8res, c&rsquo;est notre passion pour les maisons de vacances. Nous sommes nous-m\u00eames des propri\u00e9taires de maisons de vacances enthousiastes, et nous comprenons donc l&rsquo;attachement \u00e9motionnel et les exigences particuli\u00e8res qui accompagnent de telles propri\u00e9t\u00e9s. Nous connaissons les meilleures r\u00e9gions de vacances, les tr\u00e9sors cach\u00e9s et les caract\u00e9ristiques uniques qui font de chaque maison de vacances quelque chose de sp\u00e9cial. Nous sommes heureux de partager ces connaissances avec nos clients. Nous comprenons que l&rsquo;achat d&rsquo;une maison de vacances est bien plus qu&rsquo;un simple investissement. Il s&rsquo;agit de cr\u00e9er des souvenirs, de se cr\u00e9er des havres de paix et de profiter d&rsquo;un mode de vie d\u00e9tendu. C&rsquo;est pourquoi nous nous engageons avec passion et intelligence envers chaque client.<\/p>\n<p>Notre vaste r\u00e9seau et notre connaissance approfondie du march\u00e9 immobilier nous permettent de vous proposer un large choix de maisons de vacances correspondant \u00e0 vos attentes. Nous prenons le temps de comprendre pr\u00e9cis\u00e9ment vos besoins et de vous pr\u00e9senter des biens qui correspondent parfaitement \u00e0 vos besoins. Nous attachons une grande importance \u00e0 la qualit\u00e9, \u00e0 l&rsquo;authenticit\u00e9 et au charme de chaque environnement.<\/p>\n<\/div>\n<\/div>\n<\/div>\n<\/div><\/div><\/div><\/div><\/div><\/div><div class=\"w-separator size_medium with_line width_default thick_2 style_solid color_primary align_center\"><div class=\"w-separator-h\"><\/div><\/div><div class=\"g-cols wpb_row via_flex valign_top type_default stacking_default\"><div class=\"vc_col-sm-6 wpb_column vc_column_container\"><div class=\"vc_column-inner\"><div class=\"wpb_wrapper\"><div class=\"wpb_text_column\"><div class=\"wpb_wrapper\"><p>En outre, nous vous soutenons tout au long du processus, de la premi\u00e8re visite \u00e0 la signature du contrat et au-del\u00e0. Notre objectif est de vous offrir une exp\u00e9rience fluide et sans stress.<\/p>\n<div class=\"flex flex-grow flex-col gap-3\">\n<div class=\"min-h-&#091;20px&#093; flex items-start overflow-x-auto whitespace-pre-wrap break-words flex-col gap-4\">\n<div class=\"markdown prose w-full break-words dark:prose-invert light\">\n<p>Pour ceux qui souhaitent vendre leur maison de vacances, nous offrons un soutien complet pour rendre le processus de vente aussi fluide que possible. De l&rsquo;\u00e9valuation de votre propri\u00e9t\u00e9 \u00e0 la cr\u00e9ation de supports marketing attrayants et \u00e0 la pr\u00e9sentation professionnelle sur diff\u00e9rents canaux, nous nous occupons de tous les d\u00e9tails. Nous savons combien il est important d&rsquo;attirer les acheteurs potentiels et de r\u00e9aliser une vente r\u00e9ussie, et nous mettons notre expertise en \u0153uvre pour pr\u00e9senter au mieux votre propri\u00e9t\u00e9.<\/p>\n<p>Chez \u00ab\u00a0Cottage Real Estate\u00a0\u00bb, le contact personnel est au c\u0153ur de nos services. Nous prenons le temps de r\u00e9pondre \u00e0 vos questions, d&rsquo;\u00e9couter vos pr\u00e9occupations et de comprendre vos souhaits. Notre communication transparente et notre engagement envers un service client d&rsquo;excellence ont fait de nous un choix de confiance pour les acheteurs et les vendeurs de maisons de vacances.<\/p>\n<\/div>\n<\/div>\n<\/div>\n<\/div><\/div><\/div><\/div><\/div><div class=\"vc_col-sm-6 wpb_column vc_column_container\"><div class=\"vc_column-inner\"><div class=\"wpb_wrapper\"><div class=\"w-image us_custom_296e47ad us_animate_this style_shadow-2 align_center\"><div url class=\"w-image-h\"><div class=\"w-image-shadow\" style=\"background-image:url(https:\/\/cottage-realestate.com\/wp-content\/uploads\/2023\/07\/office-820390_1920-1024x683.jpg);\"><\/div><img loading=\"lazy\" decoding=\"async\" width=\"1024\" height=\"683\" src=\"https:\/\/cottage-realestate.com\/wp-content\/uploads\/2023\/07\/office-820390_1920-1024x683.jpg\" class=\"attachment-large size-large\" alt=\"\" srcset=\"https:\/\/cottage-realestate.com\/wp-content\/uploads\/2023\/07\/office-820390_1920-1024x683.jpg 1024w, https:\/\/cottage-realestate.com\/wp-content\/uploads\/2023\/07\/office-820390_1920-300x200.jpg 300w, https:\/\/cottage-realestate.com\/wp-content\/uploads\/2023\/07\/office-820390_1920-600x400.jpg 600w, https:\/\/cottage-realestate.com\/wp-content\/uploads\/2023\/07\/office-820390_1920.jpg 1920w\" sizes=\"auto, (max-width: 1024px) 100vw, 1024px\" \/><\/div><\/div><\/div><\/div><\/div><\/div><div class=\"w-separator size_medium with_line width_default thick_2 style_solid color_primary align_center\"><div class=\"w-separator-h\"><\/div><\/div><div class=\"g-cols wpb_row via_flex valign_top type_default stacking_default\"><div class=\"vc_col-sm-6 wpb_column vc_column_container\"><div class=\"vc_column-inner\"><div class=\"wpb_wrapper\"><div class=\"w-image us_custom_7e20fa79 us_animate_this style_shadow-2 align_none\"><div url class=\"w-image-h\"><div class=\"w-image-shadow\" style=\"background-image:url(https:\/\/cottage-realestate.com\/wp-content\/uploads\/2023\/07\/house-1-1024x654.jpg);\"><\/div><img loading=\"lazy\" decoding=\"async\" width=\"1024\" height=\"654\" src=\"https:\/\/cottage-realestate.com\/wp-content\/uploads\/2023\/07\/house-1-1024x654.jpg\" class=\"attachment-large size-large\" alt=\"\" srcset=\"https:\/\/cottage-realestate.com\/wp-content\/uploads\/2023\/07\/house-1-1024x654.jpg 1024w, https:\/\/cottage-realestate.com\/wp-content\/uploads\/2023\/07\/house-1-300x192.jpg 300w, https:\/\/cottage-realestate.com\/wp-content\/uploads\/2023\/07\/house-1-600x383.jpg 600w, https:\/\/cottage-realestate.com\/wp-content\/uploads\/2023\/07\/house-1-scaled.jpg 960w\" sizes=\"auto, (max-width: 1024px) 100vw, 1024px\" \/><\/div><\/div><\/div><\/div><\/div><div class=\"vc_col-sm-6 wpb_column vc_column_container\"><div class=\"vc_column-inner\"><div class=\"wpb_wrapper\"><div class=\"wpb_text_column us_custom_8b3d6790 has_text_color\"><div class=\"wpb_wrapper\"><div class=\"flex flex-grow flex-col gap-3\">\n<div class=\"min-h-&#091;20px&#093; flex items-start overflow-x-auto whitespace-pre-wrap break-words flex-col gap-4\">\n<div class=\"markdown prose w-full break-words dark:prose-invert light\">\n<p>Si vous \u00eates pr\u00eat(e) \u00e0 commencer votre recherche de maison de vacances ou \u00e0 vendre votre propri\u00e9t\u00e9 de vacances, n&rsquo;h\u00e9sitez pas \u00e0 nous contacter. \u00ab\u00a0Cottage Real Estate\u00a0\u00bb est l\u00e0 pour vous accompagner et vous aider \u00e0 atteindre vos objectifs sur le march\u00e9 des maisons de vacances.<\/p>\n<p>Nous sommes impatients de vous aider \u00e0 chaque \u00e9tape du processus et de r\u00e9aliser vos r\u00eaves de maison de vacances.<\/p>\n<\/div>\n<\/div>\n<\/div>\n<\/div><\/div><\/div><\/div><\/div><\/div><div class=\"w-separator size_medium with_line width_default thick_2 style_solid color_primary align_center\"><div class=\"w-separator-h\"><\/div><\/div><\/div><\/div><\/div><\/div><\/div><\/section><section class=\"l-section wpb_row height_medium\"><div class=\"l-section-h i-cf\"><div class=\"g-cols vc_row via_flex valign_top type_default stacking_default\"><div class=\"vc_col-sm-12 wpb_column vc_column_container\"><div class=\"vc_column-inner\"><div class=\"wpb_wrapper\"><\/div><\/div><\/div><\/div><\/div><\/section>\n","protected":false},"excerpt":{"rendered":"[vc_custom_heading source=\"post_title\" font_container=\"tag:h1|font_size:2.4rem|text_align:left|color:%23c0a555\" use_theme_fonts=\"yes\"] Bienvenue chez Cottage Real Estate, votre duo d&rsquo;agents immobiliers de confiance sp\u00e9cialis\u00e9s dans la vente de biens immobiliers de vacances. Si vous r\u00eavez de poss\u00e9der une charmante maison de vacances dans un cadre pittoresque ou de vendre votre propre maison de vacances de mani\u00e8re rentable, vous \u00eates au bon endroit. Notre...","protected":false},"author":2,"featured_media":0,"parent":0,"menu_order":0,"comment_status":"closed","ping_status":"closed","template":"","meta":{"footnotes":""},"class_list":["post-2556","page","type-page","status-publish","hentry"],"acf":[],"yoast_head":"<!-- This site is optimized with the Yoast SEO plugin v20.11 - https:\/\/yoast.com\/wordpress\/plugins\/seo\/ -->\n<title>\u00c0 propos de nous - Cottage Real Estate<\/title>\n<meta name=\"description\" content=\"Notre duo d&#039;agents immobiliers, compos\u00e9 de professionnels exp\u00e9riment\u00e9s ayant une expertise approfondie du march\u00e9 immobilier, s&#039;est donn\u00e9 pour mission de mettre en relation les acheteurs et les vendeurs de propri\u00e9t\u00e9s de vacances en France et aux Pays-Bas.\" \/>\n<meta name=\"robots\" content=\"index, follow, max-snippet:-1, max-image-preview:large, max-video-preview:-1\" \/>\n<link rel=\"canonical\" href=\"https:\/\/cottage-realestate.com\/fr\/a-propos-de-nous\/\" \/>\n<meta property=\"og:locale\" content=\"fr_FR\" \/>\n<meta property=\"og:type\" content=\"article\" \/>\n<meta property=\"og:title\" content=\"\u00c0 propos de nous - Cottage Real Estate\" \/>\n<meta property=\"og:description\" content=\"Notre duo d&#039;agents immobiliers, compos\u00e9 de professionnels exp\u00e9riment\u00e9s ayant une expertise approfondie du march\u00e9 immobilier, s&#039;est donn\u00e9 pour mission de mettre en relation les acheteurs et les vendeurs de propri\u00e9t\u00e9s de vacances en France et aux Pays-Bas.\" \/>\n<meta property=\"og:url\" content=\"https:\/\/cottage-realestate.com\/fr\/a-propos-de-nous\/\" \/>\n<meta property=\"og:site_name\" content=\"Cottage Real Estate\" \/>\n<meta property=\"article:publisher\" content=\"https:\/\/www.facebook.com\/people\/Cottage-Real-Estate\/100091918536968\/\" \/>\n<meta property=\"article:modified_time\" content=\"2023-07-28T08:56:20+00:00\" \/>\n<meta property=\"og:image\" content=\"https:\/\/cottage-realestate.com\/wp-content\/uploads\/2023\/07\/Screen-1024x732.png\" \/>\n\t<meta property=\"og:image:width\" content=\"1024\" \/>\n\t<meta property=\"og:image:height\" content=\"732\" \/>\n\t<meta property=\"og:image:type\" content=\"image\/png\" \/>\n<meta name=\"twitter:card\" content=\"summary_large_image\" \/>\n<meta name=\"twitter:label1\" content=\"Dur\u00e9e de lecture estim\u00e9e\" \/>\n\t<meta name=\"twitter:data1\" content=\"4 minutes\" \/>\n<script type=\"application\/ld+json\" class=\"yoast-schema-graph\">{\"@context\":\"https:\/\/schema.org\",\"@graph\":[{\"@type\":\"WebPage\",\"@id\":\"https:\/\/cottage-realestate.com\/fr\/a-propos-de-nous\/\",\"url\":\"https:\/\/cottage-realestate.com\/fr\/a-propos-de-nous\/\",\"name\":\"\u00c0 propos de nous - Cottage Real Estate\",\"isPartOf\":{\"@id\":\"https:\/\/cottage-realestate.com\/fr\/#website\"},\"datePublished\":\"2023-07-12T09:51:25+00:00\",\"dateModified\":\"2023-07-28T08:56:20+00:00\",\"description\":\"Notre duo d'agents immobiliers, compos\u00e9 de professionnels exp\u00e9riment\u00e9s ayant une expertise approfondie du march\u00e9 immobilier, s'est donn\u00e9 pour mission de mettre en relation les acheteurs et les vendeurs de propri\u00e9t\u00e9s de vacances en France et aux Pays-Bas.\",\"breadcrumb\":{\"@id\":\"https:\/\/cottage-realestate.com\/fr\/a-propos-de-nous\/#breadcrumb\"},\"inLanguage\":\"fr-FR\",\"potentialAction\":[{\"@type\":\"ReadAction\",\"target\":[\"https:\/\/cottage-realestate.com\/fr\/a-propos-de-nous\/\"]}]},{\"@type\":\"BreadcrumbList\",\"@id\":\"https:\/\/cottage-realestate.com\/fr\/a-propos-de-nous\/#breadcrumb\",\"itemListElement\":[{\"@type\":\"ListItem\",\"position\":1,\"name\":\"Startseite\",\"item\":\"https:\/\/cottage-realestate.com\/fr\/\"},{\"@type\":\"ListItem\",\"position\":2,\"name\":\"\u00c0 propos de nous\"}]},{\"@type\":\"WebSite\",\"@id\":\"https:\/\/cottage-realestate.com\/fr\/#website\",\"url\":\"https:\/\/cottage-realestate.com\/fr\/\",\"name\":\"Cottage Real Estate\",\"description\":\"Ferienh\u00e4user in Frankreich und Niederlande kaufen\",\"publisher\":{\"@id\":\"https:\/\/cottage-realestate.com\/fr\/#organization\"},\"potentialAction\":[{\"@type\":\"SearchAction\",\"target\":{\"@type\":\"EntryPoint\",\"urlTemplate\":\"https:\/\/cottage-realestate.com\/fr\/?s={search_term_string}\"},\"query-input\":\"required name=search_term_string\"}],\"inLanguage\":\"fr-FR\"},{\"@type\":\"Organization\",\"@id\":\"https:\/\/cottage-realestate.com\/fr\/#organization\",\"name\":\"Cottage Real Estate\",\"url\":\"https:\/\/cottage-realestate.com\/fr\/\",\"logo\":{\"@type\":\"ImageObject\",\"inLanguage\":\"fr-FR\",\"@id\":\"https:\/\/cottage-realestate.com\/fr\/#\/schema\/logo\/image\/\",\"url\":\"https:\/\/cottage-realestate.com\/wp-content\/uploads\/2020\/07\/logo.png\",\"contentUrl\":\"https:\/\/cottage-realestate.com\/wp-content\/uploads\/2020\/07\/logo.png\",\"width\":167,\"height\":140,\"caption\":\"Cottage Real Estate\"},\"image\":{\"@id\":\"https:\/\/cottage-realestate.com\/fr\/#\/schema\/logo\/image\/\"},\"sameAs\":[\"https:\/\/www.facebook.com\/people\/Cottage-Real-Estate\/100091918536968\/\",\"https:\/\/www.instagram.com\/cottagerealestatecom\/\"]}]}<\/script>\n<!-- \/ Yoast SEO plugin. -->","yoast_head_json":{"title":"\u00c0 propos de nous - Cottage Real Estate","description":"Notre duo d'agents immobiliers, compos\u00e9 de professionnels exp\u00e9riment\u00e9s ayant une expertise approfondie du march\u00e9 immobilier, s'est donn\u00e9 pour mission de mettre en relation les acheteurs et les vendeurs de propri\u00e9t\u00e9s de vacances en France et aux Pays-Bas.","robots":{"index":"index","follow":"follow","max-snippet":"max-snippet:-1","max-image-preview":"max-image-preview:large","max-video-preview":"max-video-preview:-1"},"canonical":"https:\/\/cottage-realestate.com\/fr\/a-propos-de-nous\/","og_locale":"fr_FR","og_type":"article","og_title":"\u00c0 propos de nous - Cottage Real Estate","og_description":"Notre duo d'agents immobiliers, compos\u00e9 de professionnels exp\u00e9riment\u00e9s ayant une expertise approfondie du march\u00e9 immobilier, s'est donn\u00e9 pour mission de mettre en relation les acheteurs et les vendeurs de propri\u00e9t\u00e9s de vacances en France et aux Pays-Bas.","og_url":"https:\/\/cottage-realestate.com\/fr\/a-propos-de-nous\/","og_site_name":"Cottage Real Estate","article_publisher":"https:\/\/www.facebook.com\/people\/Cottage-Real-Estate\/100091918536968\/","article_modified_time":"2023-07-28T08:56:20+00:00","og_image":[{"width":1024,"height":732,"url":"https:\/\/cottage-realestate.com\/wp-content\/uploads\/2023\/07\/Screen-1024x732.png","type":"image\/png"}],"twitter_card":"summary_large_image","twitter_misc":{"Dur\u00e9e de lecture estim\u00e9e":"4 minutes"},"schema":{"@context":"https:\/\/schema.org","@graph":[{"@type":"WebPage","@id":"https:\/\/cottage-realestate.com\/fr\/a-propos-de-nous\/","url":"https:\/\/cottage-realestate.com\/fr\/a-propos-de-nous\/","name":"\u00c0 propos de nous - Cottage Real Estate","isPartOf":{"@id":"https:\/\/cottage-realestate.com\/fr\/#website"},"datePublished":"2023-07-12T09:51:25+00:00","dateModified":"2023-07-28T08:56:20+00:00","description":"Notre duo d'agents immobiliers, compos\u00e9 de professionnels exp\u00e9riment\u00e9s ayant une expertise approfondie du march\u00e9 immobilier, s'est donn\u00e9 pour mission de mettre en relation les acheteurs et les vendeurs de propri\u00e9t\u00e9s de vacances en France et aux Pays-Bas.","breadcrumb":{"@id":"https:\/\/cottage-realestate.com\/fr\/a-propos-de-nous\/#breadcrumb"},"inLanguage":"fr-FR","potentialAction":[{"@type":"ReadAction","target":["https:\/\/cottage-realestate.com\/fr\/a-propos-de-nous\/"]}]},{"@type":"BreadcrumbList","@id":"https:\/\/cottage-realestate.com\/fr\/a-propos-de-nous\/#breadcrumb","itemListElement":[{"@type":"ListItem","position":1,"name":"Startseite","item":"https:\/\/cottage-realestate.com\/fr\/"},{"@type":"ListItem","position":2,"name":"\u00c0 propos de nous"}]},{"@type":"WebSite","@id":"https:\/\/cottage-realestate.com\/fr\/#website","url":"https:\/\/cottage-realestate.com\/fr\/","name":"Cottage Real Estate","description":"Ferienh\u00e4user in Frankreich und Niederlande kaufen","publisher":{"@id":"https:\/\/cottage-realestate.com\/fr\/#organization"},"potentialAction":[{"@type":"SearchAction","target":{"@type":"EntryPoint","urlTemplate":"https:\/\/cottage-realestate.com\/fr\/?s={search_term_string}"},"query-input":"required name=search_term_string"}],"inLanguage":"fr-FR"},{"@type":"Organization","@id":"https:\/\/cottage-realestate.com\/fr\/#organization","name":"Cottage Real Estate","url":"https:\/\/cottage-realestate.com\/fr\/","logo":{"@type":"ImageObject","inLanguage":"fr-FR","@id":"https:\/\/cottage-realestate.com\/fr\/#\/schema\/logo\/image\/","url":"https:\/\/cottage-realestate.com\/wp-content\/uploads\/2020\/07\/logo.png","contentUrl":"https:\/\/cottage-realestate.com\/wp-content\/uploads\/2020\/07\/logo.png","width":167,"height":140,"caption":"Cottage Real Estate"},"image":{"@id":"https:\/\/cottage-realestate.com\/fr\/#\/schema\/logo\/image\/"},"sameAs":["https:\/\/www.facebook.com\/people\/Cottage-Real-Estate\/100091918536968\/","https:\/\/www.instagram.com\/cottagerealestatecom\/"]}]}},"_links":{"self":[{"href":"https:\/\/cottage-realestate.com\/fr\/wp-json\/wp\/v2\/pages\/2556","targetHints":{"allow":["GET"]}}],"collection":[{"href":"https:\/\/cottage-realestate.com\/fr\/wp-json\/wp\/v2\/pages"}],"about":[{"href":"https:\/\/cottage-realestate.com\/fr\/wp-json\/wp\/v2\/types\/page"}],"author":[{"embeddable":true,"href":"https:\/\/cottage-realestate.com\/fr\/wp-json\/wp\/v2\/users\/2"}],"replies":[{"embeddable":true,"href":"https:\/\/cottage-realestate.com\/fr\/wp-json\/wp\/v2\/comments?post=2556"}],"version-history":[{"count":8,"href":"https:\/\/cottage-realestate.com\/fr\/wp-json\/wp\/v2\/pages\/2556\/revisions"}],"predecessor-version":[{"id":2947,"href":"https:\/\/cottage-realestate.com\/fr\/wp-json\/wp\/v2\/pages\/2556\/revisions\/2947"}],"wp:attachment":[{"href":"https:\/\/cottage-realestate.com\/fr\/wp-json\/wp\/v2\/media?parent=2556"}],"curies":[{"name":"wp","href":"https:\/\/api.w.org\/{rel}","templated":true}]}}