{"id":2624,"date":"2023-04-24T17:32:57","date_gmt":"2023-04-24T15:32:57","guid":{"rendered":"https:\/\/cottage-realestate.com\/?page_id=2624"},"modified":"2023-07-15T10:16:55","modified_gmt":"2023-07-15T08:16:55","slug":"performances","status":"publish","type":"page","link":"https:\/\/cottage-realestate.com\/fr\/performances\/","title":{"rendered":"Performances"},"content":{"rendered":"<section class=\"l-section wpb_row height_medium with_img\"><div class=\"l-section-img\" role=\"img\" style=\"background-image: url(https:\/\/cottage-realestate.com\/wp-content\/uploads\/2023\/04\/icons.png);\"><\/div><div class=\"l-section-overlay\" style=\"background:rgba(33,33,34,0.80)\"><\/div><div class=\"l-section-h i-cf\"><div class=\"g-cols vc_row via_flex valign_top type_default stacking_default\"><div class=\"vc_col-sm-12 wpb_column vc_column_container\"><div class=\"vc_column-inner\"><div class=\"wpb_wrapper\">[vc_custom_heading text=\u00a0\u00bbNos services\u00a0\u00bb font_container=\u00a0\u00bbtag:h1|font_size:2.4rem|text_align:left|color:%23c0a555&Prime; use_theme_fonts=\u00a0\u00bbyes\u00a0\u00bb]<div class=\"w-separator size_medium\"><\/div><\/div><\/div><\/div><\/div><\/div><\/section><section class=\"l-section wpb_row height_medium\"><div class=\"l-section-h i-cf\"><div class=\"g-cols vc_row via_flex valign_top type_default stacking_default\"><div class=\"vc_col-sm-12 wpb_column vc_column_container\"><div class=\"vc_column-inner\"><div class=\"wpb_wrapper\"><div class=\"g-cols wpb_row via_flex valign_top type_default stacking_default\"><div class=\"vc_col-sm-6 wpb_column vc_column_container\"><div class=\"vc_column-inner\"><div class=\"wpb_wrapper\"><div class=\"w-iconbox us_custom_432d3f53 iconpos_left style_default color_primary align_center no_title icontype_img\"><div class=\"w-iconbox-icon\" style=\"font-size:2rem;\"><img loading=\"lazy\" decoding=\"async\" width=\"1603\" height=\"1603\" src=\"https:\/\/cottage-realestate.com\/wp-content\/uploads\/2023\/04\/icons.png\" class=\"attachment-full size-full\" alt=\"\" srcset=\"https:\/\/cottage-realestate.com\/wp-content\/uploads\/2023\/04\/icons.png 1603w, https:\/\/cottage-realestate.com\/wp-content\/uploads\/2023\/04\/icons-300x300.png 300w, https:\/\/cottage-realestate.com\/wp-content\/uploads\/2023\/04\/icons-1024x1024.png 1024w, https:\/\/cottage-realestate.com\/wp-content\/uploads\/2023\/04\/icons-150x150.png 150w, https:\/\/cottage-realestate.com\/wp-content\/uploads\/2023\/04\/icons-600x600.png 600w, https:\/\/cottage-realestate.com\/wp-content\/uploads\/2023\/04\/icons-400x400.png 400w\" sizes=\"auto, (max-width: 1603px) 100vw, 1603px\" \/><\/div><div class=\"w-iconbox-meta\"><div class=\"w-iconbox-text\"><div class=\"flex flex-grow flex-col gap-3\">\n<div class=\"min-h-&#091;20px&#093; flex items-start overflow-x-auto whitespace-pre-wrap break-words flex-col gap-4\">\n<div class=\"markdown prose w-full break-words dark:prose-invert light\">\n<p>Lors de la recherche d&rsquo;une maison de vacances qui correspond \u00e0 vos r\u00eaves et besoins, un accompagnement personnalis\u00e9 de bout en bout est d&rsquo;une valeur inestimable. L&rsquo;achat d&rsquo;une propri\u00e9t\u00e9 de vacances est un investissement important qui n\u00e9cessite une planification minutieuse et une connaissance approfondie du march\u00e9 immobilier. Un suivi personnel complet peut garantir que vous effectuez l&rsquo;achat optimal et trouvez une propri\u00e9t\u00e9 qui correspond \u00e0 vos attentes.<\/p>\n<\/div>\n<\/div>\n<\/div>\n<\/div><\/div><\/div><\/div><\/div><\/div><div class=\"vc_col-sm-6 wpb_column vc_column_container\"><div class=\"vc_column-inner\"><div class=\"wpb_wrapper\"><div class=\"w-iconbox us_custom_432d3f53 iconpos_left style_default color_primary align_center no_title icontype_img\"><div class=\"w-iconbox-icon\" style=\"font-size:2rem;\"><img loading=\"lazy\" decoding=\"async\" width=\"1603\" height=\"1603\" src=\"https:\/\/cottage-realestate.com\/wp-content\/uploads\/2023\/04\/icons.png\" class=\"attachment-full size-full\" alt=\"\" srcset=\"https:\/\/cottage-realestate.com\/wp-content\/uploads\/2023\/04\/icons.png 1603w, https:\/\/cottage-realestate.com\/wp-content\/uploads\/2023\/04\/icons-300x300.png 300w, https:\/\/cottage-realestate.com\/wp-content\/uploads\/2023\/04\/icons-1024x1024.png 1024w, https:\/\/cottage-realestate.com\/wp-content\/uploads\/2023\/04\/icons-150x150.png 150w, https:\/\/cottage-realestate.com\/wp-content\/uploads\/2023\/04\/icons-600x600.png 600w, https:\/\/cottage-realestate.com\/wp-content\/uploads\/2023\/04\/icons-400x400.png 400w\" sizes=\"auto, (max-width: 1603px) 100vw, 1603px\" \/><\/div><div class=\"w-iconbox-meta\"><div class=\"w-iconbox-text\"><p>Le processus commence par une analyse approfondie des besoins. Un agent immobilier exp\u00e9riment\u00e9 vous posera des questions attentives sur vos exigences et vos souhaits afin de se faire une id\u00e9e pr\u00e9cise de la maison de vacances que vous recherchez. Souhaitez-vous un chalet isol\u00e9 en montagne ou une maison de plage avec vue sur la mer ? Combien de chambres et de salles de bains avez-vous besoin ? Quelles commodit\u00e9s sont importantes pour vous ? Toutes ces questions seront discut\u00e9es pour comprendre vos pr\u00e9f\u00e9rences.<\/p>\n<\/div><\/div><\/div><\/div><\/div><\/div><\/div><div class=\"g-cols wpb_row via_flex valign_top type_default stacking_default\"><div class=\"vc_col-sm-12 wpb_column vc_column_container\"><div class=\"vc_column-inner\"><div class=\"wpb_wrapper\"><div class=\"w-separator size_large with_line width_default thick_2 style_solid color_primary align_center\"><div class=\"w-separator-h\"><\/div><\/div><\/div><\/div><\/div><\/div><div class=\"g-cols wpb_row via_flex valign_top type_default stacking_default\"><div class=\"vc_col-sm-6 wpb_column vc_column_container\"><div class=\"vc_column-inner\"><div class=\"wpb_wrapper\"><div class=\"w-iconbox us_custom_432d3f53 iconpos_left style_default color_primary align_center no_title icontype_img\"><div class=\"w-iconbox-icon\" style=\"font-size:2rem;\"><img loading=\"lazy\" decoding=\"async\" width=\"1603\" height=\"1603\" src=\"https:\/\/cottage-realestate.com\/wp-content\/uploads\/2023\/04\/icons.png\" class=\"attachment-full size-full\" alt=\"\" srcset=\"https:\/\/cottage-realestate.com\/wp-content\/uploads\/2023\/04\/icons.png 1603w, https:\/\/cottage-realestate.com\/wp-content\/uploads\/2023\/04\/icons-300x300.png 300w, https:\/\/cottage-realestate.com\/wp-content\/uploads\/2023\/04\/icons-1024x1024.png 1024w, https:\/\/cottage-realestate.com\/wp-content\/uploads\/2023\/04\/icons-150x150.png 150w, https:\/\/cottage-realestate.com\/wp-content\/uploads\/2023\/04\/icons-600x600.png 600w, https:\/\/cottage-realestate.com\/wp-content\/uploads\/2023\/04\/icons-400x400.png 400w\" sizes=\"auto, (max-width: 1603px) 100vw, 1603px\" \/><\/div><div class=\"w-iconbox-meta\"><div class=\"w-iconbox-text\"><div class=\"flex flex-grow flex-col gap-3\">\n<div class=\"min-h-&#091;20px&#093; flex items-start overflow-x-auto whitespace-pre-wrap break-words flex-col gap-4\">\n<div class=\"markdown prose w-full break-words dark:prose-invert light\">\n<p>En fonction de vos exigences, nous vous pr\u00e9senterons un portfolio personnalis\u00e9 de maisons de vacances r\u00e9pondant \u00e0 vos crit\u00e8res. Un service d&rsquo;accompagnement personnalis\u00e9 comprendra l&rsquo;organisation des visites, au cours desquelles vous pourrez visiter les biens s\u00e9lectionn\u00e9s. L&rsquo;agent immobilier vous accompagnera lors des visites et sera disponible pour r\u00e9pondre \u00e0 toutes vos questions. Vous pourrez ainsi vivre de pr\u00e8s l&rsquo;atmosph\u00e8re et le charme de chaque propri\u00e9t\u00e9, ce qui vous permettra de prendre une d\u00e9cision \u00e9clair\u00e9e.<\/p>\n<\/div>\n<\/div>\n<\/div>\n<\/div><\/div><\/div><\/div><\/div><\/div><div class=\"vc_col-sm-6 wpb_column vc_column_container\"><div class=\"vc_column-inner\"><div class=\"wpb_wrapper\"><div class=\"w-iconbox us_custom_432d3f53 iconpos_left style_default color_primary align_center no_title icontype_img\"><div class=\"w-iconbox-icon\" style=\"font-size:2rem;\"><img loading=\"lazy\" decoding=\"async\" width=\"1603\" height=\"1603\" src=\"https:\/\/cottage-realestate.com\/wp-content\/uploads\/2023\/04\/icons.png\" class=\"attachment-full size-full\" alt=\"\" srcset=\"https:\/\/cottage-realestate.com\/wp-content\/uploads\/2023\/04\/icons.png 1603w, https:\/\/cottage-realestate.com\/wp-content\/uploads\/2023\/04\/icons-300x300.png 300w, https:\/\/cottage-realestate.com\/wp-content\/uploads\/2023\/04\/icons-1024x1024.png 1024w, https:\/\/cottage-realestate.com\/wp-content\/uploads\/2023\/04\/icons-150x150.png 150w, https:\/\/cottage-realestate.com\/wp-content\/uploads\/2023\/04\/icons-600x600.png 600w, https:\/\/cottage-realestate.com\/wp-content\/uploads\/2023\/04\/icons-400x400.png 400w\" sizes=\"auto, (max-width: 1603px) 100vw, 1603px\" \/><\/div><div class=\"w-iconbox-meta\"><div class=\"w-iconbox-text\"><p>Zodra je een woning hebt gekozen, helpt de makelaar je bij de onderhandelingen met de verkoper. Dankzij hun uitgebreide kennis van de vastgoedmarkt kunnen ze voor jou de beste prijs en voorwaarden bedingen. De makelaar zorgt ook voor alle noodzakelijke documenten en formaliteiten om het aankoopproces soepel te laten verlopen.<\/p>\n<\/div><\/div><\/div><\/div><\/div><\/div><\/div><div class=\"g-cols wpb_row via_flex valign_top type_default stacking_default\"><div class=\"vc_col-sm-12 wpb_column vc_column_container\"><div class=\"vc_column-inner\"><div class=\"wpb_wrapper\"><div class=\"w-separator size_large with_line width_default thick_2 style_solid color_primary align_center\"><div class=\"w-separator-h\"><\/div><\/div><\/div><\/div><\/div><\/div><div class=\"g-cols wpb_row via_flex valign_top type_default stacking_default\"><div class=\"vc_col-sm-6 wpb_column vc_column_container\"><div class=\"vc_column-inner\"><div class=\"wpb_wrapper\"><div class=\"w-iconbox us_custom_432d3f53 iconpos_left style_default color_primary align_center no_title icontype_img\"><div class=\"w-iconbox-icon\" style=\"font-size:2rem;\"><img loading=\"lazy\" decoding=\"async\" width=\"1603\" height=\"1603\" src=\"https:\/\/cottage-realestate.com\/wp-content\/uploads\/2023\/04\/icons.png\" class=\"attachment-full size-full\" alt=\"\" srcset=\"https:\/\/cottage-realestate.com\/wp-content\/uploads\/2023\/04\/icons.png 1603w, https:\/\/cottage-realestate.com\/wp-content\/uploads\/2023\/04\/icons-300x300.png 300w, https:\/\/cottage-realestate.com\/wp-content\/uploads\/2023\/04\/icons-1024x1024.png 1024w, https:\/\/cottage-realestate.com\/wp-content\/uploads\/2023\/04\/icons-150x150.png 150w, https:\/\/cottage-realestate.com\/wp-content\/uploads\/2023\/04\/icons-600x600.png 600w, https:\/\/cottage-realestate.com\/wp-content\/uploads\/2023\/04\/icons-400x400.png 400w\" sizes=\"auto, (max-width: 1603px) 100vw, 1603px\" \/><\/div><div class=\"w-iconbox-meta\"><div class=\"w-iconbox-text\"><p>Daarnaast kan de persoonlijke ondersteuning ook aanbevelingen doen voor andere professionals die je nodig hebt, zoals advocaten, financi\u00eble adviseurs of taxateurs. De makelaar zal tijdens het hele proces aan je zijde staan om ervoor te zorgen dat je de best mogelijke ondersteuning krijgt.<\/p>\n<\/div><\/div><\/div><\/div><\/div><\/div><div class=\"vc_col-sm-6 wpb_column vc_column_container\"><div class=\"vc_column-inner\"><div class=\"wpb_wrapper\"><div class=\"w-iconbox us_custom_432d3f53 iconpos_left style_default color_primary align_center no_title icontype_img\"><div class=\"w-iconbox-icon\" style=\"font-size:2rem;\"><img loading=\"lazy\" decoding=\"async\" width=\"1603\" height=\"1603\" src=\"https:\/\/cottage-realestate.com\/wp-content\/uploads\/2023\/04\/icons.png\" class=\"attachment-full size-full\" alt=\"\" srcset=\"https:\/\/cottage-realestate.com\/wp-content\/uploads\/2023\/04\/icons.png 1603w, https:\/\/cottage-realestate.com\/wp-content\/uploads\/2023\/04\/icons-300x300.png 300w, https:\/\/cottage-realestate.com\/wp-content\/uploads\/2023\/04\/icons-1024x1024.png 1024w, https:\/\/cottage-realestate.com\/wp-content\/uploads\/2023\/04\/icons-150x150.png 150w, https:\/\/cottage-realestate.com\/wp-content\/uploads\/2023\/04\/icons-600x600.png 600w, https:\/\/cottage-realestate.com\/wp-content\/uploads\/2023\/04\/icons-400x400.png 400w\" sizes=\"auto, (max-width: 1603px) 100vw, 1603px\" \/><\/div><div class=\"w-iconbox-meta\"><div class=\"w-iconbox-text\"><p>Zelfs na de aankoop van de vakantiewoning houdt de persoonlijke ondersteuning niet op. De makelaar kan je helpen bij het organiseren van renovaties of het vinden van lokale dienstverleners. Ze zijn altijd maar een telefoontje verwijderd als je vragen of zorgen hebt.<\/p>\n<\/div><\/div><\/div><\/div><\/div><\/div><\/div><div class=\"g-cols wpb_row via_flex valign_top type_default stacking_default\"><div class=\"vc_col-sm-12 wpb_column vc_column_container\"><div class=\"vc_column-inner\"><div class=\"wpb_wrapper\"><div class=\"w-separator size_large with_line width_default thick_2 style_solid color_primary align_center\"><div class=\"w-separator-h\"><\/div><\/div><\/div><\/div><\/div><\/div><div class=\"g-cols wpb_row via_flex valign_top type_default stacking_default\"><div class=\"vc_col-sm-6 wpb_column vc_column_container\"><div class=\"vc_column-inner\"><div class=\"wpb_wrapper\"><div class=\"w-iconbox us_custom_432d3f53 iconpos_left style_default color_primary align_center no_title icontype_img\"><div class=\"w-iconbox-icon\" style=\"font-size:2rem;\"><img loading=\"lazy\" decoding=\"async\" width=\"1603\" height=\"1603\" src=\"https:\/\/cottage-realestate.com\/wp-content\/uploads\/2023\/04\/icons.png\" class=\"attachment-full size-full\" alt=\"\" srcset=\"https:\/\/cottage-realestate.com\/wp-content\/uploads\/2023\/04\/icons.png 1603w, https:\/\/cottage-realestate.com\/wp-content\/uploads\/2023\/04\/icons-300x300.png 300w, https:\/\/cottage-realestate.com\/wp-content\/uploads\/2023\/04\/icons-1024x1024.png 1024w, https:\/\/cottage-realestate.com\/wp-content\/uploads\/2023\/04\/icons-150x150.png 150w, https:\/\/cottage-realestate.com\/wp-content\/uploads\/2023\/04\/icons-600x600.png 600w, https:\/\/cottage-realestate.com\/wp-content\/uploads\/2023\/04\/icons-400x400.png 400w\" sizes=\"auto, (max-width: 1603px) 100vw, 1603px\" \/><\/div><div class=\"w-iconbox-meta\"><div class=\"w-iconbox-text\"><p>Al met al biedt persoonlijke aandacht van A tot Z bij het kopen van een vakantiehuis een ervaring op maat die past bij jouw individuele behoeften. De makelaar staat klaar met expertise, ervaring en persoonlijke aandacht om ervoor te zorgen dat jouw droom om een vakantiehuis te bezitten werkelijkheid wordt.<\/p>\n<\/div><\/div><\/div><\/div><\/div><\/div><div class=\"vc_col-sm-6 wpb_column vc_column_container\"><div class=\"vc_column-inner\"><div class=\"wpb_wrapper\"><\/div><\/div><\/div><\/div><\/div><\/div><\/div><\/div><\/div><\/section><section class=\"l-section wpb_row height_medium\"><div class=\"l-section-h i-cf\"><div class=\"g-cols vc_row via_flex valign_top type_default stacking_default\"><div class=\"vc_col-sm-12 wpb_column vc_column_container\"><div class=\"vc_column-inner\"><div class=\"wpb_wrapper\"><div class=\"w-separator size_medium with_line width_default thick_2 style_solid color_primary align_center\"><div class=\"w-separator-h\"><\/div><\/div><\/div><\/div><\/div><\/div><\/div><\/section>\n","protected":false},"excerpt":{"rendered":"[vc_custom_heading text=\"Nos services\" font_container=\"tag:h1|font_size:2.4rem|text_align:left|color:%23c0a555\" use_theme_fonts=\"yes\"] Lors de la recherche d'une maison de vacances qui correspond \u00e0 vos r\u00eaves et besoins, un accompagnement personnalis\u00e9 de bout en bout est d'une valeur inestimable. L'achat d'une propri\u00e9t\u00e9 de vacances est un investissement important qui n\u00e9cessite une planification minutieuse et une connaissance approfondie du march\u00e9 immobilier. Un suivi personnel...","protected":false},"author":2,"featured_media":0,"parent":0,"menu_order":0,"comment_status":"closed","ping_status":"closed","template":"","meta":{"footnotes":""},"class_list":["post-2624","page","type-page","status-publish","hentry"],"acf":[],"yoast_head":"<!-- This site is optimized with the Yoast SEO plugin v20.11 - https:\/\/yoast.com\/wordpress\/plugins\/seo\/ -->\n<title>Performances - Cottage Real Estate<\/title>\n<meta name=\"robots\" content=\"index, follow, max-snippet:-1, max-image-preview:large, max-video-preview:-1\" \/>\n<link rel=\"canonical\" href=\"https:\/\/cottage-realestate.com\/fr\/performances\/\" \/>\n<meta property=\"og:locale\" content=\"fr_FR\" \/>\n<meta property=\"og:type\" content=\"article\" \/>\n<meta property=\"og:title\" content=\"Performances - Cottage Real Estate\" \/>\n<meta property=\"og:url\" content=\"https:\/\/cottage-realestate.com\/fr\/performances\/\" \/>\n<meta property=\"og:site_name\" content=\"Cottage Real Estate\" \/>\n<meta property=\"article:publisher\" content=\"https:\/\/www.facebook.com\/people\/Cottage-Real-Estate\/100091918536968\/\" \/>\n<meta property=\"article:modified_time\" content=\"2023-07-15T08:16:55+00:00\" \/>\n<meta property=\"og:image\" content=\"https:\/\/cottage-realestate.com\/wp-content\/uploads\/2023\/07\/Screen-1024x732.png\" \/>\n\t<meta property=\"og:image:width\" content=\"1024\" \/>\n\t<meta property=\"og:image:height\" content=\"732\" \/>\n\t<meta property=\"og:image:type\" content=\"image\/png\" \/>\n<meta name=\"twitter:card\" content=\"summary_large_image\" \/>\n<meta name=\"twitter:label1\" content=\"Dur\u00e9e de lecture estim\u00e9e\" \/>\n\t<meta name=\"twitter:data1\" content=\"3 minutes\" \/>\n<script type=\"application\/ld+json\" class=\"yoast-schema-graph\">{\"@context\":\"https:\/\/schema.org\",\"@graph\":[{\"@type\":\"WebPage\",\"@id\":\"https:\/\/cottage-realestate.com\/fr\/performances\/\",\"url\":\"https:\/\/cottage-realestate.com\/fr\/performances\/\",\"name\":\"Performances - Cottage Real Estate\",\"isPartOf\":{\"@id\":\"https:\/\/cottage-realestate.com\/fr\/#website\"},\"datePublished\":\"2023-04-24T15:32:57+00:00\",\"dateModified\":\"2023-07-15T08:16:55+00:00\",\"breadcrumb\":{\"@id\":\"https:\/\/cottage-realestate.com\/fr\/performances\/#breadcrumb\"},\"inLanguage\":\"fr-FR\",\"potentialAction\":[{\"@type\":\"ReadAction\",\"target\":[\"https:\/\/cottage-realestate.com\/fr\/performances\/\"]}]},{\"@type\":\"BreadcrumbList\",\"@id\":\"https:\/\/cottage-realestate.com\/fr\/performances\/#breadcrumb\",\"itemListElement\":[{\"@type\":\"ListItem\",\"position\":1,\"name\":\"Startseite\",\"item\":\"https:\/\/cottage-realestate.com\/fr\/\"},{\"@type\":\"ListItem\",\"position\":2,\"name\":\"Performances\"}]},{\"@type\":\"WebSite\",\"@id\":\"https:\/\/cottage-realestate.com\/fr\/#website\",\"url\":\"https:\/\/cottage-realestate.com\/fr\/\",\"name\":\"Cottage Real Estate\",\"description\":\"Ferienh\u00e4user in Frankreich und Niederlande kaufen\",\"publisher\":{\"@id\":\"https:\/\/cottage-realestate.com\/fr\/#organization\"},\"potentialAction\":[{\"@type\":\"SearchAction\",\"target\":{\"@type\":\"EntryPoint\",\"urlTemplate\":\"https:\/\/cottage-realestate.com\/fr\/?s={search_term_string}\"},\"query-input\":\"required name=search_term_string\"}],\"inLanguage\":\"fr-FR\"},{\"@type\":\"Organization\",\"@id\":\"https:\/\/cottage-realestate.com\/fr\/#organization\",\"name\":\"Cottage Real Estate\",\"url\":\"https:\/\/cottage-realestate.com\/fr\/\",\"logo\":{\"@type\":\"ImageObject\",\"inLanguage\":\"fr-FR\",\"@id\":\"https:\/\/cottage-realestate.com\/fr\/#\/schema\/logo\/image\/\",\"url\":\"https:\/\/cottage-realestate.com\/wp-content\/uploads\/2020\/07\/logo.png\",\"contentUrl\":\"https:\/\/cottage-realestate.com\/wp-content\/uploads\/2020\/07\/logo.png\",\"width\":167,\"height\":140,\"caption\":\"Cottage Real Estate\"},\"image\":{\"@id\":\"https:\/\/cottage-realestate.com\/fr\/#\/schema\/logo\/image\/\"},\"sameAs\":[\"https:\/\/www.facebook.com\/people\/Cottage-Real-Estate\/100091918536968\/\",\"https:\/\/www.instagram.com\/cottagerealestatecom\/\"]}]}<\/script>\n<!-- \/ Yoast SEO plugin. -->","yoast_head_json":{"title":"Performances - Cottage Real Estate","robots":{"index":"index","follow":"follow","max-snippet":"max-snippet:-1","max-image-preview":"max-image-preview:large","max-video-preview":"max-video-preview:-1"},"canonical":"https:\/\/cottage-realestate.com\/fr\/performances\/","og_locale":"fr_FR","og_type":"article","og_title":"Performances - Cottage Real Estate","og_url":"https:\/\/cottage-realestate.com\/fr\/performances\/","og_site_name":"Cottage Real Estate","article_publisher":"https:\/\/www.facebook.com\/people\/Cottage-Real-Estate\/100091918536968\/","article_modified_time":"2023-07-15T08:16:55+00:00","og_image":[{"width":1024,"height":732,"url":"https:\/\/cottage-realestate.com\/wp-content\/uploads\/2023\/07\/Screen-1024x732.png","type":"image\/png"}],"twitter_card":"summary_large_image","twitter_misc":{"Dur\u00e9e de lecture estim\u00e9e":"3 minutes"},"schema":{"@context":"https:\/\/schema.org","@graph":[{"@type":"WebPage","@id":"https:\/\/cottage-realestate.com\/fr\/performances\/","url":"https:\/\/cottage-realestate.com\/fr\/performances\/","name":"Performances - Cottage Real Estate","isPartOf":{"@id":"https:\/\/cottage-realestate.com\/fr\/#website"},"datePublished":"2023-04-24T15:32:57+00:00","dateModified":"2023-07-15T08:16:55+00:00","breadcrumb":{"@id":"https:\/\/cottage-realestate.com\/fr\/performances\/#breadcrumb"},"inLanguage":"fr-FR","potentialAction":[{"@type":"ReadAction","target":["https:\/\/cottage-realestate.com\/fr\/performances\/"]}]},{"@type":"BreadcrumbList","@id":"https:\/\/cottage-realestate.com\/fr\/performances\/#breadcrumb","itemListElement":[{"@type":"ListItem","position":1,"name":"Startseite","item":"https:\/\/cottage-realestate.com\/fr\/"},{"@type":"ListItem","position":2,"name":"Performances"}]},{"@type":"WebSite","@id":"https:\/\/cottage-realestate.com\/fr\/#website","url":"https:\/\/cottage-realestate.com\/fr\/","name":"Cottage Real Estate","description":"Ferienh\u00e4user in Frankreich und Niederlande kaufen","publisher":{"@id":"https:\/\/cottage-realestate.com\/fr\/#organization"},"potentialAction":[{"@type":"SearchAction","target":{"@type":"EntryPoint","urlTemplate":"https:\/\/cottage-realestate.com\/fr\/?s={search_term_string}"},"query-input":"required name=search_term_string"}],"inLanguage":"fr-FR"},{"@type":"Organization","@id":"https:\/\/cottage-realestate.com\/fr\/#organization","name":"Cottage Real Estate","url":"https:\/\/cottage-realestate.com\/fr\/","logo":{"@type":"ImageObject","inLanguage":"fr-FR","@id":"https:\/\/cottage-realestate.com\/fr\/#\/schema\/logo\/image\/","url":"https:\/\/cottage-realestate.com\/wp-content\/uploads\/2020\/07\/logo.png","contentUrl":"https:\/\/cottage-realestate.com\/wp-content\/uploads\/2020\/07\/logo.png","width":167,"height":140,"caption":"Cottage Real Estate"},"image":{"@id":"https:\/\/cottage-realestate.com\/fr\/#\/schema\/logo\/image\/"},"sameAs":["https:\/\/www.facebook.com\/people\/Cottage-Real-Estate\/100091918536968\/","https:\/\/www.instagram.com\/cottagerealestatecom\/"]}]}},"_links":{"self":[{"href":"https:\/\/cottage-realestate.com\/fr\/wp-json\/wp\/v2\/pages\/2624","targetHints":{"allow":["GET"]}}],"collection":[{"href":"https:\/\/cottage-realestate.com\/fr\/wp-json\/wp\/v2\/pages"}],"about":[{"href":"https:\/\/cottage-realestate.com\/fr\/wp-json\/wp\/v2\/types\/page"}],"author":[{"embeddable":true,"href":"https:\/\/cottage-realestate.com\/fr\/wp-json\/wp\/v2\/users\/2"}],"replies":[{"embeddable":true,"href":"https:\/\/cottage-realestate.com\/fr\/wp-json\/wp\/v2\/comments?post=2624"}],"version-history":[{"count":8,"href":"https:\/\/cottage-realestate.com\/fr\/wp-json\/wp\/v2\/pages\/2624\/revisions"}],"predecessor-version":[{"id":2633,"href":"https:\/\/cottage-realestate.com\/fr\/wp-json\/wp\/v2\/pages\/2624\/revisions\/2633"}],"wp:attachment":[{"href":"https:\/\/cottage-realestate.com\/fr\/wp-json\/wp\/v2\/media?parent=2624"}],"curies":[{"name":"wp","href":"https:\/\/api.w.org\/{rel}","templated":true}]}}