{"id":2639,"date":"2023-07-12T11:53:57","date_gmt":"2023-07-12T09:53:57","guid":{"rendered":"https:\/\/cottage-realestate.com\/?page_id=2639"},"modified":"2023-07-15T11:04:06","modified_gmt":"2023-07-15T09:04:06","slug":"evaluation-de-la-valeur","status":"publish","type":"page","link":"https:\/\/cottage-realestate.com\/fr\/evaluation-de-la-valeur\/","title":{"rendered":"\u00c9valuation de la valeur"},"content":{"rendered":"<section class=\"l-section wpb_row height_medium with_img\"><div class=\"l-section-img\" role=\"img\" style=\"background-image: url(https:\/\/cottage-realestate.com\/wp-content\/uploads\/2023\/04\/icons.png);\"><\/div><div class=\"l-section-overlay\" style=\"background:rgba(33,33,34,0.80)\"><\/div><div class=\"l-section-h i-cf\"><div class=\"g-cols vc_row via_flex valign_top type_default stacking_default\"><div class=\"vc_col-sm-12 wpb_column vc_column_container\"><div class=\"vc_column-inner\"><div class=\"wpb_wrapper\">[vc_custom_heading source=\u00a0\u00bbpost_title\u00a0\u00bb font_container=\u00a0\u00bbtag:h1|font_size:2.4rem|text_align:left|color:%23c0a555&Prime; use_theme_fonts=\u00a0\u00bbyes\u00a0\u00bb]<div class=\"w-separator size_medium\"><\/div><\/div><\/div><\/div><\/div><\/div><\/section><section class=\"l-section wpb_row height_medium\"><div class=\"l-section-h i-cf\"><div class=\"g-cols vc_row via_flex valign_top type_default stacking_default\"><div class=\"vc_col-sm-12 wpb_column vc_column_container\"><div class=\"vc_column-inner\"><div class=\"wpb_wrapper\"><div class=\"g-cols wpb_row via_flex valign_top type_default stacking_default\"><div class=\"vc_col-sm-12 wpb_column vc_column_container\"><div class=\"vc_column-inner\"><div class=\"wpb_wrapper\"><div class=\"wpb_text_column us_custom_e2aee182\"><div class=\"wpb_wrapper\"><h2>\u00c9valuation de votre propri\u00e9t\u00e9 de maison de vacances.<\/h2>\n<\/div><\/div><div class=\"w-separator size_large with_line width_default thick_2 style_solid color_primary align_center\"><div class=\"w-separator-h\"><\/div><\/div><\/div><\/div><\/div><\/div><div class=\"wpb_text_column us_custom_432d3f53\"><div class=\"wpb_wrapper\"><div class=\"flex flex-grow flex-col gap-3\">\n<div class=\"min-h-&#091;20px&#093; flex items-start overflow-x-auto whitespace-pre-wrap break-words flex-col gap-4\">\n<div class=\"markdown prose w-full break-words dark:prose-invert light\">\n<p>Votre maison de vacances est un investissement sp\u00e9cial et une propri\u00e9t\u00e9 pr\u00e9cieuse. L&rsquo;\u00e9valuation de votre propri\u00e9t\u00e9 de vacances peut vous fournir des informations pr\u00e9cieuses pour conna\u00eetre la valeur de votre bien, d\u00e9terminer les revenus locatifs potentiels et prendre une d\u00e9cision \u00e9clair\u00e9e concernant la vente ou la location. Il existe plusieurs facteurs \u00e0 prendre en compte lors de l&rsquo;\u00e9valuation de votre propri\u00e9t\u00e9 de vacances :<\/p>\n<\/div>\n<\/div>\n<\/div>\n<\/div><\/div><div class=\"wpb_text_column\"><div class=\"wpb_wrapper\"><div class=\"flex flex-grow flex-col gap-3\">\n<div class=\"min-h-&#091;20px&#093; flex items-start overflow-x-auto whitespace-pre-wrap break-words flex-col gap-4\">\n<div class=\"markdown prose w-full break-words dark:prose-invert light\">\n<ul>\n<li>Emplacement : L&#8217;emplacement est un facteur d\u00e9terminant pour la valeur de votre propri\u00e9t\u00e9 de vacances. Si votre maison de vacances se trouve dans une r\u00e9gion touristique pris\u00e9e, o\u00f9 la demande de locations de vacances est \u00e9lev\u00e9e, cela peut augmenter la valeur de votre propri\u00e9t\u00e9. Des caract\u00e9ristiques attrayantes telles qu&rsquo;une vue pittoresque, la proximit\u00e9 de la plage ou des attractions touristiques peuvent \u00e9galement influencer la valeur.<\/li>\n<li>\u00c9tat de la propri\u00e9t\u00e9 : L&rsquo;\u00e9tat de votre propri\u00e9t\u00e9 de vacances joue un r\u00f4le important dans l&rsquo;\u00e9valuation. Une propri\u00e9t\u00e9 bien entretenue et bien \u00e9quip\u00e9e, avec des commodit\u00e9s modernes, aura g\u00e9n\u00e9ralement une valeur plus \u00e9lev\u00e9e. Les r\u00e9novations et les mises \u00e0 jour peuvent augmenter la valeur et accro\u00eetre l&rsquo;attrait pour les locataires ou les acheteurs potentiels.<\/li>\n<li>\u00c9quipements et am\u00e9nagements : La qualit\u00e9 des \u00e9quipements et des am\u00e9nagements dans votre maison de vacances peut influencer sa valeur. Des appareils modernes, des meubles de qualit\u00e9 et une d\u00e9coration attrayante peuvent augmenter la valeur et attirer les clients. La disponibilit\u00e9 de commodit\u00e9s telles qu&rsquo;une piscine, un jacuzzi, un espace barbecue ou une salle de sport peut \u00e9galement augmenter la valeur.<\/li>\n<li>Revenus locatifs : Si vous souhaitez louer votre maison de vacances, les revenus locatifs potentiels sont un facteur important dans l&rsquo;\u00e9valuation. L&#8217;emplacement, la demande dans la r\u00e9gion, les \u00e9quipements et la taille de la maison peuvent influencer les tarifs de location. Une \u00e9valuation professionnelle peut vous aider \u00e0 obtenir une estimation r\u00e9aliste des revenus locatifs attendus.<\/li>\n<li>Propri\u00e9t\u00e9s comparables : La comparaison avec des propri\u00e9t\u00e9s de vacances similaires dans la r\u00e9gion peut vous donner une indication de la valeur de votre propri\u00e9t\u00e9. Une analyse des prix de vente ou de location de propri\u00e9t\u00e9s similaires peut vous aider \u00e0 comprendre le march\u00e9 et \u00e0 \u00e9valuer correctement votre propri\u00e9t\u00e9 de vacances.<\/li>\n<\/ul>\n<\/div>\n<\/div>\n<\/div>\n<\/div><\/div><div class=\"wpb_text_column\"><div class=\"wpb_wrapper\"><div class=\"text-xs flex items-center justify-center gap-1 invisible absolute left-0 top-2 -ml-4 -translate-x-full group-hover:visible !invisible\"><\/div>\n<div class=\"flex flex-grow flex-col gap-3\">\n<div class=\"min-h-&#091;20px&#093; flex items-start overflow-x-auto whitespace-pre-wrap break-words flex-col gap-4\">\n<div class=\"markdown prose w-full break-words dark:prose-invert light\">\n<p>Il est recommand\u00e9 de r\u00e9aliser une \u00e9valuation professionnelle de votre propri\u00e9t\u00e9 de vacances afin d&rsquo;obtenir une estimation pr\u00e9cise de sa valeur. Un \u00e9valuateur immobilier sp\u00e9cialis\u00e9 dans les biens de vacances peut vous aider \u00e0 d\u00e9terminer la valeur marchande actuelle et vous fournir des informations pr\u00e9cieuses sur le march\u00e9 des maisons de vacances.<\/p>\n<p>Une \u00e9valuation approfondie de votre propri\u00e9t\u00e9 de vacances est essentielle pour obtenir le meilleur rendement possible de votre investissement. Elle peut vous aider \u00e0 fixer le bon prix de vente, \u00e0 demander un loyer raisonnable ou \u00e0 prendre une d\u00e9cision d&rsquo;achat.<\/p>\n<\/div>\n<\/div>\n<\/div>\n<\/div><\/div><div class=\"w-separator us_custom_5c1af071 size_large with_line width_default thick_2 style_solid color_primary align_center\"><div class=\"w-separator-h\"><\/div><\/div><\/div><\/div><\/div><\/div><\/div><\/section><section class=\"l-section wpb_row height_medium\"><div class=\"l-section-h i-cf\"><div class=\"g-cols vc_row via_flex valign_top type_default stacking_default\"><div class=\"vc_col-sm-4 wpb_column vc_column_container\"><div class=\"vc_column-inner\"><div class=\"wpb_wrapper\"><div class=\"w-image style_shadow-2 align_none\"><div url class=\"w-image-h\"><div class=\"w-image-shadow\" style=\"background-image:url(https:\/\/cottage-realestate.com\/wp-content\/uploads\/2023\/07\/floor-plan-1474454_1920-1024x678.jpg);\"><\/div><img loading=\"lazy\" decoding=\"async\" width=\"1024\" height=\"678\" src=\"https:\/\/cottage-realestate.com\/wp-content\/uploads\/2023\/07\/floor-plan-1474454_1920-1024x678.jpg\" class=\"attachment-large size-large\" alt=\"\" srcset=\"https:\/\/cottage-realestate.com\/wp-content\/uploads\/2023\/07\/floor-plan-1474454_1920-1024x678.jpg 1024w, https:\/\/cottage-realestate.com\/wp-content\/uploads\/2023\/07\/floor-plan-1474454_1920-300x199.jpg 300w, https:\/\/cottage-realestate.com\/wp-content\/uploads\/2023\/07\/floor-plan-1474454_1920-600x397.jpg 600w, https:\/\/cottage-realestate.com\/wp-content\/uploads\/2023\/07\/floor-plan-1474454_1920.jpg 1920w\" sizes=\"auto, (max-width: 1024px) 100vw, 1024px\" \/><\/div><\/div><\/div><\/div><\/div><div class=\"vc_col-sm-4 wpb_column vc_column_container\"><div class=\"vc_column-inner\"><div class=\"wpb_wrapper\"><div class=\"w-image style_shadow-2 align_none\"><div url class=\"w-image-h\"><div class=\"w-image-shadow\" style=\"background-image:url(https:\/\/cottage-realestate.com\/wp-content\/uploads\/2023\/07\/home-office-1867759_1920-1024x683.jpg);\"><\/div><img loading=\"lazy\" decoding=\"async\" width=\"1024\" height=\"683\" src=\"https:\/\/cottage-realestate.com\/wp-content\/uploads\/2023\/07\/home-office-1867759_1920-1024x683.jpg\" class=\"attachment-large size-large\" alt=\"\" srcset=\"https:\/\/cottage-realestate.com\/wp-content\/uploads\/2023\/07\/home-office-1867759_1920-1024x683.jpg 1024w, https:\/\/cottage-realestate.com\/wp-content\/uploads\/2023\/07\/home-office-1867759_1920-300x200.jpg 300w, https:\/\/cottage-realestate.com\/wp-content\/uploads\/2023\/07\/home-office-1867759_1920-600x400.jpg 600w, https:\/\/cottage-realestate.com\/wp-content\/uploads\/2023\/07\/home-office-1867759_1920.jpg 1920w\" sizes=\"auto, (max-width: 1024px) 100vw, 1024px\" \/><\/div><\/div><\/div><\/div><\/div><div class=\"vc_col-sm-4 wpb_column vc_column_container\"><div class=\"vc_column-inner\"><div class=\"wpb_wrapper\"><div class=\"w-image style_shadow-2 align_none\"><div url class=\"w-image-h\"><div class=\"w-image-shadow\" style=\"background-image:url(https:\/\/cottage-realestate.com\/wp-content\/uploads\/2023\/07\/plan-2092499_1920-1024x696.jpg);\"><\/div><img loading=\"lazy\" decoding=\"async\" width=\"1024\" height=\"696\" src=\"https:\/\/cottage-realestate.com\/wp-content\/uploads\/2023\/07\/plan-2092499_1920-1024x696.jpg\" class=\"attachment-large size-large\" alt=\"\" srcset=\"https:\/\/cottage-realestate.com\/wp-content\/uploads\/2023\/07\/plan-2092499_1920-1024x696.jpg 1024w, https:\/\/cottage-realestate.com\/wp-content\/uploads\/2023\/07\/plan-2092499_1920-300x204.jpg 300w, https:\/\/cottage-realestate.com\/wp-content\/uploads\/2023\/07\/plan-2092499_1920-600x408.jpg 600w, https:\/\/cottage-realestate.com\/wp-content\/uploads\/2023\/07\/plan-2092499_1920.jpg 1920w\" sizes=\"auto, (max-width: 1024px) 100vw, 1024px\" \/><\/div><\/div><\/div><\/div><\/div><\/div><\/div><\/section><section class=\"l-section wpb_row height_medium\"><div class=\"l-section-h i-cf\"><div class=\"g-cols vc_row via_flex valign_top type_default stacking_default\"><div class=\"vc_col-sm-12 wpb_column vc_column_container\"><div class=\"vc_column-inner\"><div class=\"wpb_wrapper\"><\/div><\/div><\/div><\/div><\/div><\/section>\n","protected":false},"excerpt":{"rendered":"[vc_custom_heading source=\"post_title\" font_container=\"tag:h1|font_size:2.4rem|text_align:left|color:%23c0a555\" use_theme_fonts=\"yes\"]\u00c9valuation de votre propri\u00e9t\u00e9 de maison de vacances. Votre maison de vacances est un investissement sp\u00e9cial et une propri\u00e9t\u00e9 pr\u00e9cieuse. L&rsquo;\u00e9valuation de votre propri\u00e9t\u00e9 de vacances peut vous fournir des informations pr\u00e9cieuses pour conna\u00eetre la valeur de votre bien, d\u00e9terminer les revenus locatifs potentiels et prendre une d\u00e9cision \u00e9clair\u00e9e concernant la vente...","protected":false},"author":2,"featured_media":0,"parent":0,"menu_order":0,"comment_status":"closed","ping_status":"closed","template":"","meta":{"footnotes":""},"class_list":["post-2639","page","type-page","status-publish","hentry"],"acf":[],"yoast_head":"<!-- This site is optimized with the Yoast SEO plugin v20.11 - https:\/\/yoast.com\/wordpress\/plugins\/seo\/ -->\n<title>\u00c9valuation de la valeur - Cottage Real Estate<\/title>\n<meta name=\"robots\" content=\"index, follow, max-snippet:-1, max-image-preview:large, max-video-preview:-1\" \/>\n<link rel=\"canonical\" href=\"https:\/\/cottage-realestate.com\/fr\/evaluation-de-la-valeur\/\" \/>\n<meta property=\"og:locale\" content=\"fr_FR\" \/>\n<meta property=\"og:type\" content=\"article\" \/>\n<meta property=\"og:title\" content=\"\u00c9valuation de la valeur - Cottage Real Estate\" \/>\n<meta property=\"og:url\" content=\"https:\/\/cottage-realestate.com\/fr\/evaluation-de-la-valeur\/\" \/>\n<meta property=\"og:site_name\" content=\"Cottage Real Estate\" \/>\n<meta property=\"article:publisher\" content=\"https:\/\/www.facebook.com\/people\/Cottage-Real-Estate\/100091918536968\/\" \/>\n<meta property=\"article:modified_time\" content=\"2023-07-15T09:04:06+00:00\" \/>\n<meta property=\"og:image\" content=\"https:\/\/cottage-realestate.com\/wp-content\/uploads\/2023\/07\/Screen-1024x732.png\" \/>\n\t<meta property=\"og:image:width\" content=\"1024\" \/>\n\t<meta property=\"og:image:height\" content=\"732\" \/>\n\t<meta property=\"og:image:type\" content=\"image\/png\" \/>\n<meta name=\"twitter:card\" content=\"summary_large_image\" \/>\n<meta name=\"twitter:label1\" content=\"Dur\u00e9e de lecture estim\u00e9e\" \/>\n\t<meta name=\"twitter:data1\" content=\"3 minutes\" \/>\n<script type=\"application\/ld+json\" class=\"yoast-schema-graph\">{\"@context\":\"https:\/\/schema.org\",\"@graph\":[{\"@type\":\"WebPage\",\"@id\":\"https:\/\/cottage-realestate.com\/fr\/evaluation-de-la-valeur\/\",\"url\":\"https:\/\/cottage-realestate.com\/fr\/evaluation-de-la-valeur\/\",\"name\":\"\u00c9valuation de la valeur - Cottage Real Estate\",\"isPartOf\":{\"@id\":\"https:\/\/cottage-realestate.com\/fr\/#website\"},\"datePublished\":\"2023-07-12T09:53:57+00:00\",\"dateModified\":\"2023-07-15T09:04:06+00:00\",\"breadcrumb\":{\"@id\":\"https:\/\/cottage-realestate.com\/fr\/evaluation-de-la-valeur\/#breadcrumb\"},\"inLanguage\":\"fr-FR\",\"potentialAction\":[{\"@type\":\"ReadAction\",\"target\":[\"https:\/\/cottage-realestate.com\/fr\/evaluation-de-la-valeur\/\"]}]},{\"@type\":\"BreadcrumbList\",\"@id\":\"https:\/\/cottage-realestate.com\/fr\/evaluation-de-la-valeur\/#breadcrumb\",\"itemListElement\":[{\"@type\":\"ListItem\",\"position\":1,\"name\":\"Startseite\",\"item\":\"https:\/\/cottage-realestate.com\/fr\/\"},{\"@type\":\"ListItem\",\"position\":2,\"name\":\"\u00c9valuation de la valeur\"}]},{\"@type\":\"WebSite\",\"@id\":\"https:\/\/cottage-realestate.com\/fr\/#website\",\"url\":\"https:\/\/cottage-realestate.com\/fr\/\",\"name\":\"Cottage Real Estate\",\"description\":\"Ferienh\u00e4user in Frankreich und Niederlande kaufen\",\"publisher\":{\"@id\":\"https:\/\/cottage-realestate.com\/fr\/#organization\"},\"potentialAction\":[{\"@type\":\"SearchAction\",\"target\":{\"@type\":\"EntryPoint\",\"urlTemplate\":\"https:\/\/cottage-realestate.com\/fr\/?s={search_term_string}\"},\"query-input\":\"required name=search_term_string\"}],\"inLanguage\":\"fr-FR\"},{\"@type\":\"Organization\",\"@id\":\"https:\/\/cottage-realestate.com\/fr\/#organization\",\"name\":\"Cottage Real Estate\",\"url\":\"https:\/\/cottage-realestate.com\/fr\/\",\"logo\":{\"@type\":\"ImageObject\",\"inLanguage\":\"fr-FR\",\"@id\":\"https:\/\/cottage-realestate.com\/fr\/#\/schema\/logo\/image\/\",\"url\":\"https:\/\/cottage-realestate.com\/wp-content\/uploads\/2020\/07\/logo.png\",\"contentUrl\":\"https:\/\/cottage-realestate.com\/wp-content\/uploads\/2020\/07\/logo.png\",\"width\":167,\"height\":140,\"caption\":\"Cottage Real Estate\"},\"image\":{\"@id\":\"https:\/\/cottage-realestate.com\/fr\/#\/schema\/logo\/image\/\"},\"sameAs\":[\"https:\/\/www.facebook.com\/people\/Cottage-Real-Estate\/100091918536968\/\",\"https:\/\/www.instagram.com\/cottagerealestatecom\/\"]}]}<\/script>\n<!-- \/ Yoast SEO plugin. -->","yoast_head_json":{"title":"\u00c9valuation de la valeur - Cottage Real Estate","robots":{"index":"index","follow":"follow","max-snippet":"max-snippet:-1","max-image-preview":"max-image-preview:large","max-video-preview":"max-video-preview:-1"},"canonical":"https:\/\/cottage-realestate.com\/fr\/evaluation-de-la-valeur\/","og_locale":"fr_FR","og_type":"article","og_title":"\u00c9valuation de la valeur - Cottage Real Estate","og_url":"https:\/\/cottage-realestate.com\/fr\/evaluation-de-la-valeur\/","og_site_name":"Cottage Real Estate","article_publisher":"https:\/\/www.facebook.com\/people\/Cottage-Real-Estate\/100091918536968\/","article_modified_time":"2023-07-15T09:04:06+00:00","og_image":[{"width":1024,"height":732,"url":"https:\/\/cottage-realestate.com\/wp-content\/uploads\/2023\/07\/Screen-1024x732.png","type":"image\/png"}],"twitter_card":"summary_large_image","twitter_misc":{"Dur\u00e9e de lecture estim\u00e9e":"3 minutes"},"schema":{"@context":"https:\/\/schema.org","@graph":[{"@type":"WebPage","@id":"https:\/\/cottage-realestate.com\/fr\/evaluation-de-la-valeur\/","url":"https:\/\/cottage-realestate.com\/fr\/evaluation-de-la-valeur\/","name":"\u00c9valuation de la valeur - Cottage Real Estate","isPartOf":{"@id":"https:\/\/cottage-realestate.com\/fr\/#website"},"datePublished":"2023-07-12T09:53:57+00:00","dateModified":"2023-07-15T09:04:06+00:00","breadcrumb":{"@id":"https:\/\/cottage-realestate.com\/fr\/evaluation-de-la-valeur\/#breadcrumb"},"inLanguage":"fr-FR","potentialAction":[{"@type":"ReadAction","target":["https:\/\/cottage-realestate.com\/fr\/evaluation-de-la-valeur\/"]}]},{"@type":"BreadcrumbList","@id":"https:\/\/cottage-realestate.com\/fr\/evaluation-de-la-valeur\/#breadcrumb","itemListElement":[{"@type":"ListItem","position":1,"name":"Startseite","item":"https:\/\/cottage-realestate.com\/fr\/"},{"@type":"ListItem","position":2,"name":"\u00c9valuation de la valeur"}]},{"@type":"WebSite","@id":"https:\/\/cottage-realestate.com\/fr\/#website","url":"https:\/\/cottage-realestate.com\/fr\/","name":"Cottage Real Estate","description":"Ferienh\u00e4user in Frankreich und Niederlande kaufen","publisher":{"@id":"https:\/\/cottage-realestate.com\/fr\/#organization"},"potentialAction":[{"@type":"SearchAction","target":{"@type":"EntryPoint","urlTemplate":"https:\/\/cottage-realestate.com\/fr\/?s={search_term_string}"},"query-input":"required name=search_term_string"}],"inLanguage":"fr-FR"},{"@type":"Organization","@id":"https:\/\/cottage-realestate.com\/fr\/#organization","name":"Cottage Real Estate","url":"https:\/\/cottage-realestate.com\/fr\/","logo":{"@type":"ImageObject","inLanguage":"fr-FR","@id":"https:\/\/cottage-realestate.com\/fr\/#\/schema\/logo\/image\/","url":"https:\/\/cottage-realestate.com\/wp-content\/uploads\/2020\/07\/logo.png","contentUrl":"https:\/\/cottage-realestate.com\/wp-content\/uploads\/2020\/07\/logo.png","width":167,"height":140,"caption":"Cottage Real Estate"},"image":{"@id":"https:\/\/cottage-realestate.com\/fr\/#\/schema\/logo\/image\/"},"sameAs":["https:\/\/www.facebook.com\/people\/Cottage-Real-Estate\/100091918536968\/","https:\/\/www.instagram.com\/cottagerealestatecom\/"]}]}},"_links":{"self":[{"href":"https:\/\/cottage-realestate.com\/fr\/wp-json\/wp\/v2\/pages\/2639","targetHints":{"allow":["GET"]}}],"collection":[{"href":"https:\/\/cottage-realestate.com\/fr\/wp-json\/wp\/v2\/pages"}],"about":[{"href":"https:\/\/cottage-realestate.com\/fr\/wp-json\/wp\/v2\/types\/page"}],"author":[{"embeddable":true,"href":"https:\/\/cottage-realestate.com\/fr\/wp-json\/wp\/v2\/users\/2"}],"replies":[{"embeddable":true,"href":"https:\/\/cottage-realestate.com\/fr\/wp-json\/wp\/v2\/comments?post=2639"}],"version-history":[{"count":6,"href":"https:\/\/cottage-realestate.com\/fr\/wp-json\/wp\/v2\/pages\/2639\/revisions"}],"predecessor-version":[{"id":2650,"href":"https:\/\/cottage-realestate.com\/fr\/wp-json\/wp\/v2\/pages\/2639\/revisions\/2650"}],"wp:attachment":[{"href":"https:\/\/cottage-realestate.com\/fr\/wp-json\/wp\/v2\/media?parent=2639"}],"curies":[{"name":"wp","href":"https:\/\/api.w.org\/{rel}","templated":true}]}}