{"id":2917,"date":"2023-07-17T10:08:19","date_gmt":"2023-07-17T08:08:19","guid":{"rendered":"https:\/\/cottage-realestate.com\/?page_id=2917"},"modified":"2023-07-17T10:14:20","modified_gmt":"2023-07-17T08:14:20","slug":"proprietes-de-maisons-de-vacances-aux-pays-bas","status":"publish","type":"page","link":"https:\/\/cottage-realestate.com\/fr\/proprietes-de-maisons-de-vacances-aux-pays-bas\/","title":{"rendered":"Propri\u00e9t\u00e9s de maisons de vacances aux Pays-Bas"},"content":{"rendered":"<section class=\"l-section wpb_row height_medium with_img\"><div class=\"l-section-img\" role=\"img\" style=\"background-image: url(https:\/\/cottage-realestate.com\/wp-content\/uploads\/2023\/04\/icons.png);\"><\/div><div class=\"l-section-overlay\" style=\"background:rgba(33,33,34,0.80)\"><\/div><div class=\"l-section-h i-cf\"><div class=\"g-cols vc_row via_flex valign_top type_default stacking_default\"><div class=\"vc_col-sm-12 wpb_column vc_column_container\"><div class=\"vc_column-inner\"><div class=\"wpb_wrapper\">[vc_custom_heading source=\u00a0\u00bbpost_title\u00a0\u00bb font_container=\u00a0\u00bbtag:h1|font_size:2.4rem|text_align:left|color:%23c0a555&Prime; use_theme_fonts=\u00a0\u00bbyes\u00a0\u00bb]<div class=\"w-separator size_medium\"><\/div><\/div><\/div><\/div><\/div><\/div><\/section><section class=\"l-section wpb_row height_medium\"><div class=\"l-section-h i-cf\"><div class=\"g-cols vc_row via_flex valign_top type_default stacking_default\"><div class=\"vc_col-sm-12 wpb_column vc_column_container\"><div class=\"vc_column-inner\"><div class=\"wpb_wrapper\"><div class=\"wpb_text_column us_custom_432d3f53\"><div class=\"wpb_wrapper\"><h2>Propri\u00e9t\u00e9s de maisons de vacances aux Pays-Bas : une \u00e9quipe d&rsquo;agents immobiliers transfrontaliers pour votre achat et vente<\/h2>\n<p>Poss\u00e9der une maison de vacances aux Pays-Bas est le r\u00eave de nombreux individus qui aspirent \u00e0 des s\u00e9jours relaxants et inoubliables dans un cadre idyllique. Avec leur paysage pittoresque, leurs charmants villages et leurs villes anim\u00e9es, les Pays-Bas offrent une multitude d&rsquo;options en mati\u00e8re de propri\u00e9t\u00e9s de maisons de vacances. Pour mener \u00e0 bien l&rsquo;achat ou la vente d&rsquo;une telle propri\u00e9t\u00e9 en toute fluidit\u00e9, le soutien d&rsquo;une \u00e9quipe d&rsquo;agents immobiliers exp\u00e9riment\u00e9s est inestimable.<\/p>\n<p>Notre \u00e9quipe d&rsquo;agents immobiliers germano-n\u00e9erlandaise s&rsquo;est sp\u00e9cialis\u00e9e dans la vente et l&rsquo;achat de propri\u00e9t\u00e9s de maisons de vacances aux Pays-Bas. Gr\u00e2ce \u00e0 la collaboration \u00e9troite de deux cultures et \u00e0 la connaissance des deux march\u00e9s, nous offrons \u00e0 nos clients une expertise unique ainsi qu&rsquo;une large gamme de services.<\/p>\n<p>Si vous souhaitez acheter une maison de vacances aux Pays-Bas, nous sommes l\u00e0 pour vous accompagner du d\u00e9but \u00e0 la fin. Notre \u00e9quipe poss\u00e8de une connaissance approfondie du march\u00e9 immobilier n\u00e9erlandais ainsi qu&rsquo;une base de donn\u00e9es compl\u00e8te des biens disponibles. Nous \u00e9coutons attentivement vos souhaits et besoins, et nous vous aidons \u00e0 trouver la maison de vacances parfaite correspondant \u00e0 vos attentes. Que vous recherchiez une ferme traditionnelle \u00e0 la campagne, une villa moderne au bord de l&rsquo;eau ou un charmant cottage en bord de mer, nous disposons de l&rsquo;expertise et des contacts n\u00e9cessaires pour r\u00e9aliser vos r\u00eaves.<\/p>\n<p>En tant qu&rsquo;\u00e9quipe d&rsquo;agents immobiliers compos\u00e9e de membres germanophones et n\u00e9erlandophones, nous facilitons l&rsquo;ensemble du processus d&rsquo;achat pour les clients germanophones. Nous nous occupons de la communication avec les vendeurs, apportons notre soutien pour les questions juridiques et vous accompagnons lors des visites sur place. De plus, nous offrons \u00e9galement une assistance en mati\u00e8re de financement et \u00e9tablissons des contacts avec des banques ou institutions financi\u00e8res allemandes.<\/p>\n<p>Si vous souhaitez vendre votre maison de vacances aux Pays-Bas, nous sommes \u00e9galement \u00e0 votre disposition. Notre \u00e9quipe d\u00e9veloppe une strat\u00e9gie de vente sur mesure pour pr\u00e9senter au mieux votre propri\u00e9t\u00e9 et attirer des acheteurs potentiels. Nous assurons la commercialisation dans les deux pays et utilisons diff\u00e9rents canaux pour rendre votre propri\u00e9t\u00e9 accessible \u00e0 un large public. Gr\u00e2ce \u00e0 notre vaste exp\u00e9rience dans la vente immobili\u00e8re et \u00e0 notre approche professionnelle, nous maximisons vos chances de vente et veillons \u00e0 ce que l&rsquo;ensemble du processus se d\u00e9roule en toute fluidit\u00e9.<\/p>\n<p>Notre \u00e9quipe d&rsquo;agents immobiliers germano-n\u00e9erlandaise accorde une grande importance \u00e0 l&rsquo;accompagnement personnalis\u00e9 et \u00e0 la communication transparente. Nous comprenons que l&rsquo;achat ou la vente d&rsquo;une propri\u00e9t\u00e9 de maison de vacances est une d\u00e9cision financi\u00e8re importante, et nous nous effor\u00e7ons constamment de prot\u00e9ger vos int\u00e9r\u00eats et de garantir votre satisfaction.<\/p>\n<p>Contactez notre \u00e9quipe d\u00e8s aujourd&rsquo;hui pour concr\u00e9tiser votre r\u00eave d&rsquo;une maison de vacances aux Pays-Bas. Nous sommes impatients de vous accompagner dans cette excitante aventure et de vous aider \u00e0 trouver ou vendre la propri\u00e9t\u00e9 de maison de vacances parfaite.<\/p>\n<\/div><\/div><\/div><\/div><\/div><\/div><\/div><\/section>\n","protected":false},"excerpt":{"rendered":"[vc_custom_heading source=\"post_title\" font_container=\"tag:h1|font_size:2.4rem|text_align:left|color:%23c0a555\" use_theme_fonts=\"yes\"]Propri\u00e9t\u00e9s de maisons de vacances aux Pays-Bas : une \u00e9quipe d&rsquo;agents immobiliers transfrontaliers pour votre achat et vente Poss\u00e9der une maison de vacances aux Pays-Bas est le r\u00eave de nombreux individus qui aspirent \u00e0 des s\u00e9jours relaxants et inoubliables dans un cadre idyllique. Avec leur paysage pittoresque, leurs charmants villages et leurs...","protected":false},"author":2,"featured_media":0,"parent":0,"menu_order":0,"comment_status":"closed","ping_status":"closed","template":"","meta":{"footnotes":""},"class_list":["post-2917","page","type-page","status-publish","hentry"],"acf":[],"yoast_head":"<!-- This site is optimized with the Yoast SEO plugin v20.11 - https:\/\/yoast.com\/wordpress\/plugins\/seo\/ -->\n<title>Propri\u00e9t\u00e9s de maisons de vacances aux Pays-Bas - Cottage Real Estate<\/title>\n<meta name=\"robots\" content=\"index, follow, max-snippet:-1, max-image-preview:large, max-video-preview:-1\" \/>\n<link rel=\"canonical\" href=\"https:\/\/cottage-realestate.com\/fr\/proprietes-de-maisons-de-vacances-aux-pays-bas\/\" \/>\n<meta property=\"og:locale\" content=\"fr_FR\" \/>\n<meta property=\"og:type\" content=\"article\" \/>\n<meta property=\"og:title\" content=\"Propri\u00e9t\u00e9s de maisons de vacances aux Pays-Bas - Cottage Real Estate\" \/>\n<meta property=\"og:url\" content=\"https:\/\/cottage-realestate.com\/fr\/proprietes-de-maisons-de-vacances-aux-pays-bas\/\" \/>\n<meta property=\"og:site_name\" content=\"Cottage Real Estate\" \/>\n<meta property=\"article:publisher\" content=\"https:\/\/www.facebook.com\/people\/Cottage-Real-Estate\/100091918536968\/\" \/>\n<meta property=\"article:modified_time\" content=\"2023-07-17T08:14:20+00:00\" \/>\n<meta property=\"og:image\" content=\"https:\/\/cottage-realestate.com\/wp-content\/uploads\/2023\/07\/Screen-1024x732.png\" \/>\n\t<meta property=\"og:image:width\" content=\"1024\" \/>\n\t<meta property=\"og:image:height\" content=\"732\" \/>\n\t<meta property=\"og:image:type\" content=\"image\/png\" \/>\n<meta name=\"twitter:card\" content=\"summary_large_image\" \/>\n<meta name=\"twitter:label1\" content=\"Dur\u00e9e de lecture estim\u00e9e\" \/>\n\t<meta name=\"twitter:data1\" content=\"3 minutes\" \/>\n<script type=\"application\/ld+json\" class=\"yoast-schema-graph\">{\"@context\":\"https:\/\/schema.org\",\"@graph\":[{\"@type\":\"WebPage\",\"@id\":\"https:\/\/cottage-realestate.com\/fr\/proprietes-de-maisons-de-vacances-aux-pays-bas\/\",\"url\":\"https:\/\/cottage-realestate.com\/fr\/proprietes-de-maisons-de-vacances-aux-pays-bas\/\",\"name\":\"Propri\u00e9t\u00e9s de maisons de vacances aux Pays-Bas - Cottage Real Estate\",\"isPartOf\":{\"@id\":\"https:\/\/cottage-realestate.com\/fr\/#website\"},\"datePublished\":\"2023-07-17T08:08:19+00:00\",\"dateModified\":\"2023-07-17T08:14:20+00:00\",\"breadcrumb\":{\"@id\":\"https:\/\/cottage-realestate.com\/fr\/proprietes-de-maisons-de-vacances-aux-pays-bas\/#breadcrumb\"},\"inLanguage\":\"fr-FR\",\"potentialAction\":[{\"@type\":\"ReadAction\",\"target\":[\"https:\/\/cottage-realestate.com\/fr\/proprietes-de-maisons-de-vacances-aux-pays-bas\/\"]}]},{\"@type\":\"BreadcrumbList\",\"@id\":\"https:\/\/cottage-realestate.com\/fr\/proprietes-de-maisons-de-vacances-aux-pays-bas\/#breadcrumb\",\"itemListElement\":[{\"@type\":\"ListItem\",\"position\":1,\"name\":\"Startseite\",\"item\":\"https:\/\/cottage-realestate.com\/fr\/\"},{\"@type\":\"ListItem\",\"position\":2,\"name\":\"Propri\u00e9t\u00e9s de maisons de vacances aux Pays-Bas\"}]},{\"@type\":\"WebSite\",\"@id\":\"https:\/\/cottage-realestate.com\/fr\/#website\",\"url\":\"https:\/\/cottage-realestate.com\/fr\/\",\"name\":\"Cottage Real Estate\",\"description\":\"Ferienh\u00e4user in Frankreich und Niederlande kaufen\",\"publisher\":{\"@id\":\"https:\/\/cottage-realestate.com\/fr\/#organization\"},\"potentialAction\":[{\"@type\":\"SearchAction\",\"target\":{\"@type\":\"EntryPoint\",\"urlTemplate\":\"https:\/\/cottage-realestate.com\/fr\/?s={search_term_string}\"},\"query-input\":\"required name=search_term_string\"}],\"inLanguage\":\"fr-FR\"},{\"@type\":\"Organization\",\"@id\":\"https:\/\/cottage-realestate.com\/fr\/#organization\",\"name\":\"Cottage Real Estate\",\"url\":\"https:\/\/cottage-realestate.com\/fr\/\",\"logo\":{\"@type\":\"ImageObject\",\"inLanguage\":\"fr-FR\",\"@id\":\"https:\/\/cottage-realestate.com\/fr\/#\/schema\/logo\/image\/\",\"url\":\"https:\/\/cottage-realestate.com\/wp-content\/uploads\/2020\/07\/logo.png\",\"contentUrl\":\"https:\/\/cottage-realestate.com\/wp-content\/uploads\/2020\/07\/logo.png\",\"width\":167,\"height\":140,\"caption\":\"Cottage Real Estate\"},\"image\":{\"@id\":\"https:\/\/cottage-realestate.com\/fr\/#\/schema\/logo\/image\/\"},\"sameAs\":[\"https:\/\/www.facebook.com\/people\/Cottage-Real-Estate\/100091918536968\/\",\"https:\/\/www.instagram.com\/cottagerealestatecom\/\"]}]}<\/script>\n<!-- \/ Yoast SEO plugin. -->","yoast_head_json":{"title":"Propri\u00e9t\u00e9s de maisons de vacances aux Pays-Bas - Cottage Real Estate","robots":{"index":"index","follow":"follow","max-snippet":"max-snippet:-1","max-image-preview":"max-image-preview:large","max-video-preview":"max-video-preview:-1"},"canonical":"https:\/\/cottage-realestate.com\/fr\/proprietes-de-maisons-de-vacances-aux-pays-bas\/","og_locale":"fr_FR","og_type":"article","og_title":"Propri\u00e9t\u00e9s de maisons de vacances aux Pays-Bas - Cottage Real Estate","og_url":"https:\/\/cottage-realestate.com\/fr\/proprietes-de-maisons-de-vacances-aux-pays-bas\/","og_site_name":"Cottage Real Estate","article_publisher":"https:\/\/www.facebook.com\/people\/Cottage-Real-Estate\/100091918536968\/","article_modified_time":"2023-07-17T08:14:20+00:00","og_image":[{"width":1024,"height":732,"url":"https:\/\/cottage-realestate.com\/wp-content\/uploads\/2023\/07\/Screen-1024x732.png","type":"image\/png"}],"twitter_card":"summary_large_image","twitter_misc":{"Dur\u00e9e de lecture estim\u00e9e":"3 minutes"},"schema":{"@context":"https:\/\/schema.org","@graph":[{"@type":"WebPage","@id":"https:\/\/cottage-realestate.com\/fr\/proprietes-de-maisons-de-vacances-aux-pays-bas\/","url":"https:\/\/cottage-realestate.com\/fr\/proprietes-de-maisons-de-vacances-aux-pays-bas\/","name":"Propri\u00e9t\u00e9s de maisons de vacances aux Pays-Bas - Cottage Real Estate","isPartOf":{"@id":"https:\/\/cottage-realestate.com\/fr\/#website"},"datePublished":"2023-07-17T08:08:19+00:00","dateModified":"2023-07-17T08:14:20+00:00","breadcrumb":{"@id":"https:\/\/cottage-realestate.com\/fr\/proprietes-de-maisons-de-vacances-aux-pays-bas\/#breadcrumb"},"inLanguage":"fr-FR","potentialAction":[{"@type":"ReadAction","target":["https:\/\/cottage-realestate.com\/fr\/proprietes-de-maisons-de-vacances-aux-pays-bas\/"]}]},{"@type":"BreadcrumbList","@id":"https:\/\/cottage-realestate.com\/fr\/proprietes-de-maisons-de-vacances-aux-pays-bas\/#breadcrumb","itemListElement":[{"@type":"ListItem","position":1,"name":"Startseite","item":"https:\/\/cottage-realestate.com\/fr\/"},{"@type":"ListItem","position":2,"name":"Propri\u00e9t\u00e9s de maisons de vacances aux Pays-Bas"}]},{"@type":"WebSite","@id":"https:\/\/cottage-realestate.com\/fr\/#website","url":"https:\/\/cottage-realestate.com\/fr\/","name":"Cottage Real Estate","description":"Ferienh\u00e4user in Frankreich und Niederlande kaufen","publisher":{"@id":"https:\/\/cottage-realestate.com\/fr\/#organization"},"potentialAction":[{"@type":"SearchAction","target":{"@type":"EntryPoint","urlTemplate":"https:\/\/cottage-realestate.com\/fr\/?s={search_term_string}"},"query-input":"required name=search_term_string"}],"inLanguage":"fr-FR"},{"@type":"Organization","@id":"https:\/\/cottage-realestate.com\/fr\/#organization","name":"Cottage Real Estate","url":"https:\/\/cottage-realestate.com\/fr\/","logo":{"@type":"ImageObject","inLanguage":"fr-FR","@id":"https:\/\/cottage-realestate.com\/fr\/#\/schema\/logo\/image\/","url":"https:\/\/cottage-realestate.com\/wp-content\/uploads\/2020\/07\/logo.png","contentUrl":"https:\/\/cottage-realestate.com\/wp-content\/uploads\/2020\/07\/logo.png","width":167,"height":140,"caption":"Cottage Real Estate"},"image":{"@id":"https:\/\/cottage-realestate.com\/fr\/#\/schema\/logo\/image\/"},"sameAs":["https:\/\/www.facebook.com\/people\/Cottage-Real-Estate\/100091918536968\/","https:\/\/www.instagram.com\/cottagerealestatecom\/"]}]}},"_links":{"self":[{"href":"https:\/\/cottage-realestate.com\/fr\/wp-json\/wp\/v2\/pages\/2917","targetHints":{"allow":["GET"]}}],"collection":[{"href":"https:\/\/cottage-realestate.com\/fr\/wp-json\/wp\/v2\/pages"}],"about":[{"href":"https:\/\/cottage-realestate.com\/fr\/wp-json\/wp\/v2\/types\/page"}],"author":[{"embeddable":true,"href":"https:\/\/cottage-realestate.com\/fr\/wp-json\/wp\/v2\/users\/2"}],"replies":[{"embeddable":true,"href":"https:\/\/cottage-realestate.com\/fr\/wp-json\/wp\/v2\/comments?post=2917"}],"version-history":[{"count":1,"href":"https:\/\/cottage-realestate.com\/fr\/wp-json\/wp\/v2\/pages\/2917\/revisions"}],"predecessor-version":[{"id":2918,"href":"https:\/\/cottage-realestate.com\/fr\/wp-json\/wp\/v2\/pages\/2917\/revisions\/2918"}],"wp:attachment":[{"href":"https:\/\/cottage-realestate.com\/fr\/wp-json\/wp\/v2\/media?parent=2917"}],"curies":[{"name":"wp","href":"https:\/\/api.w.org\/{rel}","templated":true}]}}