{"id":2033,"date":"2023-07-13T15:09:03","date_gmt":"2023-07-13T13:09:03","guid":{"rendered":"https:\/\/cottage-realestate.com\/?post_type=product&#038;p=2033"},"modified":"2023-09-19T15:20:31","modified_gmt":"2023-09-19T13:20:31","slug":"merlot-29","status":"publish","type":"product","link":"https:\/\/cottage-realestate.com\/fr\/ferienhaeuser\/merlot-29\/","title":{"rendered":"Merlot 29"},"content":{"rendered":"<section class=\"l-section wpb_row height_medium\"><div class=\"l-section-h i-cf\"><div class=\"g-cols vc_row via_flex valign_top type_default stacking_default\"><div class=\"vc_col-sm-12 wpb_column vc_column_container\"><div class=\"vc_column-inner\"><div class=\"wpb_wrapper\"><div class=\"wpb_text_column us_custom_432d3f53\"><div class=\"wpb_wrapper\"><p>Bienvenue dans le magnifique Domaine de Lanzac, o\u00f9 le luxueux bungalow \u00ab\u00a0Merlot\u00a0\u00bb vous attend. Ce bungalow chic peut accueillir jusqu&rsquo;\u00e0 six personnes et dispose d&rsquo;un espace de vie g\u00e9n\u00e9reux de 85 m\u00e8tres carr\u00e9s. Mais ce n&rsquo;est pas tout : il est \u00e9galement entour\u00e9 de son propre terrain, dont la superficie varie de 259 \u00e0 430 m\u00e8tres carr\u00e9s.<\/p>\n<p>En entrant dans le bungalow, vous \u00eates accueilli par un concept de vie ouvert et lumineux. Les pi\u00e8ces baign\u00e9es de lumi\u00e8re cr\u00e9ent une atmosph\u00e8re chaleureuse et accueillante qui vous invite \u00e0 vous d\u00e9tendre et \u00e0 profiter. La cuisine ouverte est \u00e9quip\u00e9e de tous les appareils modernes dont vous avez besoin pour pr\u00e9parer de d\u00e9licieux repas. Vous y trouverez \u00e9galement de nombreux espaces de rangement pour ranger vos provisions.<\/p>\n<p>La terrasse couverte, \u00e9quip\u00e9e d&rsquo;un mobilier de jardin confortable, est un point fort du bungalow. Vous pourrez y prendre vos repas en plein air, prendre un bain de soleil ou simplement admirer les environs pittoresques. Le jardin priv\u00e9 vous offre l&rsquo;opportunit\u00e9 de laisser libre cours \u00e0 vos talents d&rsquo;\u00e9cologiste et d&rsquo;am\u00e9nager l&rsquo;espace ext\u00e9rieur selon vos souhaits.<\/p>\n<p>La salle de bains du bungalow, baign\u00e9e de lumi\u00e8re, est \u00e9quip\u00e9e d&rsquo;une baignoire et d&rsquo;une douche pour vous permettre de vous rafra\u00eechir apr\u00e8s une journ\u00e9e bien remplie. C&rsquo;est un lieu de d\u00e9tente o\u00f9 vous pouvez venir vous reposer et oublier vos soucis.<\/p>\n<p>Pour une nuit de sommeil r\u00e9parateur, le bungalow dispose de trois chambres douillettes. Vous y trouverez des lits confortables et une atmosph\u00e8re paisible qui vous permettront de passer une nuit reposante. Vous pouvez \u00eatre s\u00fbr que le lendemain matin, vous serez repos\u00e9 et pr\u00eat \u00e0 vivre de nouvelles aventures dans la r\u00e9gion.<\/p>\n<p>Le Domaine de Lanzac est un v\u00e9ritable paradis pour les amoureux de la nature et de la culture. Il est situ\u00e9 dans un cadre charmant et vous offre de nombreuses possibilit\u00e9s d&rsquo;activit\u00e9s de plein air telles que la randonn\u00e9e, le cyclisme et l&rsquo;exploration. Dans les environs, vous trouverez \u00e9galement des villages pittoresques, des sites historiques et de d\u00e9licieux restaurants o\u00f9 vous pourrez go\u00fbter \u00e0 la cuisine locale.<\/p>\n<p>Le bungalow \u00ab\u00a0Merlot\u00a0\u00bb du Domaine de Lanzac est l&rsquo;endroit id\u00e9al pour passer des vacances inoubliables en famille ou entre amis. Avec son mobilier confortable, sa situation idyllique et son large \u00e9ventail d&rsquo;activit\u00e9s de loisirs, il ne manquera pas de d\u00e9passer toutes vos attentes. N&rsquo;h\u00e9sitez plus et r\u00e9servez votre petite retraite dans ce charmant domaine.<\/p>\n<\/div><\/div><\/div><\/div><\/div><\/div><\/div><\/section>\n","protected":false},"excerpt":{"rendered":"Bienvenue dans le magnifique Domaine de Lanzac, o\u00f9 le luxueux bungalow \u00ab\u00a0Merlot\u00a0\u00bb vous attend. Ce bungalow chic peut accueillir jusqu&rsquo;\u00e0 six personnes et dispose d&rsquo;un espace de vie g\u00e9n\u00e9reux de 85 m\u00e8tres carr\u00e9s. Mais ce n&rsquo;est pas tout : il est \u00e9galement entour\u00e9 de son propre terrain, dont la superficie varie de 259 \u00e0 430...","protected":false},"featured_media":3103,"comment_status":"closed","ping_status":"closed","template":"","meta":[],"product_cat":[45],"product_tag":[],"class_list":["post-2033","product","type-product","status-publish","has-post-thumbnail","hentry","product_cat-lanzac-fr"],"acf":[],"yoast_head":"<!-- This site is optimized with the Yoast SEO plugin v20.11 - https:\/\/yoast.com\/wordpress\/plugins\/seo\/ -->\n<title>Merlot 29 - Cottage Real Estate<\/title>\n<meta name=\"robots\" content=\"index, follow, max-snippet:-1, max-image-preview:large, max-video-preview:-1\" \/>\n<link rel=\"canonical\" href=\"https:\/\/cottage-realestate.com\/fr\/ferienhaeuser\/merlot-29\/\" \/>\n<meta property=\"og:locale\" content=\"fr_FR\" \/>\n<meta property=\"og:type\" content=\"article\" \/>\n<meta property=\"og:title\" content=\"Merlot 29 - Cottage Real Estate\" \/>\n<meta property=\"og:url\" content=\"https:\/\/cottage-realestate.com\/fr\/ferienhaeuser\/merlot-29\/\" \/>\n<meta property=\"og:site_name\" content=\"Cottage Real Estate\" \/>\n<meta property=\"article:publisher\" content=\"https:\/\/www.facebook.com\/people\/Cottage-Real-Estate\/100091918536968\/\" \/>\n<meta property=\"article:modified_time\" content=\"2023-09-19T13:20:31+00:00\" \/>\n<meta property=\"og:image\" content=\"https:\/\/cottage-realestate.com\/wp-content\/uploads\/2023\/07\/IMG_3046-1-scaled.jpg\" \/>\n\t<meta property=\"og:image:width\" content=\"960\" \/>\n\t<meta property=\"og:image:height\" content=\"564\" \/>\n\t<meta property=\"og:image:type\" content=\"image\/jpeg\" \/>\n<meta name=\"twitter:card\" content=\"summary_large_image\" \/>\n<meta name=\"twitter:label1\" content=\"Dur\u00e9e de lecture estim\u00e9e\" \/>\n\t<meta name=\"twitter:data1\" content=\"3 minutes\" \/>\n<script type=\"application\/ld+json\" class=\"yoast-schema-graph\">{\"@context\":\"https:\/\/schema.org\",\"@graph\":[{\"@type\":\"WebPage\",\"@id\":\"https:\/\/cottage-realestate.com\/fr\/ferienhaeuser\/merlot-29\/\",\"url\":\"https:\/\/cottage-realestate.com\/fr\/ferienhaeuser\/merlot-29\/\",\"name\":\"Merlot 29 - Cottage Real Estate\",\"isPartOf\":{\"@id\":\"https:\/\/cottage-realestate.com\/fr\/#website\"},\"datePublished\":\"2023-07-13T13:09:03+00:00\",\"dateModified\":\"2023-09-19T13:20:31+00:00\",\"breadcrumb\":{\"@id\":\"https:\/\/cottage-realestate.com\/fr\/ferienhaeuser\/merlot-29\/#breadcrumb\"},\"inLanguage\":\"fr-FR\",\"potentialAction\":[{\"@type\":\"ReadAction\",\"target\":[\"https:\/\/cottage-realestate.com\/fr\/ferienhaeuser\/merlot-29\/\"]}]},{\"@type\":\"BreadcrumbList\",\"@id\":\"https:\/\/cottage-realestate.com\/fr\/ferienhaeuser\/merlot-29\/#breadcrumb\",\"itemListElement\":[{\"@type\":\"ListItem\",\"position\":1,\"name\":\"Startseite\",\"item\":\"https:\/\/cottage-realestate.com\/fr\/\"},{\"@type\":\"ListItem\",\"position\":2,\"name\":\"Products\",\"item\":\"https:\/\/cottage-realestate.com\/fr\/shop\/\"},{\"@type\":\"ListItem\",\"position\":3,\"name\":\"Merlot 29\"}]},{\"@type\":\"WebSite\",\"@id\":\"https:\/\/cottage-realestate.com\/fr\/#website\",\"url\":\"https:\/\/cottage-realestate.com\/fr\/\",\"name\":\"Cottage Real Estate\",\"description\":\"Ferienh\u00e4user in Frankreich und Niederlande kaufen\",\"publisher\":{\"@id\":\"https:\/\/cottage-realestate.com\/fr\/#organization\"},\"potentialAction\":[{\"@type\":\"SearchAction\",\"target\":{\"@type\":\"EntryPoint\",\"urlTemplate\":\"https:\/\/cottage-realestate.com\/fr\/?s={search_term_string}\"},\"query-input\":\"required name=search_term_string\"}],\"inLanguage\":\"fr-FR\"},{\"@type\":\"Organization\",\"@id\":\"https:\/\/cottage-realestate.com\/fr\/#organization\",\"name\":\"Cottage Real Estate\",\"url\":\"https:\/\/cottage-realestate.com\/fr\/\",\"logo\":{\"@type\":\"ImageObject\",\"inLanguage\":\"fr-FR\",\"@id\":\"https:\/\/cottage-realestate.com\/fr\/#\/schema\/logo\/image\/\",\"url\":\"https:\/\/cottage-realestate.com\/wp-content\/uploads\/2020\/07\/logo.png\",\"contentUrl\":\"https:\/\/cottage-realestate.com\/wp-content\/uploads\/2020\/07\/logo.png\",\"width\":167,\"height\":140,\"caption\":\"Cottage Real Estate\"},\"image\":{\"@id\":\"https:\/\/cottage-realestate.com\/fr\/#\/schema\/logo\/image\/\"},\"sameAs\":[\"https:\/\/www.facebook.com\/people\/Cottage-Real-Estate\/100091918536968\/\",\"https:\/\/www.instagram.com\/cottagerealestatecom\/\"]}]}<\/script>\n<!-- \/ Yoast SEO plugin. -->","yoast_head_json":{"title":"Merlot 29 - Cottage Real Estate","robots":{"index":"index","follow":"follow","max-snippet":"max-snippet:-1","max-image-preview":"max-image-preview:large","max-video-preview":"max-video-preview:-1"},"canonical":"https:\/\/cottage-realestate.com\/fr\/ferienhaeuser\/merlot-29\/","og_locale":"fr_FR","og_type":"article","og_title":"Merlot 29 - Cottage Real Estate","og_url":"https:\/\/cottage-realestate.com\/fr\/ferienhaeuser\/merlot-29\/","og_site_name":"Cottage Real Estate","article_publisher":"https:\/\/www.facebook.com\/people\/Cottage-Real-Estate\/100091918536968\/","article_modified_time":"2023-09-19T13:20:31+00:00","og_image":[{"width":960,"height":564,"url":"https:\/\/cottage-realestate.com\/wp-content\/uploads\/2023\/07\/IMG_3046-1-scaled.jpg","type":"image\/jpeg"}],"twitter_card":"summary_large_image","twitter_misc":{"Dur\u00e9e de lecture estim\u00e9e":"3 minutes"},"schema":{"@context":"https:\/\/schema.org","@graph":[{"@type":"WebPage","@id":"https:\/\/cottage-realestate.com\/fr\/ferienhaeuser\/merlot-29\/","url":"https:\/\/cottage-realestate.com\/fr\/ferienhaeuser\/merlot-29\/","name":"Merlot 29 - Cottage Real Estate","isPartOf":{"@id":"https:\/\/cottage-realestate.com\/fr\/#website"},"datePublished":"2023-07-13T13:09:03+00:00","dateModified":"2023-09-19T13:20:31+00:00","breadcrumb":{"@id":"https:\/\/cottage-realestate.com\/fr\/ferienhaeuser\/merlot-29\/#breadcrumb"},"inLanguage":"fr-FR","potentialAction":[{"@type":"ReadAction","target":["https:\/\/cottage-realestate.com\/fr\/ferienhaeuser\/merlot-29\/"]}]},{"@type":"BreadcrumbList","@id":"https:\/\/cottage-realestate.com\/fr\/ferienhaeuser\/merlot-29\/#breadcrumb","itemListElement":[{"@type":"ListItem","position":1,"name":"Startseite","item":"https:\/\/cottage-realestate.com\/fr\/"},{"@type":"ListItem","position":2,"name":"Products","item":"https:\/\/cottage-realestate.com\/fr\/shop\/"},{"@type":"ListItem","position":3,"name":"Merlot 29"}]},{"@type":"WebSite","@id":"https:\/\/cottage-realestate.com\/fr\/#website","url":"https:\/\/cottage-realestate.com\/fr\/","name":"Cottage Real Estate","description":"Ferienh\u00e4user in Frankreich und Niederlande kaufen","publisher":{"@id":"https:\/\/cottage-realestate.com\/fr\/#organization"},"potentialAction":[{"@type":"SearchAction","target":{"@type":"EntryPoint","urlTemplate":"https:\/\/cottage-realestate.com\/fr\/?s={search_term_string}"},"query-input":"required name=search_term_string"}],"inLanguage":"fr-FR"},{"@type":"Organization","@id":"https:\/\/cottage-realestate.com\/fr\/#organization","name":"Cottage Real Estate","url":"https:\/\/cottage-realestate.com\/fr\/","logo":{"@type":"ImageObject","inLanguage":"fr-FR","@id":"https:\/\/cottage-realestate.com\/fr\/#\/schema\/logo\/image\/","url":"https:\/\/cottage-realestate.com\/wp-content\/uploads\/2020\/07\/logo.png","contentUrl":"https:\/\/cottage-realestate.com\/wp-content\/uploads\/2020\/07\/logo.png","width":167,"height":140,"caption":"Cottage Real Estate"},"image":{"@id":"https:\/\/cottage-realestate.com\/fr\/#\/schema\/logo\/image\/"},"sameAs":["https:\/\/www.facebook.com\/people\/Cottage-Real-Estate\/100091918536968\/","https:\/\/www.instagram.com\/cottagerealestatecom\/"]}]}},"_links":{"self":[{"href":"https:\/\/cottage-realestate.com\/fr\/wp-json\/wp\/v2\/product\/2033","targetHints":{"allow":["GET"]}}],"collection":[{"href":"https:\/\/cottage-realestate.com\/fr\/wp-json\/wp\/v2\/product"}],"about":[{"href":"https:\/\/cottage-realestate.com\/fr\/wp-json\/wp\/v2\/types\/product"}],"replies":[{"embeddable":true,"href":"https:\/\/cottage-realestate.com\/fr\/wp-json\/wp\/v2\/comments?post=2033"}],"wp:featuredmedia":[{"embeddable":true,"href":"https:\/\/cottage-realestate.com\/fr\/wp-json\/wp\/v2\/media\/3103"}],"wp:attachment":[{"href":"https:\/\/cottage-realestate.com\/fr\/wp-json\/wp\/v2\/media?parent=2033"}],"wp:term":[{"taxonomy":"product_cat","embeddable":true,"href":"https:\/\/cottage-realestate.com\/fr\/wp-json\/wp\/v2\/product_cat?post=2033"},{"taxonomy":"product_tag","embeddable":true,"href":"https:\/\/cottage-realestate.com\/fr\/wp-json\/wp\/v2\/product_tag?post=2033"}],"curies":[{"name":"wp","href":"https:\/\/api.w.org\/{rel}","templated":true}]}}