{"id":2045,"date":"2023-07-13T11:38:34","date_gmt":"2023-07-13T09:38:34","guid":{"rendered":"https:\/\/cottage-realestate.com\/?post_type=product&#038;p=2045"},"modified":"2023-07-14T12:22:02","modified_gmt":"2023-07-14T10:22:02","slug":"cinsault-35","status":"publish","type":"product","link":"https:\/\/cottage-realestate.com\/fr\/ferienhaeuser\/cinsault-35\/","title":{"rendered":"Cinsault 35"},"content":{"rendered":"<section class=\"l-section wpb_row height_medium\"><div class=\"l-section-h i-cf\"><div class=\"g-cols vc_row via_flex valign_top type_default stacking_default\"><div class=\"vc_col-sm-12 wpb_column vc_column_container\"><div class=\"vc_column-inner\"><div class=\"wpb_wrapper\"><div class=\"wpb_text_column\"><div class=\"wpb_wrapper\"><p>Bienvenue dans la villa chic \u00ab\u00a0Cinsault\u00a0\u00bb de la charmante R\u00e9sidence Domaine de Lanzac. Cette luxueuse villa peut accueillir jusqu&rsquo;\u00e0 huit personnes et impressionne par son mobilier \u00e9l\u00e9gant et son espace de vie spacieux d&rsquo;une superficie totale de 140 m\u00e8tres carr\u00e9s, r\u00e9partis sur deux \u00e9tages.<\/p>\n<p>En entrant dans la villa, vous \u00eates accueilli par un concept de vie ouvert et lumineux. La cuisine ouverte, spacieuse et moderne, est \u00e9quip\u00e9e de tous les appareils \u00e9lectrom\u00e9nagers de haute qualit\u00e9 dont vous avez besoin pour laisser libre cours \u00e0 votre art culinaire. Vous y trouverez de nombreux espaces de rangement pour ranger vos ustensiles de cuisine et assurer une bonne fonctionnalit\u00e9.<\/p>\n<p>Le salon offre un espace confortable et \u00e9l\u00e9gant pour se d\u00e9tendre et passer du temps avec la famille et les amis. La lumi\u00e8re du jour p\u00e9n\u00e8tre par les grandes fen\u00eatres, ce qui conf\u00e8re \u00e0 la pi\u00e8ce une atmosph\u00e8re agr\u00e9able. De l\u00e0, vous avez acc\u00e8s \u00e0 la terrasse couverte o\u00f9 vous pouvez prendre vos repas \u00e0 l&rsquo;ext\u00e9rieur. Des meubles de jardin sont fournis pour faire de vos soir\u00e9es de d\u00e9tente en plein air une exp\u00e9rience inoubliable.<\/p>\n<p>La villa \u00ab\u00a0Cinsault\u00a0\u00bb dispose de quatre belles chambres baign\u00e9es de lumi\u00e8re qui vous invitent \u00e0 un sommeil r\u00e9parateur et \u00e0 de doux r\u00eaves. Les lits de grande qualit\u00e9 et le mobilier \u00e9l\u00e9gant cr\u00e9ent une atmosph\u00e8re harmonieuse. La chambre principale offre \u00e9galement un acc\u00e8s direct \u00e0 sa propre salle de bains. Celle-ci est \u00e9quip\u00e9e d&rsquo;une baignoire, d&rsquo;une douche et d&rsquo;un WC et vous permet de faire une pause relaxante dans la vie quotidienne.<\/p>\n<p>La villa dispose en outre d&rsquo;une autre salle de bains, partag\u00e9e par les autres chambres. Vous y trouverez \u00e9galement une baignoire, une douche et un WC. De plus, il y a un WC s\u00e9par\u00e9 pour les invit\u00e9s, ce qui augmente le confort de vos invit\u00e9s.<\/p>\n<p>La villa \u00ab\u00a0Cinsault\u00a0\u00bb ne convainc pas seulement par sa beaut\u00e9 int\u00e9rieure, mais aussi par son propre terrain. Celui-ci s&rsquo;\u00e9tend sur une superficie de 230 \u00e0 430 m\u00e8tres carr\u00e9s et vous offre la possibilit\u00e9 d&rsquo;am\u00e9nager votre propre jardin.<\/p>\n<p>La R\u00e9sidence Domaine de Lanzac est un complexe r\u00e9sidentiel exclusif qui vous offre un haut niveau d&rsquo;intimit\u00e9 et de s\u00e9curit\u00e9. Ici, vous pouvez profiter de la tranquillit\u00e9 et de la beaut\u00e9 de la nature environnante tout en b\u00e9n\u00e9ficiant des commodit\u00e9s de la communaut\u00e9. La villa \u00ab\u00a0Cinsault\u00a0\u00bb convient aussi bien \u00e0 un usage priv\u00e9 qu&rsquo;\u00e0 une location avec un rendement stable.<\/p>\n<p>Prenez le temps de visiter cette villa unique et laissez-vous s\u00e9duire par son charme. La villa \u00ab\u00a0Cinsault\u00a0\u00bb est pr\u00eate \u00e0 vous offrir une maison luxueuse et confortable qui r\u00e9pondra \u00e0 vos besoins.<\/p>\n<\/div><\/div><\/div><\/div><\/div><\/div><\/div><\/section>\n","protected":false},"excerpt":{"rendered":"Bienvenue dans la villa chic \u00ab\u00a0Cinsault\u00a0\u00bb de la charmante R\u00e9sidence Domaine de Lanzac. Cette luxueuse villa peut accueillir jusqu&rsquo;\u00e0 huit personnes et impressionne par son mobilier \u00e9l\u00e9gant et son espace de vie spacieux d&rsquo;une superficie totale de 140 m\u00e8tres carr\u00e9s, r\u00e9partis sur deux \u00e9tages. En entrant dans la villa, vous \u00eates accueilli par un concept...","protected":false},"featured_media":1300,"comment_status":"closed","ping_status":"closed","template":"","meta":[],"product_cat":[45],"product_tag":[],"class_list":["post-2045","product","type-product","status-publish","has-post-thumbnail","hentry","product_cat-lanzac-fr"],"acf":[],"yoast_head":"<!-- This site is optimized with the Yoast SEO plugin v20.11 - https:\/\/yoast.com\/wordpress\/plugins\/seo\/ -->\n<title>Cinsault 35 - Cottage Real Estate<\/title>\n<meta name=\"robots\" content=\"index, follow, max-snippet:-1, max-image-preview:large, max-video-preview:-1\" \/>\n<link rel=\"canonical\" href=\"https:\/\/cottage-realestate.com\/fr\/ferienhaeuser\/cinsault-35\/\" \/>\n<meta property=\"og:locale\" content=\"fr_FR\" \/>\n<meta property=\"og:type\" content=\"article\" \/>\n<meta property=\"og:title\" content=\"Cinsault 35 - Cottage Real Estate\" \/>\n<meta property=\"og:url\" content=\"https:\/\/cottage-realestate.com\/fr\/ferienhaeuser\/cinsault-35\/\" \/>\n<meta property=\"og:site_name\" content=\"Cottage Real Estate\" \/>\n<meta property=\"article:publisher\" content=\"https:\/\/www.facebook.com\/people\/Cottage-Real-Estate\/100091918536968\/\" \/>\n<meta property=\"article:modified_time\" content=\"2023-07-14T10:22:02+00:00\" \/>\n<meta property=\"og:image\" content=\"https:\/\/cottage-realestate.com\/wp-content\/uploads\/2023\/07\/Cinsault_1.jpg\" \/>\n\t<meta property=\"og:image:width\" content=\"831\" \/>\n\t<meta property=\"og:image:height\" content=\"561\" \/>\n\t<meta property=\"og:image:type\" content=\"image\/jpeg\" \/>\n<meta name=\"twitter:card\" content=\"summary_large_image\" \/>\n<meta name=\"twitter:label1\" content=\"Dur\u00e9e de lecture estim\u00e9e\" \/>\n\t<meta name=\"twitter:data1\" content=\"3 minutes\" \/>\n<script type=\"application\/ld+json\" class=\"yoast-schema-graph\">{\"@context\":\"https:\/\/schema.org\",\"@graph\":[{\"@type\":\"WebPage\",\"@id\":\"https:\/\/cottage-realestate.com\/fr\/ferienhaeuser\/cinsault-35\/\",\"url\":\"https:\/\/cottage-realestate.com\/fr\/ferienhaeuser\/cinsault-35\/\",\"name\":\"Cinsault 35 - Cottage Real Estate\",\"isPartOf\":{\"@id\":\"https:\/\/cottage-realestate.com\/fr\/#website\"},\"datePublished\":\"2023-07-13T09:38:34+00:00\",\"dateModified\":\"2023-07-14T10:22:02+00:00\",\"breadcrumb\":{\"@id\":\"https:\/\/cottage-realestate.com\/fr\/ferienhaeuser\/cinsault-35\/#breadcrumb\"},\"inLanguage\":\"fr-FR\",\"potentialAction\":[{\"@type\":\"ReadAction\",\"target\":[\"https:\/\/cottage-realestate.com\/fr\/ferienhaeuser\/cinsault-35\/\"]}]},{\"@type\":\"BreadcrumbList\",\"@id\":\"https:\/\/cottage-realestate.com\/fr\/ferienhaeuser\/cinsault-35\/#breadcrumb\",\"itemListElement\":[{\"@type\":\"ListItem\",\"position\":1,\"name\":\"Startseite\",\"item\":\"https:\/\/cottage-realestate.com\/fr\/\"},{\"@type\":\"ListItem\",\"position\":2,\"name\":\"Products\",\"item\":\"https:\/\/cottage-realestate.com\/fr\/shop\/\"},{\"@type\":\"ListItem\",\"position\":3,\"name\":\"Cinsault 35\"}]},{\"@type\":\"WebSite\",\"@id\":\"https:\/\/cottage-realestate.com\/fr\/#website\",\"url\":\"https:\/\/cottage-realestate.com\/fr\/\",\"name\":\"Cottage Real Estate\",\"description\":\"Ferienh\u00e4user in Frankreich und Niederlande kaufen\",\"publisher\":{\"@id\":\"https:\/\/cottage-realestate.com\/fr\/#organization\"},\"potentialAction\":[{\"@type\":\"SearchAction\",\"target\":{\"@type\":\"EntryPoint\",\"urlTemplate\":\"https:\/\/cottage-realestate.com\/fr\/?s={search_term_string}\"},\"query-input\":\"required name=search_term_string\"}],\"inLanguage\":\"fr-FR\"},{\"@type\":\"Organization\",\"@id\":\"https:\/\/cottage-realestate.com\/fr\/#organization\",\"name\":\"Cottage Real Estate\",\"url\":\"https:\/\/cottage-realestate.com\/fr\/\",\"logo\":{\"@type\":\"ImageObject\",\"inLanguage\":\"fr-FR\",\"@id\":\"https:\/\/cottage-realestate.com\/fr\/#\/schema\/logo\/image\/\",\"url\":\"https:\/\/cottage-realestate.com\/wp-content\/uploads\/2020\/07\/logo.png\",\"contentUrl\":\"https:\/\/cottage-realestate.com\/wp-content\/uploads\/2020\/07\/logo.png\",\"width\":167,\"height\":140,\"caption\":\"Cottage Real Estate\"},\"image\":{\"@id\":\"https:\/\/cottage-realestate.com\/fr\/#\/schema\/logo\/image\/\"},\"sameAs\":[\"https:\/\/www.facebook.com\/people\/Cottage-Real-Estate\/100091918536968\/\",\"https:\/\/www.instagram.com\/cottagerealestatecom\/\"]}]}<\/script>\n<!-- \/ Yoast SEO plugin. -->","yoast_head_json":{"title":"Cinsault 35 - Cottage Real Estate","robots":{"index":"index","follow":"follow","max-snippet":"max-snippet:-1","max-image-preview":"max-image-preview:large","max-video-preview":"max-video-preview:-1"},"canonical":"https:\/\/cottage-realestate.com\/fr\/ferienhaeuser\/cinsault-35\/","og_locale":"fr_FR","og_type":"article","og_title":"Cinsault 35 - Cottage Real Estate","og_url":"https:\/\/cottage-realestate.com\/fr\/ferienhaeuser\/cinsault-35\/","og_site_name":"Cottage Real Estate","article_publisher":"https:\/\/www.facebook.com\/people\/Cottage-Real-Estate\/100091918536968\/","article_modified_time":"2023-07-14T10:22:02+00:00","og_image":[{"width":831,"height":561,"url":"https:\/\/cottage-realestate.com\/wp-content\/uploads\/2023\/07\/Cinsault_1.jpg","type":"image\/jpeg"}],"twitter_card":"summary_large_image","twitter_misc":{"Dur\u00e9e de lecture estim\u00e9e":"3 minutes"},"schema":{"@context":"https:\/\/schema.org","@graph":[{"@type":"WebPage","@id":"https:\/\/cottage-realestate.com\/fr\/ferienhaeuser\/cinsault-35\/","url":"https:\/\/cottage-realestate.com\/fr\/ferienhaeuser\/cinsault-35\/","name":"Cinsault 35 - Cottage Real Estate","isPartOf":{"@id":"https:\/\/cottage-realestate.com\/fr\/#website"},"datePublished":"2023-07-13T09:38:34+00:00","dateModified":"2023-07-14T10:22:02+00:00","breadcrumb":{"@id":"https:\/\/cottage-realestate.com\/fr\/ferienhaeuser\/cinsault-35\/#breadcrumb"},"inLanguage":"fr-FR","potentialAction":[{"@type":"ReadAction","target":["https:\/\/cottage-realestate.com\/fr\/ferienhaeuser\/cinsault-35\/"]}]},{"@type":"BreadcrumbList","@id":"https:\/\/cottage-realestate.com\/fr\/ferienhaeuser\/cinsault-35\/#breadcrumb","itemListElement":[{"@type":"ListItem","position":1,"name":"Startseite","item":"https:\/\/cottage-realestate.com\/fr\/"},{"@type":"ListItem","position":2,"name":"Products","item":"https:\/\/cottage-realestate.com\/fr\/shop\/"},{"@type":"ListItem","position":3,"name":"Cinsault 35"}]},{"@type":"WebSite","@id":"https:\/\/cottage-realestate.com\/fr\/#website","url":"https:\/\/cottage-realestate.com\/fr\/","name":"Cottage Real Estate","description":"Ferienh\u00e4user in Frankreich und Niederlande kaufen","publisher":{"@id":"https:\/\/cottage-realestate.com\/fr\/#organization"},"potentialAction":[{"@type":"SearchAction","target":{"@type":"EntryPoint","urlTemplate":"https:\/\/cottage-realestate.com\/fr\/?s={search_term_string}"},"query-input":"required name=search_term_string"}],"inLanguage":"fr-FR"},{"@type":"Organization","@id":"https:\/\/cottage-realestate.com\/fr\/#organization","name":"Cottage Real Estate","url":"https:\/\/cottage-realestate.com\/fr\/","logo":{"@type":"ImageObject","inLanguage":"fr-FR","@id":"https:\/\/cottage-realestate.com\/fr\/#\/schema\/logo\/image\/","url":"https:\/\/cottage-realestate.com\/wp-content\/uploads\/2020\/07\/logo.png","contentUrl":"https:\/\/cottage-realestate.com\/wp-content\/uploads\/2020\/07\/logo.png","width":167,"height":140,"caption":"Cottage Real Estate"},"image":{"@id":"https:\/\/cottage-realestate.com\/fr\/#\/schema\/logo\/image\/"},"sameAs":["https:\/\/www.facebook.com\/people\/Cottage-Real-Estate\/100091918536968\/","https:\/\/www.instagram.com\/cottagerealestatecom\/"]}]}},"_links":{"self":[{"href":"https:\/\/cottage-realestate.com\/fr\/wp-json\/wp\/v2\/product\/2045","targetHints":{"allow":["GET"]}}],"collection":[{"href":"https:\/\/cottage-realestate.com\/fr\/wp-json\/wp\/v2\/product"}],"about":[{"href":"https:\/\/cottage-realestate.com\/fr\/wp-json\/wp\/v2\/types\/product"}],"replies":[{"embeddable":true,"href":"https:\/\/cottage-realestate.com\/fr\/wp-json\/wp\/v2\/comments?post=2045"}],"wp:featuredmedia":[{"embeddable":true,"href":"https:\/\/cottage-realestate.com\/fr\/wp-json\/wp\/v2\/media\/1300"}],"wp:attachment":[{"href":"https:\/\/cottage-realestate.com\/fr\/wp-json\/wp\/v2\/media?parent=2045"}],"wp:term":[{"taxonomy":"product_cat","embeddable":true,"href":"https:\/\/cottage-realestate.com\/fr\/wp-json\/wp\/v2\/product_cat?post=2045"},{"taxonomy":"product_tag","embeddable":true,"href":"https:\/\/cottage-realestate.com\/fr\/wp-json\/wp\/v2\/product_tag?post=2045"}],"curies":[{"name":"wp","href":"https:\/\/api.w.org\/{rel}","templated":true}]}}