{"id":2108,"date":"2023-07-13T11:05:23","date_gmt":"2023-07-13T09:05:23","guid":{"rendered":"https:\/\/cottage-realestate.com\/?post_type=product&#038;p=2108"},"modified":"2023-07-14T13:21:21","modified_gmt":"2023-07-14T11:21:21","slug":"bungalow-17","status":"publish","type":"product","link":"https:\/\/cottage-realestate.com\/fr\/ferienhaeuser\/bungalow-17\/","title":{"rendered":"Bungalow 17"},"content":{"rendered":"<section class=\"l-section wpb_row height_medium\"><div class=\"l-section-h i-cf\"><div class=\"g-cols vc_row via_flex valign_top type_default stacking_default\"><div class=\"vc_col-sm-12 wpb_column vc_column_container\"><div class=\"vc_column-inner\"><div class=\"wpb_wrapper\"><div class=\"wpb_text_column\"><div class=\"wpb_wrapper\"><div id=\"listing-description\" class=\"ui-tabs-panel ui-corner-bottom ui-widget-content\" role=\"tabpanel\" aria-labelledby=\"ui-id-1\" aria-hidden=\"false\">\n<div id=\"listing-description\" class=\"ui-tabs-panel ui-corner-bottom ui-widget-content\" role=\"tabpanel\" aria-labelledby=\"ui-id-1\" aria-hidden=\"false\">\n<div id=\"listing-description\" class=\"ui-tabs-panel ui-corner-bottom ui-widget-content\" role=\"tabpanel\" aria-labelledby=\"ui-id-1\" aria-hidden=\"false\">\n<div id=\"listing-description\" class=\"ui-tabs-panel ui-corner-bottom ui-widget-content\" role=\"tabpanel\" aria-labelledby=\"ui-id-1\" aria-hidden=\"false\">\n<div id=\"listing-description\" class=\"ui-tabs-panel ui-corner-bottom ui-widget-content\" role=\"tabpanel\" aria-labelledby=\"ui-id-1\" aria-hidden=\"false\">\n<div id=\"listing-description\" class=\"ui-tabs-panel ui-corner-bottom ui-widget-content\" role=\"tabpanel\" aria-labelledby=\"ui-id-1\" aria-hidden=\"false\">\n<div class=\"flex flex-grow flex-col gap-3\">\n<div class=\"min-h-&#091;20px&#093; flex items-start overflow-x-auto whitespace-pre-wrap break-words flex-col gap-4\">\n<div class=\"markdown prose w-full break-words dark:prose-invert light\">\n<p>Ce bungalow partiellement r\u00e9nov\u00e9 et joliment meubl\u00e9 pour 5 personnes est situ\u00e9 dans un emplacement merveilleusement ensoleill\u00e9, juste \u00e0 c\u00f4t\u00e9 d&rsquo;un parc avec un parking juste devant la porte. Nouvelle cuisine, salle de bains, et il est \u00e9galement situ\u00e9 en bordure de l&rsquo;IJsselmeer, dans le plus beau parc de West-Friesland. D\u00e9j\u00e0 disponible \u00e0 la location et pr\u00eat \u00e0 emm\u00e9nager. Que pourriez-vous souhaiter de plus ?!<\/p>\n<p>Disposition :<\/p>\n<p>Le salon spacieux et lumineux dispose de doubles portes-fen\u00eatres donnant sur le grand jardin ensoleill\u00e9 \u00e0 l&rsquo;avant. Le bungalow entier est \u00e9quip\u00e9 d&rsquo;un sol stratifi\u00e9 clair. Le salon est dot\u00e9 d&rsquo;une chemin\u00e9e, d&rsquo;un buffet avec t\u00e9l\u00e9vision et \u00e9quipement multim\u00e9dia, ainsi que d&rsquo;un coin salon tr\u00e8s confortable. Tous les meubles, la d\u00e9coration et le style cr\u00e9ent la m\u00eame ambiance dans tout le bungalow, vous faisant ressentir une v\u00e9ritable sensation de vacances d\u00e8s que vous entrez.<\/p>\n<p>La nouvelle cuisine est \u00e9quip\u00e9e d&rsquo;un inventaire complet pour des vacances avec plusieurs personnes. Elle comprend une cuisini\u00e8re \u00e0 gaz noire \u00e0 4 br\u00fbleurs, une hotte, un r\u00e9frig\u00e9rateur avec compartiment cong\u00e9lateur, un four \u00e0 micro-ondes combin\u00e9, un lave-vaisselle et une bonne s\u00e9lection de petits appareils de cuisine. Par la porte de la cuisine, vous acc\u00e9dez \u00e0 la cour arri\u00e8re. Un endroit charmant pour profiter de votre petit-d\u00e9jeuner, par exemple, avec vue sur la digue et les moutons qui paissent.<\/p>\n<p>La salle de bains enti\u00e8rement neuve est \u00e9quip\u00e9e d&rsquo;une douche \u00e0 l&rsquo;italienne, de toilettes suspendues, d&rsquo;un lavabo avec meuble, d&rsquo;un radiateur design et d&rsquo;une fen\u00eatre pour la ventilation et la lumi\u00e8re naturelle. Les carreaux modernes vont jusqu&rsquo;au plafond et les installations sanitaires sont de haute qualit\u00e9.<\/p>\n<p>Ce bungalow comprend 3 chambres, ce qui le rend tr\u00e8s int\u00e9ressant \u00e9galement pour la location. La chambre principale est \u00e9quip\u00e9e d&rsquo;un lit double avec de bons matelas et un surmatelas. La garde-robe offre amplement d&rsquo;espace pour tous vos effets personnels. La deuxi\u00e8me chambre dispose d&rsquo;un lit superpos\u00e9 en bois massif et d&rsquo;une armoire. Dans la troisi\u00e8me chambre, il y a un lit simple. Bien s\u00fbr, une table de chevet avec une lampe est \u00e9galement fournie.<\/p>\n<p>Dans la cour arri\u00e8re, le bungalow dispose d&rsquo;un tr\u00e8s grand d\u00e9barras o\u00f9 vous pouvez stocker des meubles de jardin, des v\u00e9los, un barbecue et d&rsquo;autres outils.<\/p>\n<p>Pour vous donner une id\u00e9e de l&rsquo;aspect du jardin au printemps\/\u00e9t\u00e9, quelques photos de 2022 ont \u00e9t\u00e9 ajout\u00e9es \u00e0 la galerie.<\/p>\n<p>Caract\u00e9ristiques sp\u00e9ciales :<\/p>\n<p>Au cours des 4 derni\u00e8res ann\u00e9es, ce bungalow a \u00e9t\u00e9 partiellement r\u00e9nov\u00e9 ; la cuisine, la salle de bains et les meubles ont \u00e9t\u00e9 renouvel\u00e9s, et le style est moderne, lumineux et chaleureux.<\/p>\n<p>Le bungalow est chauff\u00e9 par le chauffage central, dispose du Wi-Fi et est bien lou\u00e9. Vous pouvez continuer la location si vous le souhaitez. C&rsquo;est un bon moyen de r\u00e9cup\u00e9rer vos frais.<\/p>\n<p>Le bungalow est situ\u00e9 sur un grand terrain, ce qui vous permet de choisir toujours un endroit ensoleill\u00e9 ou ombrag\u00e9. Des ensembles de meubles de jardin sont disponibles \u00e0 l&rsquo;avant et \u00e0 l&rsquo;arri\u00e8re. Pas besoin de transporter des objets, il suffit de profiter de la tranquillit\u00e9 et de la verdure qui vous entourent.<\/p>\n<p>Tous les meubles, l&rsquo;inventaire et les meubles de jardin sont inclus dans le prix.<\/p>\n<p>Extras :<\/p>\n<p>Le parc est \u00e9quip\u00e9 de tout ce qu&rsquo;un parc de vacances doit avoir : une piscine couverte, une grande aire de jeux et une ferme pour enfants. Il y a des terrains de tennis, du minigolf, de l&rsquo;\u00e9quitation, de la p\u00e9tanque, du billard, et bien s\u00fbr, vous pouvez faire vos courses et acheter du pain frais au supermarch\u00e9 situ\u00e9 au centre du parc.<\/p>\n<p>Il y a un bon restaurant, un bar convivial et, pour les repas rapides, vous pouvez \u00e9galement commander une pizza ou vous rendre au snack-bar ou au restaurant de cr\u00eapes.<\/p>\n<p>Un autre avantage particulier de ce bungalow est sa proximit\u00e9 de l&rsquo;IJsselmeer et des anciennes villes n\u00e9erlandaises d&rsquo;Enkhuizen, Medemblik, Hoorn et Alkmaar. La culture, les restaurants, les terrasses des ports et les possibilit\u00e9s de shopping sont \u00e0 port\u00e9e de main. Vous pouvez \u00e9galement vous rendre \u00e0 la plage de la mer du Nord ou \u00e0 Amsterdam en seulement 45 minutes.<\/p>\n<p>Une excellente occasion de faire de cette belle maison la v\u00f4tre, situ\u00e9e dans ce magnifique parc de vacances, juste \u00e0 c\u00f4t\u00e9 de l&rsquo;IJsselmeer. Prenez rendez-vous sans engagement, et nous serons ravis de vous montrer tous les d\u00e9tails. N&rsquo;attendez pas trop longtemps car des maisons comme celle-ci sont tr\u00e8s demand\u00e9es !<\/p>\n<\/div>\n<\/div>\n<\/div>\n<\/div>\n<\/div>\n<\/div>\n<\/div>\n<\/div>\n<\/div>\n<\/div><\/div><\/div><\/div><\/div><\/div><\/div><\/section>\n","protected":false},"excerpt":{"rendered":"Ce bungalow partiellement r\u00e9nov\u00e9 et joliment meubl\u00e9 pour 5 personnes est situ\u00e9 dans un emplacement merveilleusement ensoleill\u00e9, juste \u00e0 c\u00f4t\u00e9 d&rsquo;un parc avec un parking juste devant la porte. Nouvelle cuisine, salle de bains, et il est \u00e9galement situ\u00e9 en bordure de l&rsquo;IJsselmeer, dans le plus beau parc de West-Friesland. D\u00e9j\u00e0 disponible \u00e0 la location...","protected":false},"featured_media":3097,"comment_status":"open","ping_status":"closed","template":"","meta":[],"product_cat":[],"product_tag":[],"class_list":["post-2108","product","type-product","status-publish","has-post-thumbnail","hentry"],"acf":[],"yoast_head":"<!-- This site is optimized with the Yoast SEO plugin v20.11 - https:\/\/yoast.com\/wordpress\/plugins\/seo\/ -->\n<title>Bungalow 17 - Cottage Real Estate<\/title>\n<meta name=\"robots\" content=\"index, follow, max-snippet:-1, max-image-preview:large, max-video-preview:-1\" \/>\n<link rel=\"canonical\" href=\"https:\/\/cottage-realestate.com\/fr\/ferienhaeuser\/bungalow-17\/\" \/>\n<meta property=\"og:locale\" content=\"fr_FR\" \/>\n<meta property=\"og:type\" content=\"article\" \/>\n<meta property=\"og:title\" content=\"Bungalow 17 - Cottage Real Estate\" \/>\n<meta property=\"og:url\" content=\"https:\/\/cottage-realestate.com\/fr\/ferienhaeuser\/bungalow-17\/\" \/>\n<meta property=\"og:site_name\" content=\"Cottage Real Estate\" \/>\n<meta property=\"article:publisher\" content=\"https:\/\/www.facebook.com\/people\/Cottage-Real-Estate\/100091918536968\/\" \/>\n<meta property=\"article:modified_time\" content=\"2023-07-14T11:21:21+00:00\" \/>\n<meta property=\"og:image\" content=\"https:\/\/cottage-realestate.com\/wp-content\/uploads\/2023\/07\/17-5-scaled.jpg\" \/>\n\t<meta property=\"og:image:width\" content=\"960\" \/>\n\t<meta property=\"og:image:height\" content=\"432\" \/>\n\t<meta property=\"og:image:type\" content=\"image\/jpeg\" \/>\n<meta name=\"twitter:card\" content=\"summary_large_image\" \/>\n<meta name=\"twitter:label1\" content=\"Dur\u00e9e de lecture estim\u00e9e\" \/>\n\t<meta name=\"twitter:data1\" content=\"5 minutes\" \/>\n<script type=\"application\/ld+json\" class=\"yoast-schema-graph\">{\"@context\":\"https:\/\/schema.org\",\"@graph\":[{\"@type\":\"WebPage\",\"@id\":\"https:\/\/cottage-realestate.com\/fr\/ferienhaeuser\/bungalow-17\/\",\"url\":\"https:\/\/cottage-realestate.com\/fr\/ferienhaeuser\/bungalow-17\/\",\"name\":\"Bungalow 17 - Cottage Real Estate\",\"isPartOf\":{\"@id\":\"https:\/\/cottage-realestate.com\/fr\/#website\"},\"datePublished\":\"2023-07-13T09:05:23+00:00\",\"dateModified\":\"2023-07-14T11:21:21+00:00\",\"breadcrumb\":{\"@id\":\"https:\/\/cottage-realestate.com\/fr\/ferienhaeuser\/bungalow-17\/#breadcrumb\"},\"inLanguage\":\"fr-FR\",\"potentialAction\":[{\"@type\":\"ReadAction\",\"target\":[\"https:\/\/cottage-realestate.com\/fr\/ferienhaeuser\/bungalow-17\/\"]}]},{\"@type\":\"BreadcrumbList\",\"@id\":\"https:\/\/cottage-realestate.com\/fr\/ferienhaeuser\/bungalow-17\/#breadcrumb\",\"itemListElement\":[{\"@type\":\"ListItem\",\"position\":1,\"name\":\"Startseite\",\"item\":\"https:\/\/cottage-realestate.com\/fr\/\"},{\"@type\":\"ListItem\",\"position\":2,\"name\":\"Products\",\"item\":\"https:\/\/cottage-realestate.com\/fr\/shop\/\"},{\"@type\":\"ListItem\",\"position\":3,\"name\":\"Bungalow 17\"}]},{\"@type\":\"WebSite\",\"@id\":\"https:\/\/cottage-realestate.com\/fr\/#website\",\"url\":\"https:\/\/cottage-realestate.com\/fr\/\",\"name\":\"Cottage Real Estate\",\"description\":\"Ferienh\u00e4user in Frankreich und Niederlande kaufen\",\"publisher\":{\"@id\":\"https:\/\/cottage-realestate.com\/fr\/#organization\"},\"potentialAction\":[{\"@type\":\"SearchAction\",\"target\":{\"@type\":\"EntryPoint\",\"urlTemplate\":\"https:\/\/cottage-realestate.com\/fr\/?s={search_term_string}\"},\"query-input\":\"required name=search_term_string\"}],\"inLanguage\":\"fr-FR\"},{\"@type\":\"Organization\",\"@id\":\"https:\/\/cottage-realestate.com\/fr\/#organization\",\"name\":\"Cottage Real Estate\",\"url\":\"https:\/\/cottage-realestate.com\/fr\/\",\"logo\":{\"@type\":\"ImageObject\",\"inLanguage\":\"fr-FR\",\"@id\":\"https:\/\/cottage-realestate.com\/fr\/#\/schema\/logo\/image\/\",\"url\":\"https:\/\/cottage-realestate.com\/wp-content\/uploads\/2020\/07\/logo.png\",\"contentUrl\":\"https:\/\/cottage-realestate.com\/wp-content\/uploads\/2020\/07\/logo.png\",\"width\":167,\"height\":140,\"caption\":\"Cottage Real Estate\"},\"image\":{\"@id\":\"https:\/\/cottage-realestate.com\/fr\/#\/schema\/logo\/image\/\"},\"sameAs\":[\"https:\/\/www.facebook.com\/people\/Cottage-Real-Estate\/100091918536968\/\",\"https:\/\/www.instagram.com\/cottagerealestatecom\/\"]}]}<\/script>\n<!-- \/ Yoast SEO plugin. -->","yoast_head_json":{"title":"Bungalow 17 - Cottage Real Estate","robots":{"index":"index","follow":"follow","max-snippet":"max-snippet:-1","max-image-preview":"max-image-preview:large","max-video-preview":"max-video-preview:-1"},"canonical":"https:\/\/cottage-realestate.com\/fr\/ferienhaeuser\/bungalow-17\/","og_locale":"fr_FR","og_type":"article","og_title":"Bungalow 17 - Cottage Real Estate","og_url":"https:\/\/cottage-realestate.com\/fr\/ferienhaeuser\/bungalow-17\/","og_site_name":"Cottage Real Estate","article_publisher":"https:\/\/www.facebook.com\/people\/Cottage-Real-Estate\/100091918536968\/","article_modified_time":"2023-07-14T11:21:21+00:00","og_image":[{"width":960,"height":432,"url":"https:\/\/cottage-realestate.com\/wp-content\/uploads\/2023\/07\/17-5-scaled.jpg","type":"image\/jpeg"}],"twitter_card":"summary_large_image","twitter_misc":{"Dur\u00e9e de lecture estim\u00e9e":"5 minutes"},"schema":{"@context":"https:\/\/schema.org","@graph":[{"@type":"WebPage","@id":"https:\/\/cottage-realestate.com\/fr\/ferienhaeuser\/bungalow-17\/","url":"https:\/\/cottage-realestate.com\/fr\/ferienhaeuser\/bungalow-17\/","name":"Bungalow 17 - Cottage Real Estate","isPartOf":{"@id":"https:\/\/cottage-realestate.com\/fr\/#website"},"datePublished":"2023-07-13T09:05:23+00:00","dateModified":"2023-07-14T11:21:21+00:00","breadcrumb":{"@id":"https:\/\/cottage-realestate.com\/fr\/ferienhaeuser\/bungalow-17\/#breadcrumb"},"inLanguage":"fr-FR","potentialAction":[{"@type":"ReadAction","target":["https:\/\/cottage-realestate.com\/fr\/ferienhaeuser\/bungalow-17\/"]}]},{"@type":"BreadcrumbList","@id":"https:\/\/cottage-realestate.com\/fr\/ferienhaeuser\/bungalow-17\/#breadcrumb","itemListElement":[{"@type":"ListItem","position":1,"name":"Startseite","item":"https:\/\/cottage-realestate.com\/fr\/"},{"@type":"ListItem","position":2,"name":"Products","item":"https:\/\/cottage-realestate.com\/fr\/shop\/"},{"@type":"ListItem","position":3,"name":"Bungalow 17"}]},{"@type":"WebSite","@id":"https:\/\/cottage-realestate.com\/fr\/#website","url":"https:\/\/cottage-realestate.com\/fr\/","name":"Cottage Real Estate","description":"Ferienh\u00e4user in Frankreich und Niederlande kaufen","publisher":{"@id":"https:\/\/cottage-realestate.com\/fr\/#organization"},"potentialAction":[{"@type":"SearchAction","target":{"@type":"EntryPoint","urlTemplate":"https:\/\/cottage-realestate.com\/fr\/?s={search_term_string}"},"query-input":"required name=search_term_string"}],"inLanguage":"fr-FR"},{"@type":"Organization","@id":"https:\/\/cottage-realestate.com\/fr\/#organization","name":"Cottage Real Estate","url":"https:\/\/cottage-realestate.com\/fr\/","logo":{"@type":"ImageObject","inLanguage":"fr-FR","@id":"https:\/\/cottage-realestate.com\/fr\/#\/schema\/logo\/image\/","url":"https:\/\/cottage-realestate.com\/wp-content\/uploads\/2020\/07\/logo.png","contentUrl":"https:\/\/cottage-realestate.com\/wp-content\/uploads\/2020\/07\/logo.png","width":167,"height":140,"caption":"Cottage Real Estate"},"image":{"@id":"https:\/\/cottage-realestate.com\/fr\/#\/schema\/logo\/image\/"},"sameAs":["https:\/\/www.facebook.com\/people\/Cottage-Real-Estate\/100091918536968\/","https:\/\/www.instagram.com\/cottagerealestatecom\/"]}]}},"_links":{"self":[{"href":"https:\/\/cottage-realestate.com\/fr\/wp-json\/wp\/v2\/product\/2108","targetHints":{"allow":["GET"]}}],"collection":[{"href":"https:\/\/cottage-realestate.com\/fr\/wp-json\/wp\/v2\/product"}],"about":[{"href":"https:\/\/cottage-realestate.com\/fr\/wp-json\/wp\/v2\/types\/product"}],"replies":[{"embeddable":true,"href":"https:\/\/cottage-realestate.com\/fr\/wp-json\/wp\/v2\/comments?post=2108"}],"wp:featuredmedia":[{"embeddable":true,"href":"https:\/\/cottage-realestate.com\/fr\/wp-json\/wp\/v2\/media\/3097"}],"wp:attachment":[{"href":"https:\/\/cottage-realestate.com\/fr\/wp-json\/wp\/v2\/media?parent=2108"}],"wp:term":[{"taxonomy":"product_cat","embeddable":true,"href":"https:\/\/cottage-realestate.com\/fr\/wp-json\/wp\/v2\/product_cat?post=2108"},{"taxonomy":"product_tag","embeddable":true,"href":"https:\/\/cottage-realestate.com\/fr\/wp-json\/wp\/v2\/product_tag?post=2108"}],"curies":[{"name":"wp","href":"https:\/\/api.w.org\/{rel}","templated":true}]}}