{"id":2177,"date":"2023-07-13T10:38:43","date_gmt":"2023-07-13T08:38:43","guid":{"rendered":"https:\/\/cottage-realestate.com\/?post_type=product&#038;p=2177"},"modified":"2023-09-20T11:01:17","modified_gmt":"2023-09-20T09:01:17","slug":"bungalow-303","status":"publish","type":"product","link":"https:\/\/cottage-realestate.com\/fr\/ferienhaeuser\/bungalow-303\/","title":{"rendered":"Bungalow 303"},"content":{"rendered":"<section class=\"l-section wpb_row height_medium\"><div class=\"l-section-h i-cf\"><div class=\"g-cols vc_row via_flex valign_top type_default stacking_default\"><div class=\"vc_col-sm-12 wpb_column vc_column_container\"><div class=\"vc_column-inner\"><div class=\"wpb_wrapper\"><div class=\"wpb_text_column\"><div class=\"wpb_wrapper\"><div id=\"listing-description\" class=\"ui-tabs-panel ui-corner-bottom ui-widget-content\" role=\"tabpanel\" aria-labelledby=\"ui-id-1\" aria-hidden=\"false\">\n<div id=\"listing-description\" class=\"ui-tabs-panel ui-corner-bottom ui-widget-content\" role=\"tabpanel\" aria-labelledby=\"ui-id-1\" aria-hidden=\"false\">\n<div id=\"listing-description\" class=\"ui-tabs-panel ui-corner-bottom ui-widget-content\" role=\"tabpanel\" aria-labelledby=\"ui-id-1\" aria-hidden=\"false\">\n<div class=\"flex flex-grow flex-col gap-3\">\n<div class=\"flex items-start overflow-x-auto whitespace-pre-wrap break-words flex-col gap-4\">\n<div class=\"markdown prose w-full break-words dark:prose-invert light\">\n<p>Un tr\u00e8s beau bungalow en pierre, bien entretenu et merveilleusement situ\u00e9 pour 4 personnes au Vakantiepark Het Grootslag \u00e0 Andijk (Hollande du Nord). L&rsquo;IJsselmeer et la digue ne sont qu&rsquo;\u00e0 quelques m\u00e8tres. La place de parking se trouve juste \u00e0 c\u00f4t\u00e9 du bungalow. Le bungalow b\u00e9n\u00e9ficie d&rsquo;un emplacement calme et excellent, avec un terrain d\u00e9gag\u00e9 et de beaux arbres anciens d&rsquo;un c\u00f4t\u00e9. La terrasse du jardin tranquille offre intimit\u00e9 et aucune vue directe. En \u00e9t\u00e9, il y a toujours un endroit ombrag\u00e9 ou ensoleill\u00e9 disponible autour de la maison.<\/p>\n<p>Disposition :<\/p>\n<p>La belle entr\u00e9e avec un parterre de fleurs et un coin salon pav\u00e9 vous accueille dans le bungalow 303.<\/p>\n<p>Par la porte d&rsquo;entr\u00e9e, vous entrez dans la cuisine et la salle \u00e0 manger. Derri\u00e8re se trouve le spacieux salon avec vue sur le jardin et une grande baie vitr\u00e9e. Les sols sont recouverts de vinyle facile d&rsquo;entretien. Le coin salon moderne et pratique ainsi que le buffet invitent \u00e0 des soir\u00e9es conviviales. Bien s\u00fbr, le Wi-Fi est \u00e9galement disponible. La chemin\u00e9e est cach\u00e9e derri\u00e8re un petit coffret mais peut facilement \u00eatre remise en fonction.<\/p>\n<p>La cuisine ouverte est \u00e9quip\u00e9e d&rsquo;une table \u00e0 manger en bois pour 4 personnes, d&rsquo;un four micro-ondes, d&rsquo;une friteuse \u00e0 air, d&rsquo;un grille-pain, d&rsquo;une bouilloire, d&rsquo;une cafeti\u00e8re Senseo, d&rsquo;une radio de cuisine avec lecteur CD, d&rsquo;une cuisini\u00e8re \u00e0 gaz 4 feux, d&rsquo;une hotte aspirante et d&rsquo;un r\u00e9frig\u00e9rateur. Gr\u00e2ce \u00e0 l&rsquo;agencement efficace des placards, il y a amplement d&rsquo;espace pour tout l&rsquo;inventaire de cuisine, ainsi qu&rsquo;un chariot de service d\u00e9coratif.<\/p>\n<p>Il y a 3 chambres s\u00e9par\u00e9es dans le bungalow, actuellement avec 4 lits, bien qu&rsquo;un lit mezzanine puisse \u00e9galement \u00eatre install\u00e9 pour offrir un espace de couchage pour jusqu&rsquo;\u00e0 5 personnes. La chambre principale dispose de nouveaux lits boxspring et d&rsquo;une armoire encastr\u00e9e pratique avec des \u00e9tag\u00e8res. Les deux chambres d&rsquo;enfants sont \u00e9quip\u00e9es d&rsquo;un lit et de commodes pour les v\u00eatements. Une des chambres d&rsquo;enfants dispose \u00e9galement d&rsquo;une table de nuit et l&rsquo;autre chambre d&rsquo;enfant d&rsquo;une \u00e9tag\u00e8re murale. Toutes les chambres ont un sol stratifi\u00e9.<\/p>\n<p>La salle de bains, intemporellement modernis\u00e9e, est dot\u00e9e de carrelage en pierre au sol et de pierre naturelle dans la zone de douche. La salle de bains comprend des toilettes, un lavabo avec un meuble \u00e0 tiroirs pour ranger les articles de toilette, un miroir \u00e9clair\u00e9, une douche et un radiateur s\u00e8che-serviettes.<\/p>\n<p>Le bungalow est accompagn\u00e9 d&rsquo;un cabanon o\u00f9 les v\u00e9los peuvent \u00e9galement \u00eatre rang\u00e9s. De plus, le cabanon est am\u00e9nag\u00e9 avec un espace de rangement suffisant pour les chaises longues, les parasols, les outils de jardin, etc.<\/p>\n<p>Particularit\u00e9s :<\/p>\n<p>L&rsquo;ext\u00e9rieur du bungalow a \u00e9t\u00e9 enti\u00e8rement repeint et r\u00e9nov\u00e9 en 2022. L&rsquo;int\u00e9rieur a \u00e9galement \u00e9t\u00e9 r\u00e9nov\u00e9 et semble encore neuf. Toutes les fen\u00eatres et portes sont \u00e9quip\u00e9es de moustiquaires et toutes les fen\u00eatres sont \u00e9galement \u00e9quip\u00e9es de stores occultants. Toutes les fen\u00eatres et portes sont \u00e0 double vitrage. La chaudi\u00e8re centrale moderne a \u00e9t\u00e9 renouvel\u00e9e en d\u00e9cembre 2020 et peut \u00eatre contr\u00f4l\u00e9e \u00e0 distance \u00e0 l&rsquo;aide de l&rsquo;application Remeha.<\/p>\n<p>Vous pouvez profiter du soleil \u00e0 tout moment de la journ\u00e9e dans la zone de jardin enti\u00e8rement priv\u00e9e ou sur le c\u00f4t\u00e9 (emplacement libre) sous les beaux arbres ou \u00e0 l&rsquo;avant de la maison. Tant l&rsquo;entr\u00e9e que le chemin vers le jardin et la terrasse sont pav\u00e9s de pierres et offrent amplement d&rsquo;espace pour le mobilier de jardin, y compris une nouvelle table en verre et 4 chaises de jardin pliantes confortables et un emplacement fixe pour le parasol de jardin. Vous trouverez \u00e9galement un espace de d\u00e9tente dans le groupe de salon du jardin.<\/p>\n<p>L&rsquo;ensemble du mobilier est inclus dans le prix.<\/p>\n<p>Extras :<\/p>\n<p>Vous trouverez ici tout ce qu&rsquo;un parc de vacances doit offrir : une piscine int\u00e9rieure chauff\u00e9e, une grande aire de jeux et une ferme pour enfants. Il y a aussi 2 courts de tennis, 2 tables de ping-pong, un parcours de mini-golf, un terrain de volley-ball, des promenades \u00e0 poney et des terrains de boules. En plus du bar confortable avec une piste de bowling, des billards, du snooker, des fl\u00e9chettes et une terrasse ext\u00e9rieure, vous pourrez vous r\u00e9galer au bon restaurant ou au restaurant de cr\u00eapes. Pour une collation rapide ou une glace \u00e0 emporter, le snack-bar est indispensable. Vous pouvez faire vos courses et acheter du pain frais au supermarch\u00e9 central du parc ou dans les environs imm\u00e9diats du parc, o\u00f9 vous trouverez diff\u00e9rents types de magasins.<\/p>\n<p>Le bungalow n&rsquo;est pas loin de la digue (environ 100 m\u00e8tres \u00e0 vol d&rsquo;oiseau), derri\u00e8re laquelle se trouve l&rsquo;IJsselmeer. De magnifiques couchers de soleil, regarder les nombreux voiliers et de longues promenades le long de la digue compl\u00e8tent l&rsquo;ambiance r\u00e9cr\u00e9ative. \u00c0 proximit\u00e9 se trouvent les anciennes villes n\u00e9erlandaises d&rsquo;Enkhuizen, de Medemblik, de Hoorn et d&rsquo;Alkmaar, qui m\u00e9ritent toutes une visite. Les charmantes terrasses du port et les restaurants vous invitent \u00e0 vous restaurer. Les amateurs de sports nautiques et les amateurs de culture y trouveront leur bonheur. Non loin du parc se trouve une petite plage de sable pour bronzer et nager dans l&rsquo;IJsselmeer, accessible en v\u00e9lo en 5-10 minutes. Le kitesurf est \u00e9galement possible l\u00e0-bas. La plage de la mer du Nord ou Amsterdam ne sont qu&rsquo;\u00e0 45 minutes en voiture.<\/p>\n<p>\u00c0 contrec\u0153ur, le vendeur propose ce bungalow bien-aim\u00e9 et bien entretenu (55 m\u00b2) avec un emplacement privil\u00e9gi\u00e9 (environ 230 m\u00b2) \u00e0 la vente, car il n&rsquo;a plus le temps pour sa zone de d\u00e9tente pour des raisons personnelles. Saisissez cette opportunit\u00e9 pour profiter d&rsquo;un merveilleux s\u00e9jour et cr\u00e9er de nombreux beaux souvenirs. Ce bungalow n&rsquo;a pas encore \u00e9t\u00e9 lou\u00e9, mais cela est possible de mani\u00e8re centralis\u00e9e par le biais de l&rsquo;organisation du parc de vacances.<\/p>\n<p>Prenez rendez-vous pour une visite sur place et laissez-vous convaincre de la beaut\u00e9, de la tranquillit\u00e9 et de la d\u00e9tente de cet endroit magnifique.<\/p>\n<\/div>\n<\/div>\n<\/div>\n<\/div>\n<\/div>\n<\/div>\n<\/div><\/div><\/div><\/div><\/div><\/div><\/div><\/section>\n","protected":false},"excerpt":{"rendered":"Un tr\u00e8s beau bungalow en pierre, bien entretenu et merveilleusement situ\u00e9 pour 4 personnes au Vakantiepark Het Grootslag \u00e0 Andijk (Hollande du Nord). L&rsquo;IJsselmeer et la digue ne sont qu&rsquo;\u00e0 quelques m\u00e8tres. La place de parking se trouve juste \u00e0 c\u00f4t\u00e9 du bungalow. Le bungalow b\u00e9n\u00e9ficie d&rsquo;un emplacement calme et excellent, avec un terrain d\u00e9gag\u00e9...","protected":false},"featured_media":2178,"comment_status":"open","ping_status":"closed","template":"","meta":[],"product_cat":[],"product_tag":[],"class_list":["post-2177","product","type-product","status-publish","has-post-thumbnail","hentry"],"acf":[],"yoast_head":"<!-- This site is optimized with the Yoast SEO plugin v20.11 - https:\/\/yoast.com\/wordpress\/plugins\/seo\/ -->\n<title>Bungalow 303 - Cottage Real Estate<\/title>\n<meta name=\"robots\" content=\"index, follow, max-snippet:-1, max-image-preview:large, max-video-preview:-1\" \/>\n<link rel=\"canonical\" href=\"https:\/\/cottage-realestate.com\/fr\/ferienhaeuser\/bungalow-303\/\" \/>\n<meta property=\"og:locale\" content=\"fr_FR\" \/>\n<meta property=\"og:type\" content=\"article\" \/>\n<meta property=\"og:title\" content=\"Bungalow 303 - Cottage Real Estate\" \/>\n<meta property=\"og:url\" content=\"https:\/\/cottage-realestate.com\/fr\/ferienhaeuser\/bungalow-303\/\" \/>\n<meta property=\"og:site_name\" content=\"Cottage Real Estate\" \/>\n<meta property=\"article:publisher\" content=\"https:\/\/www.facebook.com\/people\/Cottage-Real-Estate\/100091918536968\/\" \/>\n<meta property=\"article:modified_time\" content=\"2023-09-20T09:01:17+00:00\" \/>\n<meta property=\"og:image\" content=\"https:\/\/cottage-realestate.com\/wp-content\/uploads\/2023\/07\/a-scaled.jpg\" \/>\n\t<meta property=\"og:image:width\" content=\"960\" \/>\n\t<meta property=\"og:image:height\" content=\"690\" \/>\n\t<meta property=\"og:image:type\" content=\"image\/jpeg\" \/>\n<meta name=\"twitter:card\" content=\"summary_large_image\" \/>\n<meta name=\"twitter:label1\" content=\"Dur\u00e9e de lecture estim\u00e9e\" \/>\n\t<meta name=\"twitter:data1\" content=\"6 minutes\" \/>\n<script type=\"application\/ld+json\" class=\"yoast-schema-graph\">{\"@context\":\"https:\/\/schema.org\",\"@graph\":[{\"@type\":\"WebPage\",\"@id\":\"https:\/\/cottage-realestate.com\/fr\/ferienhaeuser\/bungalow-303\/\",\"url\":\"https:\/\/cottage-realestate.com\/fr\/ferienhaeuser\/bungalow-303\/\",\"name\":\"Bungalow 303 - Cottage Real Estate\",\"isPartOf\":{\"@id\":\"https:\/\/cottage-realestate.com\/fr\/#website\"},\"datePublished\":\"2023-07-13T08:38:43+00:00\",\"dateModified\":\"2023-09-20T09:01:17+00:00\",\"breadcrumb\":{\"@id\":\"https:\/\/cottage-realestate.com\/fr\/ferienhaeuser\/bungalow-303\/#breadcrumb\"},\"inLanguage\":\"fr-FR\",\"potentialAction\":[{\"@type\":\"ReadAction\",\"target\":[\"https:\/\/cottage-realestate.com\/fr\/ferienhaeuser\/bungalow-303\/\"]}]},{\"@type\":\"BreadcrumbList\",\"@id\":\"https:\/\/cottage-realestate.com\/fr\/ferienhaeuser\/bungalow-303\/#breadcrumb\",\"itemListElement\":[{\"@type\":\"ListItem\",\"position\":1,\"name\":\"Startseite\",\"item\":\"https:\/\/cottage-realestate.com\/fr\/\"},{\"@type\":\"ListItem\",\"position\":2,\"name\":\"Products\",\"item\":\"https:\/\/cottage-realestate.com\/fr\/shop\/\"},{\"@type\":\"ListItem\",\"position\":3,\"name\":\"Bungalow 303\"}]},{\"@type\":\"WebSite\",\"@id\":\"https:\/\/cottage-realestate.com\/fr\/#website\",\"url\":\"https:\/\/cottage-realestate.com\/fr\/\",\"name\":\"Cottage Real Estate\",\"description\":\"Ferienh\u00e4user in Frankreich und Niederlande kaufen\",\"publisher\":{\"@id\":\"https:\/\/cottage-realestate.com\/fr\/#organization\"},\"potentialAction\":[{\"@type\":\"SearchAction\",\"target\":{\"@type\":\"EntryPoint\",\"urlTemplate\":\"https:\/\/cottage-realestate.com\/fr\/?s={search_term_string}\"},\"query-input\":\"required name=search_term_string\"}],\"inLanguage\":\"fr-FR\"},{\"@type\":\"Organization\",\"@id\":\"https:\/\/cottage-realestate.com\/fr\/#organization\",\"name\":\"Cottage Real Estate\",\"url\":\"https:\/\/cottage-realestate.com\/fr\/\",\"logo\":{\"@type\":\"ImageObject\",\"inLanguage\":\"fr-FR\",\"@id\":\"https:\/\/cottage-realestate.com\/fr\/#\/schema\/logo\/image\/\",\"url\":\"https:\/\/cottage-realestate.com\/wp-content\/uploads\/2020\/07\/logo.png\",\"contentUrl\":\"https:\/\/cottage-realestate.com\/wp-content\/uploads\/2020\/07\/logo.png\",\"width\":167,\"height\":140,\"caption\":\"Cottage Real Estate\"},\"image\":{\"@id\":\"https:\/\/cottage-realestate.com\/fr\/#\/schema\/logo\/image\/\"},\"sameAs\":[\"https:\/\/www.facebook.com\/people\/Cottage-Real-Estate\/100091918536968\/\",\"https:\/\/www.instagram.com\/cottagerealestatecom\/\"]}]}<\/script>\n<!-- \/ Yoast SEO plugin. -->","yoast_head_json":{"title":"Bungalow 303 - Cottage Real Estate","robots":{"index":"index","follow":"follow","max-snippet":"max-snippet:-1","max-image-preview":"max-image-preview:large","max-video-preview":"max-video-preview:-1"},"canonical":"https:\/\/cottage-realestate.com\/fr\/ferienhaeuser\/bungalow-303\/","og_locale":"fr_FR","og_type":"article","og_title":"Bungalow 303 - Cottage Real Estate","og_url":"https:\/\/cottage-realestate.com\/fr\/ferienhaeuser\/bungalow-303\/","og_site_name":"Cottage Real Estate","article_publisher":"https:\/\/www.facebook.com\/people\/Cottage-Real-Estate\/100091918536968\/","article_modified_time":"2023-09-20T09:01:17+00:00","og_image":[{"width":960,"height":690,"url":"https:\/\/cottage-realestate.com\/wp-content\/uploads\/2023\/07\/a-scaled.jpg","type":"image\/jpeg"}],"twitter_card":"summary_large_image","twitter_misc":{"Dur\u00e9e de lecture estim\u00e9e":"6 minutes"},"schema":{"@context":"https:\/\/schema.org","@graph":[{"@type":"WebPage","@id":"https:\/\/cottage-realestate.com\/fr\/ferienhaeuser\/bungalow-303\/","url":"https:\/\/cottage-realestate.com\/fr\/ferienhaeuser\/bungalow-303\/","name":"Bungalow 303 - Cottage Real Estate","isPartOf":{"@id":"https:\/\/cottage-realestate.com\/fr\/#website"},"datePublished":"2023-07-13T08:38:43+00:00","dateModified":"2023-09-20T09:01:17+00:00","breadcrumb":{"@id":"https:\/\/cottage-realestate.com\/fr\/ferienhaeuser\/bungalow-303\/#breadcrumb"},"inLanguage":"fr-FR","potentialAction":[{"@type":"ReadAction","target":["https:\/\/cottage-realestate.com\/fr\/ferienhaeuser\/bungalow-303\/"]}]},{"@type":"BreadcrumbList","@id":"https:\/\/cottage-realestate.com\/fr\/ferienhaeuser\/bungalow-303\/#breadcrumb","itemListElement":[{"@type":"ListItem","position":1,"name":"Startseite","item":"https:\/\/cottage-realestate.com\/fr\/"},{"@type":"ListItem","position":2,"name":"Products","item":"https:\/\/cottage-realestate.com\/fr\/shop\/"},{"@type":"ListItem","position":3,"name":"Bungalow 303"}]},{"@type":"WebSite","@id":"https:\/\/cottage-realestate.com\/fr\/#website","url":"https:\/\/cottage-realestate.com\/fr\/","name":"Cottage Real Estate","description":"Ferienh\u00e4user in Frankreich und Niederlande kaufen","publisher":{"@id":"https:\/\/cottage-realestate.com\/fr\/#organization"},"potentialAction":[{"@type":"SearchAction","target":{"@type":"EntryPoint","urlTemplate":"https:\/\/cottage-realestate.com\/fr\/?s={search_term_string}"},"query-input":"required name=search_term_string"}],"inLanguage":"fr-FR"},{"@type":"Organization","@id":"https:\/\/cottage-realestate.com\/fr\/#organization","name":"Cottage Real Estate","url":"https:\/\/cottage-realestate.com\/fr\/","logo":{"@type":"ImageObject","inLanguage":"fr-FR","@id":"https:\/\/cottage-realestate.com\/fr\/#\/schema\/logo\/image\/","url":"https:\/\/cottage-realestate.com\/wp-content\/uploads\/2020\/07\/logo.png","contentUrl":"https:\/\/cottage-realestate.com\/wp-content\/uploads\/2020\/07\/logo.png","width":167,"height":140,"caption":"Cottage Real Estate"},"image":{"@id":"https:\/\/cottage-realestate.com\/fr\/#\/schema\/logo\/image\/"},"sameAs":["https:\/\/www.facebook.com\/people\/Cottage-Real-Estate\/100091918536968\/","https:\/\/www.instagram.com\/cottagerealestatecom\/"]}]}},"_links":{"self":[{"href":"https:\/\/cottage-realestate.com\/fr\/wp-json\/wp\/v2\/product\/2177","targetHints":{"allow":["GET"]}}],"collection":[{"href":"https:\/\/cottage-realestate.com\/fr\/wp-json\/wp\/v2\/product"}],"about":[{"href":"https:\/\/cottage-realestate.com\/fr\/wp-json\/wp\/v2\/types\/product"}],"replies":[{"embeddable":true,"href":"https:\/\/cottage-realestate.com\/fr\/wp-json\/wp\/v2\/comments?post=2177"}],"wp:featuredmedia":[{"embeddable":true,"href":"https:\/\/cottage-realestate.com\/fr\/wp-json\/wp\/v2\/media\/2178"}],"wp:attachment":[{"href":"https:\/\/cottage-realestate.com\/fr\/wp-json\/wp\/v2\/media?parent=2177"}],"wp:term":[{"taxonomy":"product_cat","embeddable":true,"href":"https:\/\/cottage-realestate.com\/fr\/wp-json\/wp\/v2\/product_cat?post=2177"},{"taxonomy":"product_tag","embeddable":true,"href":"https:\/\/cottage-realestate.com\/fr\/wp-json\/wp\/v2\/product_tag?post=2177"}],"curies":[{"name":"wp","href":"https:\/\/api.w.org\/{rel}","templated":true}]}}