{"id":2266,"date":"2023-07-13T11:08:48","date_gmt":"2023-07-13T09:08:48","guid":{"rendered":"https:\/\/cottage-realestate.com\/?post_type=product&#038;p=2266"},"modified":"2023-09-20T10:55:34","modified_gmt":"2023-09-20T08:55:34","slug":"bungalow-407","status":"publish","type":"product","link":"https:\/\/cottage-realestate.com\/fr\/ferienhaeuser\/bungalow-407\/","title":{"rendered":"Bungalow 407"},"content":{"rendered":"<section class=\"l-section wpb_row height_medium\"><div class=\"l-section-h i-cf\"><div class=\"g-cols vc_row via_flex valign_top type_default stacking_default\"><div class=\"vc_col-sm-12 wpb_column vc_column_container\"><div class=\"vc_column-inner\"><div class=\"wpb_wrapper\"><div class=\"wpb_text_column\"><div class=\"wpb_wrapper\"><div class=\"flex flex-grow flex-col gap-3\">\n<div class=\"min-h-&#091;20px&#093; flex items-start overflow-x-auto whitespace-pre-wrap break-words flex-col gap-4\">\n<div class=\"markdown prose w-full break-words dark:prose-invert light\">\n<div class=\"flex flex-grow flex-col gap-3\">\n<div class=\"min-h-&#091;20px&#093; flex items-start overflow-x-auto whitespace-pre-wrap break-words flex-col gap-4\">\n<div class=\"markdown prose w-full break-words dark:prose-invert light\">\n<p>Le bungalow 407 est situ\u00e9 au milieu de ce magnifique parc de vacances avec une place de parking juste en face. De l&rsquo;autre c\u00f4t\u00e9, votre jardin borde un canal en cours d&rsquo;\u00e9coulement, et depuis votre terrasse, vous avez une vue sur l&rsquo;impressionnante digue de l&rsquo;IJsselmeer et la belle verdure.<\/p>\n<p>Avec 3 chambres et enti\u00e8rement pr\u00eat pour vous et\/ou la location, vous ne pouvez pas manquer cette opportunit\u00e9. Continuez \u00e0 lire et voyez si cela pourrait \u00eatre votre nouvelle maison de vacances.<\/p>\n<p>Disposition :<\/p>\n<p>\u00c0 travers un grand jardin avant, vous entrez dans la cuisine ouverte et la salle de s\u00e9jour par une \u00e9l\u00e9gante porte d&rsquo;entr\u00e9e. Le salon est confortablement meubl\u00e9 avec des canap\u00e9s en cuir confortables entourant une chemin\u00e9e. Il y a un buffet avec amplement d&rsquo;espace pour une t\u00e9l\u00e9vision, des \u00e9quipements multim\u00e9dias et un ensemble mural moderne pour vos autres affaires.<\/p>\n<p>\u00c0 travers des portes fran\u00e7aises doubles, vous entrez dans votre cour arri\u00e8re avec une terrasse au bord de l&rsquo;eau. Une table de jardin avec des chaises vous permet de profiter de longues soir\u00e9es de repas, de boissons et de magnifiques couchers de soleil sur la digue. Bien s\u00fbr, vous pouvez aussi p\u00eacher depuis votre terrasse !<\/p>\n<p>L&rsquo;ensemble du bungalow dispose d&rsquo;un sol stratifi\u00e9 lumineux, facile d&rsquo;entretien et de haute qualit\u00e9.<\/p>\n<p>La cuisine comprend un espace repas spacieux, une plaque de cuisson \u00e0 gaz 4 feux, un r\u00e9frig\u00e9rateur-cong\u00e9lateur, un lave-vaisselle, une hotte aspirante, un four \u00e0 micro-ondes combin\u00e9 et un inventaire complet.<\/p>\n<p>Il y a 3 chambres dans ce bungalow, offrant ainsi amplement d&rsquo;espace et d&rsquo;intimit\u00e9 pour profiter de vacances \u00e0 plusieurs personnes.<\/p>\n<p>La chambre principale dispose d&rsquo;un lit double et d&rsquo;une armoire. Les 2e et 3e chambres sont \u00e9quip\u00e9es d&rsquo;un lit simple avec sommier \u00e0 ressorts et d&rsquo;une armoire.<\/p>\n<p>La salle de bains (2019) est enti\u00e8rement carrel\u00e9e et dispose d&rsquo;un puits de lumi\u00e8re pour plus de clart\u00e9 et de ventilation, une douche \u00e0 l&rsquo;italienne spacieuse avec une pomme de douche effet pluie, des toilettes, un lavabo design avec un meuble int\u00e9gr\u00e9 et un radiateur design.<\/p>\n<p>Particularit\u00e9s :<\/p>\n<p>Ce bungalow est en grande partie \u00e9quip\u00e9 de double vitrage (seuls certains petites fen\u00eatres hautes n&rsquo;ont pas de double vitrage) et est situ\u00e9 sur un terrain ensoleill\u00e9. La pelouse et les arbres\/arbrisseaux de votre jardin sont entretenus par le parc. La chaudi\u00e8re \u00e0 chauffage central date de 2019, vous n&rsquo;avez donc pas \u00e0 vous en pr\u00e9occuper non plus.<\/p>\n<p>Il y a un grand jardin avant, et en plus du luxe suppl\u00e9mentaire, un jardin au bord de l&rsquo;eau avec vue sur la digue de l&rsquo;IJsselmeer. Ici, vous pouvez profiter de la tranquillit\u00e9, de la verdure et du coucher de soleil jusqu&rsquo;\u00e0 tard dans la soir\u00e9e.<\/p>\n<p>Le bungalow est reli\u00e9 aux voisins par une pi\u00e8ce de rangement, et il y a une remise suppl\u00e9mentaire pour les v\u00e9los, les meubles de jardin, etc.<\/p>\n<p>Le bungalow est vendu avec tous les meubles et l&rsquo;inventaire. Bien s\u00fbr, les propri\u00e9taires actuels emporteront certains effets personnels avec eux. Cela peut \u00eatre indiqu\u00e9 lors de la visite.<\/p>\n<p>Extras :<\/p>\n<p>Le parc est \u00e9quip\u00e9 de tout ce qu&rsquo;un parc de vacances doit avoir : une piscine couverte, une grande aire de jeux et une ferme pour enfants. Il y a des terrains de tennis, du mini-golf, de l&rsquo;\u00e9quitation, du jeu de boules, du billard, et bien s\u00fbr, vous pouvez acheter toutes vos courses et du pain frais \u00e0 la sup\u00e9rette situ\u00e9e au centre du parc.<\/p>\n<p>Il y a un bon restaurant, un bar confortable, et pour des repas plus rapides, vous pouvez \u00e9galement commander une pizza ou aller au snack-bar ou au restaurant de cr\u00eapes.<\/p>\n<p>Un autre avantage sp\u00e9cial de ce bungalow est qu&rsquo;il est situ\u00e9 directement sur l&rsquo;IJsselmeer et \u00e0 proximit\u00e9 des anciennes villes n\u00e9erlandaises d&rsquo;Enkhuizen, de Medemblik, de Hoorn et d&rsquo;Alkmaar. Culture, restaurants, terrasses de port et possibilit\u00e9s de shopping \u00e9tendues sont \u00e0 port\u00e9e de main. Vous pouvez \u00e9galement vous rendre \u00e0 la plage de la mer du Nord ou \u00e0 Amsterdam en seulement 45 minutes en voiture.<\/p>\n<p>Voici une opportunit\u00e9 unique d&rsquo;acheter ce bungalow dans ce magnifique parc de vacances sur l&rsquo;IJsselmeer, litt\u00e9ralement \u00e0 deux pas de l&rsquo;IJsselmeer.<\/p>\n<p>Venez d\u00e9couvrir l&rsquo;atmosph\u00e8re sans engagement, et peut-\u00eatre que cette opportunit\u00e9 deviendra votre nouvelle maison de vacances, pour usage priv\u00e9 et\/ou location !<\/p>\n<\/div>\n<\/div>\n<\/div>\n<\/div>\n<\/div>\n<\/div>\n<\/div><\/div><\/div><\/div><\/div><\/div><\/div><\/section>\n","protected":false},"excerpt":{"rendered":"Le bungalow 407 est situ\u00e9 au milieu de ce magnifique parc de vacances avec une place de parking juste en face. De l&rsquo;autre c\u00f4t\u00e9, votre jardin borde un canal en cours d&rsquo;\u00e9coulement, et depuis votre terrasse, vous avez une vue sur l&rsquo;impressionnante digue de l&rsquo;IJsselmeer et la belle verdure. Avec 3 chambres et enti\u00e8rement pr\u00eat...","protected":false},"featured_media":2267,"comment_status":"open","ping_status":"closed","template":"","meta":[],"product_cat":[42],"product_tag":[],"class_list":["post-2266","product","type-product","status-publish","has-post-thumbnail","hentry","product_cat-andijk-fr"],"acf":[],"yoast_head":"<!-- This site is optimized with the Yoast SEO plugin v20.11 - https:\/\/yoast.com\/wordpress\/plugins\/seo\/ -->\n<title>Bungalow 407 - Cottage Real Estate<\/title>\n<meta name=\"robots\" content=\"index, follow, max-snippet:-1, max-image-preview:large, max-video-preview:-1\" \/>\n<link rel=\"canonical\" href=\"https:\/\/cottage-realestate.com\/fr\/ferienhaeuser\/bungalow-407\/\" \/>\n<meta property=\"og:locale\" content=\"fr_FR\" \/>\n<meta property=\"og:type\" content=\"article\" \/>\n<meta property=\"og:title\" content=\"Bungalow 407 - Cottage Real Estate\" \/>\n<meta property=\"og:url\" content=\"https:\/\/cottage-realestate.com\/fr\/ferienhaeuser\/bungalow-407\/\" \/>\n<meta property=\"og:site_name\" content=\"Cottage Real Estate\" \/>\n<meta property=\"article:publisher\" content=\"https:\/\/www.facebook.com\/people\/Cottage-Real-Estate\/100091918536968\/\" \/>\n<meta property=\"article:modified_time\" content=\"2023-09-20T08:55:34+00:00\" \/>\n<meta property=\"og:image\" content=\"https:\/\/cottage-realestate.com\/wp-content\/uploads\/2023\/07\/a-6-scaled.jpg\" \/>\n\t<meta property=\"og:image:width\" content=\"960\" \/>\n\t<meta property=\"og:image:height\" content=\"720\" \/>\n\t<meta property=\"og:image:type\" content=\"image\/jpeg\" \/>\n<meta name=\"twitter:card\" content=\"summary_large_image\" \/>\n<meta name=\"twitter:label1\" content=\"Dur\u00e9e de lecture estim\u00e9e\" \/>\n\t<meta name=\"twitter:data1\" content=\"4 minutes\" \/>\n<script type=\"application\/ld+json\" class=\"yoast-schema-graph\">{\"@context\":\"https:\/\/schema.org\",\"@graph\":[{\"@type\":\"WebPage\",\"@id\":\"https:\/\/cottage-realestate.com\/fr\/ferienhaeuser\/bungalow-407\/\",\"url\":\"https:\/\/cottage-realestate.com\/fr\/ferienhaeuser\/bungalow-407\/\",\"name\":\"Bungalow 407 - Cottage Real Estate\",\"isPartOf\":{\"@id\":\"https:\/\/cottage-realestate.com\/fr\/#website\"},\"datePublished\":\"2023-07-13T09:08:48+00:00\",\"dateModified\":\"2023-09-20T08:55:34+00:00\",\"breadcrumb\":{\"@id\":\"https:\/\/cottage-realestate.com\/fr\/ferienhaeuser\/bungalow-407\/#breadcrumb\"},\"inLanguage\":\"fr-FR\",\"potentialAction\":[{\"@type\":\"ReadAction\",\"target\":[\"https:\/\/cottage-realestate.com\/fr\/ferienhaeuser\/bungalow-407\/\"]}]},{\"@type\":\"BreadcrumbList\",\"@id\":\"https:\/\/cottage-realestate.com\/fr\/ferienhaeuser\/bungalow-407\/#breadcrumb\",\"itemListElement\":[{\"@type\":\"ListItem\",\"position\":1,\"name\":\"Startseite\",\"item\":\"https:\/\/cottage-realestate.com\/fr\/\"},{\"@type\":\"ListItem\",\"position\":2,\"name\":\"Products\",\"item\":\"https:\/\/cottage-realestate.com\/fr\/shop\/\"},{\"@type\":\"ListItem\",\"position\":3,\"name\":\"Bungalow 407\"}]},{\"@type\":\"WebSite\",\"@id\":\"https:\/\/cottage-realestate.com\/fr\/#website\",\"url\":\"https:\/\/cottage-realestate.com\/fr\/\",\"name\":\"Cottage Real Estate\",\"description\":\"Ferienh\u00e4user in Frankreich und Niederlande kaufen\",\"publisher\":{\"@id\":\"https:\/\/cottage-realestate.com\/fr\/#organization\"},\"potentialAction\":[{\"@type\":\"SearchAction\",\"target\":{\"@type\":\"EntryPoint\",\"urlTemplate\":\"https:\/\/cottage-realestate.com\/fr\/?s={search_term_string}\"},\"query-input\":\"required name=search_term_string\"}],\"inLanguage\":\"fr-FR\"},{\"@type\":\"Organization\",\"@id\":\"https:\/\/cottage-realestate.com\/fr\/#organization\",\"name\":\"Cottage Real Estate\",\"url\":\"https:\/\/cottage-realestate.com\/fr\/\",\"logo\":{\"@type\":\"ImageObject\",\"inLanguage\":\"fr-FR\",\"@id\":\"https:\/\/cottage-realestate.com\/fr\/#\/schema\/logo\/image\/\",\"url\":\"https:\/\/cottage-realestate.com\/wp-content\/uploads\/2020\/07\/logo.png\",\"contentUrl\":\"https:\/\/cottage-realestate.com\/wp-content\/uploads\/2020\/07\/logo.png\",\"width\":167,\"height\":140,\"caption\":\"Cottage Real Estate\"},\"image\":{\"@id\":\"https:\/\/cottage-realestate.com\/fr\/#\/schema\/logo\/image\/\"},\"sameAs\":[\"https:\/\/www.facebook.com\/people\/Cottage-Real-Estate\/100091918536968\/\",\"https:\/\/www.instagram.com\/cottagerealestatecom\/\"]}]}<\/script>\n<!-- \/ Yoast SEO plugin. -->","yoast_head_json":{"title":"Bungalow 407 - Cottage Real Estate","robots":{"index":"index","follow":"follow","max-snippet":"max-snippet:-1","max-image-preview":"max-image-preview:large","max-video-preview":"max-video-preview:-1"},"canonical":"https:\/\/cottage-realestate.com\/fr\/ferienhaeuser\/bungalow-407\/","og_locale":"fr_FR","og_type":"article","og_title":"Bungalow 407 - Cottage Real Estate","og_url":"https:\/\/cottage-realestate.com\/fr\/ferienhaeuser\/bungalow-407\/","og_site_name":"Cottage Real Estate","article_publisher":"https:\/\/www.facebook.com\/people\/Cottage-Real-Estate\/100091918536968\/","article_modified_time":"2023-09-20T08:55:34+00:00","og_image":[{"width":960,"height":720,"url":"https:\/\/cottage-realestate.com\/wp-content\/uploads\/2023\/07\/a-6-scaled.jpg","type":"image\/jpeg"}],"twitter_card":"summary_large_image","twitter_misc":{"Dur\u00e9e de lecture estim\u00e9e":"4 minutes"},"schema":{"@context":"https:\/\/schema.org","@graph":[{"@type":"WebPage","@id":"https:\/\/cottage-realestate.com\/fr\/ferienhaeuser\/bungalow-407\/","url":"https:\/\/cottage-realestate.com\/fr\/ferienhaeuser\/bungalow-407\/","name":"Bungalow 407 - Cottage Real Estate","isPartOf":{"@id":"https:\/\/cottage-realestate.com\/fr\/#website"},"datePublished":"2023-07-13T09:08:48+00:00","dateModified":"2023-09-20T08:55:34+00:00","breadcrumb":{"@id":"https:\/\/cottage-realestate.com\/fr\/ferienhaeuser\/bungalow-407\/#breadcrumb"},"inLanguage":"fr-FR","potentialAction":[{"@type":"ReadAction","target":["https:\/\/cottage-realestate.com\/fr\/ferienhaeuser\/bungalow-407\/"]}]},{"@type":"BreadcrumbList","@id":"https:\/\/cottage-realestate.com\/fr\/ferienhaeuser\/bungalow-407\/#breadcrumb","itemListElement":[{"@type":"ListItem","position":1,"name":"Startseite","item":"https:\/\/cottage-realestate.com\/fr\/"},{"@type":"ListItem","position":2,"name":"Products","item":"https:\/\/cottage-realestate.com\/fr\/shop\/"},{"@type":"ListItem","position":3,"name":"Bungalow 407"}]},{"@type":"WebSite","@id":"https:\/\/cottage-realestate.com\/fr\/#website","url":"https:\/\/cottage-realestate.com\/fr\/","name":"Cottage Real Estate","description":"Ferienh\u00e4user in Frankreich und Niederlande kaufen","publisher":{"@id":"https:\/\/cottage-realestate.com\/fr\/#organization"},"potentialAction":[{"@type":"SearchAction","target":{"@type":"EntryPoint","urlTemplate":"https:\/\/cottage-realestate.com\/fr\/?s={search_term_string}"},"query-input":"required name=search_term_string"}],"inLanguage":"fr-FR"},{"@type":"Organization","@id":"https:\/\/cottage-realestate.com\/fr\/#organization","name":"Cottage Real Estate","url":"https:\/\/cottage-realestate.com\/fr\/","logo":{"@type":"ImageObject","inLanguage":"fr-FR","@id":"https:\/\/cottage-realestate.com\/fr\/#\/schema\/logo\/image\/","url":"https:\/\/cottage-realestate.com\/wp-content\/uploads\/2020\/07\/logo.png","contentUrl":"https:\/\/cottage-realestate.com\/wp-content\/uploads\/2020\/07\/logo.png","width":167,"height":140,"caption":"Cottage Real Estate"},"image":{"@id":"https:\/\/cottage-realestate.com\/fr\/#\/schema\/logo\/image\/"},"sameAs":["https:\/\/www.facebook.com\/people\/Cottage-Real-Estate\/100091918536968\/","https:\/\/www.instagram.com\/cottagerealestatecom\/"]}]}},"_links":{"self":[{"href":"https:\/\/cottage-realestate.com\/fr\/wp-json\/wp\/v2\/product\/2266","targetHints":{"allow":["GET"]}}],"collection":[{"href":"https:\/\/cottage-realestate.com\/fr\/wp-json\/wp\/v2\/product"}],"about":[{"href":"https:\/\/cottage-realestate.com\/fr\/wp-json\/wp\/v2\/types\/product"}],"replies":[{"embeddable":true,"href":"https:\/\/cottage-realestate.com\/fr\/wp-json\/wp\/v2\/comments?post=2266"}],"wp:featuredmedia":[{"embeddable":true,"href":"https:\/\/cottage-realestate.com\/fr\/wp-json\/wp\/v2\/media\/2267"}],"wp:attachment":[{"href":"https:\/\/cottage-realestate.com\/fr\/wp-json\/wp\/v2\/media?parent=2266"}],"wp:term":[{"taxonomy":"product_cat","embeddable":true,"href":"https:\/\/cottage-realestate.com\/fr\/wp-json\/wp\/v2\/product_cat?post=2266"},{"taxonomy":"product_tag","embeddable":true,"href":"https:\/\/cottage-realestate.com\/fr\/wp-json\/wp\/v2\/product_tag?post=2266"}],"curies":[{"name":"wp","href":"https:\/\/api.w.org\/{rel}","templated":true}]}}