{"id":2306,"date":"2023-07-13T10:53:36","date_gmt":"2023-07-13T08:53:36","guid":{"rendered":"https:\/\/cottage-realestate.com\/?post_type=product&#038;p=2306"},"modified":"2023-09-20T10:58:13","modified_gmt":"2023-09-20T08:58:13","slug":"bungalow-359","status":"publish","type":"product","link":"https:\/\/cottage-realestate.com\/fr\/ferienhaeuser\/bungalow-359\/","title":{"rendered":"Bungalow 359"},"content":{"rendered":"<section class=\"l-section wpb_row height_medium\"><div class=\"l-section-h i-cf\"><div class=\"g-cols vc_row via_flex valign_top type_default stacking_default\"><div class=\"vc_col-sm-12 wpb_column vc_column_container\"><div class=\"vc_column-inner\"><div class=\"wpb_wrapper\"><div class=\"wpb_text_column\"><div class=\"wpb_wrapper\"><div id=\"listing-description\" class=\"ui-tabs-panel ui-corner-bottom ui-widget-content\" role=\"tabpanel\" aria-labelledby=\"ui-id-1\" aria-hidden=\"false\">\n<div id=\"listing-description\" class=\"ui-tabs-panel ui-corner-bottom ui-widget-content\" role=\"tabpanel\" aria-labelledby=\"ui-id-1\" aria-hidden=\"false\">\n<div id=\"listing-description\" class=\"ui-tabs-panel ui-corner-bottom ui-widget-content\" role=\"tabpanel\" aria-labelledby=\"ui-id-1\" aria-hidden=\"false\">\n<div id=\"listing-description\" class=\"ui-tabs-panel ui-corner-bottom ui-widget-content\" role=\"tabpanel\" aria-labelledby=\"ui-id-1\" aria-hidden=\"false\">\n<div id=\"listing-description\" class=\"ui-tabs-panel ui-corner-bottom ui-widget-content\" role=\"tabpanel\" aria-labelledby=\"ui-id-1\" aria-hidden=\"false\">\n<div class=\"flex flex-grow flex-col gap-3\">\n<div class=\"min-h-&#091;20px&#093; flex items-start overflow-x-auto whitespace-pre-wrap break-words flex-col gap-4\">\n<div class=\"markdown prose w-full break-words dark:prose-invert light\">\n<div class=\"flex flex-grow flex-col gap-3\">\n<div class=\"min-h-&#091;20px&#093; flex items-start overflow-x-auto whitespace-pre-wrap break-words flex-col gap-4\">\n<div class=\"markdown prose w-full break-words dark:prose-invert light\">\n<p>Magnifique bungalow pour 5 personnes, bien entretenu, dans un emplacement merveilleusement calme. Un jardin ensoleill\u00e9 \u00e0 l&rsquo;avant et \u00e0 l&rsquo;arri\u00e8re, situ\u00e9 \u00e0 deux pas de l&rsquo;entr\u00e9e de la digue de l&rsquo;IJsselmeer. Vous pouvez vous garer juste devant le bungalow et profiter de la vue sur la verdure environnante et la digue de l&rsquo;IJsselmeer.<\/p>\n<p>Disposition :<\/p>\n<p>Quel agr\u00e9able accueil, un charmant jardin vous accueille dans votre bungalow de vacances. Vous entrez dans le bungalow par des portes-fen\u00eatres doubles ou par la porte donnant sur la cuisine \u00e0 l&rsquo;arri\u00e8re. Vous p\u00e9n\u00e9trez dans le salon spacieux, avec un magnifique sol en stratifi\u00e9, une chemin\u00e9e, un coin salon confortable et un ensemble de meubles pour la t\u00e9l\u00e9vision et autres \u00e9quipements multim\u00e9dias. Bien s\u00fbr, une connexion Wi-Fi fiable est disponible.<\/p>\n<p>La cuisine ouverte dispose d&rsquo;une salle \u00e0 manger pour 6 personnes, d&rsquo;un lave-vaisselle, d&rsquo;un four \u00e0 micro-ondes, d&rsquo;une cuisini\u00e8re \u00e0 4 feux, d&rsquo;un r\u00e9frig\u00e9rateur, d&rsquo;une hotte aspirante et d&rsquo;un espace de rangement suffisant. Un inventaire complet et divers petits appareils pour 6 personnes sont disponibles.<\/p>\n<p>Unique dans ce parc : il y a 3 chambres avec un total de 6 couchages. La chambre 1 est \u00e9quip\u00e9e de 2 lits boxspring et d&rsquo;un espace de rangement, la chambre 2 comprend un lit simple et un espace de rangement. La chambre 3 est \u00e9quip\u00e9e d&rsquo;un lit superpos\u00e9 en bois massif et d&rsquo;un espace de rangement. Le m\u00eame rev\u00eatement de sol stratifi\u00e9 de qualit\u00e9 et de couleur claire est \u00e9galement pos\u00e9 dans les chambres. Le bungalow est accessible aux personnes \u00e0 mobilit\u00e9 r\u00e9duite.<\/p>\n<p>Ce bungalow est meubl\u00e9 selon les directives de location et est d\u00e9j\u00e0 bien \u00e9tabli sur le march\u00e9 de la location, ce qui vous permet de g\u00e9n\u00e9rer imm\u00e9diatement des revenus en laissant votre bungalow dans le parc de location. Les locations pr\u00e9-r\u00e9serv\u00e9es pour les prochains mois sont incluses dans le prix.<\/p>\n<p>Dans la salle de bains enti\u00e8rement neuve, vous trouverez des toilettes suspendues, un lavabo design avec un miroir sp\u00e9cial \u00e9quip\u00e9 d&rsquo;un \u00e9clairage int\u00e9gr\u00e9, un meuble vasque, un radiateur et une douche s\u00e9par\u00e9e, ferm\u00e9e par une paroi en verre tremp\u00e9.<\/p>\n<p>Caract\u00e9ristiques sp\u00e9ciales :<\/p>\n<p>Il y a une pi\u00e8ce de rangement pour les v\u00e9los, etc. La propri\u00e9t\u00e9 a \u00e9t\u00e9 r\u00e9nov\u00e9e il y a 2,5 ans, tant \u00e0 l&rsquo;int\u00e9rieur qu&rsquo;\u00e0 l&rsquo;ext\u00e9rieur, et une nouvelle salle de bains a \u00e9t\u00e9 install\u00e9e. Le bungalow est principalement \u00e9quip\u00e9 de double vitrage et dispose du chauffage central. Le bungalow sera livr\u00e9 enti\u00e8rement meubl\u00e9.<\/p>\n<p>Vous pouvez profiter du soleil \u00e0 l&rsquo;avant et \u00e0 l&rsquo;arri\u00e8re du bungalow. Le jardin arri\u00e8re est enti\u00e8rement priv\u00e9 et dispose d&rsquo;une terrasse en bois dur avec un ensemble de salon et une table \u00e0 manger s\u00e9par\u00e9e avec des chaises. Il y a un espace de stockage o\u00f9 vous pouvez ranger vos v\u00e9los, vos outils de jardinage et votre barbecue.<\/p>\n<p>Extras :<\/p>\n<p>Le parc est \u00e9quip\u00e9 de tout ce qu&rsquo;un parc de vacances doit avoir : une piscine couverte, une grande aire de jeux et une ferme pour enfants. Il y a des terrains de tennis, un minigolf, des promenades \u00e0 cheval, des jeux de boules, du billard, et bien s\u00fbr, vous pouvez faire vos courses et acheter du pain frais au supermarch\u00e9 situ\u00e9 au centre du parc.<\/p>\n<p>Il y a un bon restaurant, un bar confortable, et pour les repas rapides, vous pouvez \u00e9galement commander une pizza ou vous rendre au snack-bar ou au restaurant de cr\u00eapes.<\/p>\n<p>Un autre avantage particulier de ce bungalow est sa situation directe sur l&rsquo;IJsselmeer et sa proximit\u00e9 des anciennes villes n\u00e9erlandaises d&rsquo;Enkhuizen, Medemblik, Hoorn et Alkmaar. C&rsquo;est un emplacement parfait pour les amateurs de sports nautiques ou les personnes qui aiment la culture. Les restaurants, les terrasses du port et les possibilit\u00e9s de shopping sont facilement accessibles. Vous pouvez \u00e9galement rejoindre la plage de la mer du Nord ou Amsterdam en seulement 45 minutes en voiture.<\/p>\n<p>Dans l&rsquo;ensemble, c&rsquo;est une opportunit\u00e9 unique d&rsquo;acqu\u00e9rir ce magnifique bungalow avec son jardin charmant ! N&rsquo;h\u00e9sitez pas \u00e0 prendre rendez-vous pour une visite de ce bungalow parfaitement adapt\u00e9 \u00e0 la location et\/ou \u00e0 la cr\u00e9ation de merveilleux souvenirs pour un usage personnel.<\/p>\n<\/div>\n<\/div>\n<\/div>\n<\/div>\n<\/div>\n<\/div>\n<\/div>\n<\/div>\n<\/div>\n<\/div>\n<\/div>\n<\/div><\/div><\/div><\/div><\/div><\/div><\/div><\/section>\n","protected":false},"excerpt":{"rendered":"Magnifique bungalow pour 5 personnes, bien entretenu, dans un emplacement merveilleusement calme. Un jardin ensoleill\u00e9 \u00e0 l&rsquo;avant et \u00e0 l&rsquo;arri\u00e8re, situ\u00e9 \u00e0 deux pas de l&rsquo;entr\u00e9e de la digue de l&rsquo;IJsselmeer. Vous pouvez vous garer juste devant le bungalow et profiter de la vue sur la verdure environnante et la digue de l&rsquo;IJsselmeer. Disposition :...","protected":false},"featured_media":2307,"comment_status":"open","ping_status":"closed","template":"","meta":[],"product_cat":[],"product_tag":[],"class_list":["post-2306","product","type-product","status-publish","has-post-thumbnail","hentry"],"acf":[],"yoast_head":"<!-- This site is optimized with the Yoast SEO plugin v20.11 - https:\/\/yoast.com\/wordpress\/plugins\/seo\/ -->\n<title>Bungalow 359 - Cottage Real Estate<\/title>\n<meta name=\"robots\" content=\"index, follow, max-snippet:-1, max-image-preview:large, max-video-preview:-1\" \/>\n<link rel=\"canonical\" href=\"https:\/\/cottage-realestate.com\/fr\/ferienhaeuser\/bungalow-359\/\" \/>\n<meta property=\"og:locale\" content=\"fr_FR\" \/>\n<meta property=\"og:type\" content=\"article\" \/>\n<meta property=\"og:title\" content=\"Bungalow 359 - Cottage Real Estate\" \/>\n<meta property=\"og:url\" content=\"https:\/\/cottage-realestate.com\/fr\/ferienhaeuser\/bungalow-359\/\" \/>\n<meta property=\"og:site_name\" content=\"Cottage Real Estate\" \/>\n<meta property=\"article:publisher\" content=\"https:\/\/www.facebook.com\/people\/Cottage-Real-Estate\/100091918536968\/\" \/>\n<meta property=\"article:modified_time\" content=\"2023-09-20T08:58:13+00:00\" \/>\n<meta property=\"og:image\" content=\"https:\/\/cottage-realestate.com\/wp-content\/uploads\/2023\/07\/a-2-scaled.jpg\" \/>\n\t<meta property=\"og:image:width\" content=\"960\" \/>\n\t<meta property=\"og:image:height\" content=\"443\" \/>\n\t<meta property=\"og:image:type\" content=\"image\/jpeg\" \/>\n<meta name=\"twitter:card\" content=\"summary_large_image\" \/>\n<meta name=\"twitter:label1\" content=\"Dur\u00e9e de lecture estim\u00e9e\" \/>\n\t<meta name=\"twitter:data1\" content=\"4 minutes\" \/>\n<script type=\"application\/ld+json\" class=\"yoast-schema-graph\">{\"@context\":\"https:\/\/schema.org\",\"@graph\":[{\"@type\":\"WebPage\",\"@id\":\"https:\/\/cottage-realestate.com\/fr\/ferienhaeuser\/bungalow-359\/\",\"url\":\"https:\/\/cottage-realestate.com\/fr\/ferienhaeuser\/bungalow-359\/\",\"name\":\"Bungalow 359 - Cottage Real Estate\",\"isPartOf\":{\"@id\":\"https:\/\/cottage-realestate.com\/fr\/#website\"},\"datePublished\":\"2023-07-13T08:53:36+00:00\",\"dateModified\":\"2023-09-20T08:58:13+00:00\",\"breadcrumb\":{\"@id\":\"https:\/\/cottage-realestate.com\/fr\/ferienhaeuser\/bungalow-359\/#breadcrumb\"},\"inLanguage\":\"fr-FR\",\"potentialAction\":[{\"@type\":\"ReadAction\",\"target\":[\"https:\/\/cottage-realestate.com\/fr\/ferienhaeuser\/bungalow-359\/\"]}]},{\"@type\":\"BreadcrumbList\",\"@id\":\"https:\/\/cottage-realestate.com\/fr\/ferienhaeuser\/bungalow-359\/#breadcrumb\",\"itemListElement\":[{\"@type\":\"ListItem\",\"position\":1,\"name\":\"Startseite\",\"item\":\"https:\/\/cottage-realestate.com\/fr\/\"},{\"@type\":\"ListItem\",\"position\":2,\"name\":\"Products\",\"item\":\"https:\/\/cottage-realestate.com\/fr\/shop\/\"},{\"@type\":\"ListItem\",\"position\":3,\"name\":\"Bungalow 359\"}]},{\"@type\":\"WebSite\",\"@id\":\"https:\/\/cottage-realestate.com\/fr\/#website\",\"url\":\"https:\/\/cottage-realestate.com\/fr\/\",\"name\":\"Cottage Real Estate\",\"description\":\"Ferienh\u00e4user in Frankreich und Niederlande kaufen\",\"publisher\":{\"@id\":\"https:\/\/cottage-realestate.com\/fr\/#organization\"},\"potentialAction\":[{\"@type\":\"SearchAction\",\"target\":{\"@type\":\"EntryPoint\",\"urlTemplate\":\"https:\/\/cottage-realestate.com\/fr\/?s={search_term_string}\"},\"query-input\":\"required name=search_term_string\"}],\"inLanguage\":\"fr-FR\"},{\"@type\":\"Organization\",\"@id\":\"https:\/\/cottage-realestate.com\/fr\/#organization\",\"name\":\"Cottage Real Estate\",\"url\":\"https:\/\/cottage-realestate.com\/fr\/\",\"logo\":{\"@type\":\"ImageObject\",\"inLanguage\":\"fr-FR\",\"@id\":\"https:\/\/cottage-realestate.com\/fr\/#\/schema\/logo\/image\/\",\"url\":\"https:\/\/cottage-realestate.com\/wp-content\/uploads\/2020\/07\/logo.png\",\"contentUrl\":\"https:\/\/cottage-realestate.com\/wp-content\/uploads\/2020\/07\/logo.png\",\"width\":167,\"height\":140,\"caption\":\"Cottage Real Estate\"},\"image\":{\"@id\":\"https:\/\/cottage-realestate.com\/fr\/#\/schema\/logo\/image\/\"},\"sameAs\":[\"https:\/\/www.facebook.com\/people\/Cottage-Real-Estate\/100091918536968\/\",\"https:\/\/www.instagram.com\/cottagerealestatecom\/\"]}]}<\/script>\n<!-- \/ Yoast SEO plugin. -->","yoast_head_json":{"title":"Bungalow 359 - Cottage Real Estate","robots":{"index":"index","follow":"follow","max-snippet":"max-snippet:-1","max-image-preview":"max-image-preview:large","max-video-preview":"max-video-preview:-1"},"canonical":"https:\/\/cottage-realestate.com\/fr\/ferienhaeuser\/bungalow-359\/","og_locale":"fr_FR","og_type":"article","og_title":"Bungalow 359 - Cottage Real Estate","og_url":"https:\/\/cottage-realestate.com\/fr\/ferienhaeuser\/bungalow-359\/","og_site_name":"Cottage Real Estate","article_publisher":"https:\/\/www.facebook.com\/people\/Cottage-Real-Estate\/100091918536968\/","article_modified_time":"2023-09-20T08:58:13+00:00","og_image":[{"width":960,"height":443,"url":"https:\/\/cottage-realestate.com\/wp-content\/uploads\/2023\/07\/a-2-scaled.jpg","type":"image\/jpeg"}],"twitter_card":"summary_large_image","twitter_misc":{"Dur\u00e9e de lecture estim\u00e9e":"4 minutes"},"schema":{"@context":"https:\/\/schema.org","@graph":[{"@type":"WebPage","@id":"https:\/\/cottage-realestate.com\/fr\/ferienhaeuser\/bungalow-359\/","url":"https:\/\/cottage-realestate.com\/fr\/ferienhaeuser\/bungalow-359\/","name":"Bungalow 359 - Cottage Real Estate","isPartOf":{"@id":"https:\/\/cottage-realestate.com\/fr\/#website"},"datePublished":"2023-07-13T08:53:36+00:00","dateModified":"2023-09-20T08:58:13+00:00","breadcrumb":{"@id":"https:\/\/cottage-realestate.com\/fr\/ferienhaeuser\/bungalow-359\/#breadcrumb"},"inLanguage":"fr-FR","potentialAction":[{"@type":"ReadAction","target":["https:\/\/cottage-realestate.com\/fr\/ferienhaeuser\/bungalow-359\/"]}]},{"@type":"BreadcrumbList","@id":"https:\/\/cottage-realestate.com\/fr\/ferienhaeuser\/bungalow-359\/#breadcrumb","itemListElement":[{"@type":"ListItem","position":1,"name":"Startseite","item":"https:\/\/cottage-realestate.com\/fr\/"},{"@type":"ListItem","position":2,"name":"Products","item":"https:\/\/cottage-realestate.com\/fr\/shop\/"},{"@type":"ListItem","position":3,"name":"Bungalow 359"}]},{"@type":"WebSite","@id":"https:\/\/cottage-realestate.com\/fr\/#website","url":"https:\/\/cottage-realestate.com\/fr\/","name":"Cottage Real Estate","description":"Ferienh\u00e4user in Frankreich und Niederlande kaufen","publisher":{"@id":"https:\/\/cottage-realestate.com\/fr\/#organization"},"potentialAction":[{"@type":"SearchAction","target":{"@type":"EntryPoint","urlTemplate":"https:\/\/cottage-realestate.com\/fr\/?s={search_term_string}"},"query-input":"required name=search_term_string"}],"inLanguage":"fr-FR"},{"@type":"Organization","@id":"https:\/\/cottage-realestate.com\/fr\/#organization","name":"Cottage Real Estate","url":"https:\/\/cottage-realestate.com\/fr\/","logo":{"@type":"ImageObject","inLanguage":"fr-FR","@id":"https:\/\/cottage-realestate.com\/fr\/#\/schema\/logo\/image\/","url":"https:\/\/cottage-realestate.com\/wp-content\/uploads\/2020\/07\/logo.png","contentUrl":"https:\/\/cottage-realestate.com\/wp-content\/uploads\/2020\/07\/logo.png","width":167,"height":140,"caption":"Cottage Real Estate"},"image":{"@id":"https:\/\/cottage-realestate.com\/fr\/#\/schema\/logo\/image\/"},"sameAs":["https:\/\/www.facebook.com\/people\/Cottage-Real-Estate\/100091918536968\/","https:\/\/www.instagram.com\/cottagerealestatecom\/"]}]}},"_links":{"self":[{"href":"https:\/\/cottage-realestate.com\/fr\/wp-json\/wp\/v2\/product\/2306","targetHints":{"allow":["GET"]}}],"collection":[{"href":"https:\/\/cottage-realestate.com\/fr\/wp-json\/wp\/v2\/product"}],"about":[{"href":"https:\/\/cottage-realestate.com\/fr\/wp-json\/wp\/v2\/types\/product"}],"replies":[{"embeddable":true,"href":"https:\/\/cottage-realestate.com\/fr\/wp-json\/wp\/v2\/comments?post=2306"}],"wp:featuredmedia":[{"embeddable":true,"href":"https:\/\/cottage-realestate.com\/fr\/wp-json\/wp\/v2\/media\/2307"}],"wp:attachment":[{"href":"https:\/\/cottage-realestate.com\/fr\/wp-json\/wp\/v2\/media?parent=2306"}],"wp:term":[{"taxonomy":"product_cat","embeddable":true,"href":"https:\/\/cottage-realestate.com\/fr\/wp-json\/wp\/v2\/product_cat?post=2306"},{"taxonomy":"product_tag","embeddable":true,"href":"https:\/\/cottage-realestate.com\/fr\/wp-json\/wp\/v2\/product_tag?post=2306"}],"curies":[{"name":"wp","href":"https:\/\/api.w.org\/{rel}","templated":true}]}}