{"id":2335,"date":"2023-07-11T12:16:36","date_gmt":"2023-07-11T10:16:36","guid":{"rendered":"https:\/\/cottage-realestate.com\/?post_type=product&#038;p=2335"},"modified":"2023-07-14T14:54:27","modified_gmt":"2023-07-14T12:54:27","slug":"bungalow-402","status":"publish","type":"product","link":"https:\/\/cottage-realestate.com\/fr\/ferienhaeuser\/bungalow-402\/","title":{"rendered":"Bungalow 402"},"content":{"rendered":"<section class=\"l-section wpb_row height_medium\"><div class=\"l-section-h i-cf\"><div class=\"g-cols vc_row via_flex valign_top type_default stacking_default\"><div class=\"vc_col-sm-12 wpb_column vc_column_container\"><div class=\"vc_column-inner\"><div class=\"wpb_wrapper\"><div class=\"wpb_text_column\"><div class=\"wpb_wrapper\"><div id=\"listing-description\" class=\"ui-tabs-panel ui-corner-bottom ui-widget-content\" role=\"tabpanel\" aria-labelledby=\"ui-id-1\" aria-hidden=\"false\">\n<div id=\"listing-description\" class=\"ui-tabs-panel ui-corner-bottom ui-widget-content\" role=\"tabpanel\" aria-labelledby=\"ui-id-1\" aria-hidden=\"false\">\n<div class=\"flex flex-grow flex-col gap-3\">\n<div class=\"min-h-&#091;20px&#093; flex items-start overflow-x-auto whitespace-pre-wrap break-words flex-col gap-4\">\n<div class=\"markdown prose w-full break-words dark:prose-invert light\">\n<div class=\"flex flex-grow flex-col gap-3\">\n<div class=\"flex items-start overflow-x-auto whitespace-pre-wrap break-words flex-col gap-4\">\n<div class=\"markdown prose w-full break-words dark:prose-invert light\">\n<p>Ce bungalow r\u00e9cemment modernis\u00e9 et r\u00e9nov\u00e9 pour 4 personnes est situ\u00e9 dans un grand parc avec seulement un sentier devant la maison et un grand jardin ensoleill\u00e9 \u00e0 l&rsquo;arri\u00e8re. Tranquillit\u00e9, espace et confort ; poursuivez votre lecture sur votre nouvelle maison de vacances.<\/p>\n<p>Am\u00e9nagement :<\/p>\n<p>Vous entrez dans la zone de vie moderne par la nouvelle cuisine ouverte. La porte d&rsquo;entr\u00e9e et toute la fa\u00e7ade de ce magnifique bungalow ont \u00e9t\u00e9 remplac\u00e9es par des cadres en plastique de haute qualit\u00e9. Les fen\u00eatres \u00e0 triple vitrage HR++ et la qualit\u00e9 solide attirent imm\u00e9diatement l&rsquo;attention. La cuisine a \u00e9t\u00e9 enti\u00e8rement r\u00e9nov\u00e9e et est enti\u00e8rement \u00e9quip\u00e9e et agenc\u00e9e de mani\u00e8re efficace avec des appareils int\u00e9gr\u00e9s. Elle comprend une plaque de cuisson \u00e0 induction 2 feux, un r\u00e9frig\u00e9rateur avec compartiment cong\u00e9lateur, un four \u00e0 micro-ondes combin\u00e9 et un lave-vaisselle. Il y a \u00e9galement suffisamment d&rsquo;espace de rangement, d&rsquo;inventaire et d&rsquo;\u00e9quipements suppl\u00e9mentaires pour cuisiner agr\u00e9ablement. Il y a une salle \u00e0 manger pour 4 personnes, extensible pour accueillir 6 personnes avec la table coulissante.<\/p>\n<p>Le salon est meubl\u00e9 d&rsquo;un confortable canap\u00e9-lit, d&rsquo;une table basse, d&rsquo;un buffet avec t\u00e9l\u00e9vision et \u00e9quipement multim\u00e9dia, ainsi que d&rsquo;une grande vitrine pour vos affaires. Tout cela cr\u00e9e une atmosph\u00e8re chaleureuse autour de la chemin\u00e9e enti\u00e8rement fonctionnelle, avec vue sur le magnifique jardin ensoleill\u00e9. Vous acc\u00e9dez \u00e0 ce grand jardin par les portes-fen\u00eatres. La fa\u00e7ade arri\u00e8re a \u00e9galement \u00e9t\u00e9 r\u00e9cemment remplac\u00e9e par une fa\u00e7ade en plastique avec des fen\u00eatres et des portes \u00e0 ouverture basculante et oscillo-battantes, \u00e9quip\u00e9es de double vitrage HR++. Vous n&rsquo;avez pas \u00e0 vous soucier de l&rsquo;entretien !<\/p>\n<p>Le bungalow entier est rev\u00eatu d&rsquo;un carrelage clair et facile d&rsquo;entretien, qui se poursuit sans seuils dans toutes les pi\u00e8ces.<\/p>\n<p>La premi\u00e8re chambre est la plus grande des 3 chambres et comprend un lit double avec sommier \u00e0 ressorts et une commode pour vos v\u00eatements. La pi\u00e8ce peut \u00eatre facilement obscurcie gr\u00e2ce aux stores. La deuxi\u00e8me chambre est \u00e9quip\u00e9e d&rsquo;un lit simple en bois massif avec des compartiments de rangement en dessous. Il y a une table de chevet avec des tiroirs, et l\u00e0 aussi, vous pouvez facilement obscurcir la pi\u00e8ce avec les stores. La troisi\u00e8me chambre, la plus petite, est \u00e9quip\u00e9e d&rsquo;un lit simple et de placards. Dans l&rsquo;ensemble, c&rsquo;est un agencement agr\u00e9able pour passer des vacances agr\u00e9ables \u00e0 4 personnes.<\/p>\n<p>La salle de bains a \u00e9galement \u00e9t\u00e9 r\u00e9nov\u00e9e et pr\u00e9sente un style moderne en anthracite et blanc. Elle dispose d&rsquo;une fen\u00eatre basculante pour une ventilation suppl\u00e9mentaire et une lumi\u00e8re naturelle, ainsi que d&rsquo;une douche \u00e0 l&rsquo;italienne avec un mitigeur. Le lavabo design avec un mitigeur est extra large, surmont\u00e9 d&rsquo;un grand miroir avec un \u00e9clairage agr\u00e9able. Il y a des toilettes avec une armoire murale suppl\u00e9mentaire et un radiateur pour garder vos serviettes au chaud.<\/p>\n<p>Par le jardin arri\u00e8re, vous avez acc\u00e8s \u00e0 votre d\u00e9barras. Ce d\u00e9barras jouxte celui de vos voisins et offre de l&rsquo;espace pour vos outils, votre barbecue, vos v\u00e9los et autres objets que vous souhaitez garder au sec. Le jardin arri\u00e8re est bien expos\u00e9 au soleil et est assez spacieux avec de belles haies persistantes. La pelouse est tondue par le service d&rsquo;am\u00e9nagement paysager du parc, et les haies et les arbres sont taill\u00e9s pour vous. Vous n&rsquo;avez pas \u00e0 vous soucier de tout cela.<\/p>\n<p>Particularit\u00e9s :<\/p>\n<p>L&#8217;emplacement de ce bungalow est id\u00e9al, y compris en ce qui concerne les options de stationnement. Vous pouvez vous garer (maximum 2 voitures par bungalow) \u00e0 seulement 20 m\u00e8tres de votre porte d&rsquo;entr\u00e9e, sans \u00eatre d\u00e9rang\u00e9 par la circulation pr\u00e8s de votre bungalow. Il est \u00e9galement bien situ\u00e9 par rapport \u00e0 toutes les installations du parc. Vous \u00eates pratiquement \u00e0 deux pas des restaurants, du supermarch\u00e9, de la piscine, etc., sans \u00eatre d\u00e9rang\u00e9 par le bruit. Il est \u00e9galement agr\u00e9able que les enfants (petits) puissent jouer au football, au badminton, etc. sur un grand terrain en herbe entour\u00e9 de haies vertes juste devant la porte, sans aucun danger.<\/p>\n<p>Les propri\u00e9taires ont dot\u00e9 le bungalow d&rsquo;une nouvelle fa\u00e7ade avant et arri\u00e8re. Elles sont de haute qualit\u00e9 et sont \u00e9quip\u00e9es de fen\u00eatres et de portes \u00e0 ouverture basculante et oscillo-battantes avec un triple vitrage HR++. La cuisine est neuve, et la chaudi\u00e8re centrale a \u00e9t\u00e9 remplac\u00e9e en 2020, bien entretenue et inspect\u00e9e chaque ann\u00e9e. La chemin\u00e9e est nettoy\u00e9e chaque ann\u00e9e, et l&rsquo;\u00e9tat g\u00e9n\u00e9ral du bungalow est excellent. Vous pouvez d\u00e9baller vos valises et profiter imm\u00e9diatement du magnifique parc et des environs charmants de l&rsquo;IJsselmeer.<\/p>\n<p>Extras :<\/p>\n<p>Le parc est \u00e9quip\u00e9 de tout ce qu&rsquo;un parc de vacances devrait avoir : une piscine couverte, une grande aire de jeux et une ferme p\u00e9dagogique. Il y a des courts de tennis, un parcours de mini-golf, des installations d&rsquo;\u00e9quitation, des pistes de bowling et des tables de billard. Bien s\u00fbr, vous pouvez faire vos courses et acheter du pain frais au supermarch\u00e9 situ\u00e9 au centre du parc.<\/p>\n<p>Il y a un bon restaurant, un bar convivial, et pour les repas rapides, vous pouvez \u00e9galement commander une pizza ou vous rendre au snack-bar et au restaurant de cr\u00eapes.<\/p>\n<p>Un autre avantage particulier de ce bungalow est sa proximit\u00e9 de toutes les installations et \u00e0 quelques minutes \u00e0 pied de l&rsquo;IJsselmeer. \u00c0 proximit\u00e9 du parc, vous trouverez les villes historiques n\u00e9erlandaises d&rsquo;Enkhuizen, de Medemblik, de Hoorn et d&rsquo;Alkmaar. Culture, restaurants, terrasses du port et opportunit\u00e9s de shopping \u00e9tendues sont \u00e0 port\u00e9e de main. De plus, vous pouvez rejoindre la plage de la mer du Nord ou Amsterdam en seulement 45 minutes en voiture.<\/p>\n<p>Dans l&rsquo;ensemble, c&rsquo;est une occasion unique de faire de ce bungalow r\u00e9cemment r\u00e9nov\u00e9 et confortablement meubl\u00e9 le v\u00f4tre. Prenez rendez-vous pour une visite et d\u00e9couvrez par vous-m\u00eame l&rsquo;atmosph\u00e8re agr\u00e9able et les possibilit\u00e9s offertes.<\/p>\n<\/div>\n<\/div>\n<\/div>\n<\/div>\n<\/div>\n<\/div>\n<\/div>\n<\/div>\n<\/div><\/div><\/div><\/div><\/div><\/div><\/div><\/section>\n","protected":false},"excerpt":{"rendered":"Ce bungalow r\u00e9cemment modernis\u00e9 et r\u00e9nov\u00e9 pour 4 personnes est situ\u00e9 dans un grand parc avec seulement un sentier devant la maison et un grand jardin ensoleill\u00e9 \u00e0 l&rsquo;arri\u00e8re. Tranquillit\u00e9, espace et confort ; poursuivez votre lecture sur votre nouvelle maison de vacances. Am\u00e9nagement : Vous entrez dans la zone de vie moderne par la...","protected":false},"featured_media":1138,"comment_status":"open","ping_status":"closed","template":"","meta":[],"product_cat":[],"product_tag":[],"class_list":["post-2335","product","type-product","status-publish","has-post-thumbnail","hentry"],"acf":[],"yoast_head":"<!-- This site is optimized with the Yoast SEO plugin v20.11 - https:\/\/yoast.com\/wordpress\/plugins\/seo\/ -->\n<title>Bungalow 402 - Cottage Real Estate<\/title>\n<meta name=\"robots\" content=\"index, follow, max-snippet:-1, max-image-preview:large, max-video-preview:-1\" \/>\n<link rel=\"canonical\" href=\"https:\/\/cottage-realestate.com\/fr\/ferienhaeuser\/bungalow-402\/\" \/>\n<meta property=\"og:locale\" content=\"fr_FR\" \/>\n<meta property=\"og:type\" content=\"article\" \/>\n<meta property=\"og:title\" content=\"Bungalow 402 - Cottage Real Estate\" \/>\n<meta property=\"og:url\" content=\"https:\/\/cottage-realestate.com\/fr\/ferienhaeuser\/bungalow-402\/\" \/>\n<meta property=\"og:site_name\" content=\"Cottage Real Estate\" \/>\n<meta property=\"article:publisher\" content=\"https:\/\/www.facebook.com\/people\/Cottage-Real-Estate\/100091918536968\/\" \/>\n<meta property=\"article:modified_time\" content=\"2023-07-14T12:54:27+00:00\" \/>\n<meta property=\"og:image\" content=\"https:\/\/cottage-realestate.com\/wp-content\/uploads\/2023\/07\/a-3.jpg\" \/>\n\t<meta property=\"og:image:width\" content=\"1189\" \/>\n\t<meta property=\"og:image:height\" content=\"841\" \/>\n\t<meta property=\"og:image:type\" content=\"image\/jpeg\" \/>\n<meta name=\"twitter:card\" content=\"summary_large_image\" \/>\n<meta name=\"twitter:label1\" content=\"Dur\u00e9e de lecture estim\u00e9e\" \/>\n\t<meta name=\"twitter:data1\" content=\"6 minutes\" \/>\n<script type=\"application\/ld+json\" class=\"yoast-schema-graph\">{\"@context\":\"https:\/\/schema.org\",\"@graph\":[{\"@type\":\"WebPage\",\"@id\":\"https:\/\/cottage-realestate.com\/fr\/ferienhaeuser\/bungalow-402\/\",\"url\":\"https:\/\/cottage-realestate.com\/fr\/ferienhaeuser\/bungalow-402\/\",\"name\":\"Bungalow 402 - Cottage Real Estate\",\"isPartOf\":{\"@id\":\"https:\/\/cottage-realestate.com\/fr\/#website\"},\"datePublished\":\"2023-07-11T10:16:36+00:00\",\"dateModified\":\"2023-07-14T12:54:27+00:00\",\"breadcrumb\":{\"@id\":\"https:\/\/cottage-realestate.com\/fr\/ferienhaeuser\/bungalow-402\/#breadcrumb\"},\"inLanguage\":\"fr-FR\",\"potentialAction\":[{\"@type\":\"ReadAction\",\"target\":[\"https:\/\/cottage-realestate.com\/fr\/ferienhaeuser\/bungalow-402\/\"]}]},{\"@type\":\"BreadcrumbList\",\"@id\":\"https:\/\/cottage-realestate.com\/fr\/ferienhaeuser\/bungalow-402\/#breadcrumb\",\"itemListElement\":[{\"@type\":\"ListItem\",\"position\":1,\"name\":\"Startseite\",\"item\":\"https:\/\/cottage-realestate.com\/fr\/\"},{\"@type\":\"ListItem\",\"position\":2,\"name\":\"Products\",\"item\":\"https:\/\/cottage-realestate.com\/fr\/shop\/\"},{\"@type\":\"ListItem\",\"position\":3,\"name\":\"Bungalow 402\"}]},{\"@type\":\"WebSite\",\"@id\":\"https:\/\/cottage-realestate.com\/fr\/#website\",\"url\":\"https:\/\/cottage-realestate.com\/fr\/\",\"name\":\"Cottage Real Estate\",\"description\":\"Ferienh\u00e4user in Frankreich und Niederlande kaufen\",\"publisher\":{\"@id\":\"https:\/\/cottage-realestate.com\/fr\/#organization\"},\"potentialAction\":[{\"@type\":\"SearchAction\",\"target\":{\"@type\":\"EntryPoint\",\"urlTemplate\":\"https:\/\/cottage-realestate.com\/fr\/?s={search_term_string}\"},\"query-input\":\"required name=search_term_string\"}],\"inLanguage\":\"fr-FR\"},{\"@type\":\"Organization\",\"@id\":\"https:\/\/cottage-realestate.com\/fr\/#organization\",\"name\":\"Cottage Real Estate\",\"url\":\"https:\/\/cottage-realestate.com\/fr\/\",\"logo\":{\"@type\":\"ImageObject\",\"inLanguage\":\"fr-FR\",\"@id\":\"https:\/\/cottage-realestate.com\/fr\/#\/schema\/logo\/image\/\",\"url\":\"https:\/\/cottage-realestate.com\/wp-content\/uploads\/2020\/07\/logo.png\",\"contentUrl\":\"https:\/\/cottage-realestate.com\/wp-content\/uploads\/2020\/07\/logo.png\",\"width\":167,\"height\":140,\"caption\":\"Cottage Real Estate\"},\"image\":{\"@id\":\"https:\/\/cottage-realestate.com\/fr\/#\/schema\/logo\/image\/\"},\"sameAs\":[\"https:\/\/www.facebook.com\/people\/Cottage-Real-Estate\/100091918536968\/\",\"https:\/\/www.instagram.com\/cottagerealestatecom\/\"]}]}<\/script>\n<!-- \/ Yoast SEO plugin. -->","yoast_head_json":{"title":"Bungalow 402 - Cottage Real Estate","robots":{"index":"index","follow":"follow","max-snippet":"max-snippet:-1","max-image-preview":"max-image-preview:large","max-video-preview":"max-video-preview:-1"},"canonical":"https:\/\/cottage-realestate.com\/fr\/ferienhaeuser\/bungalow-402\/","og_locale":"fr_FR","og_type":"article","og_title":"Bungalow 402 - Cottage Real Estate","og_url":"https:\/\/cottage-realestate.com\/fr\/ferienhaeuser\/bungalow-402\/","og_site_name":"Cottage Real Estate","article_publisher":"https:\/\/www.facebook.com\/people\/Cottage-Real-Estate\/100091918536968\/","article_modified_time":"2023-07-14T12:54:27+00:00","og_image":[{"width":1189,"height":841,"url":"https:\/\/cottage-realestate.com\/wp-content\/uploads\/2023\/07\/a-3.jpg","type":"image\/jpeg"}],"twitter_card":"summary_large_image","twitter_misc":{"Dur\u00e9e de lecture estim\u00e9e":"6 minutes"},"schema":{"@context":"https:\/\/schema.org","@graph":[{"@type":"WebPage","@id":"https:\/\/cottage-realestate.com\/fr\/ferienhaeuser\/bungalow-402\/","url":"https:\/\/cottage-realestate.com\/fr\/ferienhaeuser\/bungalow-402\/","name":"Bungalow 402 - Cottage Real Estate","isPartOf":{"@id":"https:\/\/cottage-realestate.com\/fr\/#website"},"datePublished":"2023-07-11T10:16:36+00:00","dateModified":"2023-07-14T12:54:27+00:00","breadcrumb":{"@id":"https:\/\/cottage-realestate.com\/fr\/ferienhaeuser\/bungalow-402\/#breadcrumb"},"inLanguage":"fr-FR","potentialAction":[{"@type":"ReadAction","target":["https:\/\/cottage-realestate.com\/fr\/ferienhaeuser\/bungalow-402\/"]}]},{"@type":"BreadcrumbList","@id":"https:\/\/cottage-realestate.com\/fr\/ferienhaeuser\/bungalow-402\/#breadcrumb","itemListElement":[{"@type":"ListItem","position":1,"name":"Startseite","item":"https:\/\/cottage-realestate.com\/fr\/"},{"@type":"ListItem","position":2,"name":"Products","item":"https:\/\/cottage-realestate.com\/fr\/shop\/"},{"@type":"ListItem","position":3,"name":"Bungalow 402"}]},{"@type":"WebSite","@id":"https:\/\/cottage-realestate.com\/fr\/#website","url":"https:\/\/cottage-realestate.com\/fr\/","name":"Cottage Real Estate","description":"Ferienh\u00e4user in Frankreich und Niederlande kaufen","publisher":{"@id":"https:\/\/cottage-realestate.com\/fr\/#organization"},"potentialAction":[{"@type":"SearchAction","target":{"@type":"EntryPoint","urlTemplate":"https:\/\/cottage-realestate.com\/fr\/?s={search_term_string}"},"query-input":"required name=search_term_string"}],"inLanguage":"fr-FR"},{"@type":"Organization","@id":"https:\/\/cottage-realestate.com\/fr\/#organization","name":"Cottage Real Estate","url":"https:\/\/cottage-realestate.com\/fr\/","logo":{"@type":"ImageObject","inLanguage":"fr-FR","@id":"https:\/\/cottage-realestate.com\/fr\/#\/schema\/logo\/image\/","url":"https:\/\/cottage-realestate.com\/wp-content\/uploads\/2020\/07\/logo.png","contentUrl":"https:\/\/cottage-realestate.com\/wp-content\/uploads\/2020\/07\/logo.png","width":167,"height":140,"caption":"Cottage Real Estate"},"image":{"@id":"https:\/\/cottage-realestate.com\/fr\/#\/schema\/logo\/image\/"},"sameAs":["https:\/\/www.facebook.com\/people\/Cottage-Real-Estate\/100091918536968\/","https:\/\/www.instagram.com\/cottagerealestatecom\/"]}]}},"_links":{"self":[{"href":"https:\/\/cottage-realestate.com\/fr\/wp-json\/wp\/v2\/product\/2335","targetHints":{"allow":["GET"]}}],"collection":[{"href":"https:\/\/cottage-realestate.com\/fr\/wp-json\/wp\/v2\/product"}],"about":[{"href":"https:\/\/cottage-realestate.com\/fr\/wp-json\/wp\/v2\/types\/product"}],"replies":[{"embeddable":true,"href":"https:\/\/cottage-realestate.com\/fr\/wp-json\/wp\/v2\/comments?post=2335"}],"wp:featuredmedia":[{"embeddable":true,"href":"https:\/\/cottage-realestate.com\/fr\/wp-json\/wp\/v2\/media\/1138"}],"wp:attachment":[{"href":"https:\/\/cottage-realestate.com\/fr\/wp-json\/wp\/v2\/media?parent=2335"}],"wp:term":[{"taxonomy":"product_cat","embeddable":true,"href":"https:\/\/cottage-realestate.com\/fr\/wp-json\/wp\/v2\/product_cat?post=2335"},{"taxonomy":"product_tag","embeddable":true,"href":"https:\/\/cottage-realestate.com\/fr\/wp-json\/wp\/v2\/product_tag?post=2335"}],"curies":[{"name":"wp","href":"https:\/\/api.w.org\/{rel}","templated":true}]}}