{"id":2430,"date":"2023-04-26T17:58:50","date_gmt":"2023-04-26T15:58:50","guid":{"rendered":"https:\/\/cottage-realestate.com\/?post_type=product&#038;p=2430"},"modified":"2023-07-14T15:44:08","modified_gmt":"2023-07-14T13:44:08","slug":"carignan-5","status":"publish","type":"product","link":"https:\/\/cottage-realestate.com\/fr\/ferienhaeuser\/carignan-5\/","title":{"rendered":"Carignan 5"},"content":{"rendered":"<section class=\"l-section wpb_row height_medium\"><div class=\"l-section-h i-cf\"><div class=\"g-cols vc_row via_flex valign_top type_default stacking_default\"><div class=\"vc_col-sm-12 wpb_column vc_column_container\"><div class=\"vc_column-inner\"><div class=\"wpb_wrapper\"><div class=\"wpb_text_column\"><div class=\"wpb_wrapper\"><p>Bienvenue au charmant Domaine de Lanzac ! Ici, vous avez la possibilit\u00e9 d&rsquo;acheter le bungalow chic \u00ab\u00a0Carignan\u00a0\u00bb, qui est parfait pour quatre personnes. Avec une surface habitable g\u00e9n\u00e9reuse de 85 m\u00e8tres carr\u00e9s et son propre terrain de 269 \u00e0 430 m\u00e8tres carr\u00e9s, cette propri\u00e9t\u00e9 offre l&rsquo;espace id\u00e9al pour le confort et la d\u00e9tente.<\/p>\n<p>Le bungalow \u00ab\u00a0Carignan\u00a0\u00bb s\u00e9duit par son concept d&rsquo;habitation moderne et ouvert. En entrant dans la maison, vous \u00eates accueilli par une ambiance lumineuse et accueillante. La cuisine ouverte est \u00e9quip\u00e9e de tous les appareils n\u00e9cessaires et vous offre la possibilit\u00e9 de d\u00e9velopper vos talents culinaires. Vous y trouverez de nombreux espaces de rangement pour vos ustensiles et vos ingr\u00e9dients.<\/p>\n<p>Le salon est l&rsquo;endroit id\u00e9al pour se d\u00e9tendre apr\u00e8s une journ\u00e9e bien remplie. Les pi\u00e8ces lumineuses laissent entrer beaucoup de lumi\u00e8re du jour et cr\u00e9ent une atmosph\u00e8re chaleureuse et agr\u00e9able. De l\u00e0, vous pouvez acc\u00e9der \u00e0 la terrasse couverte, qui est \u00e9quip\u00e9e d&rsquo;un confortable mobilier de jardin. Vous pourrez y prendre vos repas en plein air ou simplement vous d\u00e9tendre avec un bon livre et un verre de vin.<\/p>\n<p>&nbsp;<\/p>\n<p>La salle de bains du bungalow est un autre point fort. Elle est spacieuse et dispose d&rsquo;une baignoire et d&rsquo;une douche. Vous pourrez vous rafra\u00eechir apr\u00e8s une longue journ\u00e9e sous la douche relaxante ou vous d\u00e9tendre dans la baignoire.<\/p>\n<p>Le bungalow dispose de deux chambres \u00e0 coucher, qui offrent suffisamment d&rsquo;intimit\u00e9 pour deux personnes. Les chambres sont meubl\u00e9es avec go\u00fbt et offrent suffisamment d&rsquo;espace pour vos effets personnels. Vous pouvez passer une nuit reposante ici et \u00eatre repos\u00e9 et pr\u00eat pour de nouvelles aventures au Domaine de Lanzac le lendemain matin.<\/p>\n<p>Le Domaine de Lanzac lui-m\u00eame offre une vari\u00e9t\u00e9 d&rsquo;\u00e9quipements et d&rsquo;activit\u00e9s \u00e0 ses r\u00e9sidents. Des sentiers de randonn\u00e9e pittoresques \u00e0 la piscine rafra\u00eechissante, vous trouverez tout ce dont vous avez besoin pour un mode de vie actif et d\u00e9tendu.<\/p>\n<p>Ne manquez pas l&rsquo;occasion d&rsquo;acheter le chic bungalow \u00a0\u00bb Carignan \u00a0\u00bb et de profiter au maximum de votre vie au Domaine de Lanzac. Cette propri\u00e9t\u00e9 vous offre le confort, le style et la possibilit\u00e9 de profiter de la beaut\u00e9 de la nature environnante. N&rsquo;h\u00e9sitez plus et laissez-vous inspirer par ce concept de vie unique.<\/p>\n<\/div><\/div><\/div><\/div><\/div><\/div><\/div><\/section>\n","protected":false},"excerpt":{"rendered":"Bienvenue au charmant Domaine de Lanzac ! Ici, vous avez la possibilit\u00e9 d&rsquo;acheter le bungalow chic \u00ab\u00a0Carignan\u00a0\u00bb, qui est parfait pour quatre personnes. Avec une surface habitable g\u00e9n\u00e9reuse de 85 m\u00e8tres carr\u00e9s et son propre terrain de 269 \u00e0 430 m\u00e8tres carr\u00e9s, cette propri\u00e9t\u00e9 offre l&rsquo;espace id\u00e9al pour le confort et la d\u00e9tente. Le bungalow...","protected":false},"featured_media":1304,"comment_status":"closed","ping_status":"closed","template":"","meta":[],"product_cat":[45],"product_tag":[],"class_list":["post-2430","product","type-product","status-publish","has-post-thumbnail","hentry","product_cat-lanzac-fr"],"acf":[],"yoast_head":"<!-- This site is optimized with the Yoast SEO plugin v20.11 - https:\/\/yoast.com\/wordpress\/plugins\/seo\/ -->\n<title>Carignan 5 - Cottage Real Estate<\/title>\n<meta name=\"robots\" content=\"index, follow, max-snippet:-1, max-image-preview:large, max-video-preview:-1\" \/>\n<link rel=\"canonical\" href=\"https:\/\/cottage-realestate.com\/fr\/ferienhaeuser\/carignan-5\/\" \/>\n<meta property=\"og:locale\" content=\"fr_FR\" \/>\n<meta property=\"og:type\" content=\"article\" \/>\n<meta property=\"og:title\" content=\"Carignan 5 - Cottage Real Estate\" \/>\n<meta property=\"og:url\" content=\"https:\/\/cottage-realestate.com\/fr\/ferienhaeuser\/carignan-5\/\" \/>\n<meta property=\"og:site_name\" content=\"Cottage Real Estate\" \/>\n<meta property=\"article:publisher\" content=\"https:\/\/www.facebook.com\/people\/Cottage-Real-Estate\/100091918536968\/\" \/>\n<meta property=\"article:modified_time\" content=\"2023-07-14T13:44:08+00:00\" \/>\n<meta property=\"og:image\" content=\"https:\/\/cottage-realestate.com\/wp-content\/uploads\/2023\/04\/Carignan_1.jpg\" \/>\n\t<meta property=\"og:image:width\" content=\"900\" \/>\n\t<meta property=\"og:image:height\" content=\"560\" \/>\n\t<meta property=\"og:image:type\" content=\"image\/jpeg\" \/>\n<meta name=\"twitter:card\" content=\"summary_large_image\" \/>\n<meta name=\"twitter:label1\" content=\"Dur\u00e9e de lecture estim\u00e9e\" \/>\n\t<meta name=\"twitter:data1\" content=\"2 minutes\" \/>\n<script type=\"application\/ld+json\" class=\"yoast-schema-graph\">{\"@context\":\"https:\/\/schema.org\",\"@graph\":[{\"@type\":\"WebPage\",\"@id\":\"https:\/\/cottage-realestate.com\/fr\/ferienhaeuser\/carignan-5\/\",\"url\":\"https:\/\/cottage-realestate.com\/fr\/ferienhaeuser\/carignan-5\/\",\"name\":\"Carignan 5 - Cottage Real Estate\",\"isPartOf\":{\"@id\":\"https:\/\/cottage-realestate.com\/fr\/#website\"},\"datePublished\":\"2023-04-26T15:58:50+00:00\",\"dateModified\":\"2023-07-14T13:44:08+00:00\",\"breadcrumb\":{\"@id\":\"https:\/\/cottage-realestate.com\/fr\/ferienhaeuser\/carignan-5\/#breadcrumb\"},\"inLanguage\":\"fr-FR\",\"potentialAction\":[{\"@type\":\"ReadAction\",\"target\":[\"https:\/\/cottage-realestate.com\/fr\/ferienhaeuser\/carignan-5\/\"]}]},{\"@type\":\"BreadcrumbList\",\"@id\":\"https:\/\/cottage-realestate.com\/fr\/ferienhaeuser\/carignan-5\/#breadcrumb\",\"itemListElement\":[{\"@type\":\"ListItem\",\"position\":1,\"name\":\"Startseite\",\"item\":\"https:\/\/cottage-realestate.com\/fr\/\"},{\"@type\":\"ListItem\",\"position\":2,\"name\":\"Products\",\"item\":\"https:\/\/cottage-realestate.com\/fr\/shop\/\"},{\"@type\":\"ListItem\",\"position\":3,\"name\":\"Carignan 5\"}]},{\"@type\":\"WebSite\",\"@id\":\"https:\/\/cottage-realestate.com\/fr\/#website\",\"url\":\"https:\/\/cottage-realestate.com\/fr\/\",\"name\":\"Cottage Real Estate\",\"description\":\"Ferienh\u00e4user in Frankreich und Niederlande kaufen\",\"publisher\":{\"@id\":\"https:\/\/cottage-realestate.com\/fr\/#organization\"},\"potentialAction\":[{\"@type\":\"SearchAction\",\"target\":{\"@type\":\"EntryPoint\",\"urlTemplate\":\"https:\/\/cottage-realestate.com\/fr\/?s={search_term_string}\"},\"query-input\":\"required name=search_term_string\"}],\"inLanguage\":\"fr-FR\"},{\"@type\":\"Organization\",\"@id\":\"https:\/\/cottage-realestate.com\/fr\/#organization\",\"name\":\"Cottage Real Estate\",\"url\":\"https:\/\/cottage-realestate.com\/fr\/\",\"logo\":{\"@type\":\"ImageObject\",\"inLanguage\":\"fr-FR\",\"@id\":\"https:\/\/cottage-realestate.com\/fr\/#\/schema\/logo\/image\/\",\"url\":\"https:\/\/cottage-realestate.com\/wp-content\/uploads\/2020\/07\/logo.png\",\"contentUrl\":\"https:\/\/cottage-realestate.com\/wp-content\/uploads\/2020\/07\/logo.png\",\"width\":167,\"height\":140,\"caption\":\"Cottage Real Estate\"},\"image\":{\"@id\":\"https:\/\/cottage-realestate.com\/fr\/#\/schema\/logo\/image\/\"},\"sameAs\":[\"https:\/\/www.facebook.com\/people\/Cottage-Real-Estate\/100091918536968\/\",\"https:\/\/www.instagram.com\/cottagerealestatecom\/\"]}]}<\/script>\n<!-- \/ Yoast SEO plugin. -->","yoast_head_json":{"title":"Carignan 5 - Cottage Real Estate","robots":{"index":"index","follow":"follow","max-snippet":"max-snippet:-1","max-image-preview":"max-image-preview:large","max-video-preview":"max-video-preview:-1"},"canonical":"https:\/\/cottage-realestate.com\/fr\/ferienhaeuser\/carignan-5\/","og_locale":"fr_FR","og_type":"article","og_title":"Carignan 5 - Cottage Real Estate","og_url":"https:\/\/cottage-realestate.com\/fr\/ferienhaeuser\/carignan-5\/","og_site_name":"Cottage Real Estate","article_publisher":"https:\/\/www.facebook.com\/people\/Cottage-Real-Estate\/100091918536968\/","article_modified_time":"2023-07-14T13:44:08+00:00","og_image":[{"width":900,"height":560,"url":"https:\/\/cottage-realestate.com\/wp-content\/uploads\/2023\/04\/Carignan_1.jpg","type":"image\/jpeg"}],"twitter_card":"summary_large_image","twitter_misc":{"Dur\u00e9e de lecture estim\u00e9e":"2 minutes"},"schema":{"@context":"https:\/\/schema.org","@graph":[{"@type":"WebPage","@id":"https:\/\/cottage-realestate.com\/fr\/ferienhaeuser\/carignan-5\/","url":"https:\/\/cottage-realestate.com\/fr\/ferienhaeuser\/carignan-5\/","name":"Carignan 5 - Cottage Real Estate","isPartOf":{"@id":"https:\/\/cottage-realestate.com\/fr\/#website"},"datePublished":"2023-04-26T15:58:50+00:00","dateModified":"2023-07-14T13:44:08+00:00","breadcrumb":{"@id":"https:\/\/cottage-realestate.com\/fr\/ferienhaeuser\/carignan-5\/#breadcrumb"},"inLanguage":"fr-FR","potentialAction":[{"@type":"ReadAction","target":["https:\/\/cottage-realestate.com\/fr\/ferienhaeuser\/carignan-5\/"]}]},{"@type":"BreadcrumbList","@id":"https:\/\/cottage-realestate.com\/fr\/ferienhaeuser\/carignan-5\/#breadcrumb","itemListElement":[{"@type":"ListItem","position":1,"name":"Startseite","item":"https:\/\/cottage-realestate.com\/fr\/"},{"@type":"ListItem","position":2,"name":"Products","item":"https:\/\/cottage-realestate.com\/fr\/shop\/"},{"@type":"ListItem","position":3,"name":"Carignan 5"}]},{"@type":"WebSite","@id":"https:\/\/cottage-realestate.com\/fr\/#website","url":"https:\/\/cottage-realestate.com\/fr\/","name":"Cottage Real Estate","description":"Ferienh\u00e4user in Frankreich und Niederlande kaufen","publisher":{"@id":"https:\/\/cottage-realestate.com\/fr\/#organization"},"potentialAction":[{"@type":"SearchAction","target":{"@type":"EntryPoint","urlTemplate":"https:\/\/cottage-realestate.com\/fr\/?s={search_term_string}"},"query-input":"required name=search_term_string"}],"inLanguage":"fr-FR"},{"@type":"Organization","@id":"https:\/\/cottage-realestate.com\/fr\/#organization","name":"Cottage Real Estate","url":"https:\/\/cottage-realestate.com\/fr\/","logo":{"@type":"ImageObject","inLanguage":"fr-FR","@id":"https:\/\/cottage-realestate.com\/fr\/#\/schema\/logo\/image\/","url":"https:\/\/cottage-realestate.com\/wp-content\/uploads\/2020\/07\/logo.png","contentUrl":"https:\/\/cottage-realestate.com\/wp-content\/uploads\/2020\/07\/logo.png","width":167,"height":140,"caption":"Cottage Real Estate"},"image":{"@id":"https:\/\/cottage-realestate.com\/fr\/#\/schema\/logo\/image\/"},"sameAs":["https:\/\/www.facebook.com\/people\/Cottage-Real-Estate\/100091918536968\/","https:\/\/www.instagram.com\/cottagerealestatecom\/"]}]}},"_links":{"self":[{"href":"https:\/\/cottage-realestate.com\/fr\/wp-json\/wp\/v2\/product\/2430","targetHints":{"allow":["GET"]}}],"collection":[{"href":"https:\/\/cottage-realestate.com\/fr\/wp-json\/wp\/v2\/product"}],"about":[{"href":"https:\/\/cottage-realestate.com\/fr\/wp-json\/wp\/v2\/types\/product"}],"replies":[{"embeddable":true,"href":"https:\/\/cottage-realestate.com\/fr\/wp-json\/wp\/v2\/comments?post=2430"}],"wp:featuredmedia":[{"embeddable":true,"href":"https:\/\/cottage-realestate.com\/fr\/wp-json\/wp\/v2\/media\/1304"}],"wp:attachment":[{"href":"https:\/\/cottage-realestate.com\/fr\/wp-json\/wp\/v2\/media?parent=2430"}],"wp:term":[{"taxonomy":"product_cat","embeddable":true,"href":"https:\/\/cottage-realestate.com\/fr\/wp-json\/wp\/v2\/product_cat?post=2430"},{"taxonomy":"product_tag","embeddable":true,"href":"https:\/\/cottage-realestate.com\/fr\/wp-json\/wp\/v2\/product_tag?post=2430"}],"curies":[{"name":"wp","href":"https:\/\/api.w.org\/{rel}","templated":true}]}}