{"id":2450,"date":"2020-07-30T15:56:12","date_gmt":"2020-07-30T13:56:12","guid":{"rendered":"https:\/\/cottage-realestate.com\/?post_type=product&#038;p=2450"},"modified":"2023-07-14T15:56:25","modified_gmt":"2023-07-14T13:56:25","slug":"syrah-4","status":"publish","type":"product","link":"https:\/\/cottage-realestate.com\/fr\/ferienhaeuser\/syrah-4\/","title":{"rendered":"Syrah 4"},"content":{"rendered":"<section class=\"l-section wpb_row height_medium\"><div class=\"l-section-h i-cf\"><div class=\"g-cols vc_row via_flex valign_top type_default stacking_default\"><div class=\"vc_col-sm-12 wpb_column vc_column_container\"><div class=\"vc_column-inner\"><div class=\"wpb_wrapper\"><div class=\"wpb_text_column\"><div class=\"wpb_wrapper\"><p>La villa exclusive \u00ab\u00a0Syrah\u00a0\u00bb est une propri\u00e9t\u00e9 exquise qui offre de l&rsquo;espace pour six personnes et qui est situ\u00e9e dans le magnifique Domaine de Lanzac. Avec une surface habitable de 112 m\u00e8tres carr\u00e9s r\u00e9partis sur deux \u00e9tages, elle offre suffisamment d&rsquo;espace pour un s\u00e9jour confortable et luxueux.<\/p>\n<p>La maison dispose de son propre terrain, dont la superficie peut varier de 230 \u00e0 430 m\u00e8tres carr\u00e9s, selon les pr\u00e9f\u00e9rences. Le jardin bien am\u00e9nag\u00e9 offre un cadre id\u00e9al pour profiter de la nature et se d\u00e9tendre. Une terrasse couverte avec des meubles de jardin \u00e9l\u00e9gants vous invite \u00e0 passer des soir\u00e9es agr\u00e9ables \u00e0 l&rsquo;ext\u00e9rieur et offre une vue magnifique sur les environs.<\/p>\n<p>L&rsquo;int\u00e9rieur de la villa impressionne par son concept de vie ouvert et lumineux. Le salon spacieux offre suffisamment d&rsquo;espace pour se d\u00e9tendre et s&rsquo;attarder. La cuisine ouverte est \u00e9quip\u00e9e de tous les appareils modernes et vous invite \u00e0 cuisiner et \u00e0 manger ensemble. De nombreux espaces de rangement permettent de ranger soigneusement tous les ustensiles et accessoires de cuisine.<\/p>\n<p>La salle de bains est inond\u00e9e de lumi\u00e8re et dispose d&rsquo;une \u00e9l\u00e9gante baignoire et d&rsquo;une douche rafra\u00eechissante. Un WC pour les invit\u00e9s est \u00e9galement disponible et offre un confort suppl\u00e9mentaire aux visiteurs. Les trois chambres lumineuses offrent suffisamment d&rsquo;espace pour des nuits reposantes et sont con\u00e7ues avec go\u00fbt.<\/p>\n<p>L&rsquo;int\u00e9rieur de la villa impressionne par son concept de vie ouvert et lumineux. Le salon spacieux offre suffisamment d&rsquo;espace pour se d\u00e9tendre et s&rsquo;attarder. La cuisine ouverte est \u00e9quip\u00e9e de tous les appareils modernes et vous invite \u00e0 cuisiner et \u00e0 manger ensemble. De nombreux espaces de rangement permettent de ranger soigneusement tous les ustensiles et accessoires de cuisine.<\/p>\n<p>La salle de bains est inond\u00e9e de lumi\u00e8re et dispose d&rsquo;une \u00e9l\u00e9gante baignoire et d&rsquo;une douche rafra\u00eechissante. Les trois chambres lumineuses offrent suffisamment d&rsquo;espace pour des nuits reposantes et sont am\u00e9nag\u00e9es avec go\u00fbt.<\/p>\n<p>La villa \u00ab\u00a0Syrah\u00a0\u00bb offre une excellente opportunit\u00e9 d&rsquo;investissement. Elle peut \u00eatre utilis\u00e9e \u00e0 titre priv\u00e9 tout en \u00e9tant propos\u00e9e \u00e0 la location, ce qui signifie qu&rsquo;un rendement stable peut \u00eatre obtenu. Sa situation privil\u00e9gi\u00e9e dans la R\u00e9sidence Domaine de Lanzac en fait une propri\u00e9t\u00e9 recherch\u00e9e, appr\u00e9ci\u00e9e des locaux comme des touristes.<\/p>\n<p>Que vous soyez \u00e0 la recherche d&rsquo;une r\u00e9sidence luxueuse pour votre propre plaisir ou d&rsquo;une opportunit\u00e9 d&rsquo;investissement rentable, la Villa \u00ab\u00a0Syrah\u00a0\u00bb r\u00e9pond \u00e0 toutes les exigences. Avec son design \u00e9l\u00e9gant, son mobilier de haute qualit\u00e9 et son emplacement idyllique, c&rsquo;est un endroit o\u00f9 vous pouvez vous d\u00e9tendre et profiter pleinement de la vie.<\/p>\n<\/div><\/div><\/div><\/div><\/div><\/div><\/div><\/section>\n","protected":false},"excerpt":{"rendered":"La villa exclusive \u00ab\u00a0Syrah\u00a0\u00bb est une propri\u00e9t\u00e9 exquise qui offre de l&rsquo;espace pour six personnes et qui est situ\u00e9e dans le magnifique Domaine de Lanzac. Avec une surface habitable de 112 m\u00e8tres carr\u00e9s r\u00e9partis sur deux \u00e9tages, elle offre suffisamment d&rsquo;espace pour un s\u00e9jour confortable et luxueux. La maison dispose de son propre terrain, dont...","protected":false},"featured_media":1308,"comment_status":"closed","ping_status":"closed","template":"","meta":[],"product_cat":[45],"product_tag":[],"class_list":["post-2450","product","type-product","status-publish","has-post-thumbnail","hentry","product_cat-lanzac-fr"],"acf":[],"yoast_head":"<!-- This site is optimized with the Yoast SEO plugin v20.11 - https:\/\/yoast.com\/wordpress\/plugins\/seo\/ -->\n<title>Syrah 4 - Cottage Real Estate<\/title>\n<meta name=\"robots\" content=\"index, follow, max-snippet:-1, max-image-preview:large, max-video-preview:-1\" \/>\n<link rel=\"canonical\" href=\"https:\/\/cottage-realestate.com\/fr\/ferienhaeuser\/syrah-4\/\" \/>\n<meta property=\"og:locale\" content=\"fr_FR\" \/>\n<meta property=\"og:type\" content=\"article\" \/>\n<meta property=\"og:title\" content=\"Syrah 4 - Cottage Real Estate\" \/>\n<meta property=\"og:url\" content=\"https:\/\/cottage-realestate.com\/fr\/ferienhaeuser\/syrah-4\/\" \/>\n<meta property=\"og:site_name\" content=\"Cottage Real Estate\" \/>\n<meta property=\"article:publisher\" content=\"https:\/\/www.facebook.com\/people\/Cottage-Real-Estate\/100091918536968\/\" \/>\n<meta property=\"article:modified_time\" content=\"2023-07-14T13:56:25+00:00\" \/>\n<meta property=\"og:image\" content=\"https:\/\/cottage-realestate.com\/wp-content\/uploads\/2020\/07\/Syrah_1.jpg\" \/>\n\t<meta property=\"og:image:width\" content=\"900\" \/>\n\t<meta property=\"og:image:height\" content=\"579\" \/>\n\t<meta property=\"og:image:type\" content=\"image\/jpeg\" \/>\n<meta name=\"twitter:card\" content=\"summary_large_image\" \/>\n<meta name=\"twitter:label1\" content=\"Dur\u00e9e de lecture estim\u00e9e\" \/>\n\t<meta name=\"twitter:data1\" content=\"3 minutes\" \/>\n<script type=\"application\/ld+json\" class=\"yoast-schema-graph\">{\"@context\":\"https:\/\/schema.org\",\"@graph\":[{\"@type\":\"WebPage\",\"@id\":\"https:\/\/cottage-realestate.com\/fr\/ferienhaeuser\/syrah-4\/\",\"url\":\"https:\/\/cottage-realestate.com\/fr\/ferienhaeuser\/syrah-4\/\",\"name\":\"Syrah 4 - Cottage Real Estate\",\"isPartOf\":{\"@id\":\"https:\/\/cottage-realestate.com\/fr\/#website\"},\"datePublished\":\"2020-07-30T13:56:12+00:00\",\"dateModified\":\"2023-07-14T13:56:25+00:00\",\"breadcrumb\":{\"@id\":\"https:\/\/cottage-realestate.com\/fr\/ferienhaeuser\/syrah-4\/#breadcrumb\"},\"inLanguage\":\"fr-FR\",\"potentialAction\":[{\"@type\":\"ReadAction\",\"target\":[\"https:\/\/cottage-realestate.com\/fr\/ferienhaeuser\/syrah-4\/\"]}]},{\"@type\":\"BreadcrumbList\",\"@id\":\"https:\/\/cottage-realestate.com\/fr\/ferienhaeuser\/syrah-4\/#breadcrumb\",\"itemListElement\":[{\"@type\":\"ListItem\",\"position\":1,\"name\":\"Startseite\",\"item\":\"https:\/\/cottage-realestate.com\/fr\/\"},{\"@type\":\"ListItem\",\"position\":2,\"name\":\"Products\",\"item\":\"https:\/\/cottage-realestate.com\/fr\/shop\/\"},{\"@type\":\"ListItem\",\"position\":3,\"name\":\"Syrah 4\"}]},{\"@type\":\"WebSite\",\"@id\":\"https:\/\/cottage-realestate.com\/fr\/#website\",\"url\":\"https:\/\/cottage-realestate.com\/fr\/\",\"name\":\"Cottage Real Estate\",\"description\":\"Ferienh\u00e4user in Frankreich und Niederlande kaufen\",\"publisher\":{\"@id\":\"https:\/\/cottage-realestate.com\/fr\/#organization\"},\"potentialAction\":[{\"@type\":\"SearchAction\",\"target\":{\"@type\":\"EntryPoint\",\"urlTemplate\":\"https:\/\/cottage-realestate.com\/fr\/?s={search_term_string}\"},\"query-input\":\"required name=search_term_string\"}],\"inLanguage\":\"fr-FR\"},{\"@type\":\"Organization\",\"@id\":\"https:\/\/cottage-realestate.com\/fr\/#organization\",\"name\":\"Cottage Real Estate\",\"url\":\"https:\/\/cottage-realestate.com\/fr\/\",\"logo\":{\"@type\":\"ImageObject\",\"inLanguage\":\"fr-FR\",\"@id\":\"https:\/\/cottage-realestate.com\/fr\/#\/schema\/logo\/image\/\",\"url\":\"https:\/\/cottage-realestate.com\/wp-content\/uploads\/2020\/07\/logo.png\",\"contentUrl\":\"https:\/\/cottage-realestate.com\/wp-content\/uploads\/2020\/07\/logo.png\",\"width\":167,\"height\":140,\"caption\":\"Cottage Real Estate\"},\"image\":{\"@id\":\"https:\/\/cottage-realestate.com\/fr\/#\/schema\/logo\/image\/\"},\"sameAs\":[\"https:\/\/www.facebook.com\/people\/Cottage-Real-Estate\/100091918536968\/\",\"https:\/\/www.instagram.com\/cottagerealestatecom\/\"]}]}<\/script>\n<!-- \/ Yoast SEO plugin. -->","yoast_head_json":{"title":"Syrah 4 - Cottage Real Estate","robots":{"index":"index","follow":"follow","max-snippet":"max-snippet:-1","max-image-preview":"max-image-preview:large","max-video-preview":"max-video-preview:-1"},"canonical":"https:\/\/cottage-realestate.com\/fr\/ferienhaeuser\/syrah-4\/","og_locale":"fr_FR","og_type":"article","og_title":"Syrah 4 - Cottage Real Estate","og_url":"https:\/\/cottage-realestate.com\/fr\/ferienhaeuser\/syrah-4\/","og_site_name":"Cottage Real Estate","article_publisher":"https:\/\/www.facebook.com\/people\/Cottage-Real-Estate\/100091918536968\/","article_modified_time":"2023-07-14T13:56:25+00:00","og_image":[{"width":900,"height":579,"url":"https:\/\/cottage-realestate.com\/wp-content\/uploads\/2020\/07\/Syrah_1.jpg","type":"image\/jpeg"}],"twitter_card":"summary_large_image","twitter_misc":{"Dur\u00e9e de lecture estim\u00e9e":"3 minutes"},"schema":{"@context":"https:\/\/schema.org","@graph":[{"@type":"WebPage","@id":"https:\/\/cottage-realestate.com\/fr\/ferienhaeuser\/syrah-4\/","url":"https:\/\/cottage-realestate.com\/fr\/ferienhaeuser\/syrah-4\/","name":"Syrah 4 - Cottage Real Estate","isPartOf":{"@id":"https:\/\/cottage-realestate.com\/fr\/#website"},"datePublished":"2020-07-30T13:56:12+00:00","dateModified":"2023-07-14T13:56:25+00:00","breadcrumb":{"@id":"https:\/\/cottage-realestate.com\/fr\/ferienhaeuser\/syrah-4\/#breadcrumb"},"inLanguage":"fr-FR","potentialAction":[{"@type":"ReadAction","target":["https:\/\/cottage-realestate.com\/fr\/ferienhaeuser\/syrah-4\/"]}]},{"@type":"BreadcrumbList","@id":"https:\/\/cottage-realestate.com\/fr\/ferienhaeuser\/syrah-4\/#breadcrumb","itemListElement":[{"@type":"ListItem","position":1,"name":"Startseite","item":"https:\/\/cottage-realestate.com\/fr\/"},{"@type":"ListItem","position":2,"name":"Products","item":"https:\/\/cottage-realestate.com\/fr\/shop\/"},{"@type":"ListItem","position":3,"name":"Syrah 4"}]},{"@type":"WebSite","@id":"https:\/\/cottage-realestate.com\/fr\/#website","url":"https:\/\/cottage-realestate.com\/fr\/","name":"Cottage Real Estate","description":"Ferienh\u00e4user in Frankreich und Niederlande kaufen","publisher":{"@id":"https:\/\/cottage-realestate.com\/fr\/#organization"},"potentialAction":[{"@type":"SearchAction","target":{"@type":"EntryPoint","urlTemplate":"https:\/\/cottage-realestate.com\/fr\/?s={search_term_string}"},"query-input":"required name=search_term_string"}],"inLanguage":"fr-FR"},{"@type":"Organization","@id":"https:\/\/cottage-realestate.com\/fr\/#organization","name":"Cottage Real Estate","url":"https:\/\/cottage-realestate.com\/fr\/","logo":{"@type":"ImageObject","inLanguage":"fr-FR","@id":"https:\/\/cottage-realestate.com\/fr\/#\/schema\/logo\/image\/","url":"https:\/\/cottage-realestate.com\/wp-content\/uploads\/2020\/07\/logo.png","contentUrl":"https:\/\/cottage-realestate.com\/wp-content\/uploads\/2020\/07\/logo.png","width":167,"height":140,"caption":"Cottage Real Estate"},"image":{"@id":"https:\/\/cottage-realestate.com\/fr\/#\/schema\/logo\/image\/"},"sameAs":["https:\/\/www.facebook.com\/people\/Cottage-Real-Estate\/100091918536968\/","https:\/\/www.instagram.com\/cottagerealestatecom\/"]}]}},"_links":{"self":[{"href":"https:\/\/cottage-realestate.com\/fr\/wp-json\/wp\/v2\/product\/2450","targetHints":{"allow":["GET"]}}],"collection":[{"href":"https:\/\/cottage-realestate.com\/fr\/wp-json\/wp\/v2\/product"}],"about":[{"href":"https:\/\/cottage-realestate.com\/fr\/wp-json\/wp\/v2\/types\/product"}],"replies":[{"embeddable":true,"href":"https:\/\/cottage-realestate.com\/fr\/wp-json\/wp\/v2\/comments?post=2450"}],"wp:featuredmedia":[{"embeddable":true,"href":"https:\/\/cottage-realestate.com\/fr\/wp-json\/wp\/v2\/media\/1308"}],"wp:attachment":[{"href":"https:\/\/cottage-realestate.com\/fr\/wp-json\/wp\/v2\/media?parent=2450"}],"wp:term":[{"taxonomy":"product_cat","embeddable":true,"href":"https:\/\/cottage-realestate.com\/fr\/wp-json\/wp\/v2\/product_cat?post=2450"},{"taxonomy":"product_tag","embeddable":true,"href":"https:\/\/cottage-realestate.com\/fr\/wp-json\/wp\/v2\/product_tag?post=2450"}],"curies":[{"name":"wp","href":"https:\/\/api.w.org\/{rel}","templated":true}]}}