{"id":3118,"date":"2023-09-20T11:09:05","date_gmt":"2023-09-20T09:09:05","guid":{"rendered":"https:\/\/cottage-realestate.com\/?post_type=product&#038;p=3118"},"modified":"2023-09-21T10:48:33","modified_gmt":"2023-09-21T08:48:33","slug":"bungalow-24","status":"publish","type":"product","link":"https:\/\/cottage-realestate.com\/fr\/ferienhaeuser\/bungalow-24\/","title":{"rendered":"Bungalow 24"},"content":{"rendered":"<section class=\"l-section wpb_row height_medium\"><div class=\"l-section-h i-cf\"><div class=\"g-cols vc_row via_flex valign_top type_default stacking_default\"><div class=\"vc_col-sm-12 wpb_column vc_column_container\"><div class=\"vc_column-inner\"><div class=\"wpb_wrapper\"><div class=\"wpb_text_column\"><div class=\"wpb_wrapper\"><div id=\"listing-description\" class=\"ui-tabs-panel ui-corner-bottom ui-widget-content\" role=\"tabpanel\" aria-labelledby=\"ui-id-1\" aria-hidden=\"false\">\n<div id=\"listing-description\" class=\"ui-tabs-panel ui-corner-bottom ui-widget-content\" role=\"tabpanel\" aria-labelledby=\"ui-id-1\" aria-hidden=\"false\">\n<div id=\"listing-description\" class=\"ui-tabs-panel ui-corner-bottom ui-widget-content\" role=\"tabpanel\" aria-labelledby=\"ui-id-1\" aria-hidden=\"false\">\n<div class=\"flex flex-grow flex-col gap-3\">\n<div class=\"flex items-start overflow-x-auto whitespace-pre-wrap break-words flex-col gap-4\">\n<div class=\"markdown prose w-full break-words dark:prose-invert light\">\n<p>Un tr\u00e8s beau bungalow en pierre, bien entretenu et merveilleusement situ\u00e9 pour 4 personnes au Vakantiepark Het Grootslag \u00e0 Andijk (Hollande du Nord). L&rsquo;IJsselmeer et la digue ne sont qu&rsquo;\u00e0 quelques m\u00e8tres. La place de parking se trouve juste \u00e0 c\u00f4t\u00e9 du bungalow. Le bungalow b\u00e9n\u00e9ficie d&rsquo;un emplacement calme et excellent, avec un terrain d\u00e9gag\u00e9 et de beaux arbres anciens d&rsquo;un c\u00f4t\u00e9. La terrasse du jardin tranquille offre intimit\u00e9 et aucune vue directe. En \u00e9t\u00e9, il y a toujours un endroit ombrag\u00e9 ou ensoleill\u00e9 disponible autour de la maison.<\/p>\n<p>La belle entr\u00e9e avec un parterre de fleurs et un coin salon pav\u00e9 vous accueille dans le bungalow 24. Luxe, espace, verdure et tranquillit\u00e9 sont les mots cl\u00e9s de ce bungalow 24 de 75 m2 situ\u00e9 au bord de l&rsquo;IJsselmeer \u00e0 Andijk. D\u00e9couvrez-le par vous-m\u00eame, lisez la suite et prenez rendez-vous pour le visiter avant qu&rsquo;il ne vous passe sous le nez.<br \/>\nPresque cach\u00e9 derri\u00e8re une belle haie verte et un charmant portail en fonte, vous entrez dans ce bungalow dans le vestiaire, c\u00f4t\u00e9 cuisine. L&rsquo;entr\u00e9e se trouve litt\u00e9ralement \u00e0 port\u00e9e de main de vos places de parking (max. 2 par bungalow), mais d\u00e8s que vous entrez dans le jardin, vous ne voyez plus rien de la voiture ou du parc o\u00f9 elle est gar\u00e9e. Dans ce bungalow, l&rsquo;intimit\u00e9 et la tranquillit\u00e9 sont garanties.<br \/>\nLa cuisine ouverte avec \u00eelot de cuisine est d\u00e9cor\u00e9e dans des couleurs modernes et \u00e9quip\u00e9e de tous les appareils que vous pouvez souhaiter. La cuisine date de 2016, mais elle est si bien entretenue qu&rsquo;elle semble neuve. Il y a un r\u00e9frig\u00e9rateur, une cuisini\u00e8re \u00e0 gaz avec hotte aspirante, un grand four, un lave-vaisselle et de nombreux ustensiles de cuisine comme une bouilloire, une machine \u00e0 caf\u00e9, etc. Il y a un grand petit inventaire, de sorte qu&rsquo;il ne vous manque rien lorsque vous cuisinez. L&rsquo;\u00eelot de cuisine offre beaucoup d&rsquo;espace de rangement et peut \u00e9galement \u00eatre utilis\u00e9 comme bar pour le petit-d\u00e9jeuner.<br \/>\nLe salon merveilleusement lumineux et spacieux est moderne et confortable. Il y a une table \u00e0 manger ronde avec de belles chaises et un coin salon confortable avec une t\u00e9l\u00e9vision et d&rsquo;autres appareils multim\u00e9dias. Il y a un buffet, une vitrine en verre et d&rsquo;autres placards pour toutes vos affaires personnelles. Les canap\u00e9s, la table basse et tous les autres meubles sont de grande qualit\u00e9 et l&rsquo;am\u00e9nagement a \u00e9t\u00e9 r\u00e9alis\u00e9 avec soin. Il s&rsquo;en d\u00e9gage une atmosph\u00e8re agr\u00e9able qui vous met imm\u00e9diatement dans l&rsquo;ambiance des vacances.<br \/>\nDepuis le salon, vous acc\u00e9dez \u00e0 votre jardin paradisiaque orient\u00e9 vers le sud par des doubles portes-fen\u00eatres. Vous y trouverez une table \u00e0 manger avec des chaises, un set de salon, une chaise longue et plusieurs coins et terrasses agr\u00e9ables pour profiter soit du soleil, soit de l&rsquo;ombre.<\/p>\n<p>Vous trouverez ici tout ce qu&rsquo;un parc de vacances doit offrir : une piscine int\u00e9rieure chauff\u00e9e, une grande aire de jeux et une ferme pour enfants. Il y a aussi 2 courts de tennis, 2 tables de ping-pong, un parcours de mini-golf, un terrain de volley-ball, des promenades \u00e0 poney et des terrains de boules. En plus du bar confortable avec une piste de bowling, des billards, du snooker, des fl\u00e9chettes et une terrasse ext\u00e9rieure, vous pourrez vous r\u00e9galer au bon restaurant ou au restaurant de cr\u00eapes. Pour une collation rapide ou une glace \u00e0 emporter, le snack-bar est indispensable. Vous pouvez faire vos courses et acheter du pain frais au supermarch\u00e9 central du parc ou dans les environs imm\u00e9diats du parc, o\u00f9 vous trouverez diff\u00e9rents types de magasins.<\/p>\n<p>Le bungalow n&rsquo;est pas loin de la digue (environ 100 m\u00e8tres \u00e0 vol d&rsquo;oiseau), derri\u00e8re laquelle se trouve l&rsquo;IJsselmeer. De magnifiques couchers de soleil, regarder les nombreux voiliers et de longues promenades le long de la digue compl\u00e8tent l&rsquo;ambiance r\u00e9cr\u00e9ative. \u00c0 proximit\u00e9 se trouvent les anciennes villes n\u00e9erlandaises d&rsquo;Enkhuizen, de Medemblik, de Hoorn et d&rsquo;Alkmaar, qui m\u00e9ritent toutes une visite. Les charmantes terrasses du port et les restaurants vous invitent \u00e0 vous restaurer. Les amateurs de sports nautiques et les amateurs de culture y trouveront leur bonheur. Non loin du parc se trouve une petite plage de sable pour bronzer et nager dans l&rsquo;IJsselmeer, accessible en v\u00e9lo en 5-10 minutes. Le kitesurf est \u00e9galement possible l\u00e0-bas. La plage de la mer du Nord ou Amsterdam ne sont qu&rsquo;\u00e0 45 minutes en voiture.<\/p>\n<p>\u00c0 contrec\u0153ur, le vendeur propose ce bungalow bien-aim\u00e9 et bien entretenu (75 m\u00b2) avec un emplacement privil\u00e9gi\u00e9 (environ 290 m\u00b2) \u00e0 la vente.<\/p>\n<p>Prenez rendez-vous pour une visite sur place et laissez-vous convaincre de la beaut\u00e9, de la tranquillit\u00e9 et de la d\u00e9tente de cet endroit magnifique.<\/p>\n<\/div>\n<\/div>\n<\/div>\n<\/div>\n<\/div>\n<\/div>\n<\/div><\/div><\/div><\/div><\/div><\/div><\/div><\/section>\n","protected":false},"excerpt":{"rendered":"Un tr\u00e8s beau bungalow en pierre, bien entretenu et merveilleusement situ\u00e9 pour 4 personnes au Vakantiepark Het Grootslag \u00e0 Andijk (Hollande du Nord). L&rsquo;IJsselmeer et la digue ne sont qu&rsquo;\u00e0 quelques m\u00e8tres. La place de parking se trouve juste \u00e0 c\u00f4t\u00e9 du bungalow. Le bungalow b\u00e9n\u00e9ficie d&rsquo;un emplacement calme et excellent, avec un terrain d\u00e9gag\u00e9...","protected":false},"featured_media":3140,"comment_status":"open","ping_status":"closed","template":"","meta":[],"product_cat":[],"product_tag":[],"class_list":["post-3118","product","type-product","status-publish","has-post-thumbnail","hentry"],"acf":[],"yoast_head":"<!-- This site is optimized with the Yoast SEO plugin v20.11 - https:\/\/yoast.com\/wordpress\/plugins\/seo\/ -->\n<title>Bungalow 24 - Cottage Real Estate<\/title>\n<meta name=\"robots\" content=\"index, follow, max-snippet:-1, max-image-preview:large, max-video-preview:-1\" \/>\n<link rel=\"canonical\" href=\"https:\/\/cottage-realestate.com\/fr\/ferienhaeuser\/bungalow-24\/\" \/>\n<meta property=\"og:locale\" content=\"fr_FR\" \/>\n<meta property=\"og:type\" content=\"article\" \/>\n<meta property=\"og:title\" content=\"Bungalow 24 - Cottage Real Estate\" \/>\n<meta property=\"og:url\" content=\"https:\/\/cottage-realestate.com\/fr\/ferienhaeuser\/bungalow-24\/\" \/>\n<meta property=\"og:site_name\" content=\"Cottage Real Estate\" \/>\n<meta property=\"article:publisher\" content=\"https:\/\/www.facebook.com\/people\/Cottage-Real-Estate\/100091918536968\/\" \/>\n<meta property=\"article:modified_time\" content=\"2023-09-21T08:48:33+00:00\" \/>\n<meta property=\"og:image\" content=\"https:\/\/cottage-realestate.com\/wp-content\/uploads\/2023\/09\/Bungalow-24-scaled.jpg\" \/>\n\t<meta property=\"og:image:width\" content=\"960\" \/>\n\t<meta property=\"og:image:height\" content=\"720\" \/>\n\t<meta property=\"og:image:type\" content=\"image\/jpeg\" \/>\n<meta name=\"twitter:card\" content=\"summary_large_image\" \/>\n<meta name=\"twitter:label1\" content=\"Dur\u00e9e de lecture estim\u00e9e\" \/>\n\t<meta name=\"twitter:data1\" content=\"5 minutes\" \/>\n<script type=\"application\/ld+json\" class=\"yoast-schema-graph\">{\"@context\":\"https:\/\/schema.org\",\"@graph\":[{\"@type\":\"WebPage\",\"@id\":\"https:\/\/cottage-realestate.com\/fr\/ferienhaeuser\/bungalow-24\/\",\"url\":\"https:\/\/cottage-realestate.com\/fr\/ferienhaeuser\/bungalow-24\/\",\"name\":\"Bungalow 24 - Cottage Real Estate\",\"isPartOf\":{\"@id\":\"https:\/\/cottage-realestate.com\/fr\/#website\"},\"datePublished\":\"2023-09-20T09:09:05+00:00\",\"dateModified\":\"2023-09-21T08:48:33+00:00\",\"breadcrumb\":{\"@id\":\"https:\/\/cottage-realestate.com\/fr\/ferienhaeuser\/bungalow-24\/#breadcrumb\"},\"inLanguage\":\"fr-FR\",\"potentialAction\":[{\"@type\":\"ReadAction\",\"target\":[\"https:\/\/cottage-realestate.com\/fr\/ferienhaeuser\/bungalow-24\/\"]}]},{\"@type\":\"BreadcrumbList\",\"@id\":\"https:\/\/cottage-realestate.com\/fr\/ferienhaeuser\/bungalow-24\/#breadcrumb\",\"itemListElement\":[{\"@type\":\"ListItem\",\"position\":1,\"name\":\"Startseite\",\"item\":\"https:\/\/cottage-realestate.com\/fr\/\"},{\"@type\":\"ListItem\",\"position\":2,\"name\":\"Products\",\"item\":\"https:\/\/cottage-realestate.com\/fr\/shop\/\"},{\"@type\":\"ListItem\",\"position\":3,\"name\":\"Bungalow 24\"}]},{\"@type\":\"WebSite\",\"@id\":\"https:\/\/cottage-realestate.com\/fr\/#website\",\"url\":\"https:\/\/cottage-realestate.com\/fr\/\",\"name\":\"Cottage Real Estate\",\"description\":\"Ferienh\u00e4user in Frankreich und Niederlande kaufen\",\"publisher\":{\"@id\":\"https:\/\/cottage-realestate.com\/fr\/#organization\"},\"potentialAction\":[{\"@type\":\"SearchAction\",\"target\":{\"@type\":\"EntryPoint\",\"urlTemplate\":\"https:\/\/cottage-realestate.com\/fr\/?s={search_term_string}\"},\"query-input\":\"required name=search_term_string\"}],\"inLanguage\":\"fr-FR\"},{\"@type\":\"Organization\",\"@id\":\"https:\/\/cottage-realestate.com\/fr\/#organization\",\"name\":\"Cottage Real Estate\",\"url\":\"https:\/\/cottage-realestate.com\/fr\/\",\"logo\":{\"@type\":\"ImageObject\",\"inLanguage\":\"fr-FR\",\"@id\":\"https:\/\/cottage-realestate.com\/fr\/#\/schema\/logo\/image\/\",\"url\":\"https:\/\/cottage-realestate.com\/wp-content\/uploads\/2020\/07\/logo.png\",\"contentUrl\":\"https:\/\/cottage-realestate.com\/wp-content\/uploads\/2020\/07\/logo.png\",\"width\":167,\"height\":140,\"caption\":\"Cottage Real Estate\"},\"image\":{\"@id\":\"https:\/\/cottage-realestate.com\/fr\/#\/schema\/logo\/image\/\"},\"sameAs\":[\"https:\/\/www.facebook.com\/people\/Cottage-Real-Estate\/100091918536968\/\",\"https:\/\/www.instagram.com\/cottagerealestatecom\/\"]}]}<\/script>\n<!-- \/ Yoast SEO plugin. -->","yoast_head_json":{"title":"Bungalow 24 - Cottage Real Estate","robots":{"index":"index","follow":"follow","max-snippet":"max-snippet:-1","max-image-preview":"max-image-preview:large","max-video-preview":"max-video-preview:-1"},"canonical":"https:\/\/cottage-realestate.com\/fr\/ferienhaeuser\/bungalow-24\/","og_locale":"fr_FR","og_type":"article","og_title":"Bungalow 24 - Cottage Real Estate","og_url":"https:\/\/cottage-realestate.com\/fr\/ferienhaeuser\/bungalow-24\/","og_site_name":"Cottage Real Estate","article_publisher":"https:\/\/www.facebook.com\/people\/Cottage-Real-Estate\/100091918536968\/","article_modified_time":"2023-09-21T08:48:33+00:00","og_image":[{"width":960,"height":720,"url":"https:\/\/cottage-realestate.com\/wp-content\/uploads\/2023\/09\/Bungalow-24-scaled.jpg","type":"image\/jpeg"}],"twitter_card":"summary_large_image","twitter_misc":{"Dur\u00e9e de lecture estim\u00e9e":"5 minutes"},"schema":{"@context":"https:\/\/schema.org","@graph":[{"@type":"WebPage","@id":"https:\/\/cottage-realestate.com\/fr\/ferienhaeuser\/bungalow-24\/","url":"https:\/\/cottage-realestate.com\/fr\/ferienhaeuser\/bungalow-24\/","name":"Bungalow 24 - Cottage Real Estate","isPartOf":{"@id":"https:\/\/cottage-realestate.com\/fr\/#website"},"datePublished":"2023-09-20T09:09:05+00:00","dateModified":"2023-09-21T08:48:33+00:00","breadcrumb":{"@id":"https:\/\/cottage-realestate.com\/fr\/ferienhaeuser\/bungalow-24\/#breadcrumb"},"inLanguage":"fr-FR","potentialAction":[{"@type":"ReadAction","target":["https:\/\/cottage-realestate.com\/fr\/ferienhaeuser\/bungalow-24\/"]}]},{"@type":"BreadcrumbList","@id":"https:\/\/cottage-realestate.com\/fr\/ferienhaeuser\/bungalow-24\/#breadcrumb","itemListElement":[{"@type":"ListItem","position":1,"name":"Startseite","item":"https:\/\/cottage-realestate.com\/fr\/"},{"@type":"ListItem","position":2,"name":"Products","item":"https:\/\/cottage-realestate.com\/fr\/shop\/"},{"@type":"ListItem","position":3,"name":"Bungalow 24"}]},{"@type":"WebSite","@id":"https:\/\/cottage-realestate.com\/fr\/#website","url":"https:\/\/cottage-realestate.com\/fr\/","name":"Cottage Real Estate","description":"Ferienh\u00e4user in Frankreich und Niederlande kaufen","publisher":{"@id":"https:\/\/cottage-realestate.com\/fr\/#organization"},"potentialAction":[{"@type":"SearchAction","target":{"@type":"EntryPoint","urlTemplate":"https:\/\/cottage-realestate.com\/fr\/?s={search_term_string}"},"query-input":"required name=search_term_string"}],"inLanguage":"fr-FR"},{"@type":"Organization","@id":"https:\/\/cottage-realestate.com\/fr\/#organization","name":"Cottage Real Estate","url":"https:\/\/cottage-realestate.com\/fr\/","logo":{"@type":"ImageObject","inLanguage":"fr-FR","@id":"https:\/\/cottage-realestate.com\/fr\/#\/schema\/logo\/image\/","url":"https:\/\/cottage-realestate.com\/wp-content\/uploads\/2020\/07\/logo.png","contentUrl":"https:\/\/cottage-realestate.com\/wp-content\/uploads\/2020\/07\/logo.png","width":167,"height":140,"caption":"Cottage Real Estate"},"image":{"@id":"https:\/\/cottage-realestate.com\/fr\/#\/schema\/logo\/image\/"},"sameAs":["https:\/\/www.facebook.com\/people\/Cottage-Real-Estate\/100091918536968\/","https:\/\/www.instagram.com\/cottagerealestatecom\/"]}]}},"_links":{"self":[{"href":"https:\/\/cottage-realestate.com\/fr\/wp-json\/wp\/v2\/product\/3118","targetHints":{"allow":["GET"]}}],"collection":[{"href":"https:\/\/cottage-realestate.com\/fr\/wp-json\/wp\/v2\/product"}],"about":[{"href":"https:\/\/cottage-realestate.com\/fr\/wp-json\/wp\/v2\/types\/product"}],"replies":[{"embeddable":true,"href":"https:\/\/cottage-realestate.com\/fr\/wp-json\/wp\/v2\/comments?post=3118"}],"wp:featuredmedia":[{"embeddable":true,"href":"https:\/\/cottage-realestate.com\/fr\/wp-json\/wp\/v2\/media\/3140"}],"wp:attachment":[{"href":"https:\/\/cottage-realestate.com\/fr\/wp-json\/wp\/v2\/media?parent=3118"}],"wp:term":[{"taxonomy":"product_cat","embeddable":true,"href":"https:\/\/cottage-realestate.com\/fr\/wp-json\/wp\/v2\/product_cat?post=3118"},{"taxonomy":"product_tag","embeddable":true,"href":"https:\/\/cottage-realestate.com\/fr\/wp-json\/wp\/v2\/product_tag?post=3118"}],"curies":[{"name":"wp","href":"https:\/\/api.w.org\/{rel}","templated":true}]}}