{"id":3211,"date":"2023-11-07T12:03:48","date_gmt":"2023-11-07T11:03:48","guid":{"rendered":"https:\/\/cottage-realestate.com\/?post_type=product&#038;p=3211"},"modified":"2023-11-09T12:07:32","modified_gmt":"2023-11-09T11:07:32","slug":"casa-marhaba","status":"publish","type":"product","link":"https:\/\/cottage-realestate.com\/fr\/ferienhaeuser\/casa-marhaba\/","title":{"rendered":"Casa Marhaba"},"content":{"rendered":"<section class=\"l-section wpb_row height_medium\"><div class=\"l-section-h i-cf\"><div class=\"g-cols vc_row via_flex valign_top type_default stacking_default\"><div class=\"vc_col-sm-12 wpb_column vc_column_container\"><div class=\"vc_column-inner\"><div class=\"wpb_wrapper\"><div class=\"wpb_text_column\"><div class=\"wpb_wrapper\"><p>Ferme de luxe avec oliveraie dans la belle r\u00e9gion d&rsquo;Aragon.<\/p>\n<\/div><\/div><div class=\"w-separator size_small with_line width_default thick_2 style_solid color_primary align_center\"><div class=\"w-separator-h\"><\/div><\/div><div class=\"wpb_text_column us_custom_432d3f53\"><div class=\"wpb_wrapper\"><p>Un petit coin de paradis \u00e0 Matarana, \u00e0 seulement 7 km du village pittoresque et historique de Valderrobres. Une belle maison moderne de 200m2 avec 3 chambres doubles, 2 salles de bain, buanderie, salon, salle \u00e0 manger, cuisine avec bar pour le petit d\u00e9jeuner, terrasse de 100m2 avec piscine, atelier\/garage de 150m2. Situ\u00e9e sur un domaine de 3,2 hectares avec 120 oliviers, 25 amandiers et une for\u00eat de pins. Y compris une prairie qui pourrait convenir \u00e0 des chevaux ou des \u00e2nes et une zone d\u00e9frich\u00e9e pour un petit vignoble propos\u00e9.<br \/>\nEnti\u00e8rement autonome en \u00e9lectricit\u00e9 et en eau, pas de factures de services publics, compl\u00e8tement &lsquo;hors r\u00e9seau&rsquo;. \u00c9olienne, panneaux solaires photovolta\u00efques, panneaux solaires pour le chauffage de l&rsquo;eau, puits priv\u00e9 avec forage et r\u00e9servoir de stockage d&rsquo;eau de 15000 litres. G\u00e9n\u00e9rateur de secours.<br \/>\nStructure super isol\u00e9e. Chauffage central complet par le sol aliment\u00e9 par une chaudi\u00e8re \u00e0 bois \u00e0 gaz\u00e9ification. Tous les meubles et appareils principaux inclus. Antenne satellite pour les cha\u00eenes europ\u00e9ennes. Antenne satellite pour connexion Internet. Connexion t\u00e9l\u00e9phonique par faisceau hertzien.<br \/>\nPiscine avec syst\u00e8me de traitement \u00e0 l&rsquo;ozone.<br \/>\nAtelier-garage tr\u00e8s bien \u00e9quip\u00e9 de 150m2. Inclut tous les outils et \u00e9quipements pour l&rsquo;exploitation de la propri\u00e9t\u00e9. Machine \u00e0 souder, scie circulaire, scie \u00e0 onglet, outils \u00e0 main, tron\u00e7onneuses et bien plus encore. Fendeuse de b\u00fbches hydraulique. Conteneur de stockage de six m\u00e8tres. Tracteur avec \u00e9quipements.<\/p>\n<p>Vue magnifique sur le parc national d&rsquo;Els Ports qui se trouve \u00e0 13 km. La c\u00e9l\u00e8bre Via Verde (voie verte) de 97 km, un chemin de cyclisme, est accessible \u00e0 7 minutes en voiture.<br \/>\nTrois villages, chacun avec une \u00e9cole primaire, \u00e0 moins de 7,5 km en voiture, centre m\u00e9dical d&rsquo;urgence disponible 24h\/24 et 7j\/7 \u00e0 moins de 7,5 km. Coll\u00e8ge dans l&rsquo;un des villages \u00e0 proximit\u00e9. Deux grandes villes, Tortosa et Alcaniz, \u00e0 moins de 48 km. Les plages les plus proches, L&rsquo;Ampolla et La Rapita, sont \u00e0 70 minutes en voiture.<\/p>\n<p>Deux voisins, l&rsquo;un \u00e0 300m, l&rsquo;autre \u00e0 800m. 1,2 km de la maison \u00e0 la route principale via un chemin entretenu par le &lsquo;conseil local&rsquo;.<\/p>\n<\/div><\/div><div class=\"w-separator size_small with_line width_default thick_2 style_solid color_primary align_center\"><div class=\"w-separator-h\"><\/div><\/div><\/div><\/div><\/div><\/div><\/div><\/section>\n","protected":false},"excerpt":{"rendered":"Ferme de luxe avec oliveraie dans la belle r\u00e9gion d&rsquo;Aragon. Un petit coin de paradis \u00e0 Matarana, \u00e0 seulement 7 km du village pittoresque et historique de Valderrobres. Une belle maison moderne de 200m2 avec 3 chambres doubles, 2 salles de bain, buanderie, salon, salle \u00e0 manger, cuisine avec bar pour le petit d\u00e9jeuner, terrasse...","protected":false},"featured_media":3389,"comment_status":"closed","ping_status":"closed","template":"","meta":[],"product_cat":[55],"product_tag":[],"class_list":["post-3211","product","type-product","status-publish","has-post-thumbnail","hentry","product_cat-spanien-esp-fr"],"acf":[],"yoast_head":"<!-- This site is optimized with the Yoast SEO plugin v20.11 - https:\/\/yoast.com\/wordpress\/plugins\/seo\/ -->\n<title>Casa Marhaba - Cottage Real Estate<\/title>\n<meta name=\"robots\" content=\"index, follow, max-snippet:-1, max-image-preview:large, max-video-preview:-1\" \/>\n<link rel=\"canonical\" href=\"https:\/\/cottage-realestate.com\/fr\/ferienhaeuser\/casa-marhaba\/\" \/>\n<meta property=\"og:locale\" content=\"fr_FR\" \/>\n<meta property=\"og:type\" content=\"article\" \/>\n<meta property=\"og:title\" content=\"Casa Marhaba - Cottage Real Estate\" \/>\n<meta property=\"og:url\" content=\"https:\/\/cottage-realestate.com\/fr\/ferienhaeuser\/casa-marhaba\/\" \/>\n<meta property=\"og:site_name\" content=\"Cottage Real Estate\" \/>\n<meta property=\"article:publisher\" content=\"https:\/\/www.facebook.com\/people\/Cottage-Real-Estate\/100091918536968\/\" \/>\n<meta property=\"article:modified_time\" content=\"2023-11-09T11:07:32+00:00\" \/>\n<meta property=\"og:image\" content=\"https:\/\/cottage-realestate.com\/wp-content\/uploads\/2023\/11\/64908489_10157307609183620_168567961605373952_n.jpg\" \/>\n\t<meta property=\"og:image:width\" content=\"960\" \/>\n\t<meta property=\"og:image:height\" content=\"613\" \/>\n\t<meta property=\"og:image:type\" content=\"image\/jpeg\" \/>\n<meta name=\"twitter:card\" content=\"summary_large_image\" \/>\n<meta name=\"twitter:label1\" content=\"Dur\u00e9e de lecture estim\u00e9e\" \/>\n\t<meta name=\"twitter:data1\" content=\"3 minutes\" \/>\n<script type=\"application\/ld+json\" class=\"yoast-schema-graph\">{\"@context\":\"https:\/\/schema.org\",\"@graph\":[{\"@type\":\"WebPage\",\"@id\":\"https:\/\/cottage-realestate.com\/fr\/ferienhaeuser\/casa-marhaba\/\",\"url\":\"https:\/\/cottage-realestate.com\/fr\/ferienhaeuser\/casa-marhaba\/\",\"name\":\"Casa Marhaba - Cottage Real Estate\",\"isPartOf\":{\"@id\":\"https:\/\/cottage-realestate.com\/fr\/#website\"},\"datePublished\":\"2023-11-07T11:03:48+00:00\",\"dateModified\":\"2023-11-09T11:07:32+00:00\",\"breadcrumb\":{\"@id\":\"https:\/\/cottage-realestate.com\/fr\/ferienhaeuser\/casa-marhaba\/#breadcrumb\"},\"inLanguage\":\"fr-FR\",\"potentialAction\":[{\"@type\":\"ReadAction\",\"target\":[\"https:\/\/cottage-realestate.com\/fr\/ferienhaeuser\/casa-marhaba\/\"]}]},{\"@type\":\"BreadcrumbList\",\"@id\":\"https:\/\/cottage-realestate.com\/fr\/ferienhaeuser\/casa-marhaba\/#breadcrumb\",\"itemListElement\":[{\"@type\":\"ListItem\",\"position\":1,\"name\":\"Startseite\",\"item\":\"https:\/\/cottage-realestate.com\/fr\/\"},{\"@type\":\"ListItem\",\"position\":2,\"name\":\"Products\",\"item\":\"https:\/\/cottage-realestate.com\/fr\/shop\/\"},{\"@type\":\"ListItem\",\"position\":3,\"name\":\"Casa Marhaba\"}]},{\"@type\":\"WebSite\",\"@id\":\"https:\/\/cottage-realestate.com\/fr\/#website\",\"url\":\"https:\/\/cottage-realestate.com\/fr\/\",\"name\":\"Cottage Real Estate\",\"description\":\"Ferienh\u00e4user in Frankreich und Niederlande kaufen\",\"publisher\":{\"@id\":\"https:\/\/cottage-realestate.com\/fr\/#organization\"},\"potentialAction\":[{\"@type\":\"SearchAction\",\"target\":{\"@type\":\"EntryPoint\",\"urlTemplate\":\"https:\/\/cottage-realestate.com\/fr\/?s={search_term_string}\"},\"query-input\":\"required name=search_term_string\"}],\"inLanguage\":\"fr-FR\"},{\"@type\":\"Organization\",\"@id\":\"https:\/\/cottage-realestate.com\/fr\/#organization\",\"name\":\"Cottage Real Estate\",\"url\":\"https:\/\/cottage-realestate.com\/fr\/\",\"logo\":{\"@type\":\"ImageObject\",\"inLanguage\":\"fr-FR\",\"@id\":\"https:\/\/cottage-realestate.com\/fr\/#\/schema\/logo\/image\/\",\"url\":\"https:\/\/cottage-realestate.com\/wp-content\/uploads\/2020\/07\/logo.png\",\"contentUrl\":\"https:\/\/cottage-realestate.com\/wp-content\/uploads\/2020\/07\/logo.png\",\"width\":167,\"height\":140,\"caption\":\"Cottage Real Estate\"},\"image\":{\"@id\":\"https:\/\/cottage-realestate.com\/fr\/#\/schema\/logo\/image\/\"},\"sameAs\":[\"https:\/\/www.facebook.com\/people\/Cottage-Real-Estate\/100091918536968\/\",\"https:\/\/www.instagram.com\/cottagerealestatecom\/\"]}]}<\/script>\n<!-- \/ Yoast SEO plugin. -->","yoast_head_json":{"title":"Casa Marhaba - Cottage Real Estate","robots":{"index":"index","follow":"follow","max-snippet":"max-snippet:-1","max-image-preview":"max-image-preview:large","max-video-preview":"max-video-preview:-1"},"canonical":"https:\/\/cottage-realestate.com\/fr\/ferienhaeuser\/casa-marhaba\/","og_locale":"fr_FR","og_type":"article","og_title":"Casa Marhaba - Cottage Real Estate","og_url":"https:\/\/cottage-realestate.com\/fr\/ferienhaeuser\/casa-marhaba\/","og_site_name":"Cottage Real Estate","article_publisher":"https:\/\/www.facebook.com\/people\/Cottage-Real-Estate\/100091918536968\/","article_modified_time":"2023-11-09T11:07:32+00:00","og_image":[{"width":960,"height":613,"url":"https:\/\/cottage-realestate.com\/wp-content\/uploads\/2023\/11\/64908489_10157307609183620_168567961605373952_n.jpg","type":"image\/jpeg"}],"twitter_card":"summary_large_image","twitter_misc":{"Dur\u00e9e de lecture estim\u00e9e":"3 minutes"},"schema":{"@context":"https:\/\/schema.org","@graph":[{"@type":"WebPage","@id":"https:\/\/cottage-realestate.com\/fr\/ferienhaeuser\/casa-marhaba\/","url":"https:\/\/cottage-realestate.com\/fr\/ferienhaeuser\/casa-marhaba\/","name":"Casa Marhaba - Cottage Real Estate","isPartOf":{"@id":"https:\/\/cottage-realestate.com\/fr\/#website"},"datePublished":"2023-11-07T11:03:48+00:00","dateModified":"2023-11-09T11:07:32+00:00","breadcrumb":{"@id":"https:\/\/cottage-realestate.com\/fr\/ferienhaeuser\/casa-marhaba\/#breadcrumb"},"inLanguage":"fr-FR","potentialAction":[{"@type":"ReadAction","target":["https:\/\/cottage-realestate.com\/fr\/ferienhaeuser\/casa-marhaba\/"]}]},{"@type":"BreadcrumbList","@id":"https:\/\/cottage-realestate.com\/fr\/ferienhaeuser\/casa-marhaba\/#breadcrumb","itemListElement":[{"@type":"ListItem","position":1,"name":"Startseite","item":"https:\/\/cottage-realestate.com\/fr\/"},{"@type":"ListItem","position":2,"name":"Products","item":"https:\/\/cottage-realestate.com\/fr\/shop\/"},{"@type":"ListItem","position":3,"name":"Casa Marhaba"}]},{"@type":"WebSite","@id":"https:\/\/cottage-realestate.com\/fr\/#website","url":"https:\/\/cottage-realestate.com\/fr\/","name":"Cottage Real Estate","description":"Ferienh\u00e4user in Frankreich und Niederlande kaufen","publisher":{"@id":"https:\/\/cottage-realestate.com\/fr\/#organization"},"potentialAction":[{"@type":"SearchAction","target":{"@type":"EntryPoint","urlTemplate":"https:\/\/cottage-realestate.com\/fr\/?s={search_term_string}"},"query-input":"required name=search_term_string"}],"inLanguage":"fr-FR"},{"@type":"Organization","@id":"https:\/\/cottage-realestate.com\/fr\/#organization","name":"Cottage Real Estate","url":"https:\/\/cottage-realestate.com\/fr\/","logo":{"@type":"ImageObject","inLanguage":"fr-FR","@id":"https:\/\/cottage-realestate.com\/fr\/#\/schema\/logo\/image\/","url":"https:\/\/cottage-realestate.com\/wp-content\/uploads\/2020\/07\/logo.png","contentUrl":"https:\/\/cottage-realestate.com\/wp-content\/uploads\/2020\/07\/logo.png","width":167,"height":140,"caption":"Cottage Real Estate"},"image":{"@id":"https:\/\/cottage-realestate.com\/fr\/#\/schema\/logo\/image\/"},"sameAs":["https:\/\/www.facebook.com\/people\/Cottage-Real-Estate\/100091918536968\/","https:\/\/www.instagram.com\/cottagerealestatecom\/"]}]}},"_links":{"self":[{"href":"https:\/\/cottage-realestate.com\/fr\/wp-json\/wp\/v2\/product\/3211","targetHints":{"allow":["GET"]}}],"collection":[{"href":"https:\/\/cottage-realestate.com\/fr\/wp-json\/wp\/v2\/product"}],"about":[{"href":"https:\/\/cottage-realestate.com\/fr\/wp-json\/wp\/v2\/types\/product"}],"replies":[{"embeddable":true,"href":"https:\/\/cottage-realestate.com\/fr\/wp-json\/wp\/v2\/comments?post=3211"}],"wp:featuredmedia":[{"embeddable":true,"href":"https:\/\/cottage-realestate.com\/fr\/wp-json\/wp\/v2\/media\/3389"}],"wp:attachment":[{"href":"https:\/\/cottage-realestate.com\/fr\/wp-json\/wp\/v2\/media?parent=3211"}],"wp:term":[{"taxonomy":"product_cat","embeddable":true,"href":"https:\/\/cottage-realestate.com\/fr\/wp-json\/wp\/v2\/product_cat?post=3211"},{"taxonomy":"product_tag","embeddable":true,"href":"https:\/\/cottage-realestate.com\/fr\/wp-json\/wp\/v2\/product_tag?post=3211"}],"curies":[{"name":"wp","href":"https:\/\/api.w.org\/{rel}","templated":true}]}}