{"id":3212,"date":"2023-11-07T12:03:48","date_gmt":"2023-11-07T11:03:48","guid":{"rendered":"https:\/\/cottage-realestate.com\/?post_type=product&#038;p=3212"},"modified":"2023-11-09T12:09:03","modified_gmt":"2023-11-09T11:09:03","slug":"casa-marhaba","status":"publish","type":"product","link":"https:\/\/cottage-realestate.com\/nl\/ferienhaeuser\/casa-marhaba\/","title":{"rendered":"Casa Marhaba"},"content":{"rendered":"<section class=\"l-section wpb_row height_medium\"><div class=\"l-section-h i-cf\"><div class=\"g-cols vc_row via_flex valign_top type_default stacking_default\"><div class=\"vc_col-sm-12 wpb_column vc_column_container\"><div class=\"vc_column-inner\"><div class=\"wpb_wrapper\"><div class=\"wpb_text_column\"><div class=\"wpb_wrapper\"><div class=\"flex-col gap-1 md:gap-3\">\n<div class=\"flex flex-grow flex-col max-w-full gap-3 gizmo:gap-0\">\n<div class=\"min-h-&#091;20px&#093; flex flex-col items-start gap-3 whitespace-pre-wrap break-words overflow-x-auto\" data-message-author-role=\"assistant\" data-message-id=\"1f832dcf-7972-4ce6-8bd0-9ab1919ac363\">\n<div class=\"markdown prose w-full break-words dark:prose-invert light\">\n<p>Luxe finca met olijfgaard in het prachtige Aragon.<\/p>\n<\/div>\n<\/div>\n<\/div>\n<\/div>\n<\/div><\/div><div class=\"w-separator size_small with_line width_default thick_2 style_solid color_primary align_center\"><div class=\"w-separator-h\"><\/div><\/div><div class=\"wpb_text_column\"><div class=\"wpb_wrapper\"><div class=\"flex-col gap-1 md:gap-3\">\n<div class=\"flex flex-grow flex-col max-w-full gap-3 gizmo:gap-0\">\n<div class=\"min-h-&#091;20px&#093; flex flex-col items-start gap-3 whitespace-pre-wrap break-words overflow-x-auto\" data-message-author-role=\"assistant\" data-message-id=\"d0677d36-2680-4a7c-a50c-a2cb07ca83c0\">\n<div class=\"markdown prose w-full break-words dark:prose-invert light\">\n<p>Een klein paradijs in Matarana, slechts 7 km verwijderd van het pittoreske en historische dorp Valderrobres.<\/p>\n<p>Een mooie moderne woning van 200m2 met 3 tweepersoonsslaapkamers, 2 badkamers, bijkeuken, woonkamer, eetkamer, keuken met ontbijtbar, 100m2 terras met zwembad, 150m2 werkplaats\/garage. Gelegen op een landgoed van 3,2 hectare met 120 olijfbomen en 25 amandelbomen, alsook een dennenbos. Inclusief een weide die mogelijk geschikt is voor paarden of ezels en een vrijgemaakt gebied voor een kleine geplande wijngaard. Volledig zelfvoorzienend in stroom en water, geen nutsvoorzieningen, volledig &#8216;off-grid&#8217;. Windturbine, fotovolta\u00efsche zonnepanelen, zonnepanelen voor waterverwarming, priv\u00e9-waterput met een opslag van 15000 liter. Noodgenerator. Super ge\u00efsoleerde structuur. Volledige vloerverwarming gevoed door een houtvergassingsketel. Alle meubels en grote apparaten inbegrepen. Satellietschotel voor Europese zenders. Satellietschotel voor internetverbinding.<\/p>\n<p>Richtstraaltelefoonverbinding. Zwembad met ozonbehandelingssysteem. Zeer goed uitgeruste werkplaats\/garage van 150m2. Inclusief alle gereedschappen en uitrusting om het landgoed te beheren. Lasapparaat, cirkelzaag, verstekzaag, handgereedschap, kettingzagen en nog veel meer. Hydraulische houtklover. Zes meter lange opslagcontainer. Tractor met werktuigen. Prachtig uitzicht op het nationaal park Els Ports, dat 13 km verderop ligt. Het beroemde Via Verde (GreenWay) fietspad van 97 km is 7 minuten rijden. Drie dorpen, elk met een basisschool, binnen 7,5 km rijden, 24\/7 noodmedisch centrum binnen 7,5 km. Middelbare school in een van de nabijgelegen dorpen. Twee grotere steden, Tortosa en Alcaniz, binnen 48 km. Dichtstbijzijnde stranden zijn L&#8217;Ampolla en La Rapita, beide 70 minuten rijden. Twee buren, \u00e9\u00e9n 300m verderop, de andere 800m verderop. 1,2 km van het huis naar de hoofdweg via een door de &#8216;gemeenteraad&#8217; onderhouden pad.<\/p>\n<\/div>\n<\/div>\n<\/div>\n<\/div>\n<\/div><\/div><div class=\"w-separator size_small with_line width_default thick_2 style_solid color_primary align_center\"><div class=\"w-separator-h\"><\/div><\/div><\/div><\/div><\/div><\/div><\/div><\/section>\n","protected":false},"excerpt":{"rendered":"Luxe finca met olijfgaard in het prachtige Aragon. Een klein paradijs in Matarana, slechts 7 km verwijderd van het pittoreske en historische dorp Valderrobres. Een mooie moderne woning van 200m2 met 3 tweepersoonsslaapkamers, 2 badkamers, bijkeuken, woonkamer, eetkamer, keuken met ontbijtbar, 100m2 terras met zwembad, 150m2 werkplaats\/garage. Gelegen op een landgoed van 3,2 hectare met...","protected":false},"featured_media":3452,"comment_status":"closed","ping_status":"closed","template":"","meta":[],"product_cat":[56],"product_tag":[],"class_list":["post-3212","product","type-product","status-publish","has-post-thumbnail","hentry","product_cat-spanien-esp-nl"],"acf":[],"yoast_head":"<!-- This site is optimized with the Yoast SEO plugin v20.11 - https:\/\/yoast.com\/wordpress\/plugins\/seo\/ -->\n<title>Casa Marhaba - Cottage Real Estate<\/title>\n<meta name=\"robots\" content=\"index, follow, max-snippet:-1, max-image-preview:large, max-video-preview:-1\" \/>\n<link rel=\"canonical\" href=\"https:\/\/cottage-realestate.com\/nl\/ferienhaeuser\/casa-marhaba\/\" \/>\n<meta property=\"og:locale\" content=\"nl_NL\" \/>\n<meta property=\"og:type\" content=\"article\" \/>\n<meta property=\"og:title\" content=\"Casa Marhaba - Cottage Real Estate\" \/>\n<meta property=\"og:url\" content=\"https:\/\/cottage-realestate.com\/nl\/ferienhaeuser\/casa-marhaba\/\" \/>\n<meta property=\"og:site_name\" content=\"Cottage Real Estate\" \/>\n<meta property=\"article:publisher\" content=\"https:\/\/www.facebook.com\/people\/Cottage-Real-Estate\/100091918536968\/\" \/>\n<meta property=\"article:modified_time\" content=\"2023-11-09T11:09:03+00:00\" \/>\n<meta property=\"og:image\" content=\"https:\/\/cottage-realestate.com\/wp-content\/uploads\/2023\/11\/64908489_10157307609183620_168567961605373952_n.jpg\" \/>\n\t<meta property=\"og:image:width\" content=\"960\" \/>\n\t<meta property=\"og:image:height\" content=\"613\" \/>\n\t<meta property=\"og:image:type\" content=\"image\/jpeg\" \/>\n<meta name=\"twitter:card\" content=\"summary_large_image\" \/>\n<meta name=\"twitter:label1\" content=\"Geschatte leestijd\" \/>\n\t<meta name=\"twitter:data1\" content=\"2 minuten\" \/>\n<script type=\"application\/ld+json\" class=\"yoast-schema-graph\">{\"@context\":\"https:\/\/schema.org\",\"@graph\":[{\"@type\":\"WebPage\",\"@id\":\"https:\/\/cottage-realestate.com\/nl\/ferienhaeuser\/casa-marhaba\/\",\"url\":\"https:\/\/cottage-realestate.com\/nl\/ferienhaeuser\/casa-marhaba\/\",\"name\":\"Casa Marhaba - Cottage Real Estate\",\"isPartOf\":{\"@id\":\"https:\/\/cottage-realestate.com\/nl\/#website\"},\"datePublished\":\"2023-11-07T11:03:48+00:00\",\"dateModified\":\"2023-11-09T11:09:03+00:00\",\"breadcrumb\":{\"@id\":\"https:\/\/cottage-realestate.com\/nl\/ferienhaeuser\/casa-marhaba\/#breadcrumb\"},\"inLanguage\":\"nl-NL\",\"potentialAction\":[{\"@type\":\"ReadAction\",\"target\":[\"https:\/\/cottage-realestate.com\/nl\/ferienhaeuser\/casa-marhaba\/\"]}]},{\"@type\":\"BreadcrumbList\",\"@id\":\"https:\/\/cottage-realestate.com\/nl\/ferienhaeuser\/casa-marhaba\/#breadcrumb\",\"itemListElement\":[{\"@type\":\"ListItem\",\"position\":1,\"name\":\"Startseite\",\"item\":\"https:\/\/cottage-realestate.com\/nl\/\"},{\"@type\":\"ListItem\",\"position\":2,\"name\":\"Products\",\"item\":\"https:\/\/cottage-realestate.com\/nl\/shop\/\"},{\"@type\":\"ListItem\",\"position\":3,\"name\":\"Casa Marhaba\"}]},{\"@type\":\"WebSite\",\"@id\":\"https:\/\/cottage-realestate.com\/nl\/#website\",\"url\":\"https:\/\/cottage-realestate.com\/nl\/\",\"name\":\"Cottage Real Estate\",\"description\":\"Ferienh\u00e4user in Frankreich und Niederlande kaufen\",\"publisher\":{\"@id\":\"https:\/\/cottage-realestate.com\/nl\/#organization\"},\"potentialAction\":[{\"@type\":\"SearchAction\",\"target\":{\"@type\":\"EntryPoint\",\"urlTemplate\":\"https:\/\/cottage-realestate.com\/nl\/?s={search_term_string}\"},\"query-input\":\"required name=search_term_string\"}],\"inLanguage\":\"nl-NL\"},{\"@type\":\"Organization\",\"@id\":\"https:\/\/cottage-realestate.com\/nl\/#organization\",\"name\":\"Cottage Real Estate\",\"url\":\"https:\/\/cottage-realestate.com\/nl\/\",\"logo\":{\"@type\":\"ImageObject\",\"inLanguage\":\"nl-NL\",\"@id\":\"https:\/\/cottage-realestate.com\/nl\/#\/schema\/logo\/image\/\",\"url\":\"https:\/\/cottage-realestate.com\/wp-content\/uploads\/2020\/07\/logo.png\",\"contentUrl\":\"https:\/\/cottage-realestate.com\/wp-content\/uploads\/2020\/07\/logo.png\",\"width\":167,\"height\":140,\"caption\":\"Cottage Real Estate\"},\"image\":{\"@id\":\"https:\/\/cottage-realestate.com\/nl\/#\/schema\/logo\/image\/\"},\"sameAs\":[\"https:\/\/www.facebook.com\/people\/Cottage-Real-Estate\/100091918536968\/\",\"https:\/\/www.instagram.com\/cottagerealestatecom\/\"]}]}<\/script>\n<!-- \/ Yoast SEO plugin. -->","yoast_head_json":{"title":"Casa Marhaba - Cottage Real Estate","robots":{"index":"index","follow":"follow","max-snippet":"max-snippet:-1","max-image-preview":"max-image-preview:large","max-video-preview":"max-video-preview:-1"},"canonical":"https:\/\/cottage-realestate.com\/nl\/ferienhaeuser\/casa-marhaba\/","og_locale":"nl_NL","og_type":"article","og_title":"Casa Marhaba - Cottage Real Estate","og_url":"https:\/\/cottage-realestate.com\/nl\/ferienhaeuser\/casa-marhaba\/","og_site_name":"Cottage Real Estate","article_publisher":"https:\/\/www.facebook.com\/people\/Cottage-Real-Estate\/100091918536968\/","article_modified_time":"2023-11-09T11:09:03+00:00","og_image":[{"width":960,"height":613,"url":"https:\/\/cottage-realestate.com\/wp-content\/uploads\/2023\/11\/64908489_10157307609183620_168567961605373952_n.jpg","type":"image\/jpeg"}],"twitter_card":"summary_large_image","twitter_misc":{"Geschatte leestijd":"2 minuten"},"schema":{"@context":"https:\/\/schema.org","@graph":[{"@type":"WebPage","@id":"https:\/\/cottage-realestate.com\/nl\/ferienhaeuser\/casa-marhaba\/","url":"https:\/\/cottage-realestate.com\/nl\/ferienhaeuser\/casa-marhaba\/","name":"Casa Marhaba - Cottage Real Estate","isPartOf":{"@id":"https:\/\/cottage-realestate.com\/nl\/#website"},"datePublished":"2023-11-07T11:03:48+00:00","dateModified":"2023-11-09T11:09:03+00:00","breadcrumb":{"@id":"https:\/\/cottage-realestate.com\/nl\/ferienhaeuser\/casa-marhaba\/#breadcrumb"},"inLanguage":"nl-NL","potentialAction":[{"@type":"ReadAction","target":["https:\/\/cottage-realestate.com\/nl\/ferienhaeuser\/casa-marhaba\/"]}]},{"@type":"BreadcrumbList","@id":"https:\/\/cottage-realestate.com\/nl\/ferienhaeuser\/casa-marhaba\/#breadcrumb","itemListElement":[{"@type":"ListItem","position":1,"name":"Startseite","item":"https:\/\/cottage-realestate.com\/nl\/"},{"@type":"ListItem","position":2,"name":"Products","item":"https:\/\/cottage-realestate.com\/nl\/shop\/"},{"@type":"ListItem","position":3,"name":"Casa Marhaba"}]},{"@type":"WebSite","@id":"https:\/\/cottage-realestate.com\/nl\/#website","url":"https:\/\/cottage-realestate.com\/nl\/","name":"Cottage Real Estate","description":"Ferienh\u00e4user in Frankreich und Niederlande kaufen","publisher":{"@id":"https:\/\/cottage-realestate.com\/nl\/#organization"},"potentialAction":[{"@type":"SearchAction","target":{"@type":"EntryPoint","urlTemplate":"https:\/\/cottage-realestate.com\/nl\/?s={search_term_string}"},"query-input":"required name=search_term_string"}],"inLanguage":"nl-NL"},{"@type":"Organization","@id":"https:\/\/cottage-realestate.com\/nl\/#organization","name":"Cottage Real Estate","url":"https:\/\/cottage-realestate.com\/nl\/","logo":{"@type":"ImageObject","inLanguage":"nl-NL","@id":"https:\/\/cottage-realestate.com\/nl\/#\/schema\/logo\/image\/","url":"https:\/\/cottage-realestate.com\/wp-content\/uploads\/2020\/07\/logo.png","contentUrl":"https:\/\/cottage-realestate.com\/wp-content\/uploads\/2020\/07\/logo.png","width":167,"height":140,"caption":"Cottage Real Estate"},"image":{"@id":"https:\/\/cottage-realestate.com\/nl\/#\/schema\/logo\/image\/"},"sameAs":["https:\/\/www.facebook.com\/people\/Cottage-Real-Estate\/100091918536968\/","https:\/\/www.instagram.com\/cottagerealestatecom\/"]}]}},"_links":{"self":[{"href":"https:\/\/cottage-realestate.com\/nl\/wp-json\/wp\/v2\/product\/3212","targetHints":{"allow":["GET"]}}],"collection":[{"href":"https:\/\/cottage-realestate.com\/nl\/wp-json\/wp\/v2\/product"}],"about":[{"href":"https:\/\/cottage-realestate.com\/nl\/wp-json\/wp\/v2\/types\/product"}],"replies":[{"embeddable":true,"href":"https:\/\/cottage-realestate.com\/nl\/wp-json\/wp\/v2\/comments?post=3212"}],"wp:featuredmedia":[{"embeddable":true,"href":"https:\/\/cottage-realestate.com\/nl\/wp-json\/wp\/v2\/media\/3452"}],"wp:attachment":[{"href":"https:\/\/cottage-realestate.com\/nl\/wp-json\/wp\/v2\/media?parent=3212"}],"wp:term":[{"taxonomy":"product_cat","embeddable":true,"href":"https:\/\/cottage-realestate.com\/nl\/wp-json\/wp\/v2\/product_cat?post=3212"},{"taxonomy":"product_tag","embeddable":true,"href":"https:\/\/cottage-realestate.com\/nl\/wp-json\/wp\/v2\/product_tag?post=3212"}],"curies":[{"name":"wp","href":"https:\/\/api.w.org\/{rel}","templated":true}]}}